{"id":22106,"date":"2018-01-02T01:05:34","date_gmt":"2018-01-02T01:05:34","guid":{"rendered":"http:\/\/biblian.is\/videy\/siraksbok-12-kafli\/"},"modified":"2018-01-02T01:05:34","modified_gmt":"2018-01-02T01:05:34","slug":"siraksbok-12-kafli","status":"publish","type":"page","link":"https:\/\/biblian.is\/videy\/siraksbok-12-kafli\/","title":{"rendered":"S\u00edraksb\u00f3k 12. kafli"},"content":{"rendered":"<div class=\"fyrirsognVidey\"><\/div>\n<p><a name=\"1\"><span class=\"versanumer\">1<\/span><\/a>Ef \u00fe\u00fa gj\u00f6rir gott svo sj\u00e1 til hv\u00f6rjum \u00fe\u00fa gj\u00f6rir \u00fea\u00f0, \u00fe\u00e1 muntu f\u00e1 \u00fe\u00f6kk fyrir \u00fe\u00ednar velgj\u00f6r\u00f0ir.<a name=\"2\"><span class=\"versanumer\">2<\/span><\/a>Gj\u00f6r gu\u00f0r\u00e6knum gott, svo muntu f\u00e1 umbun, og ef ekki af honum, \u00fe\u00e1 af \u00feeim \u00e6\u00f0sta.<a name=\"3\"><span class=\"versanumer\">3<\/span><\/a>\u00deeim vegnar ekki vel sem temur s\u00e9r illt, og enga velgj\u00f6r\u00f0 l\u00e6tur \u00ed t\u00e9.<a name=\"4\"><span class=\"versanumer\">4<\/span><\/a>Gef \u00fe\u00fa \u00feeim gu\u00f0r\u00e6knu, en tak ekki a\u00f0 \u00fe\u00e9r syndarann.<a name=\"5\"><span class=\"versanumer\">5<\/span><\/a>Gj\u00f6r \u00fe\u00fa au\u00f0mj\u00fakum gott, en gef ekkert \u00feeim gu\u00f0lausa. Haltu fyrir honum brau\u00f0inu, og gef honum ekkert, svo hann ei me\u00f0 \u00fev\u00ed undir\u00ferykki \u00feig.<a name=\"6\"><span class=\"versanumer\">6<\/span><\/a>\u00dev\u00ed illt f\u00e6r \u00fe\u00fa tv\u00edm\u00e6lt fyrir allt \u00fea\u00f0 gott sem \u00fe\u00fa au\u00f0s\u00fdnir honum. \u00dev\u00ed einnig s\u00e1 \u00e6\u00f0sti hatar syndarann, og mun refsa \u00feeim gu\u00f0lausa.<a name=\"7\"><span class=\"versanumer\">7<\/span><\/a>Gef \u00feeim g\u00f3\u00f0a en li\u00f0sinntu ekki syndaranum. \u00deegar vel gengur ver\u00f0ur vinurinn ekki pr\u00f3fa\u00f0ur; en \u00feegar illa gengur leynist \u00f3vinurinn ekki.<a name=\"8\"><span class=\"versanumer\">8<\/span><\/a>\u00deegar manninum vegnar vel, liggur illa \u00e1 hans \u00f3vinum, og \u00ed hans \u00f3hamingju segir vinurinn skili\u00f0 vi\u00f0 hann.<a name=\"9\"><span class=\"versanumer\">9<\/span><\/a>Tr\u00fa \u00fe\u00fa aldrei \u00fe\u00ednum \u00f3vin;<a name=\"10\"><span class=\"versanumer\">10<\/span><\/a>\u00fev\u00ed eins og j\u00e1rni\u00f0 ry\u00f0gar, svo <span class='VideyAth'>(kemur aftur og aftur \u00ed lj\u00f3s)<\/span> hans vonska.<a name=\"11\"><span class=\"versanumer\">11<\/span><\/a>Og \u00fe\u00f3 hann au\u00f0m\u00fdki sig, og gangi h\u00e1lfboginn, svo haf athuga og vara \u00feig \u00e1 honum; og vertu vi\u00f0 hann sem s\u00e1 er spegil f\u00e1gar, og \u00fe\u00fa skalt sj\u00e1, a\u00f0 hann er ei \u00e6t\u00ed\u00f0 ry\u00f0ugur.<a name=\"12\"><span class=\"versanumer\">12<\/span><\/a>L\u00e1ttu hann ei vera \u00fe\u00e9r til hli\u00f0ar, til \u00feess hann hrindi \u00fe\u00e9r ekki fr\u00e1 og gangi \u00e1 \u00feinn sta\u00f0. Settu hann \u00fe\u00e9r ekki til h\u00e6gri handar, svo hann s\u00e6kist ei eftir \u00fe\u00ednu s\u00e6ti, og \u00fe\u00fa \u00e1 endanum finnir m\u00edn or\u00f0 s\u00f6nn, og hugsir <span class='VideyAth'>a)<\/span> til minnar vi\u00f0v\u00f6runar me\u00f0 angri.<a name=\"13\"><span class=\"versanumer\">13<\/span><\/a>Hv\u00f6r vorkennir s\u00e6ringarmanninum sem bitin ver\u00f0ur af h\u00f6ggormi, og \u00f6llum \u00feeim sem hafa m\u00f6k vi\u00f0 villud\u00fdr?<a name=\"14\"><span class=\"versanumer\">14<\/span><\/a>Eins ekki \u00feeim, sem hefir m\u00f6k vi\u00f0 syndarann og bendlar sig vi\u00f0 hans syndir; um stund mun hann me\u00f0 \u00fe\u00e9r vera, en ef \u00fe\u00fa veiklast \u00e1 f\u00f3tum, svo stenst hann \u00fea\u00f0 ekki.<a name=\"15\"><span class=\"versanumer\">15<\/span><\/a>\u00d3vinurinn hefir s\u00e6t or\u00f0 \u00e1 s\u00ednum v\u00f6rum, og \u00ed hjarta s\u00ednu leitar hann r\u00e1\u00f0s a\u00f0 hrinda \u00fe\u00e9r \u00ed gryfjuna. Honum v\u00f6knar um augun,<a name=\"16\"><span class=\"versanumer\">16<\/span><\/a>og sj\u00e1i hann s\u00e9r f\u00e6ri, getur hann ekki af bl\u00f3\u00f0i saddur or\u00f0i\u00f0.<a name=\"17\"><span class=\"versanumer\">17<\/span><\/a>M\u00e6ti \u00fe\u00e9r \u00f3happ, svo er hann \u00fear fremstur \u00ed flokki,<a name=\"18\"><span class=\"versanumer\">18<\/span><\/a>og eins og hann vilji hj\u00e1lpa \u00fe\u00e9r, mun hann n\u00e1 undan \u00fe\u00e9r f\u00f3tum.<a name=\"19\"><span class=\"versanumer\">19<\/span><\/a>Hann hristir h\u00f6fu\u00f0i\u00f0, klappar l\u00f3fum saman, tautar miki\u00f0 og setur andliti\u00f0 \u00ed stellingar.<\/p>\n<div class=\"footnoteVidey\">V. 12. a. Eiginl. stingist sakir minnar vi\u00f0v\u00f6runar.<\/div>\n","protected":false},"excerpt":{"rendered":"<p>1Ef \u00fe\u00fa gj\u00f6rir gott svo sj\u00e1 til hv\u00f6rjum \u00fe\u00fa gj\u00f6rir \u00fea\u00f0, \u00fe\u00e1 muntu f\u00e1 \u00fe\u00f6kk fyrir \u00fe\u00ednar velgj\u00f6r\u00f0ir.2Gj\u00f6r gu\u00f0r\u00e6knum gott, svo muntu f\u00e1 umbun, og ef ekki af honum, \u00fe\u00e1 af \u00feeim \u00e6\u00f0sta.3\u00deeim vegnar ekki vel sem temur s\u00e9r illt, og enga velgj\u00f6r\u00f0 l\u00e6tur \u00ed t\u00e9.4Gef \u00fe\u00fa \u00feeim gu\u00f0r\u00e6knu, en tak ekki a\u00f0 \u00fe\u00e9r syndarann.5Gj\u00f6r \u00fe\u00fa au\u00f0mj\u00fakum gott, en gef ekkert \u00feeim gu\u00f0lausa. Haltu fyrir honum brau\u00f0inu, og gef honum ekkert, svo hann ei me\u00f0 \u00fev\u00ed undir\u00ferykki \u00feig.6\u00dev\u00ed illt f\u00e6r \u00fe\u00fa tv\u00edm\u00e6lt fyrir allt \u00fea\u00f0 gott sem \u00fe\u00fa au\u00f0s\u00fdnir honum. \u00dev\u00ed einnig s\u00e1 \u00e6\u00f0sti hatar syndarann, og mun refsa \u00feeim <a href=\"https:\/\/biblian.is\/videy\/siraksbok-12-kafli\/\"> [&#8230;]<\/a><\/p>\n","protected":false},"author":1,"featured_media":0,"parent":0,"menu_order":0,"comment_status":"open","ping_status":"open","template":"bibliukaflar.php","meta":{"footnotes":""},"class_list":["post-22106","page","type-page","status-publish","hentry"],"_links":{"self":[{"href":"https:\/\/biblian.is\/videy\/wp-json\/wp\/v2\/pages\/22106","targetHints":{"allow":["GET"]}}],"collection":[{"href":"https:\/\/biblian.is\/videy\/wp-json\/wp\/v2\/pages"}],"about":[{"href":"https:\/\/biblian.is\/videy\/wp-json\/wp\/v2\/types\/page"}],"author":[{"embeddable":true,"href":"https:\/\/biblian.is\/videy\/wp-json\/wp\/v2\/users\/1"}],"replies":[{"embeddable":true,"href":"https:\/\/biblian.is\/videy\/wp-json\/wp\/v2\/comments?post=22106"}],"version-history":[{"count":0,"href":"https:\/\/biblian.is\/videy\/wp-json\/wp\/v2\/pages\/22106\/revisions"}],"wp:attachment":[{"href":"https:\/\/biblian.is\/videy\/wp-json\/wp\/v2\/media?parent=22106"}],"curies":[{"name":"wp","href":"https:\/\/api.w.org\/{rel}","templated":true}]}}