{"id":22105,"date":"2018-01-02T01:05:34","date_gmt":"2018-01-02T01:05:34","guid":{"rendered":"http:\/\/biblian.is\/videy\/siraksbok-11-kafli\/"},"modified":"2018-01-02T01:05:34","modified_gmt":"2018-01-02T01:05:34","slug":"siraksbok-11-kafli","status":"publish","type":"page","link":"https:\/\/biblian.is\/videy\/siraksbok-11-kafli\/","title":{"rendered":"S\u00edraksb\u00f3k 11. kafli"},"content":{"rendered":"<div class=\"fyrirsognVidey\"><\/div>\n<p><a name=\"1\"><span class=\"versanumer\">1<\/span><\/a>Spekin upplyftir h\u00f6f\u00f0i hins l\u00edtilm\u00f3tlega og l\u00e6tur hann f\u00e1 s\u00e6ti me\u00f0al h\u00f6f\u00f0ingjanna.<a name=\"2\"><span class=\"versanumer\">2<\/span><\/a>Hr\u00f3sa engum manni fyrir hans fr\u00ed\u00f0leika og fyrirl\u00edt engan sakir hans \u00fatlits.<a name=\"3\"><span class=\"versanumer\">3<\/span><\/a>L\u00edtil er b\u00fdflugan me\u00f0al \u00feeirra fleygu <span class='VideyAth'>(skepna)<\/span>, og s\u00e1 fyrsti s\u00e6tleiki er hennar \u00e1v\u00f6xtur.<a name=\"4\"><span class=\"versanumer\">4<\/span><\/a>St\u00e6r \u00feig ekki af \u00fe\u00ednum kl\u00e6\u00f0um, og hreyk \u00fe\u00e9r ekki \u00e1 hei\u00f0ursins degi, \u00fev\u00ed undarleg eru Drottins verk, og hulin eru Drottins verk me\u00f0 m\u00f6nnum.<a name=\"5\"><span class=\"versanumer\">5<\/span><\/a>Margir drottnendur hlutu \u00e1 j\u00f6r\u00f0 a\u00f0 sitja, og s\u00e1 bar k\u00f3r\u00f3nu sem s\u00edst var\u00f0i.<a name=\"6\"><span class=\"versanumer\">6<\/span><\/a>Margir voldugir \u00feoldu mikla vanvir\u00f0u, og vegsamlegir menn komust \u00ed annarra hendur.<a name=\"7\"><span class=\"versanumer\">7<\/span><\/a>Lasta \u00fe\u00fa ekki fyrri en \u00fe\u00fa hefur rannsaka\u00f0, pr\u00f3fa fyrst, refsa svo.<a name=\"8\"><span class=\"versanumer\">8<\/span><\/a>Svara\u00f0u ekki fyrr enn \u00fe\u00fa heyrir, og tala\u00f0u ekki fram \u00ed annarra tal.<a name=\"9\"><span class=\"versanumer\">9<\/span><\/a>Str\u00ed\u00f0 ekki vegna \u00feess m\u00e1ls, sem \u00fe\u00e9r kemur ekki vi\u00f0, og sit ekki d\u00f3m me\u00f0 syndurum.<a name=\"10\"><span class=\"versanumer\">10<\/span><\/a>Barn, s\u00fdsla\u00f0u ekki vi\u00f0 margt, ef \u00fe\u00fa au\u00f0gar \u00feig, \u00fe\u00e1 ver\u00f0ur \u00fe\u00fa ekki saklaus; og \u00fe\u00f3 \u00fe\u00fa eltir \u00fea\u00f0 <span class='VideyAth'>(: au\u00f0inn)<\/span>, svo n\u00e6r\u00f0u \u00fev\u00ed ekki, og \u00fe\u00f3 \u00fe\u00fa fl\u00fdir, kemst \u00fe\u00fa ekki undan.<a name=\"11\"><span class=\"versanumer\">11<\/span><\/a>Margur erfi\u00f0ar og \u00fereytir sig og hefir alla vi\u00f0leitni, og ver\u00f0ur \u00fev\u00ed meiri skort a\u00f0 \u00feola.<a name=\"12\"><span class=\"versanumer\">12<\/span><\/a>Annar er seinn \u00e1 s\u00e9r og \u00fearf li\u00f0sinnis, og hefir skort \u00e1 kr\u00f6ftum, en n\u00e6gt af f\u00e1t\u00e6kt;<a name=\"13\"><span class=\"versanumer\">13<\/span><\/a>og augu Drottins l\u00edta \u00e1 hann til g\u00f3\u00f0s, og hann rykkir honum upp \u00far hans au\u00f0vir\u00f0ilegleika, og upphefur hans h\u00f6fu\u00f0, svo margir fur\u00f0a sig \u00e1 honum.<a name=\"14\"><span class=\"versanumer\">14<\/span><\/a>Hamingja og \u00f3hamingja, l\u00edf og dau\u00f0i, f\u00e1t\u00e6kt og au\u00f0ur kemur fr\u00e1 Drottni.<a name=\"15\"><span class=\"versanumer\">15<\/span><\/a>Drottins gj\u00f6f eiga \u00feeir gu\u00f0r\u00e6knu v\u00edsa,<a name=\"16\"><span class=\"versanumer\">16<\/span><\/a>og hans vel\u00fe\u00f3knan veitir \u00e6varandi heill.<a name=\"17\"><span class=\"versanumer\">17<\/span><\/a>Margur ver\u00f0ur r\u00edkur fyrir s\u00edna n\u00e1kv\u00e6mni og n\u00edsku, og<a name=\"18\"><span class=\"versanumer\">18<\/span><\/a>og \u00fea\u00f0 ver\u00f0ur hans umbun,<a name=\"19\"><span class=\"versanumer\">19<\/span><\/a>svo hann getur sagt: Eg hefi fundi\u00f0 r\u00f3, og n\u00fa vil eg nj\u00f3ta minna g\u00e6\u00f0a. En hann veit ei hva\u00f0 \u00feess er langt a\u00f0 b\u00ed\u00f0a, a\u00f0 hann ver\u00f0ur a\u00f0 l\u00e1ta \u00feetta laust vi\u00f0 annan og deyja. <br \/><a name=\"20\"><span class=\"versanumer\">20<\/span><\/a>Stattu fastur \u00ed \u00fe\u00ednum s\u00e1ttm\u00e1la og i\u00f0ka \u00feig \u00ed honum, og vertu \u00e6t\u00ed\u00f0 vi\u00f0 \u00fe\u00edn st\u00f6rf.<a name=\"21\"><span class=\"versanumer\">21<\/span><\/a>D\u00e1stu ekki a\u00f0 verkum syndarans, treystu Drottni, og vertu st\u00f6\u00f0ugur vi\u00f0 \u00feitt verk.<a name=\"22\"><span class=\"versanumer\">22<\/span><\/a>\u00dev\u00ed au\u00f0velt er \u00ed Drottins augum a\u00f0 gj\u00f6ra f\u00e1t\u00e6klinginn r\u00edkan skj\u00f3tt og \u00f3v\u00e6nt.<a name=\"23\"><span class=\"versanumer\">23<\/span><\/a>Drottins blessan er umbun \u00feeirra gu\u00f0r\u00e6knu, og \u00e1 stuttum t\u00edma l\u00e6tur hann s\u00edna blessan bl\u00f3mgast;<a name=\"24\"><span class=\"versanumer\">24<\/span><\/a>seg ekki: hv\u00f6rs \u00fearf eg? og hv\u00f6r ver\u00f0ur m\u00edn g\u00e6fa \u00ed fr\u00e1 \u00feessu!<a name=\"25\"><span class=\"versanumer\">25<\/span><\/a>seg ekki, eg hefi n\u00f3g, og hva\u00f0 illt getur m\u00e9r h\u00e9r eftir tilvilja\u00f0?<a name=\"26\"><span class=\"versanumer\">26<\/span><\/a>\u00c1 g\u00e6fud\u00f6gunum hugsa menn ekki til \u00f3g\u00e6funnar, og \u00e1 \u00f3g\u00e6fud\u00f6gunum muna menn ekki til g\u00e6funnar.<a name=\"27\"><span class=\"versanumer\">27<\/span><\/a>\u00dev\u00ed au\u00f0velt er Drottni a\u00f0 endurgjalda m\u00f6nnum \u00e1 dau\u00f0adeginum eftir \u00feeirra breytni.<a name=\"28\"><span class=\"versanumer\">28<\/span><\/a>Ein vond stund l\u00e6tur manninn gleyma s\u00e6ll\u00edfinu, og \u00feegar ma\u00f0urinn deyr, koma hans verk \u00ed lj\u00f3s.<a name=\"29\"><span class=\"versanumer\">29<\/span><\/a>Seg engan s\u00e6lan fyrir sitt andl\u00e1t, og ma\u00f0urinn \u00feekkist af s\u00ednum b\u00f6rnum.<br \/><a name=\"30\"><span class=\"versanumer\">30<\/span><\/a>Lei\u00f0 ekki hv\u00f6rn mann \u00ed \u00feitt h\u00fas, \u00fev\u00ed margir eru hnykkir svikarans.<a name=\"31\"><span class=\"versanumer\">31<\/span><\/a>Eins og ginningarfuglinn \u00ed fuglab\u00farinu, svo er hjarta \u00feess drambsama og sem ums\u00e1tursma\u00f0ur b\u00ed\u00f0ur hann <span class='VideyAth'>(\u00fe\u00edns)<\/span> falls.<a name=\"32\"><span class=\"versanumer\">32<\/span><\/a>\u00dev\u00ed \u00fea\u00f0 g\u00f3\u00f0a rangf\u00e6rir hann me\u00f0 lymsku til ills, og \u00e1 \u00fea\u00f0 \u00e1g\u00e6tasta kl\u00ednir hann hro\u00f0ablettum.<a name=\"33\"><span class=\"versanumer\">33<\/span><\/a>\u00dar einum eldneista ver\u00f0ur miki\u00f0 b\u00e1l, og syndarinn situr um bl\u00f3\u00f0.<a name=\"34\"><span class=\"versanumer\">34<\/span><\/a>Vara \u00fe\u00fa \u00feig \u00e1 sk\u00e1lkinum, \u00fev\u00ed hann sm\u00ed\u00f0ar illt, a\u00f0 hann ekki komi \u00e1 \u00feig eil\u00edfum skammarbletti.<a name=\"35\"><span class=\"versanumer\">35<\/span><\/a>Takir \u00fe\u00fa \u00e1 m\u00f3ti framandi manni, svo mun hann gj\u00f6ra \u00fe\u00e9r \u00f3n\u00e6\u00f0i og \u00f3fri\u00f0, og gj\u00f6ra \u00feig \u00f3kunnugan \u00fe\u00ednum.<\/p>\n<div class=\"footnoteVidey\"><\/div>\n","protected":false},"excerpt":{"rendered":"<p>1Spekin upplyftir h\u00f6f\u00f0i hins l\u00edtilm\u00f3tlega og l\u00e6tur hann f\u00e1 s\u00e6ti me\u00f0al h\u00f6f\u00f0ingjanna.2Hr\u00f3sa engum manni fyrir hans fr\u00ed\u00f0leika og fyrirl\u00edt engan sakir hans \u00fatlits.3L\u00edtil er b\u00fdflugan me\u00f0al \u00feeirra fleygu (skepna), og s\u00e1 fyrsti s\u00e6tleiki er hennar \u00e1v\u00f6xtur.4St\u00e6r \u00feig ekki af \u00fe\u00ednum kl\u00e6\u00f0um, og hreyk \u00fe\u00e9r ekki \u00e1 hei\u00f0ursins degi, \u00fev\u00ed undarleg eru Drottins verk, og hulin eru Drottins verk me\u00f0 m\u00f6nnum.5Margir drottnendur hlutu \u00e1 j\u00f6r\u00f0 a\u00f0 sitja, og s\u00e1 bar k\u00f3r\u00f3nu sem s\u00edst var\u00f0i.6Margir voldugir \u00feoldu mikla vanvir\u00f0u, og vegsamlegir menn komust \u00ed annarra hendur.7Lasta \u00fe\u00fa ekki fyrri en \u00fe\u00fa hefur rannsaka\u00f0, pr\u00f3fa fyrst, refsa svo.8Svara\u00f0u ekki fyrr enn \u00fe\u00fa heyrir, <a href=\"https:\/\/biblian.is\/videy\/siraksbok-11-kafli\/\"> [&#8230;]<\/a><\/p>\n","protected":false},"author":1,"featured_media":0,"parent":0,"menu_order":0,"comment_status":"open","ping_status":"open","template":"bibliukaflar.php","meta":{"footnotes":""},"class_list":["post-22105","page","type-page","status-publish","hentry"],"_links":{"self":[{"href":"https:\/\/biblian.is\/videy\/wp-json\/wp\/v2\/pages\/22105","targetHints":{"allow":["GET"]}}],"collection":[{"href":"https:\/\/biblian.is\/videy\/wp-json\/wp\/v2\/pages"}],"about":[{"href":"https:\/\/biblian.is\/videy\/wp-json\/wp\/v2\/types\/page"}],"author":[{"embeddable":true,"href":"https:\/\/biblian.is\/videy\/wp-json\/wp\/v2\/users\/1"}],"replies":[{"embeddable":true,"href":"https:\/\/biblian.is\/videy\/wp-json\/wp\/v2\/comments?post=22105"}],"version-history":[{"count":0,"href":"https:\/\/biblian.is\/videy\/wp-json\/wp\/v2\/pages\/22105\/revisions"}],"wp:attachment":[{"href":"https:\/\/biblian.is\/videy\/wp-json\/wp\/v2\/media?parent=22105"}],"curies":[{"name":"wp","href":"https:\/\/api.w.org\/{rel}","templated":true}]}}