{"id":22104,"date":"2018-01-02T01:05:34","date_gmt":"2018-01-02T01:05:34","guid":{"rendered":"http:\/\/biblian.is\/videy\/siraksbok-10-kafli\/"},"modified":"2018-01-02T01:05:34","modified_gmt":"2018-01-02T01:05:34","slug":"siraksbok-10-kafli","status":"publish","type":"page","link":"https:\/\/biblian.is\/videy\/siraksbok-10-kafli\/","title":{"rendered":"S\u00edraksb\u00f3k 10. kafli"},"content":{"rendered":"<div class=\"fyrirsognVidey\"><\/div>\n<p><a name=\"1\"><span class=\"versanumer\">1<\/span><\/a>Hygginn stj\u00f3rnari si\u00f0ar sinn l\u00fd\u00f0, og stj\u00f3rn ens skynsama er vel til haga\u00f0.<a name=\"2\"><span class=\"versanumer\">2<\/span><\/a>Eins og yfirdrottnari f\u00f3lksins <span class='VideyAth'>(er)<\/span>, svo eru hans \u00fej\u00f3nar, og eins og borgarh\u00f6f\u00f0inginn, svo eru allir hennar innb\u00faar.<a name=\"3\"><span class=\"versanumer\">3<\/span><\/a>\u00d3skynsamur konungur tort\u00fdnir s\u00ednum l\u00fd\u00f0; en borgin mun ver\u00f0a bygg\u00f0 fyrir hyggni \u00feeirra voldugu.<a name=\"4\"><span class=\"versanumer\">4<\/span><\/a>\u00cd Drottins hendi er landsins yfirdrottnan, og \u00e1 r\u00e9ttum t\u00edma l\u00e6tur hann gagnlegan <span class='VideyAth'>(mann)<\/span> til valda komast.<a name=\"5\"><span class=\"versanumer\">5<\/span><\/a>\u00cd Drottins hendi er mannsins g\u00e6fa, og \u00e1 andlit hins skriftl\u00e6r\u00f0a setur hann hans s\u00e6md. <br \/><a name=\"6\"><span class=\"versanumer\">6<\/span><\/a>Rei\u00f0stu ei \u00fe\u00ednum n\u00e1unga fyrir hv\u00f6rja eina m\u00f3tgj\u00f6r\u00f0, og vinn ekkert <span class='VideyAth'>(\u00ed \u00fe\u00f3ttans verkum)<\/span>, drambl\u00e1tlega.<a name=\"7\"><span class=\"versanumer\">7<\/span><\/a>Gu\u00f0 og menn hata drambsemi, og m\u00f3ti hv\u00f6rutveggju a\u00f0hefst h\u00fan rangindi.<a name=\"8\"><span class=\"versanumer\">8<\/span><\/a>Yfirdrottnan fer fr\u00e1 \u00fej\u00f3\u00f0 til \u00fej\u00f3\u00f0ar s\u00f6kum rangl\u00e6tis ofmetna\u00f0ar og \u00e1girndar.<a name=\"9\"><span class=\"versanumer\">9<\/span><\/a>Hva\u00f0 hrokar s\u00e9r moldin og askan?<a name=\"10\"><span class=\"versanumer\">10<\/span><\/a><span class='VideyAth'>(Engin er rangl\u00e1tari enn s\u00e1 \u00e1gjarni, hann hefur eigin s\u00e1lu fala)<\/span>, hans innyfli burtkastast me\u00f0an hann enn n\u00fa lifir.<a name=\"11\"><span class=\"versanumer\">11<\/span><\/a>L\u00e6knirinn gj\u00f6rir gys a\u00f0 l\u00f6ngum \u00f3hraustleika;<a name=\"12\"><span class=\"versanumer\">12<\/span><\/a>og k\u00f3ngur \u00ed dag og \u00e1 morgun deyr hann.<a name=\"13\"><span class=\"versanumer\">13<\/span><\/a>\u00dev\u00ed \u00feegar ma\u00f0ur er dau\u00f0ur, f\u00e6r hann \u00ed arf skri\u00f0kvikindi, villud\u00fdr og orma. <br \/><a name=\"14\"><span class=\"versanumer\">14<\/span><\/a>\u00dea\u00f0 er undirr\u00f3t drambl\u00e6tisins a\u00f0 mannsins hjarta fellur fr\u00e1 Drottni, og hans hjarta v\u00edkur fr\u00e1 Skaparanum.<a name=\"15\"><span class=\"versanumer\">15<\/span><\/a>\u00dev\u00ed upphaf drambsins er synd, og hv\u00f6r sem \u00fear vi\u00f0 festist, \u00fatfleytir vi\u00f0urstygg\u00f0um.<a name=\"16\"><span class=\"versanumer\">16<\/span><\/a>\u00dev\u00ed sendir Drottinn \u00f3venjuleg \u00f3kj\u00f6r og kollkastar \u00feeim seinast.<a name=\"17\"><span class=\"versanumer\">17<\/span><\/a>Drottinn steypir h\u00e1s\u00e6tum stj\u00f3rnenda, og setur h\u00f3gv\u00e6ra \u00ed \u00feeirra sta\u00f0.<a name=\"18\"><span class=\"versanumer\">18<\/span><\/a>Drottinn kippti \u00fej\u00f3\u00f0unum upp me\u00f0 r\u00f3tum og planta\u00f0i au\u00f0mj\u00faka \u00ed \u00feeirra sta\u00f0.<a name=\"19\"><span class=\"versanumer\">19<\/span><\/a>Drottinn hefir umturna\u00f0 \u00fej\u00f3\u00f0anna l\u00f6ndum, og skemmt \u00feau allt a\u00f0 grundvelli jar\u00f0ar.<a name=\"20\"><span class=\"versanumer\">20<\/span><\/a>Hann l\u00e9t sum visna, og s\u00e1lga\u00f0i \u00feeim, og afm\u00e1\u00f0i \u00feeirra endurminning af j\u00f6r\u00f0unni.<a name=\"21\"><span class=\"versanumer\">21<\/span><\/a>Ekki er drambsemi manninum me\u00f0sk\u00f6pu\u00f0, n\u00e9 grimmdarrei\u00f0i \u00feeim af kvinnunni f\u00e6ddu.<a name=\"22\"><span class=\"versanumer\">22<\/span><\/a><span class='VideyAth'>(Ekki er ma\u00f0urinn vondur skapa\u00f0ur)<\/span>.<br \/><a name=\"23\"><span class=\"versanumer\">23<\/span><\/a>Hv\u00f6rt kyn er hei\u00f0ursvert? mannkyni\u00f0. Hv\u00f6rt kyn er hei\u00f0ursvert? \u00feeir sem \u00f3ttast Drottin. Hva\u00f0a kyn er foraktanlegt? mannkyni\u00f0. Hva\u00f0a kyn er foraktanlegt? \u00feeir sem yfirtro\u00f0a <span class='VideyAth'>(Gu\u00f0s)<\/span> bo\u00f0or\u00f0.<a name=\"24\"><span class=\"versanumer\">24<\/span><\/a>Me\u00f0al sinna br\u00e6\u00f0ra er h\u00f6f\u00f0inginn hei\u00f0ra\u00f0ur: eins og \u00feeir sem \u00f3ttast Drottin, \u00ed hans augum.<a name=\"25\"><span class=\"versanumer\">25<\/span><\/a>\u00deess r\u00edka, \u00feess vegsamlega, og \u00feess snau\u00f0a hr\u00f3s er \u00f3tti Drottins.<a name=\"26\"><span class=\"versanumer\">26<\/span><\/a>\u00dea\u00f0 er ekki r\u00e9tt a\u00f0 fyrirl\u00edta skynsaman f\u00e1t\u00e6kling; og \u00fea\u00f0 s\u00e6mir ekki a\u00f0 hei\u00f0ra syndarann.<a name=\"27\"><span class=\"versanumer\">27<\/span><\/a>Landsh\u00f6f\u00f0inginn, d\u00f3marinn og s\u00e1 voldugi eru \u00ed hei\u00f0ri; en enginn \u00feessara er meiri enn s\u00e1 sem \u00f3ttast Drottin.<a name=\"28\"><span class=\"versanumer\">28<\/span><\/a>Vitrum \u00fej\u00f3n ver\u00f0a hinir frj\u00e1lsu a\u00f0 \u00fej\u00f3na, og skynsamur ma\u00f0ur m\u00f6glar ei yfir \u00fev\u00ed.<a name=\"29\"><span class=\"versanumer\">29<\/span><\/a>Gegndu ekki verki \u00fe\u00ednu me\u00f0 s\u00e9rvisku, og vertu ekki drambsamur \u00ed b\u00e1gindunum.<a name=\"30\"><span class=\"versanumer\">30<\/span><\/a>Betri er s\u00e1 sem vinnur og hefir n\u00e6gtir af \u00f6llu, heldur en s\u00e1 sem drambar, og \u00feolir bjargarskort.<a name=\"31\"><span class=\"versanumer\">31<\/span><\/a>Mitt barn, hei\u00f0ra \u00feig sj\u00e1lfan me\u00f0 h\u00f3gv\u00e6r\u00f0, og gef \u00fe\u00e9r hei\u00f0ur eftir \u00fe\u00ednum maklegleikum.<a name=\"32\"><span class=\"versanumer\">32<\/span><\/a>Hv\u00f6r mun r\u00e9ttl\u00e6ta \u00feann sem syndgar m\u00f3ti sj\u00e1lfum s\u00e9r? og hv\u00f6r mun hei\u00f0ra \u00feann, sem gj\u00f6rir sj\u00e1lfum s\u00e9r vanvir\u00f0u?<a name=\"33\"><span class=\"versanumer\">33<\/span><\/a>F\u00e1t\u00e6kur ma\u00f0ur ver\u00f0ur hei\u00f0ra\u00f0ur fyrir s\u00edn hyggindi og r\u00edkur fyrir sinn au\u00f0.<a name=\"34\"><span class=\"versanumer\">34<\/span><\/a>En s\u00e1 sem ver\u00f0ur hei\u00f0ra\u00f0ur \u00ed f\u00e1t\u00e6kt, hv\u00f6rsu miklu framar, v\u00e6ri hann r\u00edkur: og s\u00e1 sem er fyrirlitinn \u00ed sinni au\u00f0leg\u00f0, hv\u00f6rsu miklu framar \u00ed f\u00e1t\u00e6kt.<\/p>\n<div class=\"footnoteVidey\">V. 10. \u00dea\u00f0 sem er innan () vantar sumsta\u00f0ar.  22. v. skal ei finnast \u00ed gr\u00edskunni.<\/div>\n","protected":false},"excerpt":{"rendered":"<p>1Hygginn stj\u00f3rnari si\u00f0ar sinn l\u00fd\u00f0, og stj\u00f3rn ens skynsama er vel til haga\u00f0.2Eins og yfirdrottnari f\u00f3lksins (er), svo eru hans \u00fej\u00f3nar, og eins og borgarh\u00f6f\u00f0inginn, svo eru allir hennar innb\u00faar.3\u00d3skynsamur konungur tort\u00fdnir s\u00ednum l\u00fd\u00f0; en borgin mun ver\u00f0a bygg\u00f0 fyrir hyggni \u00feeirra voldugu.4\u00cd Drottins hendi er landsins yfirdrottnan, og \u00e1 r\u00e9ttum t\u00edma l\u00e6tur hann gagnlegan (mann) til valda komast.5\u00cd Drottins hendi er mannsins g\u00e6fa, og \u00e1 andlit hins skriftl\u00e6r\u00f0a setur hann hans s\u00e6md. 6Rei\u00f0stu ei \u00fe\u00ednum n\u00e1unga fyrir hv\u00f6rja eina m\u00f3tgj\u00f6r\u00f0, og vinn ekkert (\u00ed \u00fe\u00f3ttans verkum), drambl\u00e1tlega.7Gu\u00f0 og menn hata drambsemi, og m\u00f3ti hv\u00f6rutveggju a\u00f0hefst h\u00fan rangindi.8Yfirdrottnan fer fr\u00e1 <a href=\"https:\/\/biblian.is\/videy\/siraksbok-10-kafli\/\"> [&#8230;]<\/a><\/p>\n","protected":false},"author":1,"featured_media":0,"parent":0,"menu_order":0,"comment_status":"open","ping_status":"open","template":"bibliukaflar.php","meta":{"footnotes":""},"class_list":["post-22104","page","type-page","status-publish","hentry"],"_links":{"self":[{"href":"https:\/\/biblian.is\/videy\/wp-json\/wp\/v2\/pages\/22104","targetHints":{"allow":["GET"]}}],"collection":[{"href":"https:\/\/biblian.is\/videy\/wp-json\/wp\/v2\/pages"}],"about":[{"href":"https:\/\/biblian.is\/videy\/wp-json\/wp\/v2\/types\/page"}],"author":[{"embeddable":true,"href":"https:\/\/biblian.is\/videy\/wp-json\/wp\/v2\/users\/1"}],"replies":[{"embeddable":true,"href":"https:\/\/biblian.is\/videy\/wp-json\/wp\/v2\/comments?post=22104"}],"version-history":[{"count":0,"href":"https:\/\/biblian.is\/videy\/wp-json\/wp\/v2\/pages\/22104\/revisions"}],"wp:attachment":[{"href":"https:\/\/biblian.is\/videy\/wp-json\/wp\/v2\/media?parent=22104"}],"curies":[{"name":"wp","href":"https:\/\/api.w.org\/{rel}","templated":true}]}}