{"id":22103,"date":"2018-01-02T01:05:34","date_gmt":"2018-01-02T01:05:34","guid":{"rendered":"http:\/\/biblian.is\/videy\/siraksbok-9-kafli\/"},"modified":"2018-01-02T01:05:34","modified_gmt":"2018-01-02T01:05:34","slug":"siraksbok-9-kafli","status":"publish","type":"page","link":"https:\/\/biblian.is\/videy\/siraksbok-9-kafli\/","title":{"rendered":"S\u00edraksb\u00f3k 9. kafli"},"content":{"rendered":"<div class=\"fyrirsognVidey\"><\/div>\n<p><a name=\"1\"><span class=\"versanumer\">1<\/span><\/a>Vertu ekki vandl\u00e6tingarsamur vi\u00f0 konuna <span class='VideyAth'>(sem er)<\/span> vi\u00f0 \u00feitt brj\u00f3st, og kenn <span class='VideyAth'>(henni)<\/span> ekki illa mennt \u00fe\u00e9r \u00e1 m\u00f3ti.<a name=\"2\"><span class=\"versanumer\">2<\/span><\/a>Gef ekki konu \u00feinni \u00fe\u00edna s\u00e1l, svo a\u00f0 h\u00fan hefji sig yfir \u00feitt vald.<a name=\"3\"><span class=\"versanumer\">3<\/span><\/a>Gakk ekki \u00e1 m\u00f3ti \u00feeirri t\u00e6landi konu, svo \u00fe\u00fa fallir ekki \u00ed hennar sn\u00f6ru.<a name=\"4\"><span class=\"versanumer\">4<\/span><\/a>Haf\u00f0u enga umgengni vi\u00f0 s\u00f6ngkonuna, svo \u00fe\u00fa ver\u00f0ir ei fanginn af hennar br\u00f6g\u00f0um.<a name=\"5\"><span class=\"versanumer\">5<\/span><\/a>Sko\u00f0a\u00f0u ekki meyjuna, svo \u00fe\u00fa ver\u00f0ir ekki loka\u00f0ur af hennar yndislegleika.<a name=\"6\"><span class=\"versanumer\">6<\/span><\/a>Gef ei s\u00e1lu \u00fe\u00edna sk\u00e6kjum \u00ed vald, svo \u00fe\u00fa missir ekki \u00feinn arf.<a name=\"7\"><span class=\"versanumer\">7<\/span><\/a>Skima ei um allt \u00e1 g\u00f6tum sta\u00f0arins, og r\u00e1fa ei um hans f\u00e1bygg\u00f0u pl\u00e1ss.<a name=\"8\"><span class=\"versanumer\">8<\/span><\/a>Sn\u00fa \u00fe\u00ednum augum fr\u00e1 fr\u00ed\u00f0um konum, og sko\u00f0a ekki annarlegan fr\u00ed\u00f0leika.<a name=\"9\"><span class=\"versanumer\">9<\/span><\/a>Af konu fr\u00ed\u00f0leik voru margir leiddir \u00e1 villu stiga, og af honum kviknar \u00e1stin sem eldur.<a name=\"10\"><span class=\"versanumer\">10<\/span><\/a>Set \u00feig ekki hj\u00e1 giftri konu, og leggst ekki \u00ed hennar fa\u00f0m,<a name=\"11\"><span class=\"versanumer\">11<\/span><\/a>og haf ekki samdrykkju me\u00f0 henni, a\u00f0 hjarta \u00feitt ekki hneigist til hennar, og \u00fe\u00fa me\u00f0 \u00fe\u00ednum anda steypist \u00ed \u00f3hamingju.<a name=\"12\"><span class=\"versanumer\">12<\/span><\/a>Yfirgef ekki gamlan vin, \u00fev\u00ed hinn n\u00fdi er ekki hans jafnoki.<a name=\"13\"><span class=\"versanumer\">13<\/span><\/a>N\u00fdtt v\u00edn, s\u00e1 n\u00fdi vinur: \u00feegar \u00fea\u00f0 ver\u00f0ur gamalt, drekkur \u00fe\u00fa \u00fea\u00f0 me\u00f0 una\u00f0semd.<a name=\"14\"><span class=\"versanumer\">14<\/span><\/a>\u00d6funda ekki syndarann af hans d\u00fdr\u00f0, \u00fev\u00ed \u00fe\u00fa veist ei hv\u00f6r hans afdrif ver\u00f0a.<a name=\"15\"><span class=\"versanumer\">15<\/span><\/a>L\u00e1t \u00fe\u00e9r ei ge\u00f0jast \u00fea\u00f0 sem \u00f3gu\u00f0legum ge\u00f0jast: huglei\u00f0, a\u00f0 \u00feeir ver\u00f0a ei \u00f3hegndir allt til helju.<a name=\"16\"><span class=\"versanumer\">16<\/span><\/a>Haf \u00feig langt fr\u00e1 \u00feeim manni, sem hefir vald til a\u00f0 dey\u00f0a, og \u00fe\u00e1 muntu ekki kenna \u00e1 dau\u00f0ans hr\u00e6\u00f0slu.<a name=\"17\"><span class=\"versanumer\">17<\/span><\/a>En ef \u00fe\u00fa n\u00e1lgast hann, \u00fe\u00e1 l\u00e1t \u00fe\u00e9r ei yfirsj\u00e1st, svo hann taki ekki af \u00fe\u00e9r l\u00edfi\u00f0.<a name=\"18\"><span class=\"versanumer\">18<\/span><\/a>Huglei\u00f0, a\u00f0 \u00fe\u00fa gengur innan um t\u00e1lsn\u00f6rur, og \u00e1 borgartindum.<a name=\"19\"><span class=\"versanumer\">19<\/span><\/a>L\u00e6r \u00fe\u00fa vandlega a\u00f0 \u00feekkja \u00feinn n\u00e1unga, og r\u00e1\u00f0f\u00e6r \u00feig vi\u00f0 vitra menn, og tala vi\u00f0 \u00fe\u00e1 skyns\u00f6mu, og allt \u00feitt tal vi\u00f0v\u00edki l\u00f6gm\u00e1li ens \u00e6\u00f0sta.<a name=\"20\"><span class=\"versanumer\">20<\/span><\/a>R\u00e1\u00f0vandir menn s\u00e9u \u00fe\u00ednir bor\u00f0gestir, og leita \u00fe\u00edns hr\u00f3ss \u00ed \u00f3tta Drottins.<a name=\"21\"><span class=\"versanumer\">21<\/span><\/a>Verki\u00f0 f\u00e6r hr\u00f3s fyrir smi\u00f0anna hendur, og vitur ma\u00f0ur, s\u00e1 sem l\u00fd\u00f0um r\u00e6\u00f0ur, fyrir sitt tal.<a name=\"22\"><span class=\"versanumer\">22<\/span><\/a>M\u00e1lugur ma\u00f0ur er \u00f3ttalegur \u00ed sinni borg, og s\u00e1 sem er \u00f3g\u00e6tinn \u00ed tali ver\u00f0ur hata\u00f0ur.<\/p>\n<div class=\"footnoteVidey\"><\/div>\n","protected":false},"excerpt":{"rendered":"<p>1Vertu ekki vandl\u00e6tingarsamur vi\u00f0 konuna (sem er) vi\u00f0 \u00feitt brj\u00f3st, og kenn (henni) ekki illa mennt \u00fe\u00e9r \u00e1 m\u00f3ti.2Gef ekki konu \u00feinni \u00fe\u00edna s\u00e1l, svo a\u00f0 h\u00fan hefji sig yfir \u00feitt vald.3Gakk ekki \u00e1 m\u00f3ti \u00feeirri t\u00e6landi konu, svo \u00fe\u00fa fallir ekki \u00ed hennar sn\u00f6ru.4Haf\u00f0u enga umgengni vi\u00f0 s\u00f6ngkonuna, svo \u00fe\u00fa ver\u00f0ir ei fanginn af hennar br\u00f6g\u00f0um.5Sko\u00f0a\u00f0u ekki meyjuna, svo \u00fe\u00fa ver\u00f0ir ekki loka\u00f0ur af hennar yndislegleika.6Gef ei s\u00e1lu \u00fe\u00edna sk\u00e6kjum \u00ed vald, svo \u00fe\u00fa missir ekki \u00feinn arf.7Skima ei um allt \u00e1 g\u00f6tum sta\u00f0arins, og r\u00e1fa ei um hans f\u00e1bygg\u00f0u pl\u00e1ss.8Sn\u00fa \u00fe\u00ednum augum fr\u00e1 fr\u00ed\u00f0um konum, og sko\u00f0a ekki <a href=\"https:\/\/biblian.is\/videy\/siraksbok-9-kafli\/\"> [&#8230;]<\/a><\/p>\n","protected":false},"author":1,"featured_media":0,"parent":0,"menu_order":0,"comment_status":"open","ping_status":"open","template":"bibliukaflar.php","meta":{"footnotes":""},"class_list":["post-22103","page","type-page","status-publish","hentry"],"_links":{"self":[{"href":"https:\/\/biblian.is\/videy\/wp-json\/wp\/v2\/pages\/22103","targetHints":{"allow":["GET"]}}],"collection":[{"href":"https:\/\/biblian.is\/videy\/wp-json\/wp\/v2\/pages"}],"about":[{"href":"https:\/\/biblian.is\/videy\/wp-json\/wp\/v2\/types\/page"}],"author":[{"embeddable":true,"href":"https:\/\/biblian.is\/videy\/wp-json\/wp\/v2\/users\/1"}],"replies":[{"embeddable":true,"href":"https:\/\/biblian.is\/videy\/wp-json\/wp\/v2\/comments?post=22103"}],"version-history":[{"count":0,"href":"https:\/\/biblian.is\/videy\/wp-json\/wp\/v2\/pages\/22103\/revisions"}],"wp:attachment":[{"href":"https:\/\/biblian.is\/videy\/wp-json\/wp\/v2\/media?parent=22103"}],"curies":[{"name":"wp","href":"https:\/\/api.w.org\/{rel}","templated":true}]}}