{"id":22102,"date":"2018-01-02T01:05:34","date_gmt":"2018-01-02T01:05:34","guid":{"rendered":"http:\/\/biblian.is\/videy\/siraksbok-8-kafli\/"},"modified":"2018-01-02T01:05:34","modified_gmt":"2018-01-02T01:05:34","slug":"siraksbok-8-kafli","status":"publish","type":"page","link":"https:\/\/biblian.is\/videy\/siraksbok-8-kafli\/","title":{"rendered":"S\u00edraksb\u00f3k 8. kafli"},"content":{"rendered":"<div class=\"fyrirsognVidey\"><\/div>\n<p><a name=\"1\"><span class=\"versanumer\">1<\/span><\/a>Str\u00ed\u00f0 ekki vi\u00f0 \u00feann volduga mann, svo \u00fe\u00fa fallir ekki \u00ed hans hendur.<a name=\"2\"><span class=\"versanumer\">2<\/span><\/a>Deil ekki vi\u00f0 r\u00edkan mann, svo hann ver\u00f0i \u00fe\u00e9r ekki of \u00feungur.<a name=\"3\"><span class=\"versanumer\">3<\/span><\/a>\u00dev\u00ed gulli\u00f0 t\u00e6lir marga, og \u00fea\u00f0 beygir hj\u00f6rtu k\u00f3nganna.<a name=\"4\"><span class=\"versanumer\">4<\/span><\/a>\u00der\u00e1tta ekki vi\u00f0 m\u00e1lskapsmanninn, og ber ei vi\u00f0 a\u00f0 hans eldi.<a name=\"5\"><span class=\"versanumer\">5<\/span><\/a>Haf ekki gle\u00f0skap vi\u00f0 \u00f3si\u00f0a\u00f0an mann, a\u00f0 \u00fe\u00ednir forfe\u00f0ur ver\u00f0i ei \u00f3virtir.<a name=\"6\"><span class=\"versanumer\">6<\/span><\/a>Breg\u00f0 \u00feeim ei um s\u00edna synd sem sig b\u00e6tt hefir; mundu \u00fea\u00f0 a\u00f0 v\u00e9r allir erum sekir.<a name=\"7\"><span class=\"versanumer\">7<\/span><\/a>Gj\u00f6r ei gys a\u00f0 manninum \u00ed hans elli, \u00fev\u00ed v\u00e9r eldumst l\u00edka.<a name=\"8\"><span class=\"versanumer\">8<\/span><\/a>Fagna ei yfir nokkurs manns dau\u00f0a; mun til \u00feess, a\u00f0 v\u00e9r allir hlj\u00f3tum a\u00f0 deyja.<a name=\"9\"><span class=\"versanumer\">9<\/span><\/a>Afr\u00e6k ei tal hinna v\u00edsu, og dvel vi\u00f0 \u00feeirra snillyr\u00f0i.<a name=\"10\"><span class=\"versanumer\">10<\/span><\/a>\u00dev\u00ed af \u00feeim getur \u00fe\u00fa skilning fengi\u00f0, og <span class='VideyAth'>(s\u00e9\u00f0)<\/span> hv\u00f6rsu hei\u00f0ingjunum \u00e1 a\u00f0 \u00fej\u00f3na.<a name=\"11\"><span class=\"versanumer\">11<\/span><\/a>Fj\u00e6rl\u00e6g \u00feig ekki fr\u00e1s\u00f6gum enna g\u00f6mlu; \u00fev\u00ed \u00feeir l\u00e6r\u00f0u l\u00edka af \u00fe\u00ednum fe\u00f0rum.<a name=\"12\"><span class=\"versanumer\">12<\/span><\/a>\u00dev\u00ed af \u00feeim getur \u00fe\u00fa l\u00e6rt hyggindi, og hv\u00f6rsu ma\u00f0ur \u00e1 a\u00f0 svara, \u00feegar \u00e1liggur.<a name=\"13\"><span class=\"versanumer\">13<\/span><\/a>Bl\u00e1s ekki enn meir a\u00f0 syndarans kolum, svo \u00fe\u00fa ekki brennir \u00ed b\u00e1li hans elds.<a name=\"14\"><span class=\"versanumer\">14<\/span><\/a>Stattu ei upp fyrir andliti \u00feess lastm\u00e1lga, a\u00f0 hann setjist ei \u00ed launs\u00e1tur um \u00feinn munn.<a name=\"15\"><span class=\"versanumer\">15<\/span><\/a>L\u00e1na \u00fe\u00fa engum manni sem er voldugri en \u00fe\u00fa; en \u00e1l\u00edt \u00fea\u00f0, sem \u00fe\u00fa hefir l\u00e1na\u00f0 honum, glata\u00f0.<a name=\"16\"><span class=\"versanumer\">16<\/span><\/a>Gakk ekki \u00ed borgun \u00fe\u00e9r um megn, og hafir \u00fe\u00fa gengi\u00f0 \u00ed borgun, svo hugsa\u00f0u til a\u00f0 borga.<a name=\"17\"><span class=\"versanumer\">17<\/span><\/a>Far ekki \u00ed m\u00e1l vi\u00f0 d\u00f3mara; \u00fev\u00ed eftir hans \u00e1liti munu menn honum <span class='VideyAth'>(\u00ed vil)<\/span> \u00farskur\u00f0 \u00e1 leggja.<a name=\"18\"><span class=\"versanumer\">18<\/span><\/a>Vertu ekki \u00e1 fer\u00f0 me\u00f0 f\u00edfldj\u00f6rfum manni, svo hann ver\u00f0i \u00fe\u00e9r ekki h\u00e1skalegur; \u00fev\u00ed eftir sinni vild mun hann breyta, og vegna hans \u00f3vits, muntu me\u00f0 honum rata \u00ed \u00f3g\u00e6fu.<a name=\"19\"><span class=\"versanumer\">19<\/span><\/a>\u00de\u00fa skalt ekki str\u00ed\u00f0a vi\u00f0 rei\u00f0igjarnan mann, og fer\u00f0ast ekki me\u00f0 honum um \u00f3bygg\u00f0ir; \u00fev\u00ed bl\u00f3\u00f0 er sem ekkert \u00ed hans augum, og \u00fear sem engin hj\u00e1lp er, leggur hann \u00feig a\u00f0 velli.<a name=\"20\"><span class=\"versanumer\">20<\/span><\/a>R\u00e1\u00f0f\u00e6r\u00f0u \u00feig ekki vi\u00f0 heimskingjann; \u00fev\u00ed hann getur um ekkert \u00feaga\u00f0.<a name=\"21\"><span class=\"versanumer\">21<\/span><\/a>Gj\u00f6r ekkert heimuglegt \u00ed n\u00e6rveru framandi manns; \u00fev\u00ed \u00fe\u00fa veist ekki hv\u00f6rju hann getur af sta\u00f0 komi\u00f0.<a name=\"22\"><span class=\"versanumer\">22<\/span><\/a>Opna ei \u00feitt hjarta hv\u00f6rjum manni, hann kannske \u00feakki \u00fe\u00e9r ekki fyrir \u00fea\u00f0.<\/p>\n<div class=\"footnoteVidey\"><\/div>\n","protected":false},"excerpt":{"rendered":"<p>1Str\u00ed\u00f0 ekki vi\u00f0 \u00feann volduga mann, svo \u00fe\u00fa fallir ekki \u00ed hans hendur.2Deil ekki vi\u00f0 r\u00edkan mann, svo hann ver\u00f0i \u00fe\u00e9r ekki of \u00feungur.3\u00dev\u00ed gulli\u00f0 t\u00e6lir marga, og \u00fea\u00f0 beygir hj\u00f6rtu k\u00f3nganna.4\u00der\u00e1tta ekki vi\u00f0 m\u00e1lskapsmanninn, og ber ei vi\u00f0 a\u00f0 hans eldi.5Haf ekki gle\u00f0skap vi\u00f0 \u00f3si\u00f0a\u00f0an mann, a\u00f0 \u00fe\u00ednir forfe\u00f0ur ver\u00f0i ei \u00f3virtir.6Breg\u00f0 \u00feeim ei um s\u00edna synd sem sig b\u00e6tt hefir; mundu \u00fea\u00f0 a\u00f0 v\u00e9r allir erum sekir.7Gj\u00f6r ei gys a\u00f0 manninum \u00ed hans elli, \u00fev\u00ed v\u00e9r eldumst l\u00edka.8Fagna ei yfir nokkurs manns dau\u00f0a; mun til \u00feess, a\u00f0 v\u00e9r allir hlj\u00f3tum a\u00f0 deyja.9Afr\u00e6k ei tal hinna v\u00edsu, og dvel <a href=\"https:\/\/biblian.is\/videy\/siraksbok-8-kafli\/\"> [&#8230;]<\/a><\/p>\n","protected":false},"author":1,"featured_media":0,"parent":0,"menu_order":0,"comment_status":"open","ping_status":"open","template":"bibliukaflar.php","meta":{"footnotes":""},"class_list":["post-22102","page","type-page","status-publish","hentry"],"_links":{"self":[{"href":"https:\/\/biblian.is\/videy\/wp-json\/wp\/v2\/pages\/22102","targetHints":{"allow":["GET"]}}],"collection":[{"href":"https:\/\/biblian.is\/videy\/wp-json\/wp\/v2\/pages"}],"about":[{"href":"https:\/\/biblian.is\/videy\/wp-json\/wp\/v2\/types\/page"}],"author":[{"embeddable":true,"href":"https:\/\/biblian.is\/videy\/wp-json\/wp\/v2\/users\/1"}],"replies":[{"embeddable":true,"href":"https:\/\/biblian.is\/videy\/wp-json\/wp\/v2\/comments?post=22102"}],"version-history":[{"count":0,"href":"https:\/\/biblian.is\/videy\/wp-json\/wp\/v2\/pages\/22102\/revisions"}],"wp:attachment":[{"href":"https:\/\/biblian.is\/videy\/wp-json\/wp\/v2\/media?parent=22102"}],"curies":[{"name":"wp","href":"https:\/\/api.w.org\/{rel}","templated":true}]}}