{"id":22101,"date":"2018-01-02T01:05:34","date_gmt":"2018-01-02T01:05:34","guid":{"rendered":"http:\/\/biblian.is\/videy\/siraksbok-7-kafli\/"},"modified":"2018-01-02T01:05:34","modified_gmt":"2018-01-02T01:05:34","slug":"siraksbok-7-kafli","status":"publish","type":"page","link":"https:\/\/biblian.is\/videy\/siraksbok-7-kafli\/","title":{"rendered":"S\u00edraksb\u00f3k 7. kafli"},"content":{"rendered":"<div class=\"fyrirsognVidey\">Fleiri l\u00edfsreglur.<\/div>\n<p><a name=\"1\"><span class=\"versanumer\">1<\/span><\/a>Gj\u00f6r ekkert illt, svo hittir \u00feig ekkert illt.<a name=\"2\"><span class=\"versanumer\">2<\/span><\/a>Haf\u00f0u \u00feig langt fr\u00e1 rangl\u00e6ti, svo mun \u00fea\u00f0 for\u00f0ast \u00feig.<a name=\"3\"><span class=\"versanumer\">3<\/span><\/a><span class='VideyAth'>(Minn)<\/span> son, s\u00e1 ekki <span class='VideyAth'>(akur)<\/span> rangl\u00e6tisins, svo muntu \u00fea\u00f0 ei sj\u00f6falt uppskera. <br \/><a name=\"4\"><span class=\"versanumer\">4<\/span><\/a>Leita \u00fe\u00fa ekki valds af herranum n\u00e9 tignars\u00e6tis af konunginum.<a name=\"5\"><span class=\"versanumer\">5<\/span><\/a>Hr\u00f3sa \u00fe\u00e9r ekki fyrir herranum af \u00feinni r\u00e9ttv\u00edsi, ekki heldur fyrir k\u00f3nginum af \u00feinni visku.<a name=\"6\"><span class=\"versanumer\">6<\/span><\/a>S\u00e6kstu ekki eftir a\u00f0 vera d\u00f3mari, <span class='VideyAth'>(\u00fea\u00f0 g\u00e6ti ske\u00f0 \u00fe\u00fa orka\u00f0ir ekki a\u00f0 uppr\u00e6ta rangl\u00e6ti\u00f0)<\/span> svo a\u00f0 \u00fe\u00fa ekki f\u00e6list \u00e1lit hinna voldugu, og lei\u00f0ir \u00ed h\u00e1ska \u00fe\u00edna r\u00e1\u00f0vendni.<a name=\"7\"><span class=\"versanumer\">7<\/span><\/a>Syndga ekki m\u00f3ti sta\u00f0arf\u00f3lkinu, og l\u00e1ttu ekki skr\u00edlinn draga \u00feig me\u00f0 s\u00e9r.<a name=\"8\"><span class=\"versanumer\">8<\/span><\/a>Hla\u00f0 ekki tv\u00edvegis \u00e1 \u00feig synd, \u00fev\u00ed fyrir eina ver\u00f0ur \u00fe\u00fa ekki \u00f3hegndur.<a name=\"9\"><span class=\"versanumer\">9<\/span><\/a>Hugsa \u00fe\u00fa ekki: <span class='VideyAth'>(Gu\u00f0)<\/span>, hann mun l\u00edta \u00e1 \u00fe\u00ednar m\u00f6rgu f\u00f3rnarg\u00e1fur, og \u00feegar eg f\u00e6ri \u00fe\u00e6r Gu\u00f0i enum \u00e6\u00f0sta, mun hann vi\u00f0 m\u00e9r taka <span class='VideyAth'>(n\u00e1\u00f0arsamlega)<\/span>.<a name=\"10\"><span class=\"versanumer\">10<\/span><\/a>Vertu ekki huglaus \u00feegar \u00fe\u00fa bi\u00f0ur,<a name=\"11\"><span class=\"versanumer\">11<\/span><\/a>og fors\u00f3ma ekki a\u00f0 gefa \u00f6lmusu. <br \/><a name=\"12\"><span class=\"versanumer\">12<\/span><\/a>H\u00e6\u00f0 \u00fe\u00fa engan mann \u00ed hans hjartasorg; \u00fev\u00ed s\u00e1 er einn til sem ni\u00f0url\u00e6gir og upphefur.<a name=\"13\"><span class=\"versanumer\">13<\/span><\/a>S\u00e1 engum lygum m\u00f3ti \u00fe\u00ednum br\u00f3\u00f0ur, og gj\u00f6r ekkert \u00feessh\u00e1ttar vini \u00fe\u00ednum.<a name=\"14\"><span class=\"versanumer\">14<\/span><\/a>Aldrei skaltu temja \u00fe\u00e9r nokkra lygi, \u00fev\u00ed s\u00e1 \u00e1vani lei\u00f0ir ei til g\u00f3\u00f0s.<a name=\"15\"><span class=\"versanumer\">15<\/span><\/a>Vertu ekki m\u00e1lugur \u00e1 samkomu hinna \u00f6ldru\u00f0u, og tak ekki upp s\u00f6mu or\u00f0in \u00ed \u00feinni b\u00e6n.<a name=\"16\"><span class=\"versanumer\">16<\/span><\/a>Hata \u00fe\u00fa ekki \u00f6r\u00f0ugt erfi\u00f0i, n\u00e9 akuryrkju tilsetta af enum \u00e6\u00f0sta.<a name=\"17\"><span class=\"versanumer\">17<\/span><\/a>Tel \u00feig ekki me\u00f0 syndaranna fj\u00f6lda.<a name=\"18\"><span class=\"versanumer\">18<\/span><\/a>Hugsa til \u00feess, a\u00f0 rei\u00f0in tefur ekki.<a name=\"19\"><span class=\"versanumer\">19<\/span><\/a>Au\u00f0m\u00fdk \u00feig af hjarta; \u00fev\u00ed hegning \u00feess gu\u00f0lausa er eldur og ormur.<a name=\"20\"><span class=\"versanumer\">20<\/span><\/a>Sel ekki vin fyrir f\u00e1n\u00fdtt f\u00e9, ekki heldur ektabr\u00f3\u00f0ur fyrir Of\u00edrsgull.<a name=\"21\"><span class=\"versanumer\">21<\/span><\/a>Skil \u00feig ei vi\u00f0 skynsama og gu\u00f0r\u00e6kna konu, \u00fev\u00ed h\u00fan er elskulegri en gull.<a name=\"22\"><span class=\"versanumer\">22<\/span><\/a>Far \u00fe\u00fa ei illa me\u00f0 \u00fej\u00f3ninn, sem erfi\u00f0ar dyggilega, ei heldur \u00feann daglaunamann sem gefur <span class='VideyAth'>(\u00fe\u00e9r)<\/span> s\u00edna s\u00e1l.<a name=\"23\"><span class=\"versanumer\">23<\/span><\/a>Skynsaman \u00fej\u00f3n skaltu elska af hjarta, svipt hann ekki frelsi.<a name=\"24\"><span class=\"versanumer\">24<\/span><\/a>Hafir \u00fe\u00fa kvikf\u00e9, svo vakta \u00fe\u00fa \u00fea\u00f0, og hafir \u00fe\u00fa gagn af \u00fev\u00ed, svo farga \u00fev\u00ed ekki.<a name=\"25\"><span class=\"versanumer\">25<\/span><\/a>Eigir \u00fe\u00fa b\u00f6rn, svo mennta <span class='VideyAth'>(aga)<\/span> \u00feau, og beyg \u00feeirra h\u00e1ls \u00ed \u00e6skunni.<a name=\"26\"><span class=\"versanumer\">26<\/span><\/a>Eigir \u00fe\u00fa d\u00e6tur, svo var\u00f0veit \u00feeirra l\u00edkama, og vertu ekki h\u00fdrleitur til \u00feeirra.<a name=\"27\"><span class=\"versanumer\">27<\/span><\/a>Giftu d\u00f3ttur \u00fe\u00edna, svo hefir \u00fe\u00fa gj\u00f6rt miki\u00f0 verk, og gef hana skyns\u00f6mum manni.<a name=\"28\"><span class=\"versanumer\">28<\/span><\/a>Hafir \u00fe\u00fa konu eftir \u00fe\u00ednu hjarta, svo \u00fatsk\u00fafa henni ekki: <span class='VideyAth'>(en a\u00f0hyllstu aldrei \u00fe\u00e1 haturslegu)<\/span>.<a name=\"29\"><span class=\"versanumer\">29<\/span><\/a>Hei\u00f0ra f\u00f6\u00f0ur \u00feinn af \u00f6llu hjarta og gleym ekki f\u00e6\u00f0ingarhr\u00ed\u00f0um \u00feinnar m\u00f3\u00f0ur.<a name=\"30\"><span class=\"versanumer\">30<\/span><\/a>Minnst \u00feess, a\u00f0 \u00fe\u00fa ert einn af \u00feeim getinn, og hv\u00f6rnig viltu umbuna \u00feeim \u00fea\u00f0 sem \u00feau hafa \u00fe\u00e9r gj\u00f6rt?<a name=\"31\"><span class=\"versanumer\">31<\/span><\/a>\u00d3ttast \u00fe\u00fa Drottin og hei\u00f0ra hans presta. Elska \u00feinn skapara af \u00f6llum m\u00e6tti og yfirgef ekki hans \u00fej\u00f3nustumenn.<a name=\"32\"><span class=\"versanumer\">32<\/span><\/a>\u00d3ttastu Drottin og hei\u00f0ra prestana,<a name=\"33\"><span class=\"versanumer\">33<\/span><\/a>og gef \u00feeim s\u00edna hlutdeild eins og \u00fe\u00e9r er bo\u00f0i\u00f0.<a name=\"34\"><span class=\"versanumer\">34<\/span><\/a>frumgr\u00f3\u00f0a og sekta f\u00f3rn,<a name=\"35\"><span class=\"versanumer\">35<\/span><\/a>b\u00f3gg\u00e1funa, helgid\u00f3msins f\u00f3rn, og hi\u00f0 fyrsta af \u00fev\u00ed helga\u00f0a.<a name=\"36\"><span class=\"versanumer\">36<\/span><\/a>R\u00e9tt \u00feeim f\u00e1t\u00e6ka \u00fe\u00edna h\u00f6nd svo \u00fe\u00edn blessun ver\u00f0i fullkomin.<a name=\"37\"><span class=\"versanumer\">37<\/span><\/a>G\u00e1fa kemur s\u00e9r vel hj\u00e1 \u00f6llum sem lifa; en haltu ei heldur \u00feinni g\u00f3\u00f0semi fr\u00e1 \u00feeim dau\u00f0u.<a name=\"38\"><span class=\"versanumer\">38<\/span><\/a>Drag \u00feig ei \u00ed hl\u00e9 vi\u00f0 \u00feann sem gr\u00e6tur, og syrg me\u00f0 \u00feeim sem syrgja.<a name=\"39\"><span class=\"versanumer\">39<\/span><\/a>L\u00e1t \u00fe\u00e9r ei leitt a\u00f0 vitja sj\u00fakra; \u00fev\u00ed fyrir \u00fea\u00f0 muntu ver\u00f0a elska\u00f0ur.<a name=\"40\"><span class=\"versanumer\">40<\/span><\/a>\u00cd \u00f6llu \u00fe\u00ednu tali \u00fe\u00e1 hugsa til \u00fe\u00edns endirs, svo muntu ekki syndga a\u00f0 eil\u00edfu.<\/p>\n<div class=\"footnoteVidey\">V. 28. \u00dea\u00f0 sem h\u00e9r er innan () vantar \u00ed gr\u00edskuna.<\/div>\n","protected":false},"excerpt":{"rendered":"<p>Fleiri l\u00edfsreglur. 1Gj\u00f6r ekkert illt, svo hittir \u00feig ekkert illt.2Haf\u00f0u \u00feig langt fr\u00e1 rangl\u00e6ti, svo mun \u00fea\u00f0 for\u00f0ast \u00feig.3(Minn) son, s\u00e1 ekki (akur) rangl\u00e6tisins, svo muntu \u00fea\u00f0 ei sj\u00f6falt uppskera. 4Leita \u00fe\u00fa ekki valds af herranum n\u00e9 tignars\u00e6tis af konunginum.5Hr\u00f3sa \u00fe\u00e9r ekki fyrir herranum af \u00feinni r\u00e9ttv\u00edsi, ekki heldur fyrir k\u00f3nginum af \u00feinni visku.6S\u00e6kstu ekki eftir a\u00f0 vera d\u00f3mari, (\u00fea\u00f0 g\u00e6ti ske\u00f0 \u00fe\u00fa orka\u00f0ir ekki a\u00f0 uppr\u00e6ta rangl\u00e6ti\u00f0) svo a\u00f0 \u00fe\u00fa ekki f\u00e6list \u00e1lit hinna voldugu, og lei\u00f0ir \u00ed h\u00e1ska \u00fe\u00edna r\u00e1\u00f0vendni.7Syndga ekki m\u00f3ti sta\u00f0arf\u00f3lkinu, og l\u00e1ttu ekki skr\u00edlinn draga \u00feig me\u00f0 s\u00e9r.8Hla\u00f0 ekki tv\u00edvegis \u00e1 \u00feig synd, \u00fev\u00ed fyrir <a href=\"https:\/\/biblian.is\/videy\/siraksbok-7-kafli\/\"> [&#8230;]<\/a><\/p>\n","protected":false},"author":1,"featured_media":0,"parent":0,"menu_order":0,"comment_status":"open","ping_status":"open","template":"bibliukaflar.php","meta":{"footnotes":""},"class_list":["post-22101","page","type-page","status-publish","hentry"],"_links":{"self":[{"href":"https:\/\/biblian.is\/videy\/wp-json\/wp\/v2\/pages\/22101","targetHints":{"allow":["GET"]}}],"collection":[{"href":"https:\/\/biblian.is\/videy\/wp-json\/wp\/v2\/pages"}],"about":[{"href":"https:\/\/biblian.is\/videy\/wp-json\/wp\/v2\/types\/page"}],"author":[{"embeddable":true,"href":"https:\/\/biblian.is\/videy\/wp-json\/wp\/v2\/users\/1"}],"replies":[{"embeddable":true,"href":"https:\/\/biblian.is\/videy\/wp-json\/wp\/v2\/comments?post=22101"}],"version-history":[{"count":0,"href":"https:\/\/biblian.is\/videy\/wp-json\/wp\/v2\/pages\/22101\/revisions"}],"wp:attachment":[{"href":"https:\/\/biblian.is\/videy\/wp-json\/wp\/v2\/media?parent=22101"}],"curies":[{"name":"wp","href":"https:\/\/api.w.org\/{rel}","templated":true}]}}