{"id":22099,"date":"2018-01-02T01:05:34","date_gmt":"2018-01-02T01:05:34","guid":{"rendered":"http:\/\/biblian.is\/videy\/siraksbok-5-kafli\/"},"modified":"2018-01-02T01:05:34","modified_gmt":"2018-01-02T01:05:34","slug":"siraksbok-5-kafli","status":"publish","type":"page","link":"https:\/\/biblian.is\/videy\/siraksbok-5-kafli\/","title":{"rendered":"S\u00edraksb\u00f3k 5. kafli"},"content":{"rendered":"<div class=\"fyrirsognVidey\">Enn n\u00fa l\u00edfsreglur.<\/div>\n<p><a name=\"1\"><span class=\"versanumer\">1<\/span><\/a>Rei\u00f0 \u00feig ekki \u00e1 \u00feinn au\u00f0, og seg ekki: eg hefi n\u00f3g.<a name=\"2\"><span class=\"versanumer\">2<\/span><\/a>Fylg ekki \u00feinni tilhneigingu og krafti til \u00feess a\u00f0 ganga eftir girnd \u00fe\u00edns hjarta.<a name=\"3\"><span class=\"versanumer\">3<\/span><\/a>Og seg ekki: hv\u00f6r vill umvanda vi\u00f0 mig? \u00fev\u00ed Drottinn mun \u00fe\u00e9r vissulega refsa.<a name=\"4\"><span class=\"versanumer\">4<\/span><\/a>Seg ekki: eg syndga\u00f0i og hva\u00f0 s\u00e9r \u00e1 m\u00e9r? \u00fev\u00ed Drottinn hefir miki\u00f0 langlundarge\u00f0.<a name=\"5\"><span class=\"versanumer\">5<\/span><\/a>Vertu ekki ugglaus a\u00f0 hr\u00faga synd \u00e1 synd ofan, s\u00f6kum fyrirgefningar.<a name=\"6\"><span class=\"versanumer\">6<\/span><\/a>Og seg ekki: hans miskunnsemi er mikil, hann mun fyrirgefa m\u00e9r syndafj\u00f6ldann.<a name=\"7\"><span class=\"versanumer\">7<\/span><\/a>\u00dev\u00ed hj\u00e1 honum er n\u00e1\u00f0 og rei\u00f0i, og hans grimmd vakir yfir syndinni.<a name=\"8\"><span class=\"versanumer\">8<\/span><\/a>Undandrag ekki a\u00f0 sn\u00faa \u00fe\u00e9r til Drottins, og skj\u00f3t \u00fev\u00ed ei \u00e1 frest dag fr\u00e1 degi.<a name=\"9\"><span class=\"versanumer\">9<\/span><\/a>\u00dev\u00ed hastarlega kemur Drottins rei\u00f0i og \u00e1 hefndarinnar t\u00edma muntu fyrirfarast.<a name=\"10\"><span class=\"versanumer\">10<\/span><\/a>Rei\u00f0 \u00feig ekki \u00e1 rangfengi\u00f0 f\u00e9, \u00fev\u00ed \u00fea\u00f0 mun ei sto\u00f0a \u00feig \u00e1 \u00f6rlaga deginum.<br \/><a name=\"11\"><span class=\"versanumer\">11<\/span><\/a>Vi\u00f0ra \u00fe\u00fa ekki vi\u00f0 allan vind, og gakk ekki \u00e1 hv\u00f6rjum vegi: svo <span class='VideyAth'>(gj\u00f6rir)<\/span> s\u00e1 tv\u00edtyngdi syndari.<a name=\"12\"><span class=\"versanumer\">12<\/span><\/a>Vertu fastur \u00ed \u00feinni sannf\u00e6ringu og eitt s\u00e9 \u00feitt tal.<a name=\"13\"><span class=\"versanumer\">13<\/span><\/a>Vertu flj\u00f3tur til a\u00f0 heyra, og svara \u00fe\u00fa me\u00f0 yfirvegan.<a name=\"14\"><span class=\"versanumer\">14<\/span><\/a>Hafir \u00fe\u00fa skynbrag\u00f0, \u00fe\u00e1 svara \u00fe\u00ednum n\u00e1unga; en ef ekki, \u00fe\u00e1 legg h\u00f6nd \u00fe\u00e9r \u00e1 munn.<a name=\"15\"><span class=\"versanumer\">15<\/span><\/a>Hei\u00f0ur og sk\u00f6mm er \u00ed talinu, og mannsins tunga ver\u00f0ur honum oft a\u00f0 falli.<a name=\"16\"><span class=\"versanumer\">16<\/span><\/a>L\u00e1t ei kalla \u00feig r\u00f3gbera og ofs\u00e6k engan me\u00f0 \u00feinni tungu.<a name=\"17\"><span class=\"versanumer\">17<\/span><\/a>\u00dev\u00ed \u00fej\u00f3furinn mun f\u00e1 sk\u00f6mm og s\u00e1 tv\u00edtyngdi sl\u00e6man \u00e1fellisd\u00f3m.<a name=\"18\"><span class=\"versanumer\">18<\/span><\/a>Gj\u00f6r ekkert, hv\u00f6rki st\u00f3rt n\u00e9 sm\u00e1tt, g\u00e1lauslega.<\/p>\n<div class=\"footnoteVidey\"><\/div>\n","protected":false},"excerpt":{"rendered":"<p>Enn n\u00fa l\u00edfsreglur. 1Rei\u00f0 \u00feig ekki \u00e1 \u00feinn au\u00f0, og seg ekki: eg hefi n\u00f3g.2Fylg ekki \u00feinni tilhneigingu og krafti til \u00feess a\u00f0 ganga eftir girnd \u00fe\u00edns hjarta.3Og seg ekki: hv\u00f6r vill umvanda vi\u00f0 mig? \u00fev\u00ed Drottinn mun \u00fe\u00e9r vissulega refsa.4Seg ekki: eg syndga\u00f0i og hva\u00f0 s\u00e9r \u00e1 m\u00e9r? \u00fev\u00ed Drottinn hefir miki\u00f0 langlundarge\u00f0.5Vertu ekki ugglaus a\u00f0 hr\u00faga synd \u00e1 synd ofan, s\u00f6kum fyrirgefningar.6Og seg ekki: hans miskunnsemi er mikil, hann mun fyrirgefa m\u00e9r syndafj\u00f6ldann.7\u00dev\u00ed hj\u00e1 honum er n\u00e1\u00f0 og rei\u00f0i, og hans grimmd vakir yfir syndinni.8Undandrag ekki a\u00f0 sn\u00faa \u00fe\u00e9r til Drottins, og skj\u00f3t \u00fev\u00ed ei \u00e1 frest dag <a href=\"https:\/\/biblian.is\/videy\/siraksbok-5-kafli\/\"> [&#8230;]<\/a><\/p>\n","protected":false},"author":1,"featured_media":0,"parent":0,"menu_order":0,"comment_status":"open","ping_status":"open","template":"bibliukaflar.php","meta":{"footnotes":""},"class_list":["post-22099","page","type-page","status-publish","hentry"],"_links":{"self":[{"href":"https:\/\/biblian.is\/videy\/wp-json\/wp\/v2\/pages\/22099","targetHints":{"allow":["GET"]}}],"collection":[{"href":"https:\/\/biblian.is\/videy\/wp-json\/wp\/v2\/pages"}],"about":[{"href":"https:\/\/biblian.is\/videy\/wp-json\/wp\/v2\/types\/page"}],"author":[{"embeddable":true,"href":"https:\/\/biblian.is\/videy\/wp-json\/wp\/v2\/users\/1"}],"replies":[{"embeddable":true,"href":"https:\/\/biblian.is\/videy\/wp-json\/wp\/v2\/comments?post=22099"}],"version-history":[{"count":0,"href":"https:\/\/biblian.is\/videy\/wp-json\/wp\/v2\/pages\/22099\/revisions"}],"wp:attachment":[{"href":"https:\/\/biblian.is\/videy\/wp-json\/wp\/v2\/media?parent=22099"}],"curies":[{"name":"wp","href":"https:\/\/api.w.org\/{rel}","templated":true}]}}