{"id":22097,"date":"2018-01-02T01:05:34","date_gmt":"2018-01-02T01:05:34","guid":{"rendered":"http:\/\/biblian.is\/videy\/siraksbok-3-kafli\/"},"modified":"2018-01-02T01:05:34","modified_gmt":"2018-01-02T01:05:34","slug":"siraksbok-3-kafli","status":"publish","type":"page","link":"https:\/\/biblian.is\/videy\/siraksbok-3-kafli\/","title":{"rendered":"S\u00edraksb\u00f3k 3. kafli"},"content":{"rendered":"<div class=\"fyrirsognVidey\">\u00ddmislegar l\u00edfs reglur og \u00e1minningar.<\/div>\n<p><a name=\"1\"><span class=\"versanumer\">1<\/span><\/a>Heyri\u00f0 mig, b\u00f6rn, y\u00f0ar f\u00f6\u00f0ur,<a name=\"2\"><span class=\"versanumer\">2<\/span><\/a>og hagi\u00f0 y\u00f0ur svo a\u00f0 y\u00f0ur vel vegni!<a name=\"3\"><span class=\"versanumer\">3<\/span><\/a>Drottinn hefir hafi\u00f0 f\u00f6\u00f0urinn yfir b\u00f6rnin, og sett yfir synina m\u00f3\u00f0urinnar d\u00f3m.<a name=\"4\"><span class=\"versanumer\">4<\/span><\/a>Hv\u00f6r sem hei\u00f0rar f\u00f6\u00f0ur sinn, mun forl\u00edka fyrir s\u00ednar syndir,<a name=\"5\"><span class=\"versanumer\">5<\/span><\/a>og hv\u00f6r sem hei\u00f0rar s\u00edna m\u00f3\u00f0ur, er eins og s\u00e1 sem safnar s\u00e9r f\u00e9sj\u00f3\u00f0.<a name=\"6\"><span class=\"versanumer\">6<\/span><\/a>Hv\u00f6r sem hei\u00f0rar sinn f\u00f6\u00f0ur, mun af s\u00ednum b\u00f6rnum f\u00f6gnu\u00f0 hafa, og \u00fe\u00e1 hann bi\u00f0ur, mun finna b\u00e6nheyrslu.<a name=\"7\"><span class=\"versanumer\">7<\/span><\/a>Hv\u00f6r sem sinn f\u00f6\u00f0ur hei\u00f0rar, mun lengi lifa, og hv\u00f6r sem Drottni er hl\u00fd\u00f0inn, hann mun gle\u00f0ja s\u00edna m\u00f3\u00f0ur.<a name=\"8\"><span class=\"versanumer\">8<\/span><\/a>Hv\u00f6r sem \u00f3ttast Drottin, hei\u00f0rar sinn f\u00f6\u00f0ur, og \u00fej\u00f3nar s\u00ednum foreldrum sem yfirbo\u00f0um.<a name=\"9\"><span class=\"versanumer\">9<\/span><\/a>Hei\u00f0ra f\u00f6\u00f0ur \u00feinn \u00ed or\u00f0i og verki,<a name=\"10\"><span class=\"versanumer\">10<\/span><\/a>svo hans blessan yfir \u00feig komi.<a name=\"11\"><span class=\"versanumer\">11<\/span><\/a>\u00dev\u00ed f\u00f6\u00f0ursins blessan festir h\u00fas barnanna, en m\u00f3\u00f0urinnar b\u00f6lvan r\u00edfur \u00feau ni\u00f0ur \u00ed grunn.<a name=\"12\"><span class=\"versanumer\">12<\/span><\/a>Leita engrar s\u00e6mdar \u00ed \u00f3s\u00e6md f\u00f6\u00f0ursins, \u00fev\u00ed engin fr\u00e6g\u00f0 er \u00fe\u00e9r hans \u00f3s\u00e6md.<a name=\"13\"><span class=\"versanumer\">13<\/span><\/a>Hei\u00f0ur f\u00f6\u00f0ursins er s\u00e6md mannsins, og vanvirt m\u00f3\u00f0ur er barnanna \u00f3s\u00e6md.<a name=\"14\"><span class=\"versanumer\">14<\/span><\/a>Barn, annast \u00feinn f\u00f6\u00f0ur \u00ed hans elli, og hrygg hann ekki, svo lengi sem hann lifir.<a name=\"15\"><span class=\"versanumer\">15<\/span><\/a>Halt honum til g\u00f3\u00f0a \u00fe\u00f3 hann bernsklegur ver\u00f0i, og fyrirl\u00edt hann ekki \u00fe\u00f3tt \u00fe\u00fa hafir meiri kraft.<a name=\"16\"><span class=\"versanumer\">16<\/span><\/a>\u00dev\u00ed g\u00f3\u00f0semi \u00fe\u00edn vi\u00f0 f\u00f6\u00f0ur \u00feinn mun ei gleymast, og \u00ed sta\u00f0 syndastraffs mun \u00fe\u00e9r velgengni veitast.<a name=\"17\"><span class=\"versanumer\">17<\/span><\/a>\u00c1 ney\u00f0arinnar degi mun \u00fe\u00edn minnst ver\u00f0a; eins og klaki \u00ed hl\u00edvi\u00f0ri, svo munu \u00fe\u00ednar syndir br\u00e1\u00f0na.<a name=\"18\"><span class=\"versanumer\">18<\/span><\/a>Sem gu\u00f0lastari er s\u00e1, sem yfirgefur f\u00f6\u00f0ur sinn, og b\u00f6lva\u00f0ur af Drottni, s\u00e1 sem skapraunar m\u00f3\u00f0ur sinni. <br \/><a name=\"19\"><span class=\"versanumer\">19<\/span><\/a>Barn, vertu me\u00f0 h\u00f3gv\u00e6r\u00f0 vi\u00f0 \u00fe\u00edna vinnu, svo muntu elska\u00f0 ver\u00f0a af ge\u00f0\u00feekkum manni.<a name=\"20\"><span class=\"versanumer\">20<\/span><\/a>\u00deess meiri \u00fe\u00fa ert, \u00feess meir skaltu \u00feig au\u00f0m\u00fdkja, svo muntu finna n\u00e1\u00f0 hj\u00e1 Drottni.<a name=\"21\"><span class=\"versanumer\">21<\/span><\/a>\u00dev\u00ed mikil er Drottins makt, og af \u00feeim au\u00f0mj\u00faka vegsamast h\u00fan.<a name=\"22\"><span class=\"versanumer\">22<\/span><\/a>Leita ei \u00feess sem \u00fe\u00e9r er of erfitt, og grennslast ei eftir \u00fev\u00ed sem yfirgengur \u00fe\u00edna krafta.<a name=\"23\"><span class=\"versanumer\">23<\/span><\/a>Hugsa um \u00fea\u00f0, sem \u00fe\u00e9r er bo\u00f0i\u00f0; \u00fev\u00ed \u00fe\u00e9r er ei nau\u00f0synlegt \u00fea\u00f0, sem \u00fe\u00e9r er huli\u00f0.<a name=\"24\"><span class=\"versanumer\">24<\/span><\/a>\u00dea\u00f0 sem \u00feinni s\u00fdslan ei vi\u00f0kemur, \u00fev\u00ed skaltu ei hn\u00fdsast eftir, n\u00e9 vi\u00f0f\u00e1st.<a name=\"25\"><span class=\"versanumer\">25<\/span><\/a>\u00dev\u00ed \u00fe\u00e9r er v\u00edsa\u00f0 \u00e1 meir en mannsskilningur orkar <span class='VideyAth'>(a\u00f0 kemst)<\/span>.<a name=\"26\"><span class=\"versanumer\">26<\/span><\/a>\u00dev\u00ed marga t\u00e6ldi s\u00fa h\u00e1a innbyrling um \u00fe\u00e1 sj\u00e1lfa, og illur \u00fe\u00f3tti l\u00e9t \u00feeirra vit rasa, hafir \u00fe\u00fa ekkert auga, svo \u00fearftu ekki lj\u00f3s; hafir \u00fe\u00fa engan skilning, svo kunngj\u00f6r \u00fea\u00f0 ekki <span class='VideyAth'>(me\u00f0 \u00fe\u00ednu tali)<\/span>.<a name=\"27\"><span class=\"versanumer\">27<\/span><\/a>S\u00e1, sem h\u00e1skann elskar, kemst \u00ed hann,<a name=\"28\"><span class=\"versanumer\">28<\/span><\/a>og fyrir ofdj\u00f6rfum fer illa seinast.<a name=\"29\"><span class=\"versanumer\">29<\/span><\/a>Hart hjarta hle\u00f0ur \u00e1 sig erfi\u00f0leika, og syndarinn hle\u00f0ur synd \u00e1 synd ofan.<a name=\"30\"><span class=\"versanumer\">30<\/span><\/a>Vi\u00f0 afdrifum \u00feess drambl\u00e1ta \u00e1 ekkert l\u00e6knisme\u00f0al, \u00fev\u00ed stofn vonskunnar hefir \u00ed honum dj\u00fapar r\u00e6tur.<a name=\"31\"><span class=\"versanumer\">31<\/span><\/a>Hugur hins skynuga yfirvegar viskunnar snillyr\u00f0i <span class='VideyAth'>(parabole)<\/span>,<a name=\"32\"><span class=\"versanumer\">32<\/span><\/a>og athyglisamt eyra er \u00f3sk hins v\u00edsa.<a name=\"33\"><span class=\"versanumer\">33<\/span><\/a>Vatn sl\u00f6kkur logandi eld, og g\u00f3\u00f0gj\u00f6r\u00f0asemi forl\u00edkar fyrir syndir.<a name=\"34\"><span class=\"versanumer\">34<\/span><\/a>S\u00e1 sem miskunnsemi umbunar, minnist \u00feess s\u00ed\u00f0ar meir, og \u00e1 \u00f3happat\u00edmanum mun sl\u00edkur ma\u00f0ur finna li\u00f0semd.<\/p>\n<div class=\"footnoteVidey\"><\/div>\n","protected":false},"excerpt":{"rendered":"<p>\u00ddmislegar l\u00edfs reglur og \u00e1minningar. 1Heyri\u00f0 mig, b\u00f6rn, y\u00f0ar f\u00f6\u00f0ur,2og hagi\u00f0 y\u00f0ur svo a\u00f0 y\u00f0ur vel vegni!3Drottinn hefir hafi\u00f0 f\u00f6\u00f0urinn yfir b\u00f6rnin, og sett yfir synina m\u00f3\u00f0urinnar d\u00f3m.4Hv\u00f6r sem hei\u00f0rar f\u00f6\u00f0ur sinn, mun forl\u00edka fyrir s\u00ednar syndir,5og hv\u00f6r sem hei\u00f0rar s\u00edna m\u00f3\u00f0ur, er eins og s\u00e1 sem safnar s\u00e9r f\u00e9sj\u00f3\u00f0.6Hv\u00f6r sem hei\u00f0rar sinn f\u00f6\u00f0ur, mun af s\u00ednum b\u00f6rnum f\u00f6gnu\u00f0 hafa, og \u00fe\u00e1 hann bi\u00f0ur, mun finna b\u00e6nheyrslu.7Hv\u00f6r sem sinn f\u00f6\u00f0ur hei\u00f0rar, mun lengi lifa, og hv\u00f6r sem Drottni er hl\u00fd\u00f0inn, hann mun gle\u00f0ja s\u00edna m\u00f3\u00f0ur.8Hv\u00f6r sem \u00f3ttast Drottin, hei\u00f0rar sinn f\u00f6\u00f0ur, og \u00fej\u00f3nar s\u00ednum foreldrum sem yfirbo\u00f0um.9Hei\u00f0ra f\u00f6\u00f0ur \u00feinn \u00ed <a href=\"https:\/\/biblian.is\/videy\/siraksbok-3-kafli\/\"> [&#8230;]<\/a><\/p>\n","protected":false},"author":1,"featured_media":0,"parent":0,"menu_order":0,"comment_status":"open","ping_status":"open","template":"bibliukaflar.php","meta":{"footnotes":""},"class_list":["post-22097","page","type-page","status-publish","hentry"],"_links":{"self":[{"href":"https:\/\/biblian.is\/videy\/wp-json\/wp\/v2\/pages\/22097","targetHints":{"allow":["GET"]}}],"collection":[{"href":"https:\/\/biblian.is\/videy\/wp-json\/wp\/v2\/pages"}],"about":[{"href":"https:\/\/biblian.is\/videy\/wp-json\/wp\/v2\/types\/page"}],"author":[{"embeddable":true,"href":"https:\/\/biblian.is\/videy\/wp-json\/wp\/v2\/users\/1"}],"replies":[{"embeddable":true,"href":"https:\/\/biblian.is\/videy\/wp-json\/wp\/v2\/comments?post=22097"}],"version-history":[{"count":0,"href":"https:\/\/biblian.is\/videy\/wp-json\/wp\/v2\/pages\/22097\/revisions"}],"wp:attachment":[{"href":"https:\/\/biblian.is\/videy\/wp-json\/wp\/v2\/media?parent=22097"}],"curies":[{"name":"wp","href":"https:\/\/api.w.org\/{rel}","templated":true}]}}