{"id":22096,"date":"2018-01-02T01:05:34","date_gmt":"2018-01-02T01:05:34","guid":{"rendered":"http:\/\/biblian.is\/videy\/siraksbok-2-kafli\/"},"modified":"2018-01-02T01:05:34","modified_gmt":"2018-01-02T01:05:34","slug":"siraksbok-2-kafli","status":"publish","type":"page","link":"https:\/\/biblian.is\/videy\/siraksbok-2-kafli\/","title":{"rendered":"S\u00edraksb\u00f3k 2. kafli"},"content":{"rendered":"<div class=\"fyrirsognVidey\">Sama efni.<\/div>\n<p><a name=\"1\"><span class=\"versanumer\">1<\/span><\/a>Barn! Ef \u00fe\u00fa vilt \u00fej\u00f3na Gu\u00f0i, Herranum, \u00fe\u00e1 b\u00fa \u00fe\u00edna s\u00e1l \u00fat til freistni <span class='VideyAth'>(str\u00ed\u00f0s)<\/span>.<a name=\"2\"><span class=\"versanumer\">2<\/span><\/a>St\u00fdr \u00fe\u00ednu hjarta og vertu fastur, og l\u00e1t \u00fe\u00e9r ei hugfallast \u00feegar h\u00fan <span class='VideyAth'>(freistnin)<\/span> kemur.<a name=\"3\"><span class=\"versanumer\">3<\/span><\/a>Hald \u00feig a\u00f0 honum, og v\u00edk ei fr\u00e1 honum, svo \u00fe\u00fa seinast ver\u00f0ir mikill.<a name=\"4\"><span class=\"versanumer\">4<\/span><\/a>\u00deigg \u00fe\u00fa, hva\u00f0 sem \u00fe\u00e9r er \u00fathluta\u00f0, og vertu \u00feolinm\u00f3\u00f0ur \u00ed tilbreytni m\u00f3tgangsins, <span class='VideyAth'>(alls konar m\u00f3tgangi)<\/span>.<a name=\"5\"><span class=\"versanumer\">5<\/span><\/a>\u00dev\u00ed \u00ed eldi er gulli\u00f0 pr\u00f3fa\u00f0, og \u00feeir menn sem Gu\u00f0i eru \u00fe\u00f3knanlegir \u00ed ofni \u00fej\u00e1ninganna.<a name=\"6\"><span class=\"versanumer\">6<\/span><\/a>Treystu honum, svo mun hann taka \u00feig a\u00f0 s\u00e9r. St\u00fdr \u00feinni lei\u00f0, og vona \u00e1 hann. <br \/><a name=\"7\"><span class=\"versanumer\">7<\/span><\/a>\u00de\u00e9r sem \u00f3ttist Drottin, v\u00e6nti\u00f0 hans n\u00e1\u00f0ar, og hopi\u00f0 ekki, svo \u00fe\u00e9r ei falli\u00f0!<a name=\"8\"><span class=\"versanumer\">8<\/span><\/a>\u00de\u00e9r sem \u00f3ttist Drottin, treysti\u00f0 honum, svo koma launin.<a name=\"9\"><span class=\"versanumer\">9<\/span><\/a>\u00de\u00e9r sem \u00f3ttist Drottin, v\u00e6nti\u00f0 g\u00f3\u00f0s, eil\u00edfs fagna\u00f0ar og n\u00e1\u00f0ar.<a name=\"10\"><span class=\"versanumer\">10<\/span><\/a>Renni\u00f0 auga til \u00feeirra fyrri kynsl\u00f3\u00f0a og sj\u00e1i\u00f0!<a name=\"11\"><span class=\"versanumer\">11<\/span><\/a>Hv\u00f6r treysti Drottni og var\u00f0 til skammar?<a name=\"12\"><span class=\"versanumer\">12<\/span><\/a>E\u00f0a hv\u00f6r var sta\u00f0fastur \u00ed hans \u00f3tta, og var\u00f0 yfirgefinn? e\u00f0a hv\u00f6r kalla\u00f0i til hans, svo hann sinnti honum ekki?<a name=\"13\"><span class=\"versanumer\">13<\/span><\/a>\u00dev\u00ed n\u00e1\u00f0ugur og miskunnsamur er Drottinn, og fyrirgefur syndir, og hj\u00e1lpar \u00e1 ney\u00f0arinnar t\u00ed\u00f0. <br \/><a name=\"14\"><span class=\"versanumer\">14<\/span><\/a>Vei hugdeigum hj\u00f6rtum, magnlausum h\u00f6ndum og \u00feeim syndara sem \u00e1 tveim vegum gengur!<a name=\"15\"><span class=\"versanumer\">15<\/span><\/a>Vei magnlausu hjarta! af \u00fev\u00ed \u00fea\u00f0 hefir ei traust, f\u00e6r \u00fea\u00f0 ekki v\u00f6rn.<a name=\"16\"><span class=\"versanumer\">16<\/span><\/a>Vei y\u00f0ur sem missi\u00f0 \u00feolg\u00e6\u00f0i!<a name=\"17\"><span class=\"versanumer\">17<\/span><\/a>Hvar til \u00e6tli\u00f0 \u00fe\u00e9r a\u00f0 gr\u00edpa, \u00feegar Herrann heims\u00e6kir?<a name=\"18\"><span class=\"versanumer\">18<\/span><\/a>\u00deeir sem \u00f3ttast Drottin, mistreysta ei hans or\u00f0um, og \u00feeir sem hann elska, var\u00f0veita hans vegu.<a name=\"19\"><span class=\"versanumer\">19<\/span><\/a>\u00deeir, sem \u00f3ttast Drottin, leita hans vel\u00fe\u00f3knunar,<a name=\"20\"><span class=\"versanumer\">20<\/span><\/a>og \u00feeir sem hann elska, eru fullir af hans l\u00f6gm\u00e1li.<a name=\"21\"><span class=\"versanumer\">21<\/span><\/a>\u00deeir sem \u00f3ttast Drottin, gj\u00f6ra s\u00edn hj\u00f6rtu rei\u00f0ub\u00fain <span class='VideyAth'>(til m\u00f3tl\u00e6tis)<\/span>, og au\u00f0m\u00fdkja fyrir honum s\u00ednar s\u00e1lir.<a name=\"22\"><span class=\"versanumer\">22<\/span><\/a>\u201eL\u00e1tum oss falla \u00ed Drottins h\u00f6nd, og ekki \u00ed hendur mannanna\u201c!<a name=\"23\"><span class=\"versanumer\">23<\/span><\/a>\u00dev\u00ed eins og hann er mikill, svo er hann og miskunnsamur.<\/p>\n<div class=\"footnoteVidey\"><\/div>\n","protected":false},"excerpt":{"rendered":"<p>Sama efni. 1Barn! Ef \u00fe\u00fa vilt \u00fej\u00f3na Gu\u00f0i, Herranum, \u00fe\u00e1 b\u00fa \u00fe\u00edna s\u00e1l \u00fat til freistni (str\u00ed\u00f0s).2St\u00fdr \u00fe\u00ednu hjarta og vertu fastur, og l\u00e1t \u00fe\u00e9r ei hugfallast \u00feegar h\u00fan (freistnin) kemur.3Hald \u00feig a\u00f0 honum, og v\u00edk ei fr\u00e1 honum, svo \u00fe\u00fa seinast ver\u00f0ir mikill.4\u00deigg \u00fe\u00fa, hva\u00f0 sem \u00fe\u00e9r er \u00fathluta\u00f0, og vertu \u00feolinm\u00f3\u00f0ur \u00ed tilbreytni m\u00f3tgangsins, (alls konar m\u00f3tgangi).5\u00dev\u00ed \u00ed eldi er gulli\u00f0 pr\u00f3fa\u00f0, og \u00feeir menn sem Gu\u00f0i eru \u00fe\u00f3knanlegir \u00ed ofni \u00fej\u00e1ninganna.6Treystu honum, svo mun hann taka \u00feig a\u00f0 s\u00e9r. St\u00fdr \u00feinni lei\u00f0, og vona \u00e1 hann. 7\u00de\u00e9r sem \u00f3ttist Drottin, v\u00e6nti\u00f0 hans n\u00e1\u00f0ar, og hopi\u00f0 ekki, svo <a href=\"https:\/\/biblian.is\/videy\/siraksbok-2-kafli\/\"> [&#8230;]<\/a><\/p>\n","protected":false},"author":1,"featured_media":0,"parent":0,"menu_order":0,"comment_status":"open","ping_status":"open","template":"bibliukaflar.php","meta":{"footnotes":""},"class_list":["post-22096","page","type-page","status-publish","hentry"],"_links":{"self":[{"href":"https:\/\/biblian.is\/videy\/wp-json\/wp\/v2\/pages\/22096","targetHints":{"allow":["GET"]}}],"collection":[{"href":"https:\/\/biblian.is\/videy\/wp-json\/wp\/v2\/pages"}],"about":[{"href":"https:\/\/biblian.is\/videy\/wp-json\/wp\/v2\/types\/page"}],"author":[{"embeddable":true,"href":"https:\/\/biblian.is\/videy\/wp-json\/wp\/v2\/users\/1"}],"replies":[{"embeddable":true,"href":"https:\/\/biblian.is\/videy\/wp-json\/wp\/v2\/comments?post=22096"}],"version-history":[{"count":0,"href":"https:\/\/biblian.is\/videy\/wp-json\/wp\/v2\/pages\/22096\/revisions"}],"wp:attachment":[{"href":"https:\/\/biblian.is\/videy\/wp-json\/wp\/v2\/media?parent=22096"}],"curies":[{"name":"wp","href":"https:\/\/api.w.org\/{rel}","templated":true}]}}