{"id":22095,"date":"2018-01-02T01:05:34","date_gmt":"2018-01-02T01:05:34","guid":{"rendered":"http:\/\/biblian.is\/videy\/siraksbok-1-kafli\/"},"modified":"2018-01-02T01:05:34","modified_gmt":"2018-01-02T01:05:34","slug":"siraksbok-1-kafli","status":"publish","type":"page","link":"https:\/\/biblian.is\/videy\/siraksbok-1-kafli\/","title":{"rendered":"S\u00edraksb\u00f3k 1. kafli"},"content":{"rendered":"<div class=\"fyrirsognVidey\">Speki og gu\u00f0hr\u00e6\u00f0sla.<\/div>\n<p><a name=\"1\"><span class=\"versanumer\">1<\/span><\/a>\u00d6ll speki er fr\u00e1 Herranum, og h\u00fan er hj\u00e1 honum eil\u00edflega.<a name=\"2\"><span class=\"versanumer\">2<\/span><\/a>Hv\u00f6r hefir tali\u00f0 sandkorn sj\u00e1varins, dropa regnsins, daga eil\u00edf\u00f0arinnar?<a name=\"3\"><span class=\"versanumer\">3<\/span><\/a>Hv\u00f6r hefir rannsaka\u00f0 h\u00e6\u00f0 himinsins, breidd jar\u00f0arinnar, d\u00fdpt hafsins, og spekina?<a name=\"4\"><span class=\"versanumer\">4<\/span><\/a>Spekin var sk\u00f6pu\u00f0 allra fyrst, og skynsamleg \u00feekking er fr\u00e1 eil\u00edf\u00f0.<a name=\"5\"><span class=\"versanumer\">5<\/span><\/a>Uppspretta spekinnar er or\u00f0 Gu\u00f0s hins \u00e6\u00f0sta, og hennar vegir eru eil\u00edft bo\u00f0or\u00f0.<a name=\"6\"><span class=\"versanumer\">6<\/span><\/a>Hv\u00f6r hefir fengi\u00f0 a\u00f0 sj\u00e1 spekinnar r\u00f3t? og hv\u00f6r \u00feekkti hennar r\u00e1\u00f0agj\u00f6r\u00f0ir?<a name=\"7\"><span class=\"versanumer\">7<\/span><\/a>Einn er spakur, mj\u00f6g \u00f3ttalegur,<a name=\"8\"><span class=\"versanumer\">8<\/span><\/a>Drottinn, sem \u00ed s\u00ednu h\u00e1s\u00e6ti situr.<a name=\"9\"><span class=\"versanumer\">9<\/span><\/a>Hann sk\u00f3p hana, s\u00e1 hana, kunngj\u00f6r\u00f0i hana,<a name=\"10\"><span class=\"versanumer\">10<\/span><\/a>og hellti henni yfir \u00f6ll s\u00edn verk, og allt hold, eftir sinni gj\u00f6f, og me\u00f0deildi hana \u00feeim, sem hann elska.<a name=\"11\"><span class=\"versanumer\">11<\/span><\/a>\u00d3tti Drottins er hei\u00f0ur og hr\u00f3s og unan og fagna\u00f0ar k\u00f3r\u00f3na.<a name=\"12\"><span class=\"versanumer\">12<\/span><\/a>\u00d3tti Drottins gle\u00f0ur hjarta, veitir gla\u00f0v\u00e6r\u00f0 og f\u00f6gnu\u00f0 og langl\u00edfi.<a name=\"13\"><span class=\"versanumer\">13<\/span><\/a>Hv\u00f6r sem \u00f3ttast Drottin, honum seinast <span class='VideyAth'>(a\u00f0 s\u00ed\u00f0ustu)<\/span> vel vegna, og \u00e1 dau\u00f0a degi s\u00ednum mun hann n\u00e1\u00f0 finna.<a name=\"14\"><span class=\"versanumer\">14<\/span><\/a>Elska til Drottins er s\u00fa d\u00fdr\u00f0legasta speki,<a name=\"15\"><span class=\"versanumer\">15<\/span><\/a>og \u00feeir sem hana sj\u00e1, \u00feeir elska hana, \u00fev\u00ed \u00feeir taka eftir og kannast vi\u00f0 hennar d\u00fdr\u00f0.<a name=\"16\"><span class=\"versanumer\">16<\/span><\/a>\u00d3tti Drottins er upphaf viskunnar, og \u00feeim g\u00f3\u00f0u er h\u00fan me\u00f0sk\u00f6pu\u00f0 \u00ed m\u00f3\u00f0url\u00edfi, hj\u00e1 m\u00f6nnum t\u00f3k h\u00fan s\u00e9r eil\u00edfa b\u00f3lfestu, og hj\u00e1 \u00feeirra kyni er henni tr\u00faa\u00f0 til a\u00f0 vera.<a name=\"17\"><span class=\"versanumer\">17<\/span><\/a>\u00d3tti Drottins er gu\u00f0r\u00e6kileg \u00feekking.<a name=\"18\"><span class=\"versanumer\">18<\/span><\/a>Gu\u00f0r\u00e6knin var\u00f0veitir og r\u00e9ttl\u00e6tir hjarta\u00f0, gefur f\u00f6gnu\u00f0 og unan.<a name=\"19\"><span class=\"versanumer\">19<\/span><\/a>Hv\u00f6r sem \u00f3ttast Drottin, honum mun vel vegna, og \u00e1 andl\u00e1ts deginum mun hann blessa\u00f0ur vera. <br \/><a name=\"20\"><span class=\"versanumer\">20<\/span><\/a>A\u00f0 \u00f3ttast Drottin er sa\u00f0ning viskunnar, h\u00fan gj\u00f6rir menn drukkna me\u00f0 s\u00ednum \u00e1v\u00f6xtum.<a name=\"21\"><span class=\"versanumer\">21<\/span><\/a>H\u00fan fyllir allt sitt h\u00fas d\u00fdrum g\u00e6\u00f0um og for\u00f0ab\u00farin me\u00f0 s\u00ednum \u00e1v\u00f6xtum.<a name=\"22\"><span class=\"versanumer\">22<\/span><\/a>\u00d3tti Drottins er k\u00f3r\u00f3na viskunnar.<a name=\"23\"><span class=\"versanumer\">23<\/span><\/a>H\u00fan l\u00e6tur fri\u00f0 og heilbrig\u00f0i bl\u00f3mstra.<a name=\"24\"><span class=\"versanumer\">24<\/span><\/a>H\u00fan l\u00e6tur \u00fatstreyma skynsemd og hyggilega \u00feekkingu, og upplyftir fr\u00e6g\u00f0 \u00feeirra sem vi\u00f0 hana fast halda.<a name=\"25\"><span class=\"versanumer\">25<\/span><\/a>Viskunnar r\u00f3t er a\u00f0 \u00f3ttast Drottin, og hennar greinir eru langl\u00edfi.<a name=\"26\"><span class=\"versanumer\">26<\/span><\/a>\u00d3tti Drottins fj\u00e6rl\u00e6gir synd;<a name=\"27\"><span class=\"versanumer\">27<\/span><\/a>en s\u00e1 sem ekki hefir <span class='VideyAth'>(\u00feann)<\/span> \u00f3tta getur ei r\u00e9ttl\u00e1tur or\u00f0i\u00f0. Rei\u00f0i hins gu\u00f0lausa getur ei r\u00e9ttl\u00e6st, \u00fev\u00ed \u00e1kef\u00f0 hans rei\u00f0i ver\u00f0u honum ors\u00f6ku\u00f0 til falls.<a name=\"28\"><span class=\"versanumer\">28<\/span><\/a>Allt a\u00f0 \u00e1kve\u00f0num t\u00edma \u00feolir s\u00e1 l\u00edtill\u00e1ti, og seinast umbunar honum f\u00f6gnu\u00f0urinn.<a name=\"29\"><span class=\"versanumer\">29<\/span><\/a>Til \u00feess r\u00e9tta t\u00edma geymir hann sitt tal;<a name=\"30\"><span class=\"versanumer\">30<\/span><\/a>en varir hinna g\u00f3\u00f0u munu hr\u00f3sa hans hyggindum.<a name=\"31\"><span class=\"versanumer\">31<\/span><\/a>\u00cd fj\u00e1rsj\u00f3\u00f0um viskunnar eru hyggileg snillyr\u00f0i; en gu\u00f0r\u00e6kni er syndaranum vi\u00f0bj\u00f3\u00f0ur. <br \/><a name=\"32\"><span class=\"versanumer\">32<\/span><\/a>Hafir \u00fe\u00fa l\u00f6ngun til visku, svo haltu bo\u00f0or\u00f0in, og Drottinn mun veita \u00fe\u00e9r hana.<a name=\"33\"><span class=\"versanumer\">33<\/span><\/a>\u00dev\u00ed viska og menntan er \u00f3tti Drottins, og hann hefir vel\u00fe\u00f3knan \u00e1 trausti og h\u00f3gv\u00e6r\u00f0.<a name=\"34\"><span class=\"versanumer\">34<\/span><\/a>Mistreyst ekki \u00f3tta Drottins, og n\u00e1l\u00e6g \u00feig honum ei me\u00f0 tv\u00edskiptu hjarta.<a name=\"35\"><span class=\"versanumer\">35<\/span><\/a>Hr\u00e6sna ei fyrir m\u00f6nnum, og haf g\u00e1t \u00e1 \u00fe\u00ednum v\u00f6rum.<a name=\"36\"><span class=\"versanumer\">36<\/span><\/a>Hreyk \u00fe\u00e9r ei sj\u00e1lfum upp, a\u00f0 \u00fe\u00fa ei fallir og bakir \u00fe\u00e9r vanvir\u00f0u.<a name=\"37\"><span class=\"versanumer\">37<\/span><\/a>\u00dev\u00ed Drottinn mun opinbera \u00fe\u00ednar heimuglegu hugsanir og \u00fe\u00e9r ni\u00f0urdrep gj\u00f6ra mitt \u00ed s\u00f6fnu\u00f0inum.<a name=\"38\"><span class=\"versanumer\">38<\/span><\/a>Af \u00fev\u00ed \u00fe\u00fa h\u00e9lst \u00feig ei a\u00f0 gu\u00f0s\u00f3ttanum, og \u00feitt hjarta var fullt af falsi.<\/p>\n<div class=\"footnoteVidey\"><\/div>\n","protected":false},"excerpt":{"rendered":"<p>Speki og gu\u00f0hr\u00e6\u00f0sla. 1\u00d6ll speki er fr\u00e1 Herranum, og h\u00fan er hj\u00e1 honum eil\u00edflega.2Hv\u00f6r hefir tali\u00f0 sandkorn sj\u00e1varins, dropa regnsins, daga eil\u00edf\u00f0arinnar?3Hv\u00f6r hefir rannsaka\u00f0 h\u00e6\u00f0 himinsins, breidd jar\u00f0arinnar, d\u00fdpt hafsins, og spekina?4Spekin var sk\u00f6pu\u00f0 allra fyrst, og skynsamleg \u00feekking er fr\u00e1 eil\u00edf\u00f0.5Uppspretta spekinnar er or\u00f0 Gu\u00f0s hins \u00e6\u00f0sta, og hennar vegir eru eil\u00edft bo\u00f0or\u00f0.6Hv\u00f6r hefir fengi\u00f0 a\u00f0 sj\u00e1 spekinnar r\u00f3t? og hv\u00f6r \u00feekkti hennar r\u00e1\u00f0agj\u00f6r\u00f0ir?7Einn er spakur, mj\u00f6g \u00f3ttalegur,8Drottinn, sem \u00ed s\u00ednu h\u00e1s\u00e6ti situr.9Hann sk\u00f3p hana, s\u00e1 hana, kunngj\u00f6r\u00f0i hana,10og hellti henni yfir \u00f6ll s\u00edn verk, og allt hold, eftir sinni gj\u00f6f, og me\u00f0deildi hana \u00feeim, sem hann elska.11\u00d3tti Drottins <a href=\"https:\/\/biblian.is\/videy\/siraksbok-1-kafli\/\"> [&#8230;]<\/a><\/p>\n","protected":false},"author":1,"featured_media":0,"parent":0,"menu_order":0,"comment_status":"open","ping_status":"open","template":"bibliukaflar.php","meta":{"footnotes":""},"class_list":["post-22095","page","type-page","status-publish","hentry"],"_links":{"self":[{"href":"https:\/\/biblian.is\/videy\/wp-json\/wp\/v2\/pages\/22095","targetHints":{"allow":["GET"]}}],"collection":[{"href":"https:\/\/biblian.is\/videy\/wp-json\/wp\/v2\/pages"}],"about":[{"href":"https:\/\/biblian.is\/videy\/wp-json\/wp\/v2\/types\/page"}],"author":[{"embeddable":true,"href":"https:\/\/biblian.is\/videy\/wp-json\/wp\/v2\/users\/1"}],"replies":[{"embeddable":true,"href":"https:\/\/biblian.is\/videy\/wp-json\/wp\/v2\/comments?post=22095"}],"version-history":[{"count":0,"href":"https:\/\/biblian.is\/videy\/wp-json\/wp\/v2\/pages\/22095\/revisions"}],"wp:attachment":[{"href":"https:\/\/biblian.is\/videy\/wp-json\/wp\/v2\/media?parent=22095"}],"curies":[{"name":"wp","href":"https:\/\/api.w.org\/{rel}","templated":true}]}}