{"id":22093,"date":"2018-01-02T01:05:34","date_gmt":"2018-01-02T01:05:34","guid":{"rendered":"http:\/\/biblian.is\/videy\/speki-salomons-18-kafli\/"},"modified":"2018-01-02T01:05:34","modified_gmt":"2018-01-02T01:05:34","slug":"speki-salomons-18-kafli","status":"publish","type":"page","link":"https:\/\/biblian.is\/videy\/speki-salomons-18-kafli\/","title":{"rendered":"Speki Sal\u00f3mons 18. kafli"},"content":{"rendered":"<div class=\"fyrirsognVidey\">Enn n\u00fa sama efni.<\/div>\n<p><a name=\"1\"><span class=\"versanumer\">1<\/span><\/a>En \u00fe\u00ednir heil\u00f6gu h\u00f6f\u00f0u \u00fea\u00f0 mesta lj\u00f3s, og hinir, sem heyr\u00f0u \u00feeirra raust, en s\u00e1u ekki \u00feeirra mynd, pr\u00edsu\u00f0u \u00fe\u00e1 s\u00e6la, a\u00f0 \u00feeir li\u00f0u ekki illt l\u00edka.<a name=\"2\"><span class=\"versanumer\">2<\/span><\/a>Og \u00fe\u00f6kku\u00f0u a\u00f0 \u00feeir ekki hefndu s\u00edn, \u00fe\u00f3 \u00feeir \u00e1\u00f0ur hef\u00f0u veri\u00f0 m\u00f3\u00f0ga\u00f0ir, og b\u00e1\u00f0u um n\u00e1\u00f0, a\u00f0 \u00feeir hef\u00f0u s\u00fdnt \u00feeim fjandskap.<a name=\"3\"><span class=\"versanumer\">3<\/span><\/a>\u00dear \u00e1 m\u00f3t veittir \u00fe\u00fa \u00feeim eldlegan st\u00f3lpa sem vegv\u00edsara \u00e1 \u00feeirri \u00f3\u00feekktu fer\u00f0, og ska\u00f0lausa s\u00f3l fyrir \u00feeirra hei\u00f0urlega fer\u00f0alag. <br \/><a name=\"4\"><span class=\"versanumer\">4<\/span><\/a>Vissulega h\u00f6f\u00f0u hinir \u00fea\u00f0 ver\u00f0skulda\u00f0, a\u00f0 sviptast lj\u00f3sinu, og a\u00f0 vera haldnir sem fangar \u00ed myrkri, \u00fev\u00ed \u00feeir h\u00f6f\u00f0u haldi\u00f0 \u00fe\u00ednum sonum \u00ed fj\u00f6trum, fyrir hv\u00f6rra h\u00f6nd \u00fe\u00edns l\u00f6gm\u00e1ls \u00f3forgengilega lj\u00f3s skyldi heiminum gefast.<a name=\"5\"><span class=\"versanumer\">5<\/span><\/a>Og \u00fear e\u00f0 \u00feeir t\u00f3ku \u00fea\u00f0 r\u00e1\u00f0, a\u00f0 dey\u00f0a b\u00f6rn enna heil\u00f6gu, \u00feegar eitt barn var \u00fatbori\u00f0 sem h\u00e9lt l\u00edfi, svo t\u00f3kst \u00fe\u00fa burt til hegningar, fj\u00f6lda af \u00feeirra b\u00f6rnum, og l\u00e9st \u00fe\u00e1 h\u00f3pum saman t\u00fdnast \u00ed voldugu vatni.<a name=\"6\"><span class=\"versanumer\">6<\/span><\/a>\u00deessi n\u00f3tt var vorum fe\u00f0rum fyrirs\u00f6g\u00f0, svo \u00feeir vissu fyrir v\u00edst, hva\u00f0a ei\u00f0i \u00feeir tr\u00fa\u00f0u og voru me\u00f0 gl\u00f6\u00f0u ge\u00f0i.<a name=\"7\"><span class=\"versanumer\">7<\/span><\/a>Og svo v\u00e6nti \u00feitt f\u00f3lk frelsis hinna r\u00e9ttl\u00e1tu og ey\u00f0ileggingar \u00f3vinanna.<a name=\"8\"><span class=\"versanumer\">8<\/span><\/a>\u00dev\u00ed a\u00f0, me\u00f0 \u00fev\u00ed sem \u00fe\u00fa refsa\u00f0ir \u00f3vininum, me\u00f0 \u00fev\u00ed enu sama gj\u00f6r\u00f0ir \u00fe\u00fa oss d\u00fdr\u00f0lega, oss, sem \u00fe\u00fa kalla\u00f0ir til \u00fe\u00edn.<a name=\"9\"><span class=\"versanumer\">9<\/span><\/a>\u00dev\u00ed \u00ed leyni f\u00e6r\u00f0u \u00feau gu\u00f0r\u00e6kilegu velfer\u00f0arinnar b\u00f6rn \u00fe\u00e9r f\u00f3rnir, og einhuga gengu undir \u00fea\u00f0 gu\u00f0lega l\u00f6gm\u00e1l, a\u00f0 \u00feeir heil\u00f6gu skyldu \u00e1 l\u00edkan h\u00e1tt taka hlutdeild \u00ed velgj\u00f6r\u00f0um og h\u00e6ttum, undir eins og \u00feeir \u00e1\u00f0ur sungu lofs\u00f6ng til fe\u00f0ranna.<a name=\"10\"><span class=\"versanumer\">10<\/span><\/a>\u00dear\u00e1m\u00f3ti hlj\u00f3ma\u00f0i laglaust \u00f3p \u00f3vinanna, og \u00feeirra kvein \u00fatbreiddist yfir \u00feau h\u00f6rmu\u00f0u b\u00f6rn.<a name=\"11\"><span class=\"versanumer\">11<\/span><\/a>En me\u00f0 l\u00edkum d\u00f3mi var \u00fer\u00e6l og herra refsa\u00f0, og alm\u00fagama\u00f0urinn lei\u00f0 \u00fea\u00f0 sama sem konungurinn.<a name=\"12\"><span class=\"versanumer\">12<\/span><\/a>Sameiginlega h\u00f6f\u00f0u \u00feeir allir \u00f3tal dau\u00f0a, sama dau\u00f0daga; \u00fev\u00ed ekki hrukku \u00feeir lifandi til a\u00f0 grafa, \u00feegar \u00feeirra d\u00fdrm\u00e6tustu ni\u00f0jar ur\u00f0u afm\u00e1\u00f0ir \u00e1 svipstundu.<a name=\"13\"><span class=\"versanumer\">13<\/span><\/a>\u00deeir sem vegna t\u00f6franna voru vantr\u00faa\u00f0ir, hva\u00f0 sem \u00e1gekk, vi\u00f0urkenndu, a\u00f0 f\u00f3lki\u00f0 v\u00e6ri Gu\u00f0s son, \u00fe\u00e1 frumbur\u00f0irnir d\u00f3u.<a name=\"14\"><span class=\"versanumer\">14<\/span><\/a>\u00dev\u00ed \u00feegar dj\u00fap \u00fe\u00f6gn umkringdi allt, og n\u00f3ttin var \u00e1 mi\u00f0ri r\u00e1s,<a name=\"15\"><span class=\"versanumer\">15<\/span><\/a>\u00fe\u00e1 f\u00f3r \u00feitt alm\u00e1ttuga or\u00f0 ni\u00f0ur af himni, fr\u00e1 \u00fev\u00ed konunglega h\u00e1s\u00e6ti, sem voldugur str\u00ed\u00f0sma\u00f0ur, mitt inn \u00ed \u00fea\u00f0 land sem tj\u00f3n var \u00e6tla\u00f0,<a name=\"16\"><span class=\"versanumer\">16<\/span><\/a>berandi \u00feitt alvarlega bo\u00f0 sem biturt sver\u00f0, og hann gekk a\u00f0, og uppfyllti allt me\u00f0 dau\u00f0a, \u00fea\u00f0 nam vi\u00f0 himin, og gekk \u00e1 j\u00f6r\u00f0u. <br \/><a name=\"17\"><span class=\"versanumer\">17<\/span><\/a>\u00de\u00e1 skelfdu \u00fe\u00e1 sviplega \u00f3ttalegar draumsj\u00f3nir og \u00f3v\u00e6nt hr\u00e6\u00f0sla kom yfir \u00fe\u00e1.<a name=\"18\"><span class=\"versanumer\">18<\/span><\/a>Og einn steyptist h\u00e9r, annar \u00fear h\u00e1lfdau\u00f0ur ni\u00f0ur, \u00ed \u00fev\u00ed hann gj\u00f6r\u00f0i kunna \u00fe\u00e1 ors\u00f6k, af hv\u00f6rri hann d\u00f3.<a name=\"19\"><span class=\"versanumer\">19<\/span><\/a>\u00dev\u00ed \u00feeir draumar sem skelfdu \u00fe\u00e1, h\u00f6f\u00f0u \u00e1\u00f0ur bent \u00feeim til \u00feess, svo \u00feeir fyrirf\u00f3rust, svo a\u00f0 \u00feeir vel vissu, hv\u00f6rs vegna \u00feeir li\u00f0u illt.<br \/><a name=\"20\"><span class=\"versanumer\">20<\/span><\/a>A\u00f0 s\u00f6nnu gj\u00f6r\u00f0i dau\u00f0inn l\u00edka \u00e1r\u00e1s \u00e1 \u00fe\u00e1 r\u00e9ttl\u00e1tu, og miki\u00f0 manntj\u00f3n var\u00f0 \u00ed ey\u00f0im\u00f6rkinni; en rei\u00f0in vara\u00f0i ekki lengi.<a name=\"21\"><span class=\"versanumer\">21<\/span><\/a>\u00dev\u00ed \u00f3straffanlegur ma\u00f0ur hlj\u00f3p til a\u00f0 str\u00ed\u00f0a fyrir \u00fe\u00e1; bar vopn s\u00edns emb\u00e6ttis, b\u00e6n og reykelsi, og st\u00f3\u00f0 m\u00f3ti rei\u00f0inni, og setti pl\u00e1gunni takmark, til vitnisbur\u00f0ar um, a\u00f0 hann v\u00e6ri \u00feinn \u00fe\u00e9nari.<a name=\"22\"><span class=\"versanumer\">22<\/span><\/a>Hann sigra\u00f0i ekki grimmdina me\u00f0 l\u00edkamskrafti, ei heldur me\u00f0 vopnad\u00e1\u00f0, heldur vann me\u00f0 or\u00f0i \u00feann sem refsa\u00f0i og minnti \u00e1 ei\u00f0 og s\u00e1ttm\u00e1la fe\u00f0ranna.<a name=\"23\"><span class=\"versanumer\">23<\/span><\/a>\u00dev\u00ed \u00feegar \u00feeir dau\u00f0u h\u00f6f\u00f0u steypst hv\u00f6r yfir annan h\u00f3pum saman, gekk hann \u00fear \u00ed milli, st\u00f6\u00f0va\u00f0i rei\u00f0ina og var\u00f0i honum veg til \u00feeirra, sem lif\u00f0u.<a name=\"24\"><span class=\"versanumer\">24<\/span><\/a>\u00dev\u00ed \u00e1 hans sk\u00f3sk\u00ed\u00f0a kyrtli var allur heimurinn, og fe\u00f0ranna hei\u00f0ur \u00e1 \u00feeim fj\u00f3rum gr\u00f6fnu steinar\u00f6\u00f0um og \u00fe\u00edn d\u00fdr\u00f0 \u00e1 h\u00f6fu\u00f0bandi hans h\u00f6fu\u00f0s.<a name=\"25\"><span class=\"versanumer\">25<\/span><\/a>Fyrir \u00feessu hopa\u00f0i fordjarfarinn og \u00f3tta\u00f0ist \u00fea\u00f0; \u00fev\u00ed eint\u00f3mt s\u00fdnishorn rei\u00f0innar n\u00e6g\u00f0i.<\/p>\n<div class=\"footnoteVidey\"><\/div>\n","protected":false},"excerpt":{"rendered":"<p>Enn n\u00fa sama efni. 1En \u00fe\u00ednir heil\u00f6gu h\u00f6f\u00f0u \u00fea\u00f0 mesta lj\u00f3s, og hinir, sem heyr\u00f0u \u00feeirra raust, en s\u00e1u ekki \u00feeirra mynd, pr\u00edsu\u00f0u \u00fe\u00e1 s\u00e6la, a\u00f0 \u00feeir li\u00f0u ekki illt l\u00edka.2Og \u00fe\u00f6kku\u00f0u a\u00f0 \u00feeir ekki hefndu s\u00edn, \u00fe\u00f3 \u00feeir \u00e1\u00f0ur hef\u00f0u veri\u00f0 m\u00f3\u00f0ga\u00f0ir, og b\u00e1\u00f0u um n\u00e1\u00f0, a\u00f0 \u00feeir hef\u00f0u s\u00fdnt \u00feeim fjandskap.3\u00dear \u00e1 m\u00f3t veittir \u00fe\u00fa \u00feeim eldlegan st\u00f3lpa sem vegv\u00edsara \u00e1 \u00feeirri \u00f3\u00feekktu fer\u00f0, og ska\u00f0lausa s\u00f3l fyrir \u00feeirra hei\u00f0urlega fer\u00f0alag. 4Vissulega h\u00f6f\u00f0u hinir \u00fea\u00f0 ver\u00f0skulda\u00f0, a\u00f0 sviptast lj\u00f3sinu, og a\u00f0 vera haldnir sem fangar \u00ed myrkri, \u00fev\u00ed \u00feeir h\u00f6f\u00f0u haldi\u00f0 \u00fe\u00ednum sonum \u00ed fj\u00f6trum, fyrir hv\u00f6rra h\u00f6nd <a href=\"https:\/\/biblian.is\/videy\/speki-salomons-18-kafli\/\"> [&#8230;]<\/a><\/p>\n","protected":false},"author":1,"featured_media":0,"parent":0,"menu_order":0,"comment_status":"open","ping_status":"open","template":"bibliukaflar.php","meta":{"footnotes":""},"class_list":["post-22093","page","type-page","status-publish","hentry"],"_links":{"self":[{"href":"https:\/\/biblian.is\/videy\/wp-json\/wp\/v2\/pages\/22093","targetHints":{"allow":["GET"]}}],"collection":[{"href":"https:\/\/biblian.is\/videy\/wp-json\/wp\/v2\/pages"}],"about":[{"href":"https:\/\/biblian.is\/videy\/wp-json\/wp\/v2\/types\/page"}],"author":[{"embeddable":true,"href":"https:\/\/biblian.is\/videy\/wp-json\/wp\/v2\/users\/1"}],"replies":[{"embeddable":true,"href":"https:\/\/biblian.is\/videy\/wp-json\/wp\/v2\/comments?post=22093"}],"version-history":[{"count":0,"href":"https:\/\/biblian.is\/videy\/wp-json\/wp\/v2\/pages\/22093\/revisions"}],"wp:attachment":[{"href":"https:\/\/biblian.is\/videy\/wp-json\/wp\/v2\/media?parent=22093"}],"curies":[{"name":"wp","href":"https:\/\/api.w.org\/{rel}","templated":true}]}}