{"id":22091,"date":"2018-01-02T01:05:34","date_gmt":"2018-01-02T01:05:34","guid":{"rendered":"http:\/\/biblian.is\/videy\/speki-salomons-16-kafli\/"},"modified":"2018-01-02T01:05:34","modified_gmt":"2018-01-02T01:05:34","slug":"speki-salomons-16-kafli","status":"publish","type":"page","link":"https:\/\/biblian.is\/videy\/speki-salomons-16-kafli\/","title":{"rendered":"Speki Sal\u00f3mons 16. kafli"},"content":{"rendered":"<div class=\"fyrirsognVidey\">D\u00e6mi af Gy\u00f0ingas\u00f6gu.<\/div>\n<p><a name=\"1\"><span class=\"versanumer\">1<\/span><\/a>\u00dev\u00ed var \u00feeim <span class='VideyAth'>(egypsku)<\/span> me\u00f0 sl\u00edkum d\u00fdrum maklega refsa\u00f0 og \u00feeir p\u00edndir me\u00f0 fj\u00f6lda \u00fdmislegra kvikinda.<a name=\"2\"><span class=\"versanumer\">2<\/span><\/a>\u00cd sta\u00f0 \u00feessa straffs au\u00f0s\u00fdndir \u00fe\u00fa gott \u00fe\u00ednu f\u00f3lki, og tilreiddir handa \u00fev\u00ed n\u00fdjar vistir, nefnil. bakt\u00f6lur til f\u00e6\u00f0slu, \u00fe\u00e1 \u00fea\u00f0 langa\u00f0i \u00ed s\u00e6lg\u00e6ti,<a name=\"3\"><span class=\"versanumer\">3<\/span><\/a>svo a\u00f0 hina, \u00fer\u00e1tt fyrir lyst til f\u00e6\u00f0slu, stugga\u00f0i vi\u00f0 n\u00e1tt\u00farlegri l\u00f6ngun vegna vi\u00f0bj\u00f3\u00f0slegs \u00fatlits \u00feeirra sendu d\u00fdra, en \u00feessir, eftir skammvinnan skort, skyldu neyta n\u00fdrra vista.<a name=\"4\"><span class=\"versanumer\">4<\/span><\/a>\u00dev\u00ed \u00f3umfl\u00fdjanlegur skortur hlaut a\u00f0 koma yfir k\u00fagarana, en \u00feessum skyldi a\u00f0eins s\u00fdnt ver\u00f0a hv\u00f6rnig \u00feeirra \u00f3vinir voru p\u00edndir. <br \/><a name=\"5\"><span class=\"versanumer\">5<\/span><\/a>\u00dev\u00ed \u00feegar \u00f3ttalegt villud\u00fdra\u00e6\u00f0i kom l\u00edka yfir \u00fe\u00e1, og \u00feeir li\u00f0u tj\u00f3n af biti bug\u00f0\u00f3ttra h\u00f6ggorma, var \u00fe\u00edn rei\u00f0i ekki \u00e6varandi,<a name=\"6\"><span class=\"versanumer\">6<\/span><\/a>heldur voru \u00feeir um stuttan t\u00edma hr\u00e6ddir til vi\u00f0v\u00f6runar, og fengu frelsunarmerki, til a\u00f0 minna \u00fe\u00e1 \u00e1 bo\u00f0or\u00f0 \u00fe\u00edns l\u00f6gm\u00e1ls.<a name=\"7\"><span class=\"versanumer\">7<\/span><\/a>\u00dev\u00ed hv\u00f6r sem sneri s\u00e9r a\u00f0 \u00fev\u00ed, frelsa\u00f0ist, ei af \u00fev\u00ed sem hann s\u00e1, heldur af \u00fe\u00e9r, frelsari allra.<a name=\"8\"><span class=\"versanumer\">8<\/span><\/a>En me\u00f0 \u00fev\u00ed kenndir \u00fe\u00fa vorum \u00f3vinum, a\u00f0 \u00fe\u00fa ert s\u00e1, sem frelsar fr\u00e1 \u00f6llu illu.<a name=\"9\"><span class=\"versanumer\">9<\/span><\/a>\u00dev\u00ed \u00fe\u00e1 deyddi bit engisprettanna og flugnanna, og ekkert l\u00e6knisme\u00f0al fannst \u00feeirra l\u00edfi, af \u00fev\u00ed \u00feeir voru maklegir a\u00f0 ver\u00f0a fyrir hegning af \u00feessum d\u00fdrum.<a name=\"10\"><span class=\"versanumer\">10<\/span><\/a>En \u00e1 \u00fe\u00ednum sonum vann jafnvel ekki s\u00fa eitrisp\u00faandi drekat\u00f6nn; \u00fev\u00ed \u00fe\u00edn miskunnsemi kom til hj\u00e1lpar og l\u00e6kna\u00f0i \u00fe\u00e1.<a name=\"11\"><span class=\"versanumer\">11<\/span><\/a>\u00dev\u00ed til a\u00f0 minna \u00fe\u00e1 \u00e1 \u00fe\u00edn or\u00f0 voru \u00feeir stungnir og skj\u00f3tt l\u00e6kna\u00f0ir, svo \u00feeir myndu til \u00feinna velgj\u00f6rninga, og f\u00e9llu ekki \u00ed dj\u00fapa gleymsku.<a name=\"12\"><span class=\"versanumer\">12<\/span><\/a>\u00dev\u00ed hv\u00f6rki jurt n\u00e9 pl\u00e1stur gj\u00f6r\u00f0i \u00fe\u00e1 heila, heldur \u00feitt or\u00f0, Drottinn, sem allt l\u00e6knar.<a name=\"13\"><span class=\"versanumer\">13<\/span><\/a>\u00dev\u00ed \u00fe\u00fa hefir vald yfir l\u00edfi og dau\u00f0a; \u00fe\u00fa f\u00e6rir ni\u00f0ur a\u00f0 hli\u00f0um undirheima, og f\u00e6rir \u00fea\u00f0an aftur.<a name=\"14\"><span class=\"versanumer\">14<\/span><\/a>Ma\u00f0urinn \u00fear \u00e1 m\u00f3ti myr\u00f0ir a\u00f0 s\u00f6nnu \u00ed sinni illsku, en \u00feann \u00fatfarna anda s\u00e6kir hann ekki aftur og leysir ekki \u00fe\u00e6r burtteknu s\u00e1lir.<a name=\"15\"><span class=\"versanumer\">15<\/span><\/a>En a\u00f0 sleppa undan \u00feinni hendi er \u00f3m\u00f6gulegt.<a name=\"16\"><span class=\"versanumer\">16<\/span><\/a>\u00dev\u00ed hinir gu\u00f0lausu, sem s\u00f6g\u00f0ust ekki \u00feekkja \u00feig, voru af m\u00e6tti \u00fe\u00edns arms h\u00fa\u00f0flettir, \u00fev\u00ed \u00feeir voru ofs\u00f3ttir me\u00f0 \u00f3venjulegum hr\u00ed\u00f0um og hagli og steypisk\u00farum, er ei var\u00f0 undanfl\u00fai\u00f0, og af eldi afm\u00e1\u00f0ir.<a name=\"17\"><span class=\"versanumer\">17<\/span><\/a>En \u00fea\u00f0 undarlegasta var, a\u00f0 eldurinn gj\u00f6r\u00f0i hva\u00f0 mest a\u00f0 verkum \u00ed \u00fev\u00ed allt sl\u00f6kkvanda vatni; \u00fev\u00ed heimurinn str\u00ed\u00f0ir fyrir \u00fe\u00e1 r\u00e9ttl\u00e1tu.<a name=\"18\"><span class=\"versanumer\">18<\/span><\/a>Stundum a\u00f0 s\u00f6nnu, l\u00e6g\u00f0i b\u00e1li\u00f0 sig, til \u00feess a\u00f0 \u00fea\u00f0 skyldi ei ey\u00f0a \u00feeim d\u00fdrum, sem send voru m\u00f3ti \u00feeim gu\u00f0lausu, heldur skyldu sj\u00e1 \u00feau, og vi\u00f0urkenna a\u00f0 \u00feeim var \u00fer\u00f6ngva\u00f0 af Gu\u00f0s refsid\u00f3m.<a name=\"19\"><span class=\"versanumer\">19<\/span><\/a>En stundum brann \u00fea\u00f0 mitt \u00ed vatninu \u00e1kaflegar en eldsins makt er, svo a\u00f0 \u00fea\u00f0 afm\u00e1\u00f0i gr\u00f3\u00f0a \u00feess rangl\u00e1ta lands.<a name=\"20\"><span class=\"versanumer\">20<\/span><\/a>\u00dear \u00e1 m\u00f3t f\u00e6ddir \u00fe\u00fa \u00feitt f\u00f3lk me\u00f0 englaf\u00e6\u00f0u, og sendir \u00feeim brau\u00f0, tilb\u00fai\u00f0 fr\u00e1 himni, fyrirhafnarlaust, sem veitti alla una\u00f0semd og var eftir allra smekk.<a name=\"21\"><span class=\"versanumer\">21<\/span><\/a>\u00dev\u00ed \u00fe\u00ednar vistir s\u00fdndu \u00fe\u00ednum b\u00f6rnum \u00feinn s\u00e6tleika, og \u00ed \u00fev\u00ed \u00fe\u00e6r \u00fe\u00e9nu\u00f0u girnd \u00feeirra, sem \u00fe\u00e6r me\u00f0t\u00f3ku, breyttust \u00fe\u00e6r \u00ed \u00fea\u00f0 sem hv\u00f6r vildi.<a name=\"22\"><span class=\"versanumer\">22<\/span><\/a>En snj\u00f3rinn og klakinn <span class='VideyAth'>(manna)<\/span> \u00feoldi eldinn, og br\u00e1\u00f0na\u00f0i ekki, svo \u00feeir k\u00f6nnu\u00f0ust vi\u00f0 a\u00f0 s\u00e1 logandi eldur, sem tindra\u00f0i \u00ed haglinu og hretsk\u00farunum, fordjarfa\u00f0i \u00f3vinanna \u00e1vexti,<a name=\"23\"><span class=\"versanumer\">23<\/span><\/a>en \u00feessi sami <span class='VideyAth'>(eldur)<\/span> gleymdi aftur s\u00ednum eiginlega krafti, til \u00feess a\u00f0 \u00feeir r\u00e9ttl\u00e1tu fengju n\u00e6ringu,<a name=\"24\"><span class=\"versanumer\">24<\/span><\/a>\u00fev\u00ed \u00fe\u00edn sk\u00f6pun, \u00fej\u00f3nandi \u00fe\u00e9r, Skaparanum, eflir sinn kraft til hegningar \u00feeim rangl\u00e1tu, og h\u00e6ttir svo, til g\u00f3\u00f0s \u00feeim sem \u00fe\u00e9r treysta.<a name=\"25\"><span class=\"versanumer\">25<\/span><\/a>\u00dev\u00ed h\u00fan <span class='VideyAth'>(sk\u00f6punin)<\/span> \u00fe\u00e1 \u00ed alla hami, og vann a\u00f0 \u00feinni allt n\u00e6randi g\u00e1fu, eftir vild hinna \u00feurftugu,<a name=\"26\"><span class=\"versanumer\">26<\/span><\/a>svo a\u00f0 \u00fe\u00ednir synir, sem \u00fe\u00fa, Drottinn, elska\u00f0ir, l\u00e6r\u00f0u a\u00f0 ekki einasta gr\u00f3\u00f0i \u00e1vaxtanna n\u00e6rir mennina heldur \u00feitt or\u00f0, sem vi\u00f0heldur \u00feeim, sem treysta \u00fe\u00e9r.<a name=\"27\"><span class=\"versanumer\">27<\/span><\/a>\u00dev\u00ed \u00fea\u00f0 sem eldurinn ekki eyddi, br\u00e1\u00f0na\u00f0i \u00f3\u00f0ar, hita\u00f0 af stuttu s\u00f3lskini,<a name=\"28\"><span class=\"versanumer\">28<\/span><\/a>svo kunnugt yr\u00f0i, a\u00f0 menn fyrir s\u00f3laruppkomu \u00e6ttu a\u00f0 \u00feakka \u00fe\u00e9r og \u00e1\u00f0ur en birtir, tilbi\u00f0ja \u00feig.<a name=\"29\"><span class=\"versanumer\">29<\/span><\/a>\u00dev\u00ed von hins \u00f3\u00feakkl\u00e1ta mun br\u00e1\u00f0na sem vetrarhr\u00edm, og renna sundur sem \u00f3n\u00fdtt vatn.<\/p>\n<div class=\"footnoteVidey\"><\/div>\n","protected":false},"excerpt":{"rendered":"<p>D\u00e6mi af Gy\u00f0ingas\u00f6gu. 1\u00dev\u00ed var \u00feeim (egypsku) me\u00f0 sl\u00edkum d\u00fdrum maklega refsa\u00f0 og \u00feeir p\u00edndir me\u00f0 fj\u00f6lda \u00fdmislegra kvikinda.2\u00cd sta\u00f0 \u00feessa straffs au\u00f0s\u00fdndir \u00fe\u00fa gott \u00fe\u00ednu f\u00f3lki, og tilreiddir handa \u00fev\u00ed n\u00fdjar vistir, nefnil. bakt\u00f6lur til f\u00e6\u00f0slu, \u00fe\u00e1 \u00fea\u00f0 langa\u00f0i \u00ed s\u00e6lg\u00e6ti,3svo a\u00f0 hina, \u00fer\u00e1tt fyrir lyst til f\u00e6\u00f0slu, stugga\u00f0i vi\u00f0 n\u00e1tt\u00farlegri l\u00f6ngun vegna vi\u00f0bj\u00f3\u00f0slegs \u00fatlits \u00feeirra sendu d\u00fdra, en \u00feessir, eftir skammvinnan skort, skyldu neyta n\u00fdrra vista.4\u00dev\u00ed \u00f3umfl\u00fdjanlegur skortur hlaut a\u00f0 koma yfir k\u00fagarana, en \u00feessum skyldi a\u00f0eins s\u00fdnt ver\u00f0a hv\u00f6rnig \u00feeirra \u00f3vinir voru p\u00edndir. 5\u00dev\u00ed \u00feegar \u00f3ttalegt villud\u00fdra\u00e6\u00f0i kom l\u00edka yfir \u00fe\u00e1, og \u00feeir li\u00f0u tj\u00f3n af biti <a href=\"https:\/\/biblian.is\/videy\/speki-salomons-16-kafli\/\"> [&#8230;]<\/a><\/p>\n","protected":false},"author":1,"featured_media":0,"parent":0,"menu_order":0,"comment_status":"open","ping_status":"open","template":"bibliukaflar.php","meta":{"footnotes":""},"class_list":["post-22091","page","type-page","status-publish","hentry"],"_links":{"self":[{"href":"https:\/\/biblian.is\/videy\/wp-json\/wp\/v2\/pages\/22091","targetHints":{"allow":["GET"]}}],"collection":[{"href":"https:\/\/biblian.is\/videy\/wp-json\/wp\/v2\/pages"}],"about":[{"href":"https:\/\/biblian.is\/videy\/wp-json\/wp\/v2\/types\/page"}],"author":[{"embeddable":true,"href":"https:\/\/biblian.is\/videy\/wp-json\/wp\/v2\/users\/1"}],"replies":[{"embeddable":true,"href":"https:\/\/biblian.is\/videy\/wp-json\/wp\/v2\/comments?post=22091"}],"version-history":[{"count":0,"href":"https:\/\/biblian.is\/videy\/wp-json\/wp\/v2\/pages\/22091\/revisions"}],"wp:attachment":[{"href":"https:\/\/biblian.is\/videy\/wp-json\/wp\/v2\/media?parent=22091"}],"curies":[{"name":"wp","href":"https:\/\/api.w.org\/{rel}","templated":true}]}}