{"id":22090,"date":"2018-01-02T01:05:34","date_gmt":"2018-01-02T01:05:34","guid":{"rendered":"http:\/\/biblian.is\/videy\/speki-salomons-15-kafli\/"},"modified":"2018-01-02T01:05:34","modified_gmt":"2018-01-02T01:05:34","slug":"speki-salomons-15-kafli","status":"publish","type":"page","link":"https:\/\/biblian.is\/videy\/speki-salomons-15-kafli\/","title":{"rendered":"Speki Sal\u00f3mons 15. kafli"},"content":{"rendered":"<div class=\"fyrirsognVidey\">Sama efni.<\/div>\n<p><a name=\"1\"><span class=\"versanumer\">1<\/span><\/a>En \u00fe\u00fa, vor Gu\u00f0! ert g\u00f3\u00f0ur og sannor\u00f0ur, \u00feolinm\u00f3\u00f0ur og st\u00fdrir \u00f6llu me\u00f0 miskunnsemi.<a name=\"2\"><span class=\"versanumer\">2<\/span><\/a>\u00dev\u00ed \u00fe\u00f3tt v\u00e9r syndgum, erum v\u00e9r \u00fe\u00f3 \u00fe\u00ednir, \u00fev\u00ed v\u00e9r \u00feekkjum \u00feitt veldi; en v\u00e9r viljum ekki syndga, \u00fear e\u00f0 v\u00e9r vitum a\u00f0 v\u00e9r erum reikna\u00f0ir \u00fe\u00e9r <span class='VideyAth'>(tilheyrandi)<\/span>.<a name=\"3\"><span class=\"versanumer\">3<\/span><\/a>\u00dev\u00ed a\u00f0 \u00feekkja \u00feig er fullkomi\u00f0 r\u00e9ttl\u00e6ti, og a\u00f0 vita af \u00fe\u00ednu veldi, er r\u00f3t \u00f3dau\u00f0legleikans. <br \/><a name=\"4\"><span class=\"versanumer\">4<\/span><\/a>\u00dev\u00ed ekki leiddi oss afvega upp\u00e1finning illrar manna konstar, n\u00e9 m\u00e1larans gagnlausa verk, b\u00edl\u00e6ti m\u00e1la\u00f0 \u00fdmsum litum,<a name=\"5\"><span class=\"versanumer\">5<\/span><\/a>hv\u00f6rs sj\u00f3n ver\u00f0ur d\u00e1rum a\u00f0 brigsli, \u00fe\u00e1 \u00feeir f\u00e1 l\u00f6ngun til l\u00edflausrar myndar \u00feess dau\u00f0a b\u00edl\u00e6tis.<a name=\"6\"><span class=\"versanumer\">6<\/span><\/a>Vinir hins vonda eru og maklegir fyrir sl\u00edka von, svo \u00feeir sem gj\u00f6ra <span class='VideyAth'>(b\u00edl\u00e6tin)<\/span>, sem \u00feeir e\u00f0 hafa lyst til \u00feeirra og hei\u00f0ra \u00feau.<a name=\"7\"><span class=\"versanumer\">7<\/span><\/a>Leirpottasmi\u00f0urinn hno\u00f0ar me\u00f0 \u00e1reynslu \u00fe\u00e1 mj\u00faku j\u00f6r\u00f0, og myndar hva\u00f0eina til vorrar br\u00fakunar, en \u00far \u00feeim sama leir myndar hann b\u00e6\u00f0i \u00edl\u00e1t til hreinnar br\u00fakunar og til gagnst\u00e6\u00f0rar, \u00f6ll \u00e1 sama h\u00e1tt, og hvar til s\u00e9rhv\u00f6rt af \u00feeim skal br\u00fakast, \u00fe\u00e1 \u00e1kve\u00f0ur leirsmi\u00f0urinn;<a name=\"8\"><span class=\"versanumer\">8<\/span><\/a>og illa \u00feraut \u00e1 sig leggjandi, b\u00fdr hann til einkisver\u00f0an gu\u00f0 \u00far sama leir, hann sem fyrir sk\u00f6mmu uppkom af j\u00f6r\u00f0unni, fer \u00feanga\u00f0 flj\u00f3tt aftur, hva\u00f0an hann var tekinn, \u00feegar l\u00e1n s\u00e1larinnar ver\u00f0ur aftur af honum heimta\u00f0.<a name=\"9\"><span class=\"versanumer\">9<\/span><\/a>En hans umhugsan er ekki s\u00fa, a\u00f0 hann \u00e1 \u00feraut \u00ed v\u00e6ndum, og a\u00f0 hans l\u00edf er stutt, heldur keppist hann vi\u00f0 gullsmi\u00f0inn og silfursteyparann, s\u00e6lir eftir eirsmi\u00f0num, og heldur \u00fea\u00f0 fr\u00e6g\u00f0, a\u00f0 hann myndar t\u00e1l.<a name=\"10\"><span class=\"versanumer\">10<\/span><\/a>Hans hjarta er sem aska, hans von r\u00edkri en j\u00f6r\u00f0 <span class='VideyAth'>(mold)<\/span> og hans l\u00edf fyrirlitlegra en leir.<a name=\"11\"><span class=\"versanumer\">11<\/span><\/a>\u00dev\u00ed hann \u00feekkir ei \u00feann sem hefir mynda\u00f0 hann, sem anda\u00f0i \u00ed hann framkv\u00e6mdasamri s\u00e1l og bl\u00e9s \u00ed hann l\u00edfsins anda.<a name=\"12\"><span class=\"versanumer\">12<\/span><\/a>En \u00feeir reikna vort l\u00edf gaman, og lifna\u00f0inn \u00e1batasama kaupstefnu, menn ver\u00f0a, segja \u00feeir, hva\u00f0an sem helst, jafnvel af illu, a\u00f0 leita hagr\u00e6\u00f0is.<a name=\"13\"><span class=\"versanumer\">13<\/span><\/a>\u00dev\u00edl\u00edkur einn <span class='VideyAth'>(b\u00edl\u00e6tasmi\u00f0ur)<\/span> veit \u00f6llum fremur, a\u00f0 hann syndgar, \u00feegar hann tilb\u00fdr broth\u00e6tt ker og b\u00edl\u00e6ti af jar\u00f0arleir. <br \/><a name=\"14\"><span class=\"versanumer\">14<\/span><\/a>En mestu d\u00e1rar eru, og ves\u00e6lli en barnss\u00e1lir, \u00f3vinir \u00fe\u00edns f\u00f3lks sem \u00fea\u00f0 undiroka.<a name=\"15\"><span class=\"versanumer\">15<\/span><\/a>\u00dev\u00ed \u00f6ll go\u00f0 \u00fej\u00f3\u00f0anna halda \u00feeir s\u00e9u gu\u00f0ir, sem \u00fe\u00f3 hv\u00f6rki br\u00faka s\u00edn augu til a\u00f0 sj\u00e1, n\u00e9 nasir til a\u00f0 draga a\u00f0 s\u00e9r lofti\u00f0, n\u00e9 eyru til a\u00f0 heyra, n\u00e9 fingur handanna til a\u00f0 \u00fereifa, og hv\u00f6rra f\u00e6tur eru \u00f3n\u00fdtir til a\u00f0 ganga.<a name=\"16\"><span class=\"versanumer\">16<\/span><\/a>\u00dev\u00ed ma\u00f0ur hefir \u00feau gj\u00f6rt, og hinn sami sem hefir fengi\u00f0 andardr\u00e1ttinn til l\u00e1ns af \u00f6\u00f0rum, hefir \u00feau mynda\u00f0. Enginn ma\u00f0ur getur mynda\u00f0 nokkurn gu\u00f0, sem s\u00e9 honum <span class='VideyAth'>(Gu\u00f0i)<\/span> l\u00edkur.<a name=\"17\"><span class=\"versanumer\">17<\/span><\/a>Sj\u00e1lfur dau\u00f0legur myndar hann dautt me\u00f0 syndugum h\u00f6ndum. Hann sj\u00e1lfur er betri en \u00fea\u00f0 sem hann hei\u00f0rar, \u00fev\u00ed hann lifir, en hitt aldrei.<a name=\"18\"><span class=\"versanumer\">18<\/span><\/a>En l\u00edka eru d\u00fdrku\u00f0 \u00feau vi\u00f0bj\u00f3\u00f0slegustu d\u00fdr; \u00fev\u00ed a\u00f0 skynleysi eru \u00feau eftir tilt\u00f6lu lakari en \u00f6nnur.<a name=\"19\"><span class=\"versanumer\">19<\/span><\/a>Ekki eru \u00feau heldur fr\u00ed\u00f0ari en \u00f6nnur d\u00fdr, svo menn g\u00e6tu haft yndi af \u00feeim, framar en hinum; en \u00feau eru og fjarl\u00e6g Gu\u00f0s lofi og blessan.<\/p>\n<div class=\"footnoteVidey\"><\/div>\n","protected":false},"excerpt":{"rendered":"<p>Sama efni. 1En \u00fe\u00fa, vor Gu\u00f0! ert g\u00f3\u00f0ur og sannor\u00f0ur, \u00feolinm\u00f3\u00f0ur og st\u00fdrir \u00f6llu me\u00f0 miskunnsemi.2\u00dev\u00ed \u00fe\u00f3tt v\u00e9r syndgum, erum v\u00e9r \u00fe\u00f3 \u00fe\u00ednir, \u00fev\u00ed v\u00e9r \u00feekkjum \u00feitt veldi; en v\u00e9r viljum ekki syndga, \u00fear e\u00f0 v\u00e9r vitum a\u00f0 v\u00e9r erum reikna\u00f0ir \u00fe\u00e9r (tilheyrandi).3\u00dev\u00ed a\u00f0 \u00feekkja \u00feig er fullkomi\u00f0 r\u00e9ttl\u00e6ti, og a\u00f0 vita af \u00fe\u00ednu veldi, er r\u00f3t \u00f3dau\u00f0legleikans. 4\u00dev\u00ed ekki leiddi oss afvega upp\u00e1finning illrar manna konstar, n\u00e9 m\u00e1larans gagnlausa verk, b\u00edl\u00e6ti m\u00e1la\u00f0 \u00fdmsum litum,5hv\u00f6rs sj\u00f3n ver\u00f0ur d\u00e1rum a\u00f0 brigsli, \u00fe\u00e1 \u00feeir f\u00e1 l\u00f6ngun til l\u00edflausrar myndar \u00feess dau\u00f0a b\u00edl\u00e6tis.6Vinir hins vonda eru og maklegir fyrir sl\u00edka von, svo \u00feeir <a href=\"https:\/\/biblian.is\/videy\/speki-salomons-15-kafli\/\"> [&#8230;]<\/a><\/p>\n","protected":false},"author":1,"featured_media":0,"parent":0,"menu_order":0,"comment_status":"open","ping_status":"open","template":"bibliukaflar.php","meta":{"footnotes":""},"class_list":["post-22090","page","type-page","status-publish","hentry"],"_links":{"self":[{"href":"https:\/\/biblian.is\/videy\/wp-json\/wp\/v2\/pages\/22090","targetHints":{"allow":["GET"]}}],"collection":[{"href":"https:\/\/biblian.is\/videy\/wp-json\/wp\/v2\/pages"}],"about":[{"href":"https:\/\/biblian.is\/videy\/wp-json\/wp\/v2\/types\/page"}],"author":[{"embeddable":true,"href":"https:\/\/biblian.is\/videy\/wp-json\/wp\/v2\/users\/1"}],"replies":[{"embeddable":true,"href":"https:\/\/biblian.is\/videy\/wp-json\/wp\/v2\/comments?post=22090"}],"version-history":[{"count":0,"href":"https:\/\/biblian.is\/videy\/wp-json\/wp\/v2\/pages\/22090\/revisions"}],"wp:attachment":[{"href":"https:\/\/biblian.is\/videy\/wp-json\/wp\/v2\/media?parent=22090"}],"curies":[{"name":"wp","href":"https:\/\/api.w.org\/{rel}","templated":true}]}}