{"id":22089,"date":"2018-01-02T01:05:29","date_gmt":"2018-01-02T01:05:29","guid":{"rendered":"http:\/\/biblian.is\/videy\/speki-salomons-14-kafli\/"},"modified":"2018-01-02T01:05:29","modified_gmt":"2018-01-02T01:05:29","slug":"speki-salomons-14-kafli","status":"publish","type":"page","link":"https:\/\/biblian.is\/videy\/speki-salomons-14-kafli\/","title":{"rendered":"Speki Sal\u00f3mons 14. kafli"},"content":{"rendered":"<div class=\"fyrirsognVidey\">Sama efni.<\/div>\n<p><a name=\"1\"><span class=\"versanumer\">1<\/span><\/a>\u00cd anna\u00f0 sinn, \u00feegar einhv\u00f6r byrjar sj\u00f3fer\u00f0 og \u00e6tlar s\u00e9r a\u00f0 fara um \u00fe\u00e6r \u00f3lgandi bylgjur, \u00e1kallar hann f\u00fanara tr\u00e9, heldur en skipi\u00f0 sem flytur hann;<a name=\"2\"><span class=\"versanumer\">2<\/span><\/a>\u00fev\u00ed \u00e1batagirndin hefir \u00fea\u00f0 uppfundi\u00f0 og meistarinn, me\u00f0 s\u00ednum hagleik, tilb\u00fai\u00f0.<a name=\"3\"><span class=\"versanumer\">3<\/span><\/a>En \u00fe\u00edn forsj\u00f3n, fa\u00f0ir, st\u00fdrir \u00fev\u00ed, \u00fear e\u00f0 \u00fe\u00fa l\u00edka \u00e1 hafinu leyfir veg, og um bylgjurnar \u00f3hulta g\u00f6tu,<a name=\"4\"><span class=\"versanumer\">4<\/span><\/a>\u00fe\u00fa s\u00fdnir, a\u00f0 \u00fe\u00fa getir \u00far \u00f6llu bjarga\u00f0, svo menn og \u00e1n konstar fari \u00fat \u00e1 hafi\u00f0.<a name=\"5\"><span class=\"versanumer\">5<\/span><\/a>En \u00fe\u00fa vilt ekki a\u00f0 verk \u00feinnar speki, s\u00e9u \u00f3notu\u00f0: \u00fev\u00ed tr\u00faa menn \u00fev\u00ed l\u00edtilfj\u00f6rlegasta tr\u00e9 fyrir s\u00ednu l\u00edfi, og komast af \u00e1 fl\u00f6kum gegnum bylgjurnar.<br \/><a name=\"6\"><span class=\"versanumer\">6<\/span><\/a>\u00dev\u00ed l\u00edka \u00ed forn\u00f6ld, \u00feegar \u00feeir drambl\u00e1tu risar fyrirf\u00f3rust, slapp heimsins von undan \u00e1 flaka, og eftirskildi kynstofn \u00feinn seinna heimi, en \u00fe\u00fa st\u00fdr\u00f0ir me\u00f0 \u00feinni hendi.<a name=\"7\"><span class=\"versanumer\">7<\/span><\/a>En blessa\u00f0ur er s\u00e1 vi\u00f0ur fyrir hv\u00f6rn r\u00e9ttl\u00e6ti\u00f0 ske\u00f0ur;<a name=\"8\"><span class=\"versanumer\">8<\/span><\/a>en \u00fea\u00f0 sem gj\u00f6rt er af manna h\u00f6ndum er b\u00f6lva\u00f0, \u00fea\u00f0 einmitt, og s\u00e1 sem \u00fea\u00f0 gj\u00f6r\u00f0i: af \u00fev\u00ed hann hefir gj\u00f6rt \u00fea\u00f0, og hi\u00f0 forgengilega var kalla\u00f0 Gu\u00f0.<a name=\"9\"><span class=\"versanumer\">9<\/span><\/a>\u00dev\u00ed Gu\u00f0i er jafn illa vi\u00f0 \u00feann gu\u00f0lausa og gu\u00f0leysi\u00f0,<a name=\"10\"><span class=\"versanumer\">10<\/span><\/a>verki\u00f0 mun me\u00f0 meistaranum undir eins fyrir hegningu ver\u00f0a. <br \/><a name=\"11\"><span class=\"versanumer\">11<\/span><\/a>\u00dev\u00ed mun og koma hegning yfir Go\u00f0 \u00fej\u00f3\u00f0anna, af \u00fev\u00ed \u00feau eru or\u00f0in a\u00f0 vi\u00f0bj\u00f3\u00f0 \u00ed sk\u00f6pun Gu\u00f0s, hneyksli fyrir s\u00e1lir mannanna, og snara fyrir f\u00e6tur d\u00e1ranna.<a name=\"12\"><span class=\"versanumer\">12<\/span><\/a>\u00dev\u00ed upphaf afgu\u00f0ad\u00fdrkunarinnar er upp\u00e1finning go\u00f0anna, og upp\u00e1finning \u00feeirra s\u00f6mu, l\u00edfsins spilling.<a name=\"13\"><span class=\"versanumer\">13<\/span><\/a>\u00dev\u00ed hv\u00f6rki voru \u00feau fr\u00e1 upphafi, ei heldur munu \u00feau eil\u00edf ver\u00f0a.<a name=\"14\"><span class=\"versanumer\">14<\/span><\/a>\u00dev\u00ed af h\u00e9g\u00f3mlegri grillu manna komu \u00feau \u00ed heiminn, og \u00fev\u00ed er skj\u00f3tur endir \u00feeirra \u00e1lykta\u00f0ur. <br \/><a name=\"15\"><span class=\"versanumer\">15<\/span><\/a>Fa\u00f0ir beyg\u00f0ur af sorg snemma \u00e6vinnar gj\u00f6r\u00f0i b\u00edl\u00e6ti eftir \u00fev\u00ed barni sem flj\u00f3tt var fr\u00e1 honum teki\u00f0, hei\u00f0ra\u00f0i \u00fe\u00e1 dau\u00f0an mann sem Gu\u00f0 og eftirskildi s\u00ednum heimuglega gu\u00f0s\u00fej\u00f3nustu og f\u00f3rnir.<a name=\"16\"><span class=\"versanumer\">16<\/span><\/a>S\u00ed\u00f0an sta\u00f0festist me\u00f0 t\u00edmanum \u00feessi gu\u00f0lausi si\u00f0ur, og hans var g\u00e6tt sem laga, og eftir bo\u00f0i yfirdrottnara voru sem gu\u00f0ir hei\u00f0ru\u00f0 \u00fatskorin b\u00edl\u00e6ti.<a name=\"17\"><span class=\"versanumer\">17<\/span><\/a>Eftir \u00feeim, sem menn g\u00e1tu ei hei\u00f0ra\u00f0 \u00ed \u00feeirra augs\u00fdn, af \u00fev\u00ed \u00feeir bjuggu \u00ed fjarl\u00e6g\u00f0, bjuggu menn til b\u00edl\u00e6ti, \u00ed fjarska, og gj\u00f6r\u00f0u \u00feekkjanlegt b\u00edl\u00e6ti eftir hei\u00f0ru\u00f0um k\u00f3ngi, svo \u00feeir g\u00e6tu al\u00fa\u00f0lega smja\u00f0rar fyrir \u00feeim fjarl\u00e6ga, eins og hann v\u00e6ri n\u00e1l\u00e6gur.<a name=\"18\"><span class=\"versanumer\">18<\/span><\/a>\u00c6rugirnd meistarans, \u00e1n \u00feess menn vissu \u00fea\u00f0, hvatti og til a\u00f0 auka \u00feessa \u00fej\u00f3nkun;<a name=\"19\"><span class=\"versanumer\">19<\/span><\/a>\u00fev\u00ed \u00feessi vildi, a\u00f0 l\u00edkindum, ge\u00f0jast \u00feeim volduga, og lag\u00f0i sig allan til me\u00f0 sinni konst a\u00f0 <span class='VideyAth'>a)<\/span> hefja \u00fea\u00f0 l\u00edka til fegur\u00f0ar.<a name=\"20\"><span class=\"versanumer\">20<\/span><\/a>En fj\u00f6ldinn, t\u00e6ldur af verksins snilld, \u00e6tla\u00f0i s\u00e1 \u00e6tti a\u00f0 tilbi\u00f0jast sem sk\u00f6mmu \u00e1\u00f0ur var hei\u00f0ra\u00f0ur sem ma\u00f0ur. <br \/><a name=\"21\"><span class=\"versanumer\">21<\/span><\/a>Og \u00fea\u00f0 var\u00f0 l\u00edfinu tilefni til syndar, a\u00f0 menn g\u00e1fu viss eiginleg n\u00f6fn steinum og tr\u00e9 af tilhli\u00f0runarsemi vi\u00f0 \u00f3heppni e\u00f0ur yfirdrottnun.<a name=\"22\"><span class=\"versanumer\">22<\/span><\/a>\u00deannig n\u00e6g\u00f0i \u00feeim ei a\u00f0 villast \u00ed Gu\u00f0s \u00feekkingunni, heldur kalla \u00feeir svo mikla s\u00e6lu \u00fea\u00f0 sem raunar var \u00f3g\u00e6fa, \u00fev\u00ed \u00feeir lifa \u00ed miklu str\u00ed\u00f0i vanviskunnar.<a name=\"23\"><span class=\"versanumer\">23<\/span><\/a>\u00dev\u00ed \u00fe\u00e1 \u00feeir anna\u00f0hv\u00f6rt f\u00f3rnf\u00e6r\u00f0u myrtum b\u00f6rnum, e\u00f0a t\u00ed\u00f0ku\u00f0u heimuglega gu\u00f0a\u00fej\u00f3nustu, e\u00f0a h\u00e9ldu \u00f3h\u00f3flegar veislur eftir \u00fatlendum si\u00f0um,<a name=\"24\"><span class=\"versanumer\">24<\/span><\/a>var\u00f0veittu \u00feeir hv\u00f6rki hreinan hj\u00faskap n\u00e9 breytni, heldur myr\u00f0ir hv\u00f6r annan sviksamlega, e\u00f0a m\u00f3\u00f0gar me\u00f0 hj\u00faskaparrofi.<a name=\"25\"><span class=\"versanumer\">25<\/span><\/a>Yfir \u00f6llum, \u00e1n mismunar, drottnar bl\u00f3\u00f0 og mor\u00f0, \u00fej\u00f3fna\u00f0ur og t\u00e1l, spilling, svik, uppreisn, meins\u00e6ri,<a name=\"26\"><span class=\"versanumer\">26<\/span><\/a>\u00f3n\u00e1\u00f0un g\u00f3\u00f0ra, van\u00feakkl\u00e6ti, saurgun s\u00e1lnanna, kynvilling, hj\u00f3nabandsrof, h\u00f3rd\u00f3mur og lausl\u00e6ti.<a name=\"27\"><span class=\"versanumer\">27<\/span><\/a>\u00dev\u00ed hei\u00f0run einkisver\u00f0ra go\u00f0a, er upphaf alls ills, ors\u00f6k og takmark.<a name=\"28\"><span class=\"versanumer\">28<\/span><\/a>\u00dev\u00ed anna\u00f0hv\u00f6rt geysa \u00feeir \u00ed k\u00e1t\u00ednu, e\u00f0a sp\u00e1 lygi, e\u00f0a lifa rangl\u00e1tlega, e\u00f0a sverja me\u00f0 lauslyndi falska ei\u00f0a.<a name=\"29\"><span class=\"versanumer\">29<\/span><\/a>\u00dev\u00ed \u00fear e\u00f0 \u00feeir treysta l\u00edflausum go\u00f0um, kv\u00ed\u00f0a \u00feeir engum ska\u00f0a af f\u00f6lskum ei\u00f0um.<a name=\"30\"><span class=\"versanumer\">30<\/span><\/a>En fyrir hv\u00f6rttveggja mun yfir \u00fe\u00e1 koma r\u00e9ttv\u00eds refsing, a\u00f0 \u00feeir af rangri \u00edmyndan um Gu\u00f0, a\u00f0hylltust go\u00f0in, og s\u00f3ru meins\u00e6ri me\u00f0 svikum, forsm\u00e1andi \u00fea\u00f0 heilaga.<a name=\"31\"><span class=\"versanumer\">31<\/span><\/a>\u00dev\u00ed ekki makt \u00feeirra vi\u00f0 hv\u00f6rja svari\u00f0 er, heldur s\u00fa syndurum \u00e1kve\u00f0na hegning, kemur \u00e6t\u00ed\u00f0 yfir misgj\u00f6r\u00f0 \u00feess rangl\u00e1ta.<\/p>\n<div class=\"footnoteVidey\">V. 19. a. A\u00f0 gj\u00f6ra ekki a\u00f0eins b\u00edl\u00e6ti\u00f0 l\u00edkt, heldur og fallegt.<\/div>\n","protected":false},"excerpt":{"rendered":"<p>Sama efni. 1\u00cd anna\u00f0 sinn, \u00feegar einhv\u00f6r byrjar sj\u00f3fer\u00f0 og \u00e6tlar s\u00e9r a\u00f0 fara um \u00fe\u00e6r \u00f3lgandi bylgjur, \u00e1kallar hann f\u00fanara tr\u00e9, heldur en skipi\u00f0 sem flytur hann;2\u00fev\u00ed \u00e1batagirndin hefir \u00fea\u00f0 uppfundi\u00f0 og meistarinn, me\u00f0 s\u00ednum hagleik, tilb\u00fai\u00f0.3En \u00fe\u00edn forsj\u00f3n, fa\u00f0ir, st\u00fdrir \u00fev\u00ed, \u00fear e\u00f0 \u00fe\u00fa l\u00edka \u00e1 hafinu leyfir veg, og um bylgjurnar \u00f3hulta g\u00f6tu,4\u00fe\u00fa s\u00fdnir, a\u00f0 \u00fe\u00fa getir \u00far \u00f6llu bjarga\u00f0, svo menn og \u00e1n konstar fari \u00fat \u00e1 hafi\u00f0.5En \u00fe\u00fa vilt ekki a\u00f0 verk \u00feinnar speki, s\u00e9u \u00f3notu\u00f0: \u00fev\u00ed tr\u00faa menn \u00fev\u00ed l\u00edtilfj\u00f6rlegasta tr\u00e9 fyrir s\u00ednu l\u00edfi, og komast af \u00e1 fl\u00f6kum gegnum bylgjurnar.6\u00dev\u00ed l\u00edka \u00ed forn\u00f6ld, <a href=\"https:\/\/biblian.is\/videy\/speki-salomons-14-kafli\/\"> [&#8230;]<\/a><\/p>\n","protected":false},"author":1,"featured_media":0,"parent":0,"menu_order":0,"comment_status":"open","ping_status":"open","template":"bibliukaflar.php","meta":{"footnotes":""},"class_list":["post-22089","page","type-page","status-publish","hentry"],"_links":{"self":[{"href":"https:\/\/biblian.is\/videy\/wp-json\/wp\/v2\/pages\/22089","targetHints":{"allow":["GET"]}}],"collection":[{"href":"https:\/\/biblian.is\/videy\/wp-json\/wp\/v2\/pages"}],"about":[{"href":"https:\/\/biblian.is\/videy\/wp-json\/wp\/v2\/types\/page"}],"author":[{"embeddable":true,"href":"https:\/\/biblian.is\/videy\/wp-json\/wp\/v2\/users\/1"}],"replies":[{"embeddable":true,"href":"https:\/\/biblian.is\/videy\/wp-json\/wp\/v2\/comments?post=22089"}],"version-history":[{"count":0,"href":"https:\/\/biblian.is\/videy\/wp-json\/wp\/v2\/pages\/22089\/revisions"}],"wp:attachment":[{"href":"https:\/\/biblian.is\/videy\/wp-json\/wp\/v2\/media?parent=22089"}],"curies":[{"name":"wp","href":"https:\/\/api.w.org\/{rel}","templated":true}]}}