{"id":22087,"date":"2018-01-02T01:05:29","date_gmt":"2018-01-02T01:05:29","guid":{"rendered":"http:\/\/biblian.is\/videy\/speki-salomons-12-kafli\/"},"modified":"2018-01-02T01:05:29","modified_gmt":"2018-01-02T01:05:29","slug":"speki-salomons-12-kafli","status":"publish","type":"page","link":"https:\/\/biblian.is\/videy\/speki-salomons-12-kafli\/","title":{"rendered":"Speki Sal\u00f3mons 12. kafli"},"content":{"rendered":"<div class=\"fyrirsognVidey\">Sama efni.<\/div>\n<p><a name=\"1\"><span class=\"versanumer\">1<\/span><\/a>\u00dev\u00ed \u00feinn \u00f3forgengilegi andi er \u00ed \u00f6llum!<a name=\"2\"><span class=\"versanumer\">2<\/span><\/a>\u00dev\u00ed straffar \u00fe\u00fa me\u00f0 v\u00e6g\u00f0 \u00fe\u00e1, sem yfirs\u00e9st  og me\u00f0 \u00feeirra syndum \u00e1minnir \u00fe\u00fa og a\u00f0varar \u00fe\u00e1, svo \u00feeir sn\u00fai s\u00e9r fr\u00e1 vonskunni og tr\u00fai, Drottinn, \u00e1 \u00feig.<a name=\"3\"><span class=\"versanumer\">3<\/span><\/a>\u00dev\u00ed a\u00f0 s\u00f6nnu hata\u00f0ir \u00fe\u00fa Kanan\u00edtana, \u00fe\u00e1 g\u00f6mlu innb\u00faa \u00fe\u00edns heilaga lands,<a name=\"4\"><span class=\"versanumer\">4<\/span><\/a>af \u00fev\u00ed \u00feeir i\u00f0ku\u00f0u vi\u00f0bj\u00f3\u00f0sleg verk t\u00f6franna og gu\u00f0lausa si\u00f0i,<a name=\"5\"><span class=\"versanumer\">5<\/span><\/a>og sem miskunnarlausa barnamor\u00f0ingja, er h\u00e9ldu f\u00f3rnarveislur af mannaholdi og bl\u00f3\u00f0i,<a name=\"6\"><span class=\"versanumer\">6<\/span><\/a>svo sem innv\u00edg\u00f0a til sv\u00edr\u00f0ilegrar go\u00f0a\u00fej\u00f3nkunar og foreldra sem myrtu s\u00e1lir <span class='VideyAth'>(barna sinna)<\/span> er ekki g\u00e1tu veitt s\u00e9r bj\u00f6rg, og \u00fe\u00fa vildir \u00fe\u00e1 afm\u00e1 fyrir h\u00f6nd vorra fe\u00f0ra,<a name=\"7\"><span class=\"versanumer\">7<\/span><\/a>til \u00feess a\u00f0 ver\u00f0ug pl\u00f6ntun Gu\u00f0s barna skyldi nema \u00fea\u00f0 land sem \u00fe\u00e9r var d\u00fdrm\u00e6tast.<a name=\"8\"><span class=\"versanumer\">8<\/span><\/a>En l\u00edka \u00feessum, sem m\u00f6nnum, hl\u00edf\u00f0ir \u00fe\u00fa og sendir \u00e1 undan \u00fe\u00ednum her sem fyrirrennara stingandi flugur til \u00feess a\u00f0 \u00fe\u00e6r sm\u00e1tt og sm\u00e1tt eyddu \u00feeim.<br \/><a name=\"9\"><span class=\"versanumer\">9<\/span><\/a>\u00de\u00f3 \u00fe\u00e9r v\u00e6ri \u00fea\u00f0 ekki \u00f3m\u00f6gulegt a\u00f0 gefa \u00fe\u00e1 gu\u00f0lausu \u00ed bardaganum \u00e1 vald enna r\u00e9ttl\u00e1tu, e\u00f0a me\u00f0 \u00f3ttalegum d\u00fdrum e\u00f0a me\u00f0 str\u00f6ngu or\u00f0i allt \u00ed einu a\u00f0 afm\u00e1 \u00fe\u00e1;<a name=\"10\"><span class=\"versanumer\">10<\/span><\/a>straffa\u00f0ir \u00fe\u00fa \u00fe\u00f3 sm\u00e1msaman, og gafst \u00feeim r\u00e1\u00f0r\u00fam til betrunar, enn \u00fe\u00f3tt \u00fe\u00fa vissir, a\u00f0 \u00feeirra uppruni var illur og vonska \u00feeirra me\u00f0f\u00e6dd, og a\u00f0 \u00feeirra sinni mundi ei til eil\u00edf\u00f0ar umbreytast.<a name=\"11\"><span class=\"versanumer\">11<\/span><\/a>\u00dev\u00ed fr\u00e1 upphafi voru \u00feeir b\u00f6lva\u00f0 kyn. Samt ei a\u00f0 heldur, af \u00fev\u00ed \u00fe\u00fa hefir ei beyg af nokkrum, l\u00e9stu \u00fe\u00e1 vera \u00f3hr\u00e6dda vi\u00f0 \u00fea\u00f0, sem \u00feeir h\u00f6f\u00f0u syndga\u00f0.<a name=\"12\"><span class=\"versanumer\">12<\/span><\/a>\u00dev\u00ed hv\u00f6r m\u00e1 spyrja: hva\u00f0 hefir \u00fe\u00fa gj\u00f6rt? e\u00f0a hv\u00f6r mun m\u00f3t\u00fer\u00f3ast vi\u00f0 \u00feitt d\u00f3msatkv\u00e6\u00f0i? e\u00f0a hv\u00f6r \u00e1klaga \u00feig fyrir \u00fe\u00e6r ey\u00f0il\u00f6g\u00f0u \u00fej\u00f3\u00f0ir, sem \u00fe\u00fa haf\u00f0ir skapa\u00f0? e\u00f0a hv\u00f6r vill framganga m\u00f3ti \u00fe\u00e9r sem hefnari fyrir rangl\u00e1ta menn?<a name=\"13\"><span class=\"versanumer\">13<\/span><\/a>\u00dev\u00ed enginn Gu\u00f0 er til nema \u00fe\u00fa, sem annast allt, svo \u00fe\u00fa vottir, a\u00f0 \u00fe\u00fa hafir ei rangl\u00e1tlega d\u00e6mt.<a name=\"14\"><span class=\"versanumer\">14<\/span><\/a>Enginn konungur e\u00f0a drottnari getur fram fyrir \u00feig gengi\u00f0 \u00feeirra vegna sem \u00fe\u00fa hefir afm\u00e1\u00f0.<a name=\"15\"><span class=\"versanumer\">15<\/span><\/a>En af \u00fev\u00ed \u00fe\u00fa ert r\u00e9ttl\u00e1tur, ni\u00f0urskipar \u00fe\u00fa \u00f6llu me\u00f0 r\u00e9ttv\u00edsi, og einmitt a\u00f0 ford\u00e6ma \u00feann, sem ekki vinnur til straffs, \u00e1l\u00edtur \u00fe\u00fa \u00f3samkv\u00e6mt \u00fe\u00ednu veldi.<a name=\"16\"><span class=\"versanumer\">16<\/span><\/a>\u00dev\u00ed \u00feinn styrkleiki er \u00e1st\u00e6\u00f0a r\u00e9ttv\u00edsinnar, og \u00fea\u00f0 a\u00f0 \u00fe\u00fa drottnar yfir \u00f6llum, gj\u00f6rir \u00fea\u00f0 a\u00f0 verkum, a\u00f0 \u00fe\u00fa v\u00e6gir \u00f6llum.<a name=\"17\"><span class=\"versanumer\">17<\/span><\/a>\u00dev\u00ed \u00feinn styrkleika s\u00fdnir \u00fe\u00fa, \u00fe\u00e1 menn efast um \u00feitt fullkomna veldi; og \u00e1 \u00feeim, sem \u00feekkja \u00fea\u00f0, straffar \u00fe\u00fa \u00f3sv\u00edfnina.<a name=\"18\"><span class=\"versanumer\">18<\/span><\/a>En \u00fe\u00f3 \u00fe\u00fa s\u00e9rt voldugur drottnari, d\u00e6mir \u00fe\u00fa me\u00f0 linkind, og st\u00fdrir oss me\u00f0 mikilli v\u00e6g\u00f0. \u00dev\u00ed, \u00feegar \u00fe\u00fa vilt, eru \u00f6ll r\u00e1\u00f0in hj\u00e1 \u00fe\u00e9r. <br \/><a name=\"19\"><span class=\"versanumer\">19<\/span><\/a>En \u00fe\u00fa kennir me\u00f0 \u00feessum verkum \u00fe\u00ednu f\u00f3lki, a\u00f0 s\u00e1 r\u00e9ttl\u00e1ti eigi a\u00f0 vera mannvinur; og \u00fe\u00fa vekur \u00ed \u00fe\u00ednum sonum \u00fe\u00e1 gl\u00f6\u00f0u von, a\u00f0 \u00fe\u00fa unnir betrunar \u00feeim, sem syndga.<a name=\"20\"><span class=\"versanumer\">20<\/span><\/a>\u00dev\u00ed \u00feegar \u00fe\u00fa refsa\u00f0ir \u00f3vinum \u00feinna barna og \u00feeim dau\u00f0aseku me\u00f0 sl\u00edkri v\u00e6g\u00f0, \u00fear e\u00f0 \u00fe\u00fa gafst \u00feeim t\u00edma og r\u00e1\u00f0r\u00fam, svo \u00feeir g\u00e6tu horfi\u00f0 fr\u00e1 vonskunni;<a name=\"21\"><span class=\"versanumer\">21<\/span><\/a>me\u00f0 hv\u00f6rsu mikilli athygli d\u00e6mir \u00fe\u00fa <span class='VideyAth'>(\u00fe\u00e1)<\/span> \u00fe\u00edna syni, hv\u00f6rra fe\u00f0rum \u00fe\u00fa me\u00f0 ei\u00f0i og s\u00e1ttm\u00e1la hefir gefi\u00f0 g\u00f3\u00f0 fyrirheit!<a name=\"22\"><span class=\"versanumer\">22<\/span><\/a>\u00deegar \u00fe\u00fa \u00fe\u00e1 agar oss, straffar \u00fe\u00fa vora \u00f3vini \u00fe\u00fasundfalt, til \u00feess v\u00e9r munum til \u00feinnar g\u00e6sku, \u00fe\u00e1 v\u00e9r d\u00e6mum, og vonum miskunnar \u00fe\u00e1 v\u00e9r ver\u00f0um d\u00e6mdir.<a name=\"23\"><span class=\"versanumer\">23<\/span><\/a>\u00dear fyrir p\u00edndir \u00fe\u00fa og, me\u00f0 \u00feeirra eigin sv\u00edvir\u00f0ingu, \u00fe\u00e1 rangl\u00e1tu, sem lif\u00f0u \u00ed l\u00edfsins f\u00e1sinnu.<a name=\"24\"><span class=\"versanumer\">24<\/span><\/a>\u00dev\u00ed \u00feeir h\u00f6f\u00f0u villst svo langt \u00e1 s\u00ednum villig\u00f6tum, a\u00f0 \u00feeir jafnvel h\u00e9ldu a\u00f0 \u00feau d\u00fdr v\u00e6ru gu\u00f0ir, sem \u00feeirra \u00f3vinir fyrirlitu, blekktir sem \u00f3skynug b\u00f6rn.<a name=\"25\"><span class=\"versanumer\">25<\/span><\/a>\u00dev\u00ed sendir \u00fe\u00fa \u00feeim refsing, sem \u00f3skynugum b\u00f6rnum til athl\u00e6gis.<a name=\"26\"><span class=\"versanumer\">26<\/span><\/a>En \u00feeir sem ekki l\u00e1ta sig lei\u00f0r\u00e9tta af athl\u00e6gislegri refsingu, f\u00e1 a\u00f0 kenna \u00e1 d\u00f3mi sem Gu\u00f0i er ver\u00f0ugur.<a name=\"27\"><span class=\"versanumer\">27<\/span><\/a>\u00dev\u00ed me\u00f0 \u00feeim, af hv\u00f6rjum \u00feeir ur\u00f0u a\u00f0 l\u00ed\u00f0a m\u00e6\u00f0a, me\u00f0 \u00feeim sem \u00feeir h\u00e9ldu gu\u00f0i a\u00f0 vera, me\u00f0 \u00feeim s\u00f6mu straffa\u00f0ir, s\u00e1u \u00feeir og k\u00f6nnu\u00f0ust vi\u00f0 \u00feann sanna Gu\u00f0, sem \u00feeir \u00e1\u00f0ur l\u00e9tust ekki \u00feekkja. \u00dev\u00ed gekk \u00feyngsti d\u00f3mur yfir \u00fe\u00e1.<\/p>\n<div class=\"footnoteVidey\">V. 11. \u00d3hr\u00e6dda etc. a\u00f0r: straffa\u00f0ir \u00fe\u00fa \u00fe\u00e1 ekki fyrir \u00fea\u00f0 sem \u00feeir<\/div>\n","protected":false},"excerpt":{"rendered":"<p>Sama efni. 1\u00dev\u00ed \u00feinn \u00f3forgengilegi andi er \u00ed \u00f6llum!2\u00dev\u00ed straffar \u00fe\u00fa me\u00f0 v\u00e6g\u00f0 \u00fe\u00e1, sem yfirs\u00e9st og me\u00f0 \u00feeirra syndum \u00e1minnir \u00fe\u00fa og a\u00f0varar \u00fe\u00e1, svo \u00feeir sn\u00fai s\u00e9r fr\u00e1 vonskunni og tr\u00fai, Drottinn, \u00e1 \u00feig.3\u00dev\u00ed a\u00f0 s\u00f6nnu hata\u00f0ir \u00fe\u00fa Kanan\u00edtana, \u00fe\u00e1 g\u00f6mlu innb\u00faa \u00fe\u00edns heilaga lands,4af \u00fev\u00ed \u00feeir i\u00f0ku\u00f0u vi\u00f0bj\u00f3\u00f0sleg verk t\u00f6franna og gu\u00f0lausa si\u00f0i,5og sem miskunnarlausa barnamor\u00f0ingja, er h\u00e9ldu f\u00f3rnarveislur af mannaholdi og bl\u00f3\u00f0i,6svo sem innv\u00edg\u00f0a til sv\u00edr\u00f0ilegrar go\u00f0a\u00fej\u00f3nkunar og foreldra sem myrtu s\u00e1lir (barna sinna) er ekki g\u00e1tu veitt s\u00e9r bj\u00f6rg, og \u00fe\u00fa vildir \u00fe\u00e1 afm\u00e1 fyrir h\u00f6nd vorra fe\u00f0ra,7til \u00feess a\u00f0 ver\u00f0ug pl\u00f6ntun Gu\u00f0s barna skyldi <a href=\"https:\/\/biblian.is\/videy\/speki-salomons-12-kafli\/\"> [&#8230;]<\/a><\/p>\n","protected":false},"author":1,"featured_media":0,"parent":0,"menu_order":0,"comment_status":"open","ping_status":"open","template":"bibliukaflar.php","meta":{"footnotes":""},"class_list":["post-22087","page","type-page","status-publish","hentry"],"_links":{"self":[{"href":"https:\/\/biblian.is\/videy\/wp-json\/wp\/v2\/pages\/22087","targetHints":{"allow":["GET"]}}],"collection":[{"href":"https:\/\/biblian.is\/videy\/wp-json\/wp\/v2\/pages"}],"about":[{"href":"https:\/\/biblian.is\/videy\/wp-json\/wp\/v2\/types\/page"}],"author":[{"embeddable":true,"href":"https:\/\/biblian.is\/videy\/wp-json\/wp\/v2\/users\/1"}],"replies":[{"embeddable":true,"href":"https:\/\/biblian.is\/videy\/wp-json\/wp\/v2\/comments?post=22087"}],"version-history":[{"count":0,"href":"https:\/\/biblian.is\/videy\/wp-json\/wp\/v2\/pages\/22087\/revisions"}],"wp:attachment":[{"href":"https:\/\/biblian.is\/videy\/wp-json\/wp\/v2\/media?parent=22087"}],"curies":[{"name":"wp","href":"https:\/\/api.w.org\/{rel}","templated":true}]}}