{"id":22086,"date":"2018-01-02T01:05:29","date_gmt":"2018-01-02T01:05:29","guid":{"rendered":"http:\/\/biblian.is\/videy\/speki-salomons-11-kafli\/"},"modified":"2018-01-02T01:05:29","modified_gmt":"2018-01-02T01:05:29","slug":"speki-salomons-11-kafli","status":"publish","type":"page","link":"https:\/\/biblian.is\/videy\/speki-salomons-11-kafli\/","title":{"rendered":"Speki Sal\u00f3mons 11. kafli"},"content":{"rendered":"<div class=\"fyrirsognVidey\">Sama efni.<\/div>\n<p><a name=\"1\"><span class=\"versanumer\">1<\/span><\/a>H\u00fan l\u00e9t \u00feeirra verk heppnast fyrir h\u00f6nd \u00feess heilaga sp\u00e1manns.<a name=\"2\"><span class=\"versanumer\">2<\/span><\/a>\u00deeir f\u00f3ru um \u00f3bygg\u00f0a au\u00f0n og settu s\u00edn tj\u00f6ld \u00e1 veglausum st\u00f6\u00f0um.<a name=\"3\"><span class=\"versanumer\">3<\/span><\/a>\u00deeir st\u00f3\u00f0u \u00e1 m\u00f3ti \u00f3vinum og hefndust \u00e1 fjandm\u00f6nnum.<a name=\"4\"><span class=\"versanumer\">4<\/span><\/a>\u00de\u00e1 \u00feyrsti, og \u00feeir \u00e1k\u00f6llu\u00f0u \u00feig, <span class='VideyAth'>(Drottin)<\/span>, og \u00feeim gafst vatn \u00far hruf\u00f3ttum kletti, og sv\u00f6lun \u00far h\u00f6r\u00f0um steini.<a name=\"5\"><span class=\"versanumer\">5<\/span><\/a>\u00dev\u00ed \u00fea\u00f0, me\u00f0 hv\u00f6rju \u00feeirra \u00f3vinir voru straffa\u00f0ir, var\u00f0 \u00feeim a\u00f0 velgj\u00f6r\u00f0, \u00ed \u00feeirra skorti.<a name=\"6\"><span class=\"versanumer\">6<\/span><\/a>\u00cd sta\u00f0inn fyrir uppsprettu, \u00feess \u00e6 flj\u00f3tandi, af mor\u00f0bl\u00f3\u00f0i grugga\u00f0a vatnsfalls\u2014<a name=\"7\"><span class=\"versanumer\">7<\/span><\/a>til straffs fyrir skipun barnamor\u00f0sins\u2014gafstu \u00feeim \u00f3v\u00e6nt r\u00edkuglega vatn,<a name=\"8\"><span class=\"versanumer\">8<\/span><\/a>\u00ed \u00fev\u00ed \u00fe\u00fa s\u00fdndir me\u00f0 \u00feorstanum \u00fe\u00e1, hv\u00f6rnig \u00fe\u00fa straffa\u00f0ir m\u00f3tst\u00f6\u00f0umennina. <br \/><a name=\"9\"><span class=\"versanumer\">9<\/span><\/a>\u00dev\u00ed \u00fe\u00e1 \u00feeir ur\u00f0u reyndir, en \u00fe\u00f3tt a\u00f0eins n\u00e1\u00f0arsamlega aga\u00f0ir, s\u00e1u \u00feeir, hv\u00f6rsu \u00feeir gu\u00f0lausu \u00ed rei\u00f0i hegndir ver\u00f0a kvaldir.<a name=\"10\"><span class=\"versanumer\">10<\/span><\/a>\u00dev\u00ed \u00feessa hefir \u00fe\u00fa, sem fa\u00f0ir, \u00e1minnt og pr\u00f3fa\u00f0, en hina ford\u00e6mt og p\u00ednt, sem har\u00f0ur konungur.<a name=\"11\"><span class=\"versanumer\">11<\/span><\/a>Og b\u00e6\u00f0i \u00feeir fj\u00e6rverandi og n\u00e6rverandi ur\u00f0u upp \u00e1 l\u00edkan h\u00e1tt pl\u00e1ga\u00f0ir.<a name=\"12\"><span class=\"versanumer\">12<\/span><\/a>\u00dev\u00ed tv\u00f6f\u00f6ld \u00fej\u00e1ning kom yfir \u00fe\u00e1 og andv\u00f6rp vi\u00f0 endurminning \u00feess umli\u00f0na.<a name=\"13\"><span class=\"versanumer\">13<\/span><\/a>\u00dev\u00ed \u00feegar \u00feeir heyr\u00f0u a\u00f0 hinum var\u00f0 \u00fea\u00f0 velgj\u00f6rningur sem \u00feeim var hegning, ur\u00f0u \u00feeir varir vi\u00f0 Drottin.<a name=\"14\"><span class=\"versanumer\">14<\/span><\/a>\u00dev\u00ed \u00feann sem \u00feeir \u00e1\u00f0ur me\u00f0 forsm\u00e1n h\u00f6f\u00f0u afsagt, sem \u00fatborinn, hann hei\u00f0ru\u00f0u \u00feeir \u00e1 endanum \u00ed \u00fatg\u00f6ngunni, \u00ed \u00fev\u00ed \u00feeir fengu a\u00f0 kenna \u00e1 \u00f6\u00f0rum \u00feorsta, en \u00feeir r\u00e9ttl\u00e1tu. <br \/><a name=\"15\"><span class=\"versanumer\">15<\/span><\/a>Fyrir \u00fe\u00e1 heimskulegu \u00feanka \u00feeirra gu\u00f0leysis, af hv\u00f6rjum blekktir, \u00feeir hei\u00f0ru\u00f0u skynlaus skri\u00f0kvikindi og fyrirlitleg d\u00fdr, sendir \u00fe\u00fa m\u00f3ti \u00feeim skynlaus d\u00fdr til straffs,<a name=\"16\"><span class=\"versanumer\">16<\/span><\/a>a\u00f0 \u00feeir skyldu kannast vi\u00f0, a\u00f0 me\u00f0 hinu sama ver\u00f0ur ma\u00f0urinn straffa\u00f0ur, sem hann syndgar me\u00f0.<a name=\"17\"><span class=\"versanumer\">17<\/span><\/a>A\u00f0 v\u00edsu var ekki \u00f3m\u00f6gulegt \u00feinni alm\u00e1ttugu h\u00f6nd, sem sk\u00f3p heiminn \u00far \u00fev\u00ed \u00f3mynda\u00f0a efni, a\u00f0 senda her af bjarnd\u00fdrum e\u00f0a grimmum lj\u00f3num,<a name=\"18\"><span class=\"versanumer\">18<\/span><\/a>e\u00f0a n\u00fdsk\u00f6pu\u00f0 \u00f3lm og \u00f3\u00feekk villud\u00fdr, sem anna\u00f0hv\u00f6rt \u00f6ndu\u00f0u eldgj\u00f3sandi gufu, e\u00f0a \u00fatsp\u00fd\u00f0u \u00feefsl\u00e6mum reyk, e\u00f0a sendu \u00far augum s\u00e9r \u00f3ttalega neista,<a name=\"19\"><span class=\"versanumer\">19<\/span><\/a>hv\u00f6rra ska\u00f0semi hef\u00f0i ei einasta geta\u00f0 afm\u00e1\u00f0 \u00fe\u00e1, heldur \u00feeirra eint\u00f3mt \u00fatlit, sem vakti skelfingu, gj\u00f6rt \u00fe\u00e1 a\u00f0 engu.<a name=\"20\"><span class=\"versanumer\">20<\/span><\/a>En l\u00edka \u00e1n \u00feessa hef\u00f0u \u00feeir geta\u00f0 falli\u00f0 fyrir einum einasta andardr\u00e6tti, ofs\u00f3ttir af hefndinni og tv\u00edstra\u00f0ir af andartaki \u00fe\u00edns m\u00e1ttar; en \u00fe\u00fa hefir \u00f6llu ni\u00f0urskipa\u00f0 eftir m\u00e6lir, t\u00f6lu og vigt.<a name=\"21\"><span class=\"versanumer\">21<\/span><\/a>\u00dev\u00ed \u00fe\u00edn mikla makt er \u00e6t\u00ed\u00f0 til rei\u00f0u hj\u00e1 \u00fe\u00e9r, og hv\u00f6r getur sta\u00f0i\u00f0 \u00e1 m\u00f3ti krafti \u00fe\u00edns arms?<a name=\"22\"><span class=\"versanumer\">22<\/span><\/a>\u00dev\u00ed eins og dufti\u00f0 \u00ed metask\u00e1linni er allur heimurinn fyrir \u00fe\u00e9r, og sem einn morgundaggardropi, sem fellur \u00e1 j\u00f6r\u00f0ina.<a name=\"23\"><span class=\"versanumer\">23<\/span><\/a>En \u00fe\u00fa miskunnar \u00f6llum; \u00fev\u00ed \u00fe\u00fa megnar allt, og l\u00edtur fram yfir syndir mannanna svo \u00feeir b\u00e6ti sig.<a name=\"24\"><span class=\"versanumer\">24<\/span><\/a>\u00dev\u00ed \u00fe\u00fa elskar allt, sem til er, og hefir ei \u00edmugust \u00e1 neinu sem \u00fe\u00fa gj\u00f6r\u00f0ir; \u00fev\u00ed ef \u00fe\u00fa hata\u00f0ir, svo hef\u00f0ir \u00fe\u00fa ekkert skapa\u00f0.<a name=\"25\"><span class=\"versanumer\">25<\/span><\/a>En hv\u00f6rnig hef\u00f0i nokku\u00f0 sta\u00f0ist, hef\u00f0ir \u00fe\u00fa ekki vilja\u00f0? e\u00f0a hv\u00f6rnig mundi hafa vi\u00f0haldist \u00fea\u00f0 sem \u00fe\u00fa haf\u00f0ir ei kalla\u00f0 <span class='VideyAth'>(til l\u00edfs)<\/span>.<a name=\"26\"><span class=\"versanumer\">26<\/span><\/a>\u00de\u00fa hl\u00edfir \u00f6llu, \u00fev\u00ed \u00fea\u00f0 er \u00feitt, Drottinn l\u00edfsins vinur!<\/p>\n<div class=\"footnoteVidey\"><\/div>\n","protected":false},"excerpt":{"rendered":"<p>Sama efni. 1H\u00fan l\u00e9t \u00feeirra verk heppnast fyrir h\u00f6nd \u00feess heilaga sp\u00e1manns.2\u00deeir f\u00f3ru um \u00f3bygg\u00f0a au\u00f0n og settu s\u00edn tj\u00f6ld \u00e1 veglausum st\u00f6\u00f0um.3\u00deeir st\u00f3\u00f0u \u00e1 m\u00f3ti \u00f3vinum og hefndust \u00e1 fjandm\u00f6nnum.4\u00de\u00e1 \u00feyrsti, og \u00feeir \u00e1k\u00f6llu\u00f0u \u00feig, (Drottin), og \u00feeim gafst vatn \u00far hruf\u00f3ttum kletti, og sv\u00f6lun \u00far h\u00f6r\u00f0um steini.5\u00dev\u00ed \u00fea\u00f0, me\u00f0 hv\u00f6rju \u00feeirra \u00f3vinir voru straffa\u00f0ir, var\u00f0 \u00feeim a\u00f0 velgj\u00f6r\u00f0, \u00ed \u00feeirra skorti.6\u00cd sta\u00f0inn fyrir uppsprettu, \u00feess \u00e6 flj\u00f3tandi, af mor\u00f0bl\u00f3\u00f0i grugga\u00f0a vatnsfalls\u20147til straffs fyrir skipun barnamor\u00f0sins\u2014gafstu \u00feeim \u00f3v\u00e6nt r\u00edkuglega vatn,8\u00ed \u00fev\u00ed \u00fe\u00fa s\u00fdndir me\u00f0 \u00feorstanum \u00fe\u00e1, hv\u00f6rnig \u00fe\u00fa straffa\u00f0ir m\u00f3tst\u00f6\u00f0umennina. 9\u00dev\u00ed \u00fe\u00e1 \u00feeir ur\u00f0u reyndir, en \u00fe\u00f3tt a\u00f0eins n\u00e1\u00f0arsamlega <a href=\"https:\/\/biblian.is\/videy\/speki-salomons-11-kafli\/\"> [&#8230;]<\/a><\/p>\n","protected":false},"author":1,"featured_media":0,"parent":0,"menu_order":0,"comment_status":"open","ping_status":"open","template":"bibliukaflar.php","meta":{"footnotes":""},"class_list":["post-22086","page","type-page","status-publish","hentry"],"_links":{"self":[{"href":"https:\/\/biblian.is\/videy\/wp-json\/wp\/v2\/pages\/22086","targetHints":{"allow":["GET"]}}],"collection":[{"href":"https:\/\/biblian.is\/videy\/wp-json\/wp\/v2\/pages"}],"about":[{"href":"https:\/\/biblian.is\/videy\/wp-json\/wp\/v2\/types\/page"}],"author":[{"embeddable":true,"href":"https:\/\/biblian.is\/videy\/wp-json\/wp\/v2\/users\/1"}],"replies":[{"embeddable":true,"href":"https:\/\/biblian.is\/videy\/wp-json\/wp\/v2\/comments?post=22086"}],"version-history":[{"count":0,"href":"https:\/\/biblian.is\/videy\/wp-json\/wp\/v2\/pages\/22086\/revisions"}],"wp:attachment":[{"href":"https:\/\/biblian.is\/videy\/wp-json\/wp\/v2\/media?parent=22086"}],"curies":[{"name":"wp","href":"https:\/\/api.w.org\/{rel}","templated":true}]}}