{"id":22085,"date":"2018-01-02T01:05:29","date_gmt":"2018-01-02T01:05:29","guid":{"rendered":"http:\/\/biblian.is\/videy\/speki-salomons-10-kafli\/"},"modified":"2018-01-02T01:05:29","modified_gmt":"2018-01-02T01:05:29","slug":"speki-salomons-10-kafli","status":"publish","type":"page","link":"https:\/\/biblian.is\/videy\/speki-salomons-10-kafli\/","title":{"rendered":"Speki Sal\u00f3mons 10. kafli"},"content":{"rendered":"<div class=\"fyrirsognVidey\">Vitnisbur\u00f0ur s\u00f6gunnar um spekina.<\/div>\n<p><a name=\"1\"><span class=\"versanumer\">1<\/span><\/a>H\u00fan <span class='VideyAth'>(spekin)<\/span> var\u00f0veitti \u00feann fyrst skapa\u00f0a f\u00f6\u00f0ur heimsins, sem einn var skapa\u00f0ur, og bjarga\u00f0i honum fr\u00e1 hans yfirtro\u00f0slu,<a name=\"2\"><span class=\"versanumer\">2<\/span><\/a>og gaf honum kraft til a\u00f0 drottna yfir \u00f6llu.<a name=\"3\"><span class=\"versanumer\">3<\/span><\/a>En fr\u00e1 henni f\u00e9ll s\u00e1 rangl\u00e1ti \u00ed sinni rei\u00f0i og tort\u00edndist \u00e1samt \u00ed br\u00f3\u00f0urmor\u00f0sge\u00f0inu.<a name=\"4\"><span class=\"versanumer\">4<\/span><\/a>Spekin frelsa\u00f0i aftur \u00fe\u00e1, sakir hans, yfirfl\u00e6ddu j\u00f6r\u00f0, s\u00fa sem st\u00fdr\u00f0i \u00feeim r\u00e9ttv\u00edsa \u00e1 l\u00edtilsver\u00f0u tr\u00e9, um bylgjurnar.<a name=\"5\"><span class=\"versanumer\">5<\/span><\/a>H\u00fan fann l\u00edka \u00feann r\u00e9ttl\u00e1ta <span class='VideyAth'>(Abraham)<\/span> og var\u00f0veitti hann \u00f3straffanlegan fyrir Gu\u00f0i, \u00feegar f\u00f3lki\u00f0 var trufla\u00f0 or\u00f0i\u00f0 af vonskunni, og vernda\u00f0i hann styrkvan, \u00fe\u00f3 hann elska\u00f0i innilega barn sitt.<a name=\"6\"><span class=\"versanumer\">6<\/span><\/a>H\u00fan bjarga\u00f0i \u00feeim r\u00e9ttl\u00e1ta \u00feegar \u00feeir gu\u00f0lausu fyrirf\u00f3rust, a\u00f0 hann umfl\u00fa\u00f0i eldinn, sem f\u00e9ll yfir \u00fe\u00e1 fimm sta\u00f0i,<a name=\"7\"><span class=\"versanumer\">7<\/span><\/a>au\u00f0nin \u00fear, til vitnisbur\u00f0ar illskunnar, heldur \u00e1fram a\u00f0 rj\u00faka, og pl\u00f6nturnar bera \u00e1v\u00f6xt sem aldrei \u00fer\u00f3ast. Minnisst\u00f3lpi einnar vantr\u00faa\u00f0rar, stendur \u00fear saltst\u00f3lpinn \u00fear.<a name=\"8\"><span class=\"versanumer\">8<\/span><\/a>\u00dev\u00ed \u00fear e\u00f0 \u00feeir forsm\u00e1\u00f0u spekina, h\u00f6f\u00f0u \u00feeir ei einasta \u00feann ska\u00f0a a\u00f0 \u00feekkja ekki hi\u00f0 g\u00f3\u00f0a, heldur eftirskildu \u00feeim lifandi minnismerki sinnar f\u00e1sinnu, svo \u00feeir skyldu ei felast \u00ed sinni villu.<a name=\"9\"><span class=\"versanumer\">9<\/span><\/a>En spekin frelsa\u00f0i \u00fe\u00e1 sem henni \u00fej\u00f3nu\u00f0u \u00far \u00ferautum.<a name=\"10\"><span class=\"versanumer\">10<\/span><\/a>H\u00fan leiddi \u00feann r\u00e9ttl\u00e1ta, sem fl\u00fa\u00f0i fyrir rei\u00f0i br\u00f3\u00f0ur s\u00edns, \u00e1 beinum vegum, s\u00fdndi honum Gu\u00f0s r\u00edki og gaf honum \u00feekking \u00e1 heil\u00f6gum hlutum; gj\u00f6r\u00f0i hann au\u00f0ugan af vinnu, og blessa\u00f0i hans erfi\u00f0i.<a name=\"11\"><span class=\"versanumer\">11<\/span><\/a>\u00deegar \u00feeir \u00e1s\u00e6lnu \u00fer\u00f6ngvu\u00f0u honum, st\u00f3\u00f0 h\u00fan hj\u00e1 honum, og au\u00f0ga\u00f0i hann.<a name=\"12\"><span class=\"versanumer\">12<\/span><\/a>H\u00fan var\u00f0veitti hann fyrir \u00f3vinum, gj\u00f6r\u00f0i hann \u00f3hultan fyrir \u00feeim sem s\u00e1tu um hann, og gaf honum sigur \u00ed h\u00f6r\u00f0u str\u00ed\u00f0i, svo hann skyldi kannast vi\u00f0, a\u00f0 gu\u00f0r\u00e6kni er \u00f6flugri enn allt. <br \/><a name=\"13\"><span class=\"versanumer\">13<\/span><\/a>H\u00fan yfirgaf ekki \u00feann selda r\u00e9ttl\u00e1ta, heldur var\u00f0veitti hann fr\u00e1 synd. H\u00fan f\u00f3r me\u00f0 honum \u00ed myrkvastofuna,<a name=\"14\"><span class=\"versanumer\">14<\/span><\/a>og \u00ed b\u00f6ndunum yfirgaf h\u00fan hann ekki, \u00feanga\u00f0 til h\u00fan f\u00e6r\u00f0i honum veldissp\u00edru k\u00f3ngsr\u00edkisins og vald yfir \u00feeim sem hann undir\u00ferykktu. H\u00fan l\u00e9t \u00fe\u00e1 ver\u00f0a lygara, sem \u00e1k\u00e6r\u00f0u hann, og veitti honum eil\u00edfan or\u00f0st\u00edr.<a name=\"15\"><span class=\"versanumer\">15<\/span><\/a>H\u00fan leysti heilagt f\u00f3lk og \u00f3straffanlega \u00e6tt, fr\u00e1 \u00fej\u00f3\u00f0 undir\u00ferykkjaranna.<a name=\"16\"><span class=\"versanumer\">16<\/span><\/a>H\u00fan kom \u00ed s\u00e1l gu\u00f0s\u00fe\u00e9nara, og veitti \u00f3ttalegum k\u00f3ngi m\u00f3tst\u00f6\u00f0u me\u00f0 undrum og teiknum.<a name=\"17\"><span class=\"versanumer\">17<\/span><\/a>H\u00fan gaf laun \u00feeim heil\u00f6gu fyrir \u00feeirra \u00feraut, leiddi \u00fe\u00e1 um undarlega vegi, og var \u00feeim v\u00f6rn um daga og stj\u00f6rnulogi \u00e1 n\u00f3ttum.<a name=\"18\"><span class=\"versanumer\">18<\/span><\/a>H\u00fan flutti \u00fe\u00e1 yfir Rau\u00f0ahafi\u00f0, og leiddi \u00fe\u00e1 gegnum mikil v\u00f6tn.<a name=\"19\"><span class=\"versanumer\">19<\/span><\/a>En \u00feeirra \u00f3vinum drekkti h\u00fan og kasta\u00f0i \u00feeim \u00e1 land \u00far d\u00fdpt afgrunnsins <span class='VideyAth'>(sj\u00e1varins)<\/span>.<a name=\"20\"><span class=\"versanumer\">20<\/span><\/a>\u00dev\u00ed r\u00e6ndu r\u00e9ttl\u00e1tir \u00fe\u00e1 gu\u00f0lausu og vegs\u00f6mu\u00f0u Drottin, me\u00f0 lofs\u00f6ngum \u00feitt heilaga nafn, og hr\u00f3su\u00f0u einhuga \u00feinni styrku h\u00f6nd.<a name=\"21\"><span class=\"versanumer\">21<\/span><\/a>\u00dev\u00ed spekin opna\u00f0i munn \u00feeirra m\u00e1llausu, og gj\u00f6r\u00f0i tungur ungbarna m\u00e1lsnjallar.<\/p>\n<div class=\"footnoteVidey\"><\/div>\n","protected":false},"excerpt":{"rendered":"<p>Vitnisbur\u00f0ur s\u00f6gunnar um spekina. 1H\u00fan (spekin) var\u00f0veitti \u00feann fyrst skapa\u00f0a f\u00f6\u00f0ur heimsins, sem einn var skapa\u00f0ur, og bjarga\u00f0i honum fr\u00e1 hans yfirtro\u00f0slu,2og gaf honum kraft til a\u00f0 drottna yfir \u00f6llu.3En fr\u00e1 henni f\u00e9ll s\u00e1 rangl\u00e1ti \u00ed sinni rei\u00f0i og tort\u00edndist \u00e1samt \u00ed br\u00f3\u00f0urmor\u00f0sge\u00f0inu.4Spekin frelsa\u00f0i aftur \u00fe\u00e1, sakir hans, yfirfl\u00e6ddu j\u00f6r\u00f0, s\u00fa sem st\u00fdr\u00f0i \u00feeim r\u00e9ttv\u00edsa \u00e1 l\u00edtilsver\u00f0u tr\u00e9, um bylgjurnar.5H\u00fan fann l\u00edka \u00feann r\u00e9ttl\u00e1ta (Abraham) og var\u00f0veitti hann \u00f3straffanlegan fyrir Gu\u00f0i, \u00feegar f\u00f3lki\u00f0 var trufla\u00f0 or\u00f0i\u00f0 af vonskunni, og vernda\u00f0i hann styrkvan, \u00fe\u00f3 hann elska\u00f0i innilega barn sitt.6H\u00fan bjarga\u00f0i \u00feeim r\u00e9ttl\u00e1ta \u00feegar \u00feeir gu\u00f0lausu fyrirf\u00f3rust, a\u00f0 hann umfl\u00fa\u00f0i eldinn, sem <a href=\"https:\/\/biblian.is\/videy\/speki-salomons-10-kafli\/\"> [&#8230;]<\/a><\/p>\n","protected":false},"author":1,"featured_media":0,"parent":0,"menu_order":0,"comment_status":"open","ping_status":"open","template":"bibliukaflar.php","meta":{"footnotes":""},"class_list":["post-22085","page","type-page","status-publish","hentry"],"_links":{"self":[{"href":"https:\/\/biblian.is\/videy\/wp-json\/wp\/v2\/pages\/22085","targetHints":{"allow":["GET"]}}],"collection":[{"href":"https:\/\/biblian.is\/videy\/wp-json\/wp\/v2\/pages"}],"about":[{"href":"https:\/\/biblian.is\/videy\/wp-json\/wp\/v2\/types\/page"}],"author":[{"embeddable":true,"href":"https:\/\/biblian.is\/videy\/wp-json\/wp\/v2\/users\/1"}],"replies":[{"embeddable":true,"href":"https:\/\/biblian.is\/videy\/wp-json\/wp\/v2\/comments?post=22085"}],"version-history":[{"count":0,"href":"https:\/\/biblian.is\/videy\/wp-json\/wp\/v2\/pages\/22085\/revisions"}],"wp:attachment":[{"href":"https:\/\/biblian.is\/videy\/wp-json\/wp\/v2\/media?parent=22085"}],"curies":[{"name":"wp","href":"https:\/\/api.w.org\/{rel}","templated":true}]}}