{"id":22083,"date":"2018-01-02T01:05:29","date_gmt":"2018-01-02T01:05:29","guid":{"rendered":"http:\/\/biblian.is\/videy\/speki-salomons-8-kafli\/"},"modified":"2018-01-02T01:05:29","modified_gmt":"2018-01-02T01:05:29","slug":"speki-salomons-8-kafli","status":"publish","type":"page","link":"https:\/\/biblian.is\/videy\/speki-salomons-8-kafli\/","title":{"rendered":"Speki Sal\u00f3mons 8. kafli"},"content":{"rendered":"<div class=\"fyrirsognVidey\">Sama efni.<\/div>\n<p><a name=\"1\"><span class=\"versanumer\">1<\/span><\/a>H\u00fan n\u00e6r volduglega fr\u00e1 einum enda <span class='VideyAth'>(jar\u00f0arinnar)<\/span> til annars, og ni\u00f0urskipar \u00f6llu vel.<a name=\"2\"><span class=\"versanumer\">2<\/span><\/a>\u00deessa elska\u00f0i eg og elti fr\u00e1 minni \u00e6sku: eg leita\u00f0ist vi\u00f0 a\u00f0 lei\u00f0a hana heim til m\u00edn, sem br\u00fa\u00f0ur og elska\u00f0i hennar fegur\u00f0.<a name=\"3\"><span class=\"versanumer\">3<\/span><\/a>H\u00fan hr\u00f3sar sinni \u00e6tt, a\u00f0 \u00fev\u00ed leyti h\u00fan umgengst Gu\u00f0; og Drottinn allra hluta elskar hana.<a name=\"4\"><span class=\"versanumer\">4<\/span><\/a>\u00dev\u00ed h\u00fan er kunnug Gu\u00f0s skilnings leyndard\u00f3mum, og velur hans verk.<a name=\"5\"><span class=\"versanumer\">5<\/span><\/a>S\u00e9 au\u00f0leg\u00f0 \u00e6skilegt hnoss \u00ed \u00feessu l\u00edfi: hva\u00f0 er \u00fe\u00e1 au\u00f0ugra en spekin, sem aflar alls?<a name=\"6\"><span class=\"versanumer\">6<\/span><\/a>En ef a\u00f0 hyggindin eru aflas\u00f6m: hv\u00f6r me\u00f0al allra er meiri meistari en h\u00fan?<a name=\"7\"><span class=\"versanumer\">7<\/span><\/a>Og elski menn r\u00e9ttv\u00edsi: hennar <span class='VideyAth'>(spekinnar)<\/span> verk eru dygg\u00f0ir; \u00fev\u00ed h\u00f3fsemi og hyggindi kennir h\u00fan, r\u00e9ttv\u00edsi og hugpr\u00fd\u00f0i, sem er \u00fea\u00f0 hollasta \u00ed manna l\u00edfi.<a name=\"8\"><span class=\"versanumer\">8<\/span><\/a>En ef menn girnast mikla reynslu, \u00fe\u00e1 veit h\u00fan hi\u00f0 umli\u00f0na og r\u00e6\u00f0ur \u00ed \u00fea\u00f0 \u00f3komna; h\u00fan skilur talsins huldu meiningu, og leysir \u00far g\u00e1tum; teikn og undur \u00feekkir h\u00fan fyrirfram og endir t\u00e6kif\u00e6ris og t\u00edma.<a name=\"9\"><span class=\"versanumer\">9<\/span><\/a>\u00deess vegna einsetti eg m\u00e9r a\u00f0 flytja hana heim til m\u00edn sem stallsystir; \u00fev\u00ed eg vissi upp \u00e1 v\u00edst a\u00f0 h\u00fan mundi r\u00e1\u00f0a m\u00e9r heilt og hugga mig \u00ed \u00e1hyggjum og sorg.<a name=\"10\"><span class=\"versanumer\">10<\/span><\/a>\u201eFyrir hennar sakir, <span class='VideyAth'>(hugsa\u00f0i eg)<\/span> mun eg f\u00e1 hr\u00f3s me\u00f0al f\u00f3lksins, og hei\u00f0ur hj\u00e1 g\u00f6mlum og ungum.<a name=\"11\"><span class=\"versanumer\">11<\/span><\/a>\u00cd d\u00f3mi mun eg \u00feykja skarpvitur, og \u00feeir voldugu munu d\u00e1st a\u00f0 m\u00e9r.<a name=\"12\"><span class=\"versanumer\">12<\/span><\/a>\u00deegi eg, munu \u00feeir b\u00ed\u00f0a \u00feess eg tali, og tali eg, svo munu \u00feeir hl\u00fd\u00f0a \u00e1, og haldi eg talinu \u00e1fram, leggja h\u00f6nd s\u00e9r \u00e1 munn.<a name=\"13\"><span class=\"versanumer\">13<\/span><\/a>Sakir hennar mun eg ver\u00f0a \u00f3dau\u00f0legur, og eftirskilja eil\u00edfa endurminning hj\u00e1 m\u00ednum eftirkomurum.<a name=\"14\"><span class=\"versanumer\">14<\/span><\/a>Eg mun st\u00fdra \u00fej\u00f3\u00f0um, og l\u00fd\u00f0ir munu ver\u00f0a m\u00e9r undirgefnir.<a name=\"15\"><span class=\"versanumer\">15<\/span><\/a>\u00d3ttalegir t\u00fdrannar munu \u00f3ttast mig, \u00fe\u00e1 \u00feeir af m\u00e9r spyrja; \u00e1 mannfundum mun eg \u00feykja duglegur, og \u00ed str\u00ed\u00f0um \u00f6ruggur.<a name=\"16\"><span class=\"versanumer\">16<\/span><\/a>\u00cd mitt h\u00fas inngenginn mun eg endurn\u00e6ra mig \u00e1 henni. \u00dev\u00ed engin beiskja er \u00ed umgengni vi\u00f0 hana, n\u00e9 sorg \u00ed hennar f\u00e9lagskap, heldur gla\u00f0v\u00e6r\u00f0 og f\u00f6gnu\u00f0ur\u201c. <br \/><a name=\"17\"><span class=\"versanumer\">17<\/span><\/a>\u00deegar eg hugsa\u00f0i \u00feetta me\u00f0 sj\u00e1lfum m\u00e9r, og yfirvega\u00f0i \u00ed m\u00ednu hjarta, a\u00f0 \u00f3dau\u00f0legleiki v\u00e6ri \u00ed samb\u00fa\u00f0 vi\u00f0 spekina,<a name=\"18\"><span class=\"versanumer\">18<\/span><\/a>og \u00e1g\u00e6t una\u00f0semd \u00ed hennar vinskap, og \u00f3forgengilegur au\u00f0ur \u00ed verkum hennar handa, og hyggindi a\u00f0 venja sig \u00e1, a\u00f0 umgangast hana, og nafnfr\u00e6g\u00f0 a\u00f0 tala vi\u00f0 hana: svo f\u00f3r eg um kring og leita\u00f0i, a\u00f0 eg n\u00e6\u00f0i henni til m\u00edn.<br \/><a name=\"19\"><span class=\"versanumer\">19<\/span><\/a>En eg var velarta\u00f0 barn og haf\u00f0i fengi\u00f0 g\u00f3\u00f0a s\u00e1l;<a name=\"20\"><span class=\"versanumer\">20<\/span><\/a>e\u00f0a \u00fe\u00f3 heldur, af \u00fev\u00ed eg var g\u00f3\u00f0ur, svo kom eg <span class='VideyAth'>(m\u00edn s\u00e1l)<\/span> \u00ed flekklausan l\u00edkama.<a name=\"21\"><span class=\"versanumer\">21<\/span><\/a>En \u00fear e\u00f0 eg vissi, a\u00f0 eg mundi ei geta n\u00e1\u00f0 <span class='VideyAth'>(spekinni)<\/span>, nema Gu\u00f0 g\u00e6fi m\u00e9r hana, <span class='VideyAth'>(og jafnvel var hyggni a\u00f0 vita \u00fea\u00f0, hv\u00f6rs \u00fea\u00f0 er a\u00f0 gefa n\u00e1\u00f0argj\u00f6f)<\/span> svo sneri eg m\u00e9r til Herrans, og ba\u00f0 hann og sag\u00f0i af einl\u00e6gu hjarta:<\/p>\n<div class=\"footnoteVidey\"><\/div>\n","protected":false},"excerpt":{"rendered":"<p>Sama efni. 1H\u00fan n\u00e6r volduglega fr\u00e1 einum enda (jar\u00f0arinnar) til annars, og ni\u00f0urskipar \u00f6llu vel.2\u00deessa elska\u00f0i eg og elti fr\u00e1 minni \u00e6sku: eg leita\u00f0ist vi\u00f0 a\u00f0 lei\u00f0a hana heim til m\u00edn, sem br\u00fa\u00f0ur og elska\u00f0i hennar fegur\u00f0.3H\u00fan hr\u00f3sar sinni \u00e6tt, a\u00f0 \u00fev\u00ed leyti h\u00fan umgengst Gu\u00f0; og Drottinn allra hluta elskar hana.4\u00dev\u00ed h\u00fan er kunnug Gu\u00f0s skilnings leyndard\u00f3mum, og velur hans verk.5S\u00e9 au\u00f0leg\u00f0 \u00e6skilegt hnoss \u00ed \u00feessu l\u00edfi: hva\u00f0 er \u00fe\u00e1 au\u00f0ugra en spekin, sem aflar alls?6En ef a\u00f0 hyggindin eru aflas\u00f6m: hv\u00f6r me\u00f0al allra er meiri meistari en h\u00fan?7Og elski menn r\u00e9ttv\u00edsi: hennar (spekinnar) verk eru dygg\u00f0ir; \u00fev\u00ed h\u00f3fsemi <a href=\"https:\/\/biblian.is\/videy\/speki-salomons-8-kafli\/\"> [&#8230;]<\/a><\/p>\n","protected":false},"author":1,"featured_media":0,"parent":0,"menu_order":0,"comment_status":"open","ping_status":"open","template":"bibliukaflar.php","meta":{"footnotes":""},"class_list":["post-22083","page","type-page","status-publish","hentry"],"_links":{"self":[{"href":"https:\/\/biblian.is\/videy\/wp-json\/wp\/v2\/pages\/22083","targetHints":{"allow":["GET"]}}],"collection":[{"href":"https:\/\/biblian.is\/videy\/wp-json\/wp\/v2\/pages"}],"about":[{"href":"https:\/\/biblian.is\/videy\/wp-json\/wp\/v2\/types\/page"}],"author":[{"embeddable":true,"href":"https:\/\/biblian.is\/videy\/wp-json\/wp\/v2\/users\/1"}],"replies":[{"embeddable":true,"href":"https:\/\/biblian.is\/videy\/wp-json\/wp\/v2\/comments?post=22083"}],"version-history":[{"count":0,"href":"https:\/\/biblian.is\/videy\/wp-json\/wp\/v2\/pages\/22083\/revisions"}],"wp:attachment":[{"href":"https:\/\/biblian.is\/videy\/wp-json\/wp\/v2\/media?parent=22083"}],"curies":[{"name":"wp","href":"https:\/\/api.w.org\/{rel}","templated":true}]}}