{"id":22082,"date":"2018-01-02T01:05:29","date_gmt":"2018-01-02T01:05:29","guid":{"rendered":"http:\/\/biblian.is\/videy\/speki-salomons-7-kafli\/"},"modified":"2018-01-02T01:05:29","modified_gmt":"2018-01-02T01:05:29","slug":"speki-salomons-7-kafli","status":"publish","type":"page","link":"https:\/\/biblian.is\/videy\/speki-salomons-7-kafli\/","title":{"rendered":"Speki Sal\u00f3mons 7. kafli"},"content":{"rendered":"<div class=\"fyrirsognVidey\">Hv\u00f6rnin spekinnar skal leita, og hva\u00f0 h\u00fan s\u00e9.<\/div>\n<p><a name=\"1\"><span class=\"versanumer\">1<\/span><\/a>Vissulega er eg l\u00edka dau\u00f0legur ma\u00f0ur, l\u00edkur \u00f6llum <span class='VideyAth'>(\u00f6\u00f0rum)<\/span>, ni\u00f0ji \u00feess sem fyrst var skapa\u00f0ur af j\u00f6r\u00f0u,<a name=\"2\"><span class=\"versanumer\">2<\/span><\/a>og eg var mynda\u00f0ur sem hold \u00ed m\u00f3\u00f0url\u00edfi \u00e1 10 m\u00e1na\u00f0a t\u00edma, \u00ed bl\u00f3\u00f0 samanrunnin af manns s\u00e6\u00f0i, og \u00ed muna\u00f0i, samfarasvefni.<a name=\"3\"><span class=\"versanumer\">3<\/span><\/a>L\u00edka dr\u00f3 eg a\u00f0 m\u00e9r, \u00fe\u00e1 eg var f\u00e6ddur, \u00fea\u00f0 sameiginlega loft, og datt \u00e1 \u00fe\u00e1 samkynja j\u00f6r\u00f0, og mitt fyrsta hlj\u00f3\u00f0, l\u00edkt hj\u00e1 \u00f6llum, sendi eg fr\u00e1 m\u00e9r gr\u00e1tandi.<a name=\"4\"><span class=\"versanumer\">4<\/span><\/a>\u00cd reyfum var eg uppf\u00f3stra\u00f0ur me\u00f0 \u00e1hyggju,<a name=\"5\"><span class=\"versanumer\">5<\/span><\/a>\u00fev\u00ed enginn k\u00f3ngur haf\u00f0i a\u00f0ra byrjun tilverunnar;<a name=\"6\"><span class=\"versanumer\">6<\/span><\/a>heldur hafa allir sama inngang til l\u00edfsins, og l\u00edkan \u00fatgang. <br \/><a name=\"7\"><span class=\"versanumer\">7<\/span><\/a>\u00dev\u00ed ba\u00f0 eg, og hyggindi voru m\u00e9r gefin; eg kalla\u00f0i og til m\u00edn kom andi spekinnar.<a name=\"8\"><span class=\"versanumer\">8<\/span><\/a>Eg matti hana meir en veldissp\u00edrur, og h\u00e1s\u00e6ti og r\u00edkd\u00f3m mat eg einkis \u00ed samanbur\u00f0i vi\u00f0 hana,<a name=\"9\"><span class=\"versanumer\">9<\/span><\/a>ekki t\u00f3k eg heldur til jafns vi\u00f0 hana \u00f3metanlega gimsteina; \u00fev\u00ed allt gull er, hj\u00e1 henni, l\u00edti\u00f0 sandkorn, og sem skarn er silfur a\u00f0 reikna, m\u00f3ts vi\u00f0 hana.<a name=\"10\"><span class=\"versanumer\">10<\/span><\/a>Eg elska\u00f0i hana meir en heilbrig\u00f0i og fr\u00ed\u00f0leika, og kaus heldur a\u00f0 eiga hana en lj\u00f3si\u00f0, \u00fear e\u00f0 hennar lj\u00f3mi slokknar aldrei.<a name=\"11\"><span class=\"versanumer\">11<\/span><\/a>En m\u00e9r hlotnu\u00f0ust me\u00f0 henni \u00f6ll g\u00e6\u00f0i, og \u00f3t\u00f6lulegur au\u00f0ur \u00ed hennar h\u00f6ndum.<a name=\"12\"><span class=\"versanumer\">12<\/span><\/a>Og eg gladdi mig vi\u00f0 allt, \u00fev\u00ed spekin kom me\u00f0 \u00fea\u00f0; en eg vissi ekki a\u00f0 h\u00fan var \u00feess m\u00f3\u00f0ir.<a name=\"13\"><span class=\"versanumer\">13<\/span><\/a>Saklauslega nam eg, og \u00f6fundslaust mi\u00f0la eg, hennar au\u00f0 fel eg ekki.<a name=\"14\"><span class=\"versanumer\">14<\/span><\/a>\u00dev\u00ed \u00f3\u00feverrandi sj\u00f3\u00f0ur er h\u00fan m\u00f6nnunum. Hv\u00f6r sem hann br\u00fakar, s\u00e1 hefir <span class='VideyAth'>(gj\u00f6rir)<\/span> vin\u00e1ttu vi\u00f0 Gu\u00f0, og m\u00e6la fram me\u00f0 honum \u00fe\u00e6r g\u00e1fur, sem spretta af menntaninni.<a name=\"15\"><span class=\"versanumer\">15<\/span><\/a>En Gu\u00f0 veiti m\u00e9r a\u00f0 tala eftir \u00f3sk, og a\u00f0 hugsa ver\u00f0ugt \u00fev\u00ed sem <span class='VideyAth'>(m\u00e9r)<\/span> er gefi\u00f0! \u00dev\u00ed hann er lei\u00f0togi til spekinnar, og Stj\u00f3rnari \u00feeirra sp\u00f6ku.<a name=\"16\"><span class=\"versanumer\">16<\/span><\/a>\u00dev\u00ed \u00ed hans hendi erum v\u00e9r og vort tal og \u00f6ll hyggindi og framkv\u00e6mdakunn\u00e1tta.<a name=\"17\"><span class=\"versanumer\">17<\/span><\/a>\u00dev\u00ed hann gaf m\u00e9r \u00f3svikula \u00feekkingu hlutanna, a\u00f0 skilja byggingu heimsins og kraft frumefnanna,<a name=\"18\"><span class=\"versanumer\">18<\/span><\/a>upphaf og endir og mi\u00f0ju t\u00edmans, umr\u00e1sarinnar gang, og \u00e1rst\u00ed\u00f0anna umskipti,<a name=\"19\"><span class=\"versanumer\">19<\/span><\/a>\u00e1ranna hringhlaup og stjarnanna st\u00f6\u00f0u,<a name=\"20\"><span class=\"versanumer\">20<\/span><\/a>n\u00e1tt\u00faru skepnanna og ge\u00f0r\u00edki villud\u00fdranna, krafta andanna, og hugsanir mannanna, mismun jurtanna og kraft r\u00f3tanna;<a name=\"21\"><span class=\"versanumer\">21<\/span><\/a>og eg \u00feekkti hva\u00f0 eina sem huli\u00f0 var og opinbert er;<a name=\"22\"><span class=\"versanumer\">22<\/span><\/a>\u00fev\u00ed spekin, allra hluta meistari, kenndi m\u00e9r \u00fea\u00f0. \u00dev\u00ed \u00ed henni er skynugur, heilagur, eingetinn, margskiptur, f\u00ednn, kviklegur, l\u00fdsandi, flekklaus, bjartur, \u00f3mei\u00f0anlegur, hi\u00f0 g\u00f3\u00f0a elskandi, beittur, \u00f3hindranlegur, g\u00f3\u00f0samur,<a name=\"23\"><span class=\"versanumer\">23<\/span><\/a>vinsamlegur, fastur, viss, \u00e1hyggjulaus, allt megnandi, allt sj\u00e1andi, og alla skynuga, hreina-bl\u00ed\u00f0a-anda, gegnumfarandi andi.<a name=\"24\"><span class=\"versanumer\">24<\/span><\/a>\u00dev\u00ed kviklegri enn \u00f6ll hreyfing er Spekin; h\u00fan fer og \u00ferengir s\u00e9r \u00ed gegnum allt, \u00fev\u00ed h\u00fan er svo hrein,<a name=\"25\"><span class=\"versanumer\">25<\/span><\/a>\u00fev\u00ed h\u00fan er andi <span class='VideyAth'>(andardr\u00e1ttur)<\/span> Gu\u00f0s m\u00e1ttar, og f\u00e6r \u00fatr\u00e1s af d\u00fdr\u00f0, \u00feess sem yfir \u00f6llu drottnar: \u00feess vegna getur ekkert saurugt \u00ed hana blandast.<a name=\"26\"><span class=\"versanumer\">26<\/span><\/a>\u00dev\u00ed h\u00fan er geisli \u00feess eil\u00edfa lj\u00f3ss, blettlaus spegill Gu\u00f0s framkv\u00e6mdar og mynd hans g\u00e6sku.<a name=\"27\"><span class=\"versanumer\">27<\/span><\/a>H\u00fan er ein, og megnar \u00fe\u00f3 allt, h\u00fan ver\u00f0ur hin sama, og endurn\u00fdjar \u00fe\u00f3 allt, h\u00fan flytur \u00ed heilagar s\u00e1lir fr\u00e1 kyni til kyns, tilrei\u00f0ir Gu\u00f0s vini og sp\u00e1menn.<a name=\"28\"><span class=\"versanumer\">28<\/span><\/a>\u00dev\u00ed Gu\u00f0 elskar ekkert nema \u00feann sem vi\u00f0 spekina er \u00ed samb\u00fa\u00f0.<a name=\"29\"><span class=\"versanumer\">29<\/span><\/a>H\u00fan er fegri en s\u00f3lin og efri \u00f6llum stjarnar\u00f6\u00f0um, borin saman vi\u00f0 lj\u00f3si\u00f0, reynist \u00fea\u00f0, a\u00f0 h\u00fan hefir yfirbur\u00f0i.<a name=\"30\"><span class=\"versanumer\">30<\/span><\/a>\u00dev\u00ed n\u00f3ttin kemur eftir \u00fea\u00f0, en m\u00f3t spekinni megnar ekkert vonskunnar ofbeldi.<\/p>\n<div class=\"footnoteVidey\">V. 18. Umr\u00e1sar: nl. himintunglanna.<\/div>\n","protected":false},"excerpt":{"rendered":"<p>Hv\u00f6rnin spekinnar skal leita, og hva\u00f0 h\u00fan s\u00e9. 1Vissulega er eg l\u00edka dau\u00f0legur ma\u00f0ur, l\u00edkur \u00f6llum (\u00f6\u00f0rum), ni\u00f0ji \u00feess sem fyrst var skapa\u00f0ur af j\u00f6r\u00f0u,2og eg var mynda\u00f0ur sem hold \u00ed m\u00f3\u00f0url\u00edfi \u00e1 10 m\u00e1na\u00f0a t\u00edma, \u00ed bl\u00f3\u00f0 samanrunnin af manns s\u00e6\u00f0i, og \u00ed muna\u00f0i, samfarasvefni.3L\u00edka dr\u00f3 eg a\u00f0 m\u00e9r, \u00fe\u00e1 eg var f\u00e6ddur, \u00fea\u00f0 sameiginlega loft, og datt \u00e1 \u00fe\u00e1 samkynja j\u00f6r\u00f0, og mitt fyrsta hlj\u00f3\u00f0, l\u00edkt hj\u00e1 \u00f6llum, sendi eg fr\u00e1 m\u00e9r gr\u00e1tandi.4\u00cd reyfum var eg uppf\u00f3stra\u00f0ur me\u00f0 \u00e1hyggju,5\u00fev\u00ed enginn k\u00f3ngur haf\u00f0i a\u00f0ra byrjun tilverunnar;6heldur hafa allir sama inngang til l\u00edfsins, og l\u00edkan \u00fatgang. 7\u00dev\u00ed ba\u00f0 eg, og <a href=\"https:\/\/biblian.is\/videy\/speki-salomons-7-kafli\/\"> [&#8230;]<\/a><\/p>\n","protected":false},"author":1,"featured_media":0,"parent":0,"menu_order":0,"comment_status":"open","ping_status":"open","template":"bibliukaflar.php","meta":{"footnotes":""},"class_list":["post-22082","page","type-page","status-publish","hentry"],"_links":{"self":[{"href":"https:\/\/biblian.is\/videy\/wp-json\/wp\/v2\/pages\/22082","targetHints":{"allow":["GET"]}}],"collection":[{"href":"https:\/\/biblian.is\/videy\/wp-json\/wp\/v2\/pages"}],"about":[{"href":"https:\/\/biblian.is\/videy\/wp-json\/wp\/v2\/types\/page"}],"author":[{"embeddable":true,"href":"https:\/\/biblian.is\/videy\/wp-json\/wp\/v2\/users\/1"}],"replies":[{"embeddable":true,"href":"https:\/\/biblian.is\/videy\/wp-json\/wp\/v2\/comments?post=22082"}],"version-history":[{"count":0,"href":"https:\/\/biblian.is\/videy\/wp-json\/wp\/v2\/pages\/22082\/revisions"}],"wp:attachment":[{"href":"https:\/\/biblian.is\/videy\/wp-json\/wp\/v2\/media?parent=22082"}],"curies":[{"name":"wp","href":"https:\/\/api.w.org\/{rel}","templated":true}]}}