{"id":22081,"date":"2018-01-02T01:05:29","date_gmt":"2018-01-02T01:05:29","guid":{"rendered":"http:\/\/biblian.is\/videy\/speki-salomons-6-kafli\/"},"modified":"2018-01-02T01:05:29","modified_gmt":"2018-01-02T01:05:29","slug":"speki-salomons-6-kafli","status":"publish","type":"page","link":"https:\/\/biblian.is\/videy\/speki-salomons-6-kafli\/","title":{"rendered":"Speki Sal\u00f3mons 6. kafli"},"content":{"rendered":"<div class=\"fyrirsognVidey\">Sama efni.<\/div>\n<p><a name=\"1\"><span class=\"versanumer\">1<\/span><\/a>Heyri\u00f0 n\u00fa, \u00fe\u00e9r k\u00f3ngar, og ver\u00f0i\u00f0 hyggnir! l\u00e6ri\u00f0, \u00fe\u00e9r d\u00f3marar jar\u00f0arinnar endimarka!<a name=\"2\"><span class=\"versanumer\">2<\/span><\/a>Leggi\u00f0 vi\u00f0 eyrun, drottnendur yfir fj\u00f6ldanum, og \u00fe\u00e9r sem hefji\u00f0 y\u00f0ur yfir \u00fej\u00f3\u00f0anna flokka!<a name=\"3\"><span class=\"versanumer\">3<\/span><\/a>\u00dev\u00ed af Drottni er y\u00f0ur herrad\u00e6mi\u00f0 gefi\u00f0, og valdi\u00f0 af \u00feeim \u00e6\u00f0sta, sem mun rannsaka y\u00f0ar verk og grennslast eftir y\u00f0ar r\u00e1\u00f0agj\u00f6r\u00f0um;<a name=\"4\"><span class=\"versanumer\">4<\/span><\/a>\u00fev\u00ed, sem \u00fej\u00f3nar hans konungd\u00f3ms, hafi\u00f0 \u00fe\u00e9r ekki r\u00e9tt d\u00e6mt og ekki hans l\u00f6gm\u00e1ls g\u00e6tt, n\u00e9 eftir Gu\u00f0s vilja breytt.<a name=\"5\"><span class=\"versanumer\">5<\/span><\/a>\u00d3ttalega og skj\u00f3tlega mun hann yfir y\u00f0ur koma; \u00fev\u00ed strangur d\u00f3mur gengur yfir \u00fe\u00e1 sem valdi\u00f0 hafa.<a name=\"6\"><span class=\"versanumer\">6<\/span><\/a>\u00dev\u00ed \u00feeim l\u00edtilm\u00f3tlegu er af n\u00e1\u00f0 fyrirgefandi, en \u00feeim voldugu mun ver\u00f0a volduglega refsa\u00f0.<a name=\"7\"><span class=\"versanumer\">7<\/span><\/a>\u00dev\u00ed s\u00e1 sem drottnar yfir \u00f6llum, mun engan hr\u00e6\u00f0ast, og ekki f\u00e6last \u00fe\u00e1 miklu; \u00fev\u00ed hann hefir gj\u00f6rt sm\u00e1an og st\u00f3ran, og elur jafnt \u00f6nn fyrir \u00f6llum.<a name=\"8\"><span class=\"versanumer\">8<\/span><\/a>En yfir \u00fe\u00e1 voldugu kemur str\u00f6ng ranns\u00f3kn.<a name=\"9\"><span class=\"versanumer\">9<\/span><\/a>Til y\u00f0ar \u00fev\u00ed, drottnendur, er mitt tal st\u00edla\u00f0, svo a\u00f0 \u00fe\u00e9r l\u00e6ri\u00f0 visku, og rasi\u00f0 ekki.<a name=\"10\"><span class=\"versanumer\">10<\/span><\/a>\u00dev\u00ed \u00feeir sem heilaglega var\u00f0veita hi\u00f0 heilaga, ver\u00f0a helga\u00f0ir, og \u00feeir sem sl\u00edkt hafa numi\u00f0, munu fr\u00edkenndir ver\u00f0a.<a name=\"11\"><span class=\"versanumer\">11<\/span><\/a>Svo veri\u00f0 \u00fe\u00e1 s\u00f3lgnir \u00ed mitt tal, og hafi\u00f0 l\u00f6ngun til \u00feess, og \u00fe\u00e9r munu\u00f0 f\u00e1 uppfr\u00e6\u00f0ingu! <br \/><a name=\"12\"><span class=\"versanumer\">12<\/span><\/a>Lj\u00f3mandi er spekin og bl\u00f3mleg, og au\u00f0veldlega geta \u00feeir, sem hana elska, s\u00e9\u00f0 hana, og \u00feeir sem hennar leita, fundi\u00f0 hana.<a name=\"13\"><span class=\"versanumer\">13<\/span><\/a>H\u00fan l\u00e6tur \u00fe\u00e1, sem til hennar l\u00f6ngun hafa, \u00feekkja sig a\u00f0 fyrra brag\u00f0i.<a name=\"14\"><span class=\"versanumer\">14<\/span><\/a>S\u00e1 sem snemma fer \u00e1 f\u00e6tur hennar a\u00f0 leita, mun enga fyrirh\u00f6fn hafa, \u00fev\u00ed hann finnur hana sitjandi vi\u00f0 s\u00ednar h\u00fassdyr.<a name=\"15\"><span class=\"versanumer\">15<\/span><\/a>\u00dev\u00ed a\u00f0 hugsa um hana er fullkomnun hyggindanna, og hv\u00f6r sem hennar vegna vakir, mun flj\u00f3tt ver\u00f0a \u00e1hyggjulaus.<a name=\"16\"><span class=\"versanumer\">16<\/span><\/a>\u00dev\u00ed h\u00fan gengur um kring og leitar \u00feeirra sj\u00e1lf sem hennar eru maklegir, og s\u00fdnir sig \u00feeim vinsamlega, \u00e1 \u00feeirra vegum, og m\u00e6tir \u00feeim \u00ed \u00f6llum \u00feeirra hugsunum.<a name=\"17\"><span class=\"versanumer\">17<\/span><\/a>\u00dea\u00f0 \u00e1rei\u00f0anlegasta upphaf hennar er l\u00f6ngun eftir uppfr\u00e6\u00f0ingu, en vi\u00f0leitni a\u00f0 fr\u00e6\u00f0ast er elska.<a name=\"18\"><span class=\"versanumer\">18<\/span><\/a>En elska er var\u00f0veisla hennar laga, en a\u00f0 halda l\u00f6gin er fullvissa um \u00f3dau\u00f0legleika,<a name=\"19\"><span class=\"versanumer\">19<\/span><\/a>en \u00f3dau\u00f0legleikinn flytur <span class='VideyAth'>(menn)<\/span> \u00ed n\u00e1nd vi\u00f0 Gu\u00f0.<a name=\"20\"><span class=\"versanumer\">20<\/span><\/a>L\u00f6ngun til speki lei\u00f0ir til herrad\u00e6mis.<a name=\"21\"><span class=\"versanumer\">21<\/span><\/a>Ef \u00fe\u00e9r n\u00fa hafi\u00f0 l\u00f6ngun til h\u00e1s\u00e6ta og veldissprota, \u00fe\u00e9r, \u00fej\u00f3\u00f0anna yfirdrottnendur, svo hei\u00f0ri\u00f0 spekina, svo \u00fe\u00e9r drottni\u00f0 eil\u00edflega!<a name=\"22\"><span class=\"versanumer\">22<\/span><\/a>En hva\u00f0 speki s\u00e9, og hv\u00f6rnig h\u00fan s\u00e9 til or\u00f0in, \u00fea\u00f0 vil eg kunngj\u00f6ra, og ei dylja fyrir y\u00f0ur <span class='VideyAth'>(hennar)<\/span> leyndard\u00f3ma; heldur vil eg fr\u00e1 upphafi sk\u00f6punar eftirgrennslast, og gj\u00f6ra hennar \u00feekkingu lj\u00f3sa, og ei fara framhj\u00e1 sannleikanum.<a name=\"23\"><span class=\"versanumer\">23<\/span><\/a>J\u00e1, ekki vil eg vera samfer\u00f0a \u00feeirri m\u00f6gru \u00f6fund; \u00fev\u00ed \u00feessi mun aldrei eiga hlut \u00ed spekinni.<a name=\"24\"><span class=\"versanumer\">24<\/span><\/a>Merg\u00f0 spekinga er heimsins l\u00e1n, og hygginn konungur velvegnan f\u00f3lksins.<a name=\"25\"><span class=\"versanumer\">25<\/span><\/a>L\u00e1ti\u00f0 y\u00f0ur \u00fev\u00ed fr\u00e6\u00f0a af m\u00ednum or\u00f0um, og \u00fea\u00f0 mun y\u00f0ur a\u00f0 gagni koma.<\/p>\n<div class=\"footnoteVidey\"><\/div>\n","protected":false},"excerpt":{"rendered":"<p>Sama efni. 1Heyri\u00f0 n\u00fa, \u00fe\u00e9r k\u00f3ngar, og ver\u00f0i\u00f0 hyggnir! l\u00e6ri\u00f0, \u00fe\u00e9r d\u00f3marar jar\u00f0arinnar endimarka!2Leggi\u00f0 vi\u00f0 eyrun, drottnendur yfir fj\u00f6ldanum, og \u00fe\u00e9r sem hefji\u00f0 y\u00f0ur yfir \u00fej\u00f3\u00f0anna flokka!3\u00dev\u00ed af Drottni er y\u00f0ur herrad\u00e6mi\u00f0 gefi\u00f0, og valdi\u00f0 af \u00feeim \u00e6\u00f0sta, sem mun rannsaka y\u00f0ar verk og grennslast eftir y\u00f0ar r\u00e1\u00f0agj\u00f6r\u00f0um;4\u00fev\u00ed, sem \u00fej\u00f3nar hans konungd\u00f3ms, hafi\u00f0 \u00fe\u00e9r ekki r\u00e9tt d\u00e6mt og ekki hans l\u00f6gm\u00e1ls g\u00e6tt, n\u00e9 eftir Gu\u00f0s vilja breytt.5\u00d3ttalega og skj\u00f3tlega mun hann yfir y\u00f0ur koma; \u00fev\u00ed strangur d\u00f3mur gengur yfir \u00fe\u00e1 sem valdi\u00f0 hafa.6\u00dev\u00ed \u00feeim l\u00edtilm\u00f3tlegu er af n\u00e1\u00f0 fyrirgefandi, en \u00feeim voldugu mun ver\u00f0a volduglega refsa\u00f0.7\u00dev\u00ed s\u00e1 sem drottnar yfir <a href=\"https:\/\/biblian.is\/videy\/speki-salomons-6-kafli\/\"> [&#8230;]<\/a><\/p>\n","protected":false},"author":1,"featured_media":0,"parent":0,"menu_order":0,"comment_status":"open","ping_status":"open","template":"bibliukaflar.php","meta":{"footnotes":""},"class_list":["post-22081","page","type-page","status-publish","hentry"],"_links":{"self":[{"href":"https:\/\/biblian.is\/videy\/wp-json\/wp\/v2\/pages\/22081","targetHints":{"allow":["GET"]}}],"collection":[{"href":"https:\/\/biblian.is\/videy\/wp-json\/wp\/v2\/pages"}],"about":[{"href":"https:\/\/biblian.is\/videy\/wp-json\/wp\/v2\/types\/page"}],"author":[{"embeddable":true,"href":"https:\/\/biblian.is\/videy\/wp-json\/wp\/v2\/users\/1"}],"replies":[{"embeddable":true,"href":"https:\/\/biblian.is\/videy\/wp-json\/wp\/v2\/comments?post=22081"}],"version-history":[{"count":0,"href":"https:\/\/biblian.is\/videy\/wp-json\/wp\/v2\/pages\/22081\/revisions"}],"wp:attachment":[{"href":"https:\/\/biblian.is\/videy\/wp-json\/wp\/v2\/media?parent=22081"}],"curies":[{"name":"wp","href":"https:\/\/api.w.org\/{rel}","templated":true}]}}