{"id":22080,"date":"2018-01-02T01:05:29","date_gmt":"2018-01-02T01:05:29","guid":{"rendered":"http:\/\/biblian.is\/videy\/speki-salomons-5-kafli\/"},"modified":"2018-01-02T01:05:29","modified_gmt":"2018-01-02T01:05:29","slug":"speki-salomons-5-kafli","status":"publish","type":"page","link":"https:\/\/biblian.is\/videy\/speki-salomons-5-kafli\/","title":{"rendered":"Speki Sal\u00f3mons 5. kafli"},"content":{"rendered":"<div class=\"fyrirsognVidey\">Sama efni.<\/div>\n<p><a name=\"1\"><span class=\"versanumer\">1<\/span><\/a>\u00de\u00e1 mun s\u00e1 r\u00e9ttl\u00e1ti standa \u00feeim gagnvart me\u00f0 mikilli einur\u00f0, sem \u00fer\u00f6ngvu\u00f0u honum og m\u00f6ttu einkis hans m\u00e6\u00f0u.<a name=\"2\"><span class=\"versanumer\">2<\/span><\/a>\u00deegar \u00feeir sj\u00e1 hann munu \u00feeir skelfast af \u00e1kafri hr\u00e6\u00f0slu, og \u00feeim mun ver\u00f0a bilt vi\u00f0 \u00fe\u00e1 \u00f3v\u00e6ntu s\u00e6lu.<a name=\"3\"><span class=\"versanumer\">3<\/span><\/a>\u00deeir munu segja hv\u00f6r vi\u00f0 annan, \u00fe\u00e1 \u00feeir hafa fengi\u00f0 anna\u00f0 sinni, og andvarpa af angist andans. \u201e\u00deessi var \u00fe\u00e1 s\u00e1, sem v\u00e9r h\u00f6f\u00f0um a\u00f0 athl\u00e1tri og h\u00e1\u00f0uglegu m\u00e1lt\u00e6ki.<a name=\"4\"><span class=\"versanumer\">4<\/span><\/a>V\u00e9r d\u00e1rar h\u00e9ldum hans l\u00edf vitleysu, og hans endalykt \u00e6rulausa.<a name=\"5\"><span class=\"versanumer\">5<\/span><\/a>Hv\u00f6rnig var hann reikna\u00f0ur me\u00f0al Gu\u00f0s barna, og hans hlutskipti er me\u00f0al \u00feeirra heil\u00f6gu!<a name=\"6\"><span class=\"versanumer\">6<\/span><\/a>\u00de\u00e1 h\u00f6fum v\u00e9r villst fr\u00e1 sannleikans vegi, og lj\u00f3s r\u00e9ttl\u00e6tisins l\u00fdsti oss ekki, og s\u00f3lin rann oss ekki upp.<a name=\"7\"><span class=\"versanumer\">7<\/span><\/a>V\u00e9r \u00fereyttum oss \u00e1 rangl\u00e6tisins og \u00f3g\u00e6funnar stigum, og f\u00f3rum um \u00f3vega\u00f0a au\u00f0n; en Herrans veg \u00feekktum v\u00e9r ekki.<a name=\"8\"><span class=\"versanumer\">8<\/span><\/a>Hva\u00f0 hj\u00e1lpa\u00f0i oss \u00fe\u00f3ttinn, og hv\u00f6rn hagna\u00f0 f\u00e6r\u00f0i oss au\u00f0urinn me\u00f0 metna\u00f0inum?<a name=\"9\"><span class=\"versanumer\">9<\/span><\/a>Horfi\u00f0 er \u00feetta allt eins og skuggi og framhj\u00e1farandi bo\u00f0skapur.<a name=\"10\"><span class=\"versanumer\">10<\/span><\/a>Eins og skip, sem fer um vatnsins bylgjur, hv\u00f6rs r\u00e1sar engin spor finnast, og ekki heldur fari\u00f0 eftir \u00feess kj\u00f6l \u00ed bylgjunum;<a name=\"11\"><span class=\"versanumer\">11<\/span><\/a>e\u00f0a eins og ekkert merki ver\u00f0ur fundi\u00f0 af r\u00e1s \u00feess fugls sem fl\u00fdgur um lofti\u00f0, um \u00fea\u00f0 l\u00e9tta loft, af v\u00e6ngjanna sl\u00e6tti lami\u00f0, og hv\u00ednandi krafti klofi\u00f0, fer fuglinn \u00e1fram \u00e1 veifu\u00f0um v\u00e6ngjum, og \u00fear eftir finnst ekkert merki fuglsins \u00ed \u00fev\u00ed;<a name=\"12\"><span class=\"versanumer\">12<\/span><\/a>e\u00f0a eins og \u00fe\u00e1 \u00f6r er skoti\u00f0 til marks, \u00fea\u00f0 klofna loft fl\u00fdtur aftur saman \u00ed sj\u00e1lft sig, svo menn vita ekki framar hvar \u00f6rin f\u00f3r.<a name=\"13\"><span class=\"versanumer\">13<\/span><\/a>Svona erum v\u00e9r l\u00edka burthorfnir, eftir a\u00f0 v\u00e9r f\u00e6ddumst, og h\u00f6fum ekkert merki vorrar dygg\u00f0ar a\u00f0 s\u00fdna, heldur er oss burt kippt mitt \u00ed vorri vonsku\u201c.<br \/><a name=\"14\"><span class=\"versanumer\">14<\/span><\/a>J\u00e1, von \u00feeirra gu\u00f0lausu er sem fis, sem vindurinn feykir, og sem \u00feunnt ryk af stormi hraki\u00f0, og eins og reykur sem ve\u00f0ri\u00f0 tv\u00edstrar, og eins og endurminning \u00feess hj\u00e1l\u00ed\u00f0ur, sem a\u00f0eins einn dag hj\u00e1 \u00f6\u00f0rum gistir.<a name=\"15\"><span class=\"versanumer\">15<\/span><\/a>En \u00feeir r\u00e9ttl\u00e1tu lifa eil\u00edflega, \u00feeirra laun eru \u00ed Drottni, og um\u00f6nnun fyrir \u00feeim hj\u00e1 \u00feeim \u00e6\u00f0sta.<a name=\"16\"><span class=\"versanumer\">16<\/span><\/a>\u00deess vegna munu \u00feeir f\u00e1 \u00fea\u00f0 d\u00fdr\u00f0lega r\u00edki, og fegur\u00f0arinnar k\u00f3r\u00f3nu af Drottins hendi, \u00fev\u00ed me\u00f0 sinni h\u00e6gri hendi mun hann \u00fe\u00e1 verja, og me\u00f0 s\u00ednum armi \u00feeim hl\u00edfa.<a name=\"17\"><span class=\"versanumer\">17<\/span><\/a>Hann mun gr\u00edpa, sem hertygi, sitt vandl\u00e6ti og gj\u00f6ra sk\u00f6punina a\u00f0 vopni til varnar gegn \u00f3vinunum.<a name=\"18\"><span class=\"versanumer\">18<\/span><\/a>Hann mun kl\u00e6\u00f0ast r\u00e9ttl\u00e6tinu sem brynju, og setja alvarlegan d\u00f3m sem hj\u00e1lm \u00e1 h\u00f6fu\u00f0i\u00f0.<a name=\"19\"><span class=\"versanumer\">19<\/span><\/a>Hann mun taka heilagleikann sem \u00f3sigranlegan skj\u00f6ld,<a name=\"20\"><span class=\"versanumer\">20<\/span><\/a>og br\u00fdna, sem sver\u00f0, \u00fe\u00e1 str\u00f6ngu rei\u00f0i, og heimurinn mun me\u00f0 honum str\u00ed\u00f0a m\u00f3ti \u00feeim f\u00e1v\u00edsu.<a name=\"21\"><span class=\"versanumer\">21<\/span><\/a>Vel h\u00e6fandi \u00f6rvar eldinganna munu fara og flj\u00faga til marksins, eins og fr\u00e1 har\u00f0spenntum boga sk\u00fdjanna.<a name=\"22\"><span class=\"versanumer\">22<\/span><\/a>Og af steinsl\u00f6ngu rei\u00f0innar mun haglsteinum \u00fe\u00e9tt ver\u00f0a kasta\u00f0; \u00e6\u00f0a mun m\u00f3ti \u00feeim vatn sj\u00e1varins, og vatnsf\u00f6ll munu me\u00f0 ofsa samansteypast.<a name=\"23\"><span class=\"versanumer\">23<\/span><\/a>Andi alm\u00e6ttisins mun m\u00f3ti \u00feeim standa, og sem hvirfilbylur \u00feeim tv\u00edstra. Og svo mun rangl\u00e6ti\u00f0 ey\u00f0ileggja alla j\u00f6r\u00f0ina, og illvirki steypa h\u00e1s\u00e6tum hinna voldugu.<\/p>\n<div class=\"footnoteVidey\"><\/div>\n","protected":false},"excerpt":{"rendered":"<p>Sama efni. 1\u00de\u00e1 mun s\u00e1 r\u00e9ttl\u00e1ti standa \u00feeim gagnvart me\u00f0 mikilli einur\u00f0, sem \u00fer\u00f6ngvu\u00f0u honum og m\u00f6ttu einkis hans m\u00e6\u00f0u.2\u00deegar \u00feeir sj\u00e1 hann munu \u00feeir skelfast af \u00e1kafri hr\u00e6\u00f0slu, og \u00feeim mun ver\u00f0a bilt vi\u00f0 \u00fe\u00e1 \u00f3v\u00e6ntu s\u00e6lu.3\u00deeir munu segja hv\u00f6r vi\u00f0 annan, \u00fe\u00e1 \u00feeir hafa fengi\u00f0 anna\u00f0 sinni, og andvarpa af angist andans. \u201e\u00deessi var \u00fe\u00e1 s\u00e1, sem v\u00e9r h\u00f6f\u00f0um a\u00f0 athl\u00e1tri og h\u00e1\u00f0uglegu m\u00e1lt\u00e6ki.4V\u00e9r d\u00e1rar h\u00e9ldum hans l\u00edf vitleysu, og hans endalykt \u00e6rulausa.5Hv\u00f6rnig var hann reikna\u00f0ur me\u00f0al Gu\u00f0s barna, og hans hlutskipti er me\u00f0al \u00feeirra heil\u00f6gu!6\u00de\u00e1 h\u00f6fum v\u00e9r villst fr\u00e1 sannleikans vegi, og lj\u00f3s r\u00e9ttl\u00e6tisins l\u00fdsti oss ekki, <a href=\"https:\/\/biblian.is\/videy\/speki-salomons-5-kafli\/\"> [&#8230;]<\/a><\/p>\n","protected":false},"author":1,"featured_media":0,"parent":0,"menu_order":0,"comment_status":"open","ping_status":"open","template":"bibliukaflar.php","meta":{"footnotes":""},"class_list":["post-22080","page","type-page","status-publish","hentry"],"_links":{"self":[{"href":"https:\/\/biblian.is\/videy\/wp-json\/wp\/v2\/pages\/22080","targetHints":{"allow":["GET"]}}],"collection":[{"href":"https:\/\/biblian.is\/videy\/wp-json\/wp\/v2\/pages"}],"about":[{"href":"https:\/\/biblian.is\/videy\/wp-json\/wp\/v2\/types\/page"}],"author":[{"embeddable":true,"href":"https:\/\/biblian.is\/videy\/wp-json\/wp\/v2\/users\/1"}],"replies":[{"embeddable":true,"href":"https:\/\/biblian.is\/videy\/wp-json\/wp\/v2\/comments?post=22080"}],"version-history":[{"count":0,"href":"https:\/\/biblian.is\/videy\/wp-json\/wp\/v2\/pages\/22080\/revisions"}],"wp:attachment":[{"href":"https:\/\/biblian.is\/videy\/wp-json\/wp\/v2\/media?parent=22080"}],"curies":[{"name":"wp","href":"https:\/\/api.w.org\/{rel}","templated":true}]}}