{"id":22079,"date":"2018-01-02T01:05:29","date_gmt":"2018-01-02T01:05:29","guid":{"rendered":"http:\/\/biblian.is\/videy\/speki-salomons-4-kafli\/"},"modified":"2018-01-02T01:05:29","modified_gmt":"2018-01-02T01:05:29","slug":"speki-salomons-4-kafli","status":"publish","type":"page","link":"https:\/\/biblian.is\/videy\/speki-salomons-4-kafli\/","title":{"rendered":"Speki Sal\u00f3mons 4. kafli"},"content":{"rendered":"<div class=\"fyrirsognVidey\">Sama efni.<\/div>\n<p><a name=\"1\"><span class=\"versanumer\">1<\/span><\/a>Betra er barnleysi me\u00f0 dygg\u00f0; \u00fev\u00ed \u00f3dau\u00f0leg er hennar endurminning, \u00fear e\u00f0 b\u00e6\u00f0i Gu\u00f0 og menn vi\u00f0 hana kannast.<a name=\"2\"><span class=\"versanumer\">2<\/span><\/a>Me\u00f0an h\u00fan er n\u00e1l\u00e6g, st\u00e6la menn eftir henni; s\u00e9 h\u00fan fjarl\u00e6g hafa menn l\u00f6ngun til hennar; og \u00ed eil\u00edf\u00f0inni kr\u00fdnd hr\u00f3sar h\u00fan sigri, eftir a\u00f0 h\u00fan hefir sigra\u00f0 \u00ed kappleikum \u00feeirra gallalausu ver\u00f0launa.<a name=\"3\"><span class=\"versanumer\">3<\/span><\/a>En s\u00e1 afkv\u00e6mismargi fj\u00f6ldi hinna gu\u00f0lausu mun ekki \u00fer\u00edfast, og \u00f3skilgetnar pl\u00f6ntur f\u00e1 \u00f6ngvar dj\u00fapar r\u00e6tur, og engan fastan grundv\u00f6ll.<a name=\"4\"><span class=\"versanumer\">4<\/span><\/a>\u00dev\u00ed \u00fe\u00f3 \u00feeirra angar bl\u00f3mgist um stund, svo munu \u00fe\u00e6r \u00fe\u00f3, af \u00fev\u00ed \u00fe\u00e6r standa lausar, skekjast af vindinum, og af stormsins ofbeldi kippast upp fr\u00e1 r\u00f3tum.<a name=\"5\"><span class=\"versanumer\">5<\/span><\/a>\u00de\u00e6r \u00f3j\u00f6fnu\u00f0u greinir munu afbrotnar ver\u00f0a, og \u00feeirra \u00e1v\u00f6xtur er \u00f3n\u00fdtur, \u00f3\u00e6tur og til einkis h\u00e6filegur.<a name=\"6\"><span class=\"versanumer\">6<\/span><\/a>\u00dev\u00ed b\u00f6rn sprottin af \u00f3l\u00f6glegri sams\u00e6ngun eru vottur foreldranna lasta, \u00feegar rannsaka\u00f0 er.<br \/><a name=\"7\"><span class=\"versanumer\">7<\/span><\/a>En s\u00e1 r\u00e9ttl\u00e1ti, \u00fe\u00f3tt hann deyi ungur, hann er samt \u00ed r\u00f3.<a name=\"8\"><span class=\"versanumer\">8<\/span><\/a>\u00dev\u00ed \u00e6ruver\u00f0 elli er ekki langl\u00edfi, og h\u00fan m\u00e6list ekki eftir \u00e1ra t\u00f6lu;<a name=\"9\"><span class=\"versanumer\">9<\/span><\/a>heldur er v\u00edsd\u00f3mur m\u00f6nnunum h\u00e6rur, og flekklaust l\u00edf elli aldur.<a name=\"10\"><span class=\"versanumer\">10<\/span><\/a>Af \u00fev\u00ed hann ge\u00f0ja\u00f0ist Gu\u00f0i og elska\u00f0ist <span class='VideyAth'>(af honum)<\/span>, og lif\u00f0i me\u00f0al syndara, var hann burtfluttur.<a name=\"11\"><span class=\"versanumer\">11<\/span><\/a>Hann var burt hrifinn, svo vonskan skyldi ei aflaga hans skilning e\u00f0a t\u00e1li\u00f0 afvegalei\u00f0a hans s\u00e1l.<a name=\"12\"><span class=\"versanumer\">12<\/span><\/a>\u00dev\u00ed t\u00f6frar lastanna draga dul yfir \u00fea\u00f0 fagra, og svimi girndarinnar fellir \u00f3spillt sinni.<a name=\"13\"><span class=\"versanumer\">13<\/span><\/a>Fullnuma or\u00f0inn \u00e1 stuttum t\u00edma lif\u00f0i hann langan t\u00edma.<a name=\"14\"><span class=\"versanumer\">14<\/span><\/a>Af \u00fev\u00ed hans s\u00e1l var Drottni \u00fe\u00f3knanleg, \u00fev\u00ed hra\u00f0a\u00f0i h\u00fan s\u00e9r burt fr\u00e1 vonskunni.<a name=\"15\"><span class=\"versanumer\">15<\/span><\/a>En f\u00f3lki\u00f0 s\u00e9r \u00fea\u00f0 og skilur ekki og einmitt leggur ekki \u00feetta upp \u00e1 hjarta\u00f0, a\u00f0 hlutskipti hans \u00fatv\u00f6ldu ver\u00f0ur n\u00e1\u00f0 og miskunn, og umbun hans gu\u00f0r\u00e6kilegu.<br \/><a name=\"16\"><span class=\"versanumer\">16<\/span><\/a>En s\u00e1 r\u00e9ttl\u00e1ti sem b\u00fainn er a\u00f0 \u00fej\u00e1st, ford\u00e6mir \u00feann gu\u00f0lausa sem lifir, og snemma algj\u00f6r\u00f0 \u00e6ska, margra \u00e1ra elli hinnar rangl\u00e1tu;<a name=\"17\"><span class=\"versanumer\">17<\/span><\/a>\u00fev\u00ed \u00feeir sj\u00e1 endir hins hyggna, en \u00feeir skynja ekki hva\u00f0 Drottinn hefir um hann \u00e1lykta\u00f0, og til hv\u00f6rs hann hefir flutt hann \u00e1 \u00f3hultan sta\u00f0.<a name=\"18\"><span class=\"versanumer\">18<\/span><\/a>\u00deeir sj\u00e1 \u00fea\u00f0, og meta \u00fea\u00f0 einkis; en Drottinn mun a\u00f0 \u00feeim hl\u00e6ja, og \u00feeir munu eftir \u00feetta ver\u00f0a \u00f3vir\u00f0uglegt hr\u00e6, og til skammar me\u00f0al \u00feeirra dau\u00f0u a\u00f0 eil\u00edfu.<a name=\"19\"><span class=\"versanumer\">19<\/span><\/a>\u00dev\u00ed hann mun steypa \u00feeim or\u00f0lausum aftur \u00e1 bak \u00e1 h\u00f6fu\u00f0i\u00f0, og r\u00edfa \u00fe\u00e1 upp fr\u00e1 \u00feeirra grundvelli; og \u00feeir munu \u00edtarlega ver\u00f0a ey\u00f0ilag\u00f0ir, og \u00ed pl\u00e1gu vera, og \u00feeirra minning mun l\u00ed\u00f0a undir lok.<a name=\"20\"><span class=\"versanumer\">20<\/span><\/a>Hr\u00e6ddir munu \u00feeir koma \u00feanga\u00f0, hvar samanreikna\u00f0ar ver\u00f0a \u00feeirra syndir, og \u00feeirra lagabrot munu, andsp\u00e6nis \u00feeim, sanna \u00feeirra sekt.<\/p>\n<div class=\"footnoteVidey\">V. 2. M\u00e1 kannske leggja \u00fat: \u00fe\u00e1 h\u00fan er burt farin sakna menn hennar.<\/div>\n","protected":false},"excerpt":{"rendered":"<p>Sama efni. 1Betra er barnleysi me\u00f0 dygg\u00f0; \u00fev\u00ed \u00f3dau\u00f0leg er hennar endurminning, \u00fear e\u00f0 b\u00e6\u00f0i Gu\u00f0 og menn vi\u00f0 hana kannast.2Me\u00f0an h\u00fan er n\u00e1l\u00e6g, st\u00e6la menn eftir henni; s\u00e9 h\u00fan fjarl\u00e6g hafa menn l\u00f6ngun til hennar; og \u00ed eil\u00edf\u00f0inni kr\u00fdnd hr\u00f3sar h\u00fan sigri, eftir a\u00f0 h\u00fan hefir sigra\u00f0 \u00ed kappleikum \u00feeirra gallalausu ver\u00f0launa.3En s\u00e1 afkv\u00e6mismargi fj\u00f6ldi hinna gu\u00f0lausu mun ekki \u00fer\u00edfast, og \u00f3skilgetnar pl\u00f6ntur f\u00e1 \u00f6ngvar dj\u00fapar r\u00e6tur, og engan fastan grundv\u00f6ll.4\u00dev\u00ed \u00fe\u00f3 \u00feeirra angar bl\u00f3mgist um stund, svo munu \u00fe\u00e6r \u00fe\u00f3, af \u00fev\u00ed \u00fe\u00e6r standa lausar, skekjast af vindinum, og af stormsins ofbeldi kippast upp fr\u00e1 r\u00f3tum.5\u00de\u00e6r \u00f3j\u00f6fnu\u00f0u greinir <a href=\"https:\/\/biblian.is\/videy\/speki-salomons-4-kafli\/\"> [&#8230;]<\/a><\/p>\n","protected":false},"author":1,"featured_media":0,"parent":0,"menu_order":0,"comment_status":"open","ping_status":"open","template":"bibliukaflar.php","meta":{"footnotes":""},"class_list":["post-22079","page","type-page","status-publish","hentry"],"_links":{"self":[{"href":"https:\/\/biblian.is\/videy\/wp-json\/wp\/v2\/pages\/22079","targetHints":{"allow":["GET"]}}],"collection":[{"href":"https:\/\/biblian.is\/videy\/wp-json\/wp\/v2\/pages"}],"about":[{"href":"https:\/\/biblian.is\/videy\/wp-json\/wp\/v2\/types\/page"}],"author":[{"embeddable":true,"href":"https:\/\/biblian.is\/videy\/wp-json\/wp\/v2\/users\/1"}],"replies":[{"embeddable":true,"href":"https:\/\/biblian.is\/videy\/wp-json\/wp\/v2\/comments?post=22079"}],"version-history":[{"count":0,"href":"https:\/\/biblian.is\/videy\/wp-json\/wp\/v2\/pages\/22079\/revisions"}],"wp:attachment":[{"href":"https:\/\/biblian.is\/videy\/wp-json\/wp\/v2\/media?parent=22079"}],"curies":[{"name":"wp","href":"https:\/\/api.w.org\/{rel}","templated":true}]}}