{"id":22077,"date":"2018-01-02T01:05:29","date_gmt":"2018-01-02T01:05:29","guid":{"rendered":"http:\/\/biblian.is\/videy\/speki-salomons-2-kafli\/"},"modified":"2018-01-02T01:05:29","modified_gmt":"2018-01-02T01:05:29","slug":"speki-salomons-2-kafli","status":"publish","type":"page","link":"https:\/\/biblian.is\/videy\/speki-salomons-2-kafli\/","title":{"rendered":"Speki Sal\u00f3mons 2. kafli"},"content":{"rendered":"<div class=\"fyrirsognVidey\">Sama efni.<\/div>\n<p><a name=\"1\"><span class=\"versanumer\">1<\/span><\/a>\u00dev\u00ed \u00feeir segja hv\u00f6r vi\u00f0 annan <span class='VideyAth'>(en \u00feeirra hugsan er r\u00f6ng)<\/span>: \u201estutt og arm\u00e6\u00f0ufullt er vort l\u00edf, og \u00feegar mannsins l\u00edf \u00e1 a\u00f0 enda, gefst engin l\u00e6kning, og ekki hefir s\u00e1 \u00feekktst, sem leysi \u00far helju.<a name=\"2\"><span class=\"versanumer\">2<\/span><\/a>\u00dev\u00ed af tilviljun erum v\u00e9r f\u00e6ddir, og eftir \u00feetta munum v\u00e9r vera eins og v\u00e9r hef\u00f0um ekki veri\u00f0; \u00fev\u00ed gufa er andardr\u00e1tturinn \u00ed vorum n\u00f6sum, og hugsanin neisti af hreyfingu vors hjarta.<a name=\"3\"><span class=\"versanumer\">3<\/span><\/a>S\u00e9 hann slokkna\u00f0ur, ver\u00f0ur l\u00edkaminn a\u00f0 \u00f6sku, og andinn hverfur eins og \u00feunnt loft.<a name=\"4\"><span class=\"versanumer\">4<\/span><\/a>Vort nafn gleymist l\u00edka me\u00f0 t\u00edmanum, og enginn minnist vorra verka, og vort l\u00edf fer framhj\u00e1 eins og sport sk\u00fdjanna og eins og \u00feokan tv\u00edstrast, ver\u00f0ur burtrekin af s\u00f3largeislunum og ni\u00f0urb\u00e6ld af hennar hita.<a name=\"5\"><span class=\"versanumer\">5<\/span><\/a>\u00dev\u00ed framl\u00ed\u00f0andi skuggi er vort l\u00edf, og vor endir gengur ekki til baka; \u00fev\u00ed hann er \u00e1kve\u00f0inn, og enginn kemur aftur.\u201c<br \/><a name=\"6\"><span class=\"versanumer\">6<\/span><\/a>\u201eKomi\u00f0 \u00fev\u00ed, og l\u00e1tum oss nj\u00f3ta n\u00e1l\u00e6gra g\u00e6\u00f0a og nj\u00f3ta kostg\u00e6filega heimsins, \u00fear e\u00f0 v\u00e9r erum ungir!<a name=\"7\"><span class=\"versanumer\">7<\/span><\/a>V\u00e9r skulum metta oss me\u00f0 d\u00fdrum v\u00ednum og smyrslum og ekki fari framhj\u00e1 oss eitt af vorsins bl\u00f3mstrum!<a name=\"8\"><span class=\"versanumer\">8<\/span><\/a>v\u00e9r skulum kr\u00fdna oss me\u00f0 r\u00f3sahn\u00f6ppum, \u00e1\u00f0ur en \u00fe\u00e6r visna.<a name=\"9\"><span class=\"versanumer\">9<\/span><\/a>Enginn af oss s\u00e9 hlutlaus \u00ed voru s\u00e6ll\u00edfi, alls sta\u00f0ar skulum v\u00e9r eftir skilja merki vorrar gla\u00f0v\u00e6r\u00f0ar; \u00fev\u00ed \u00fea\u00f0 er vor hlutdeild og vort hlutfall.\u201c<a name=\"10\"><span class=\"versanumer\">10<\/span><\/a>V\u00e9r skulum undir\u00ferykkja ves\u00e6linginn, \u00feann r\u00e9ttl\u00e1ta, ekki spara ekkjuna, og ekki heldur meta a\u00f0 neinu margra \u00e1ra h\u00e6rur gamalmennisins.<a name=\"11\"><span class=\"versanumer\">11<\/span><\/a>Vor kraftur s\u00e9 r\u00e9ttl\u00e6tisl\u00f6gm\u00e1l; \u00fev\u00ed \u00fea\u00f0 sem er veikt af s\u00e9r, er sj\u00e1lfsagt \u00f3n\u00fdtt.<a name=\"12\"><span class=\"versanumer\">12<\/span><\/a>V\u00e9r skulum sitja um \u00feann r\u00e9ttl\u00e1ta! \u00fev\u00ed hann er oss \u00f3\u00fearfur, og hann r\u00eds \u00e1 m\u00f3ti vorum verkum, og brigslar oss um yfirtro\u00f0slur l\u00f6gm\u00e1lsins, og kemur \u00e1 oss illu or\u00f0i, fyrir syndir vorrar menntunar.<a name=\"13\"><span class=\"versanumer\">13<\/span><\/a>Hann st\u00e6rir sig af Gu\u00f0s \u00feekkingunni og kallar sig Herrans barn.<a name=\"14\"><span class=\"versanumer\">14<\/span><\/a>Hann er or\u00f0inn til, svo hann finni a\u00f0 vorum hugsunum.<a name=\"15\"><span class=\"versanumer\">15<\/span><\/a>Hann er oss erfi\u00f0ur, \u00feungt er a\u00f0 sj\u00e1 hann; \u00fev\u00ed hans l\u00edf er \u00f3l\u00edkt annarra og hans vegir stefna a\u00f0ra lei\u00f0.<a name=\"16\"><span class=\"versanumer\">16<\/span><\/a>Hann \u00e1l\u00edtur oss afhrak, og hann for\u00f0ast vorn veg, sem vi\u00f0urstygg\u00f0. Hann segir endir \u00feess r\u00e9ttl\u00e1ta s\u00e6lan, og st\u00e6rir sig af \u00fev\u00ed a\u00f0 Gu\u00f0 s\u00e9 sinn fa\u00f0ir.<a name=\"17\"><span class=\"versanumer\">17<\/span><\/a>L\u00e1tum oss vita hv\u00f6rt hans tal er satt, og reyna hv\u00f6r afdrif hann f\u00e6r!<a name=\"18\"><span class=\"versanumer\">18<\/span><\/a>\u00fev\u00ed s\u00e9 s\u00e1 r\u00e9ttl\u00e1ti Gu\u00f0s son, svo mun hann hj\u00e1lpa honum og frelsa hann af hendi m\u00f3tstandarans.<a name=\"19\"><span class=\"versanumer\">19<\/span><\/a>V\u00e9r skulum p\u00edna hann me\u00f0 sk\u00f6mm og kv\u00f6l, a\u00f0 v\u00e9r l\u00e6rum a\u00f0 \u00feekkja hans h\u00f3gv\u00e6r\u00f0 og pr\u00f3fum hans \u00feolinm\u00e6\u00f0i!<a name=\"20\"><span class=\"versanumer\">20<\/span><\/a>L\u00e1tum oss d\u00e6ma hann til sv\u00edvir\u00f0ilegs dau\u00f0a, \u00fev\u00ed li\u00f0sinni f\u00e6r hann eins og hann segir.\u201c <br \/><a name=\"21\"><span class=\"versanumer\">21<\/span><\/a>\u00deetta hugsa \u00feeir, en \u00feeim skj\u00e1tlar, \u00fev\u00ed \u00feeirra vonska hefir blinda\u00f0 \u00fe\u00e1.<a name=\"22\"><span class=\"versanumer\">22<\/span><\/a>Og \u00feeir \u00feekkja ekki Gu\u00f0s leyndard\u00f3ma, og b\u00faast ekki vi\u00f0 launum gu\u00f0r\u00e6kninnar, ekki heldur hafa \u00feeir skynbrag\u00f0 \u00e1 a\u00f0 meta s\u00e6mdarumbun saklausra s\u00e1lna.<a name=\"23\"><span class=\"versanumer\">23<\/span><\/a>\u00dev\u00ed Gu\u00f0 hefir manninn skapa\u00f0 til \u00f3forgengilegleika og gj\u00f6rt hann a\u00f0 eftirmynd sinnar eigin veru;<a name=\"24\"><span class=\"versanumer\">24<\/span><\/a>en fyrir dj\u00f6fulsins \u00f6fund er dau\u00f0inn innkominn \u00ed heiminn, og \u00e1 <span class='VideyAth'>(dau\u00f0anum)<\/span> kenna \u00feeir sem hann <span class='VideyAth'>(dj\u00f6fulinn)<\/span> a\u00f0hyllast.<\/p>\n<div class=\"footnoteVidey\"><\/div>\n","protected":false},"excerpt":{"rendered":"<p>Sama efni. 1\u00dev\u00ed \u00feeir segja hv\u00f6r vi\u00f0 annan (en \u00feeirra hugsan er r\u00f6ng): \u201estutt og arm\u00e6\u00f0ufullt er vort l\u00edf, og \u00feegar mannsins l\u00edf \u00e1 a\u00f0 enda, gefst engin l\u00e6kning, og ekki hefir s\u00e1 \u00feekktst, sem leysi \u00far helju.2\u00dev\u00ed af tilviljun erum v\u00e9r f\u00e6ddir, og eftir \u00feetta munum v\u00e9r vera eins og v\u00e9r hef\u00f0um ekki veri\u00f0; \u00fev\u00ed gufa er andardr\u00e1tturinn \u00ed vorum n\u00f6sum, og hugsanin neisti af hreyfingu vors hjarta.3S\u00e9 hann slokkna\u00f0ur, ver\u00f0ur l\u00edkaminn a\u00f0 \u00f6sku, og andinn hverfur eins og \u00feunnt loft.4Vort nafn gleymist l\u00edka me\u00f0 t\u00edmanum, og enginn minnist vorra verka, og vort l\u00edf fer framhj\u00e1 eins og sport <a href=\"https:\/\/biblian.is\/videy\/speki-salomons-2-kafli\/\"> [&#8230;]<\/a><\/p>\n","protected":false},"author":1,"featured_media":0,"parent":0,"menu_order":0,"comment_status":"open","ping_status":"open","template":"bibliukaflar.php","meta":{"footnotes":""},"class_list":["post-22077","page","type-page","status-publish","hentry"],"_links":{"self":[{"href":"https:\/\/biblian.is\/videy\/wp-json\/wp\/v2\/pages\/22077","targetHints":{"allow":["GET"]}}],"collection":[{"href":"https:\/\/biblian.is\/videy\/wp-json\/wp\/v2\/pages"}],"about":[{"href":"https:\/\/biblian.is\/videy\/wp-json\/wp\/v2\/types\/page"}],"author":[{"embeddable":true,"href":"https:\/\/biblian.is\/videy\/wp-json\/wp\/v2\/users\/1"}],"replies":[{"embeddable":true,"href":"https:\/\/biblian.is\/videy\/wp-json\/wp\/v2\/comments?post=22077"}],"version-history":[{"count":0,"href":"https:\/\/biblian.is\/videy\/wp-json\/wp\/v2\/pages\/22077\/revisions"}],"wp:attachment":[{"href":"https:\/\/biblian.is\/videy\/wp-json\/wp\/v2\/media?parent=22077"}],"curies":[{"name":"wp","href":"https:\/\/api.w.org\/{rel}","templated":true}]}}