{"id":22076,"date":"2018-01-02T01:05:29","date_gmt":"2018-01-02T01:05:29","guid":{"rendered":"http:\/\/biblian.is\/videy\/speki-salomons-1-kafli\/"},"modified":"2018-01-02T01:05:29","modified_gmt":"2018-01-02T01:05:29","slug":"speki-salomons-1-kafli","status":"publish","type":"page","link":"https:\/\/biblian.is\/videy\/speki-salomons-1-kafli\/","title":{"rendered":"Speki Sal\u00f3mons 1. kafli"},"content":{"rendered":"<div class=\"fyrirsognVidey\">\u00c1minning a\u00f0 stunda r\u00e9ttv\u00edsi og v\u00edsd\u00f3m.<\/div>\n<p><a name=\"1\"><span class=\"versanumer\">1<\/span><\/a>Elski\u00f0 r\u00e9ttv\u00edsi, \u00fe\u00e9r jar\u00f0arinnar d\u00f3marar, hugsi\u00f0 til Drottins me\u00f0 r\u00e1\u00f0vendni, og leiti\u00f0 hans me\u00f0 einl\u00e6gu hjarta!<a name=\"2\"><span class=\"versanumer\">2<\/span><\/a>\u00fev\u00ed hann l\u00e6tur \u00fe\u00e1 finna sig sem ekki freista hans, og opinberar sig \u00feeim sem ekki vantreysta honum.<a name=\"3\"><span class=\"versanumer\">3<\/span><\/a>\u00dev\u00ed rangar hugsanir v\u00edkja fr\u00e1 Gu\u00f0i, og s\u00e1 pr\u00f3fa\u00f0i m\u00e1ttur f\u00e6rir d\u00e1runum heim sanninn.<a name=\"4\"><span class=\"versanumer\">4<\/span><\/a>\u00dev\u00ed spekin kemst ekki inn \u00ed \u00fe\u00e1 s\u00e1l sem illt sm\u00ed\u00f0ar, og b\u00fdr ekki \u00ed \u00feeim l\u00edkama sem syndin br\u00fakar <span class='VideyAth'>(\u00fer\u00e6lkar)<\/span>.<a name=\"5\"><span class=\"versanumer\">5<\/span><\/a>\u00dev\u00ed s\u00e1 helgi menntunarandi fl\u00fdr hrekki, og fer burt fr\u00e1 \u00f3skynsamlegum hugsunum, og \u00feegar rangl\u00e6ti\u00f0 n\u00e1lgast, \u00fe\u00e1 f\u00e6list hann burt.<a name=\"6\"><span class=\"versanumer\">6<\/span><\/a>\u00dev\u00ed spekin er mannk\u00e6rlegur andi, og l\u00e6tur ei \u00f3hegndan \u00feann lastm\u00e1lga fyrir hans varir; \u00fev\u00ed Gu\u00f0 er vitni hans n\u00fdrna, og sannur rannsakari hans hjarta, og heyrari hans tungu.<a name=\"7\"><span class=\"versanumer\">7<\/span><\/a>\u00dev\u00ed Herrans andi uppfyllir heimshringinn, saman heldur \u00f6llu og \u00feekkir tali\u00f0 <span class='VideyAth'>(raustina)<\/span>.<a name=\"8\"><span class=\"versanumer\">8<\/span><\/a>\u00dev\u00ed getur enginn falist sem rangt talar, og ekki mun refsid\u00f3murinn framhj\u00e1 honum fara.<a name=\"9\"><span class=\"versanumer\">9<\/span><\/a>\u00dev\u00ed rannsaka\u00f0ar munu ver\u00f0a r\u00e1\u00f0agj\u00f6r\u00f0ir \u00feess \u00f3gu\u00f0lega og heyrn hans tals mun koma fyrir Drottin, svo hans misgj\u00f6r\u00f0ir ver\u00f0i straffa\u00f0ar.<a name=\"10\"><span class=\"versanumer\">10<\/span><\/a>\u00dev\u00ed vandl\u00e6tingarinnar eyra heyrir allt, og buldur hlj\u00f3\u00f0straffsins ver\u00f0ur ei huli\u00f0. <br \/><a name=\"11\"><span class=\"versanumer\">11<\/span><\/a>G\u00e6ti\u00f0 y\u00f0ar \u00fev\u00ed vi\u00f0 \u00f3n\u00fdtu hlj\u00f3\u00f0skrafi, og var\u00f0veiti\u00f0 y\u00f0ar tungu fyrir lastm\u00e6lgi! \u00fev\u00ed heimuglegt fla\u00f0ur fer ei til einkis af sta\u00f0, og lygagjarn munnur dey\u00f0ir s\u00e1lina.<a name=\"12\"><span class=\"versanumer\">12<\/span><\/a>S\u00e6kist ei eftir dau\u00f0anum me\u00f0 villu y\u00f0ar l\u00edfs, og dragi\u00f0 ei yfir y\u00f0ur tj\u00f3n me\u00f0 verkum y\u00f0ar handa!<a name=\"13\"><span class=\"versanumer\">13<\/span><\/a>\u00dev\u00ed Gu\u00f0 hefir ekki gj\u00f6rt dau\u00f0ann, og ekki vill hann a\u00f0 \u00feeir fyrirfarist sem lifa.<a name=\"14\"><span class=\"versanumer\">14<\/span><\/a>Allt sk\u00f3p hann svo \u00fea\u00f0 v\u00e6ri til, og heiln\u00e6mt, <span class='VideyAth'>(\u00fe\u00e9nanlegt til var\u00f0veislu l\u00edfsins)<\/span> er allt sem \u00ed heiminum er til or\u00f0i\u00f0, og \u00ed \u00fev\u00ed er ekkert drepandi eitur, og ekki hefir helja heldur sitt r\u00edki \u00e1 j\u00f6r\u00f0unni.<a name=\"15\"><span class=\"versanumer\">15<\/span><\/a>\u00dev\u00ed r\u00e9ttl\u00e6ti\u00f0 er ekki dau\u00f0legt.<a name=\"16\"><span class=\"versanumer\">16<\/span><\/a>En \u00feeir gu\u00f0lausu kalla dau\u00f0ann fram me\u00f0 h\u00f6nd og or\u00f0i, \u00feeir \u00e1l\u00edta hann vin sinn og fyrirfarast; \u00feeir gj\u00f6ra s\u00e1ttm\u00e1la vi\u00f0 hann, \u00fev\u00ed \u00feeir eru maklegir til a\u00f0 ver\u00f0a hans hlutdeild.<\/p>\n<div class=\"footnoteVidey\"><\/div>\n","protected":false},"excerpt":{"rendered":"<p>\u00c1minning a\u00f0 stunda r\u00e9ttv\u00edsi og v\u00edsd\u00f3m. 1Elski\u00f0 r\u00e9ttv\u00edsi, \u00fe\u00e9r jar\u00f0arinnar d\u00f3marar, hugsi\u00f0 til Drottins me\u00f0 r\u00e1\u00f0vendni, og leiti\u00f0 hans me\u00f0 einl\u00e6gu hjarta!2\u00fev\u00ed hann l\u00e6tur \u00fe\u00e1 finna sig sem ekki freista hans, og opinberar sig \u00feeim sem ekki vantreysta honum.3\u00dev\u00ed rangar hugsanir v\u00edkja fr\u00e1 Gu\u00f0i, og s\u00e1 pr\u00f3fa\u00f0i m\u00e1ttur f\u00e6rir d\u00e1runum heim sanninn.4\u00dev\u00ed spekin kemst ekki inn \u00ed \u00fe\u00e1 s\u00e1l sem illt sm\u00ed\u00f0ar, og b\u00fdr ekki \u00ed \u00feeim l\u00edkama sem syndin br\u00fakar (\u00fer\u00e6lkar).5\u00dev\u00ed s\u00e1 helgi menntunarandi fl\u00fdr hrekki, og fer burt fr\u00e1 \u00f3skynsamlegum hugsunum, og \u00feegar rangl\u00e6ti\u00f0 n\u00e1lgast, \u00fe\u00e1 f\u00e6list hann burt.6\u00dev\u00ed spekin er mannk\u00e6rlegur andi, og l\u00e6tur ei \u00f3hegndan \u00feann <a href=\"https:\/\/biblian.is\/videy\/speki-salomons-1-kafli\/\"> [&#8230;]<\/a><\/p>\n","protected":false},"author":1,"featured_media":0,"parent":0,"menu_order":0,"comment_status":"open","ping_status":"open","template":"bibliukaflar.php","meta":{"footnotes":""},"class_list":["post-22076","page","type-page","status-publish","hentry"],"_links":{"self":[{"href":"https:\/\/biblian.is\/videy\/wp-json\/wp\/v2\/pages\/22076","targetHints":{"allow":["GET"]}}],"collection":[{"href":"https:\/\/biblian.is\/videy\/wp-json\/wp\/v2\/pages"}],"about":[{"href":"https:\/\/biblian.is\/videy\/wp-json\/wp\/v2\/types\/page"}],"author":[{"embeddable":true,"href":"https:\/\/biblian.is\/videy\/wp-json\/wp\/v2\/users\/1"}],"replies":[{"embeddable":true,"href":"https:\/\/biblian.is\/videy\/wp-json\/wp\/v2\/comments?post=22076"}],"version-history":[{"count":0,"href":"https:\/\/biblian.is\/videy\/wp-json\/wp\/v2\/pages\/22076\/revisions"}],"wp:attachment":[{"href":"https:\/\/biblian.is\/videy\/wp-json\/wp\/v2\/media?parent=22076"}],"curies":[{"name":"wp","href":"https:\/\/api.w.org\/{rel}","templated":true}]}}