{"id":22075,"date":"2018-01-02T01:05:29","date_gmt":"2018-01-02T01:05:29","guid":{"rendered":"http:\/\/biblian.is\/videy\/esterarbok-med-vidaukum-7-kafli\/"},"modified":"2018-01-02T01:05:29","modified_gmt":"2018-01-02T01:05:29","slug":"esterarbok-med-vidaukum-7-kafli","status":"publish","type":"page","link":"https:\/\/biblian.is\/videy\/esterarbok-med-vidaukum-7-kafli\/","title":{"rendered":"Esterarb\u00f3k (me\u00f0 vi\u00f0aukum) 7. kafli"},"content":{"rendered":"<div class=\"fyrirsognVidey\">(10. kap. Est. v. 3).<\/div>\n<p><a name=\"1\"><span class=\"versanumer\">1<\/span><\/a>Og Mardokeus sag\u00f0i: af Gu\u00f0i er \u00feetta ske\u00f0.<a name=\"2\"><span class=\"versanumer\">2<\/span><\/a>\u00dev\u00ed eg minnist m\u00edns draums, sem eg haf\u00f0i, um \u00feessa atbur\u00f0i, \u00fev\u00ed allt er framkomi\u00f0.<a name=\"3\"><span class=\"versanumer\">3<\/span><\/a>S\u00fa litla uppspretta sem var\u00f0 a\u00f0 \u00e1, og <span class='VideyAth'>(\u00fear)<\/span> var lj\u00f3s og s\u00f3l og vatn miki\u00f0; \u00fe\u00e1 er Ester s\u00fa st\u00f3ra \u00e1, sem k\u00f3ngurinn giftist, sem hann gj\u00f6r\u00f0i drottningu.<a name=\"4\"><span class=\"versanumer\">4<\/span><\/a>En b\u00e1\u00f0ir drekarnir \u00fea\u00f0 erum vi\u00f0 Haman.<a name=\"5\"><span class=\"versanumer\">5<\/span><\/a>Og \u00fej\u00f3\u00f0irnar eru \u00feeir sem samans\u00f6fnu\u00f0ust til a\u00f0 afm\u00e1 Gy\u00f0inga nafn;<a name=\"6\"><span class=\"versanumer\">6<\/span><\/a>og mitt f\u00f3lk, \u00fea\u00f0 er \u00cdsrael, eru \u00feeir, sem k\u00f6llu\u00f0u til Drottins og ur\u00f0u frelsa\u00f0ir. Og Drottinn bjarga\u00f0i s\u00ednu f\u00f3lki og frelsa\u00f0i oss \u00far allri \u00feessari \u00f3hamingju. Og Gu\u00f0 gj\u00f6r\u00f0i st\u00f3r t\u00e1kn og undur, hv\u00edl\u00edk ei hafa ske\u00f0 me\u00f0al \u00fej\u00f3\u00f0anna. \u00dev\u00ed gj\u00f6r\u00f0i hann tv\u00f6 hlutf\u00f6ll, eitt f\u00f3lki Gu\u00f0s, anna\u00f0 \u00f6llum \u00f6\u00f0rum \u00fej\u00f3\u00f0um. Og \u00feessi hlutf\u00f6ll komu \u00e1 t\u00edma og stund og degi d\u00f3msins fyrir Gu\u00f0 yfir allar \u00fej\u00f3\u00f0ir. Og Gu\u00f0 minntist s\u00edns f\u00f3lks, og gaf sinni erf\u00f0 sigurinn.<a name=\"7\"><span class=\"versanumer\">7<\/span><\/a>Og \u00feessir dagar skulu honum helgir vera \u00ed m\u00e1nu\u00f0inum adar, s\u00e1 14di og 15di m\u00e1na\u00f0arins, me\u00f0 h\u00e1t\u00ed\u00f0legum samkomum og f\u00f6gnu\u00f0i og gla\u00f0v\u00e6r\u00f0 frammi fyrir Gu\u00f0i hj\u00e1 \u00e6ttunum til eil\u00edf\u00f0ar me\u00f0al hans f\u00f3lks \u00cdsraels.<\/p>\n<div class=\"footnoteVidey\"><\/div>\n","protected":false},"excerpt":{"rendered":"<p>(10. kap. Est. v. 3). 1Og Mardokeus sag\u00f0i: af Gu\u00f0i er \u00feetta ske\u00f0.2\u00dev\u00ed eg minnist m\u00edns draums, sem eg haf\u00f0i, um \u00feessa atbur\u00f0i, \u00fev\u00ed allt er framkomi\u00f0.3S\u00fa litla uppspretta sem var\u00f0 a\u00f0 \u00e1, og (\u00fear) var lj\u00f3s og s\u00f3l og vatn miki\u00f0; \u00fe\u00e1 er Ester s\u00fa st\u00f3ra \u00e1, sem k\u00f3ngurinn giftist, sem hann gj\u00f6r\u00f0i drottningu.4En b\u00e1\u00f0ir drekarnir \u00fea\u00f0 erum vi\u00f0 Haman.5Og \u00fej\u00f3\u00f0irnar eru \u00feeir sem samans\u00f6fnu\u00f0ust til a\u00f0 afm\u00e1 Gy\u00f0inga nafn;6og mitt f\u00f3lk, \u00fea\u00f0 er \u00cdsrael, eru \u00feeir, sem k\u00f6llu\u00f0u til Drottins og ur\u00f0u frelsa\u00f0ir. Og Drottinn bjarga\u00f0i s\u00ednu f\u00f3lki og frelsa\u00f0i oss \u00far allri \u00feessari \u00f3hamingju. Og Gu\u00f0 gj\u00f6r\u00f0i <a href=\"https:\/\/biblian.is\/videy\/esterarbok-med-vidaukum-7-kafli\/\"> [&#8230;]<\/a><\/p>\n","protected":false},"author":1,"featured_media":0,"parent":0,"menu_order":0,"comment_status":"open","ping_status":"open","template":"bibliukaflar.php","meta":{"footnotes":""},"class_list":["post-22075","page","type-page","status-publish","hentry"],"_links":{"self":[{"href":"https:\/\/biblian.is\/videy\/wp-json\/wp\/v2\/pages\/22075","targetHints":{"allow":["GET"]}}],"collection":[{"href":"https:\/\/biblian.is\/videy\/wp-json\/wp\/v2\/pages"}],"about":[{"href":"https:\/\/biblian.is\/videy\/wp-json\/wp\/v2\/types\/page"}],"author":[{"embeddable":true,"href":"https:\/\/biblian.is\/videy\/wp-json\/wp\/v2\/users\/1"}],"replies":[{"embeddable":true,"href":"https:\/\/biblian.is\/videy\/wp-json\/wp\/v2\/comments?post=22075"}],"version-history":[{"count":0,"href":"https:\/\/biblian.is\/videy\/wp-json\/wp\/v2\/pages\/22075\/revisions"}],"wp:attachment":[{"href":"https:\/\/biblian.is\/videy\/wp-json\/wp\/v2\/media?parent=22075"}],"curies":[{"name":"wp","href":"https:\/\/api.w.org\/{rel}","templated":true}]}}