{"id":22074,"date":"2018-01-02T01:05:29","date_gmt":"2018-01-02T01:05:29","guid":{"rendered":"http:\/\/biblian.is\/videy\/esterarbok-med-vidaukum-6-kafli\/"},"modified":"2018-01-02T01:05:29","modified_gmt":"2018-01-02T01:05:29","slug":"esterarbok-med-vidaukum-6-kafli","status":"publish","type":"page","link":"https:\/\/biblian.is\/videy\/esterarbok-med-vidaukum-6-kafli\/","title":{"rendered":"Esterarb\u00f3k (me\u00f0 vi\u00f0aukum) 6. kafli"},"content":{"rendered":"<div class=\"fyrirsognVidey\"><\/div>\n<p><a name=\"1\"><span class=\"versanumer\">1<\/span><\/a>\u00c1 \u00f6\u00f0ru \u00e1ri r\u00edkisstj\u00f3rnar \u00feess mikla k\u00f3ngs Artaserkses, \u00feann fyrsta \u00ed nisanm\u00e1nu\u00f0i, dreymdi draum Mardokeus Jairsson Semeisonar, Kissonar af Benjam\u00edns \u00e6ttkv\u00edsl, Gy\u00f0ing nokkurn, sem bj\u00f3 \u00ed sta\u00f0num S\u00fasan, mikinn mann, sem \u00fej\u00f3na\u00f0i \u00ed k\u00f3ngsins gar\u00f0i.<a name=\"2\"><span class=\"versanumer\">2<\/span><\/a>En hann var einn af \u00feeim herteknu, sem Neb\u00fakadnesar Babelsk\u00f3ngur, flutti fr\u00e1 Jer\u00fasalem me\u00f0 Jekonja J\u00fadak\u00f3ngi. Og \u00feessi var hans draumur.<a name=\"3\"><span class=\"versanumer\">3<\/span><\/a>Sj\u00e1, \u00fe\u00e1 voru \u00f3hlj\u00f3\u00f0 <span class='VideyAth'>(\u00f3p)<\/span> mikil og is, \u00ferumur og jar\u00f0skj\u00e1lfti, skelfing \u00e1 j\u00f6r\u00f0u.<a name=\"4\"><span class=\"versanumer\">4<\/span><\/a>Og sj\u00e1, tveir st\u00f3rir drekar gengust \u00e1 til a\u00f0 str\u00ed\u00f0a og \u00feeirra \u00f3hlj\u00f3\u00f0 voru mikil, og af \u00feeirra \u00f3hlj\u00f3\u00f0um \u00e6stust allar \u00fej\u00f3\u00f0ir til str\u00ed\u00f0s, a\u00f0 \u00fe\u00e6r herju\u00f0u \u00e1 f\u00f3lk Grikkja.<a name=\"5\"><span class=\"versanumer\">5<\/span><\/a>Og sj\u00e1, \u00fea\u00f0 var dagur dimmu og myrkurs, \u00ferengingar og angistar, mikillar eymdar og hr\u00e6\u00f0slu \u00e1 j\u00f6r\u00f0u.<a name=\"6\"><span class=\"versanumer\">6<\/span><\/a>Og allt hi\u00f0 r\u00e9ttl\u00e1ta f\u00f3lk var\u00f0 mj\u00f6g \u00f3ttaslegi\u00f0, og hr\u00e6ddist s\u00edna \u00f3g\u00e6fu og bj\u00f3st vi\u00f0 \u00f3f\u00f6rum, og kalla\u00f0i til Gu\u00f0s.<a name=\"7\"><span class=\"versanumer\">7<\/span><\/a>En vi\u00f0 \u00feess kall spratt upp sem \u00far l\u00edtilli uppsprettu st\u00f3r \u00e1, miki\u00f0 vatn.<a name=\"8\"><span class=\"versanumer\">8<\/span><\/a>Og n\u00fa var\u00f0 bjart, og s\u00f3lin rann upp, og \u00feeir aumu sigru\u00f0u, og dr\u00e1pu \u00fe\u00e1 drambs\u00f6mu.<a name=\"9\"><span class=\"versanumer\">9<\/span><\/a>\u00deegar Mardokeus n\u00fa vakna\u00f0i, sem haf\u00f0i dreymt og s\u00e9\u00f0 hva\u00f0 Gu\u00f0 haf\u00f0i \u00e1lykta\u00f0 a\u00f0 gj\u00f6ra, geymdi hann drauminn \u00ed s\u00ednu hjarta og vildi gjarnan allt til n\u00e6tur hafa skili\u00f0 hann.<\/p>\n<div class=\"footnoteVidey\"><\/div>\n","protected":false},"excerpt":{"rendered":"<p>1\u00c1 \u00f6\u00f0ru \u00e1ri r\u00edkisstj\u00f3rnar \u00feess mikla k\u00f3ngs Artaserkses, \u00feann fyrsta \u00ed nisanm\u00e1nu\u00f0i, dreymdi draum Mardokeus Jairsson Semeisonar, Kissonar af Benjam\u00edns \u00e6ttkv\u00edsl, Gy\u00f0ing nokkurn, sem bj\u00f3 \u00ed sta\u00f0num S\u00fasan, mikinn mann, sem \u00fej\u00f3na\u00f0i \u00ed k\u00f3ngsins gar\u00f0i.2En hann var einn af \u00feeim herteknu, sem Neb\u00fakadnesar Babelsk\u00f3ngur, flutti fr\u00e1 Jer\u00fasalem me\u00f0 Jekonja J\u00fadak\u00f3ngi. Og \u00feessi var hans draumur.3Sj\u00e1, \u00fe\u00e1 voru \u00f3hlj\u00f3\u00f0 (\u00f3p) mikil og is, \u00ferumur og jar\u00f0skj\u00e1lfti, skelfing \u00e1 j\u00f6r\u00f0u.4Og sj\u00e1, tveir st\u00f3rir drekar gengust \u00e1 til a\u00f0 str\u00ed\u00f0a og \u00feeirra \u00f3hlj\u00f3\u00f0 voru mikil, og af \u00feeirra \u00f3hlj\u00f3\u00f0um \u00e6stust allar \u00fej\u00f3\u00f0ir til str\u00ed\u00f0s, a\u00f0 \u00fe\u00e6r herju\u00f0u \u00e1 f\u00f3lk Grikkja.5Og sj\u00e1, \u00fea\u00f0 var <a href=\"https:\/\/biblian.is\/videy\/esterarbok-med-vidaukum-6-kafli\/\"> [&#8230;]<\/a><\/p>\n","protected":false},"author":1,"featured_media":0,"parent":0,"menu_order":0,"comment_status":"open","ping_status":"open","template":"bibliukaflar.php","meta":{"footnotes":""},"class_list":["post-22074","page","type-page","status-publish","hentry"],"_links":{"self":[{"href":"https:\/\/biblian.is\/videy\/wp-json\/wp\/v2\/pages\/22074","targetHints":{"allow":["GET"]}}],"collection":[{"href":"https:\/\/biblian.is\/videy\/wp-json\/wp\/v2\/pages"}],"about":[{"href":"https:\/\/biblian.is\/videy\/wp-json\/wp\/v2\/types\/page"}],"author":[{"embeddable":true,"href":"https:\/\/biblian.is\/videy\/wp-json\/wp\/v2\/users\/1"}],"replies":[{"embeddable":true,"href":"https:\/\/biblian.is\/videy\/wp-json\/wp\/v2\/comments?post=22074"}],"version-history":[{"count":0,"href":"https:\/\/biblian.is\/videy\/wp-json\/wp\/v2\/pages\/22074\/revisions"}],"wp:attachment":[{"href":"https:\/\/biblian.is\/videy\/wp-json\/wp\/v2\/media?parent=22074"}],"curies":[{"name":"wp","href":"https:\/\/api.w.org\/{rel}","templated":true}]}}