{"id":22073,"date":"2018-01-02T01:05:29","date_gmt":"2018-01-02T01:05:29","guid":{"rendered":"http:\/\/biblian.is\/videy\/esterarbok-med-vidaukum-5-kafli\/"},"modified":"2018-01-02T01:05:29","modified_gmt":"2018-01-02T01:05:29","slug":"esterarbok-med-vidaukum-5-kafli","status":"publish","type":"page","link":"https:\/\/biblian.is\/videy\/esterarbok-med-vidaukum-5-kafli\/","title":{"rendered":"Esterarb\u00f3k (me\u00f0 vi\u00f0aukum) 5. kafli"},"content":{"rendered":"<div class=\"fyrirsognVidey\">K\u00f3ngsbr\u00e9fi\u00f0.<\/div>\n<p><a name=\"1\"><span class=\"versanumer\">1<\/span><\/a>\u00c1 4\u00f0a \u00e1ri T\u00f3lomeus k\u00f3ngs og Kleop\u00f6tru, h\u00f6f\u00f0u \u00feeir Dositeus, <span class='VideyAth'>(sem \u00fe\u00f3ttist vera prestur af Lev\u00ed\u00e6tt)<\/span> og hans son T\u00f3lomeus, \u00feetta p\u00farimsbr\u00e9f, <span class='VideyAth'>(me\u00f0fer\u00f0is til Egyptalands)<\/span> og s\u00f6g\u00f0u, a\u00f0 Lysimakkus, sonur hins sama T\u00f3lomeus, hef\u00f0i \u00fatlag\u00f0 \u00fea\u00f0 \u00ed Jer\u00fasalem <span class='VideyAth'>a)<\/span>. <br \/>S\u00e1 mikli konungur Artaserkses heilsar \u00feeim hundra\u00f0 tuttugu og sj\u00f6 l\u00e9nsherrum, h\u00f6fu\u00f0sm\u00f6nnum landanna fr\u00e1 Ind\u00edalandi til M\u00f3rlands, og \u00f6llum sem oss vilja vel!<a name=\"2\"><span class=\"versanumer\">2<\/span><\/a>Margir, sem fyrir ofmikla g\u00e6sku sinna velgj\u00f6rara, hafa komist til mikilla metor\u00f0a, eru or\u00f0nir \u00fev\u00ed ofmetna\u00f0arfyllri, og leitast ei einasta vi\u00f0 a\u00f0 gj\u00f6ra ska\u00f0a vorum \u00feegnum og geta ekki \u00feola\u00f0 sitt l\u00e1n, heldur sm\u00ed\u00f0a br\u00f6g\u00f0 m\u00f3ti eigin velgj\u00f6rurum.<a name=\"3\"><span class=\"versanumer\">3<\/span><\/a>Og \u00feeir gefa ei a\u00f0eins van\u00feakkl\u00e6tisd\u00e6mi me\u00f0al mannanna, heldur hefja sig upp me\u00f0 ofmetna\u00f0i, eins og \u00feeir sem enga velgj\u00f6r\u00f0 hafa \u00feegi\u00f0, og \u00e6tla s\u00e9r samt a\u00f0 umfl\u00fdja hegnandi r\u00e9ttl\u00e6ti \u00feess alvalda Gu\u00f0s.<a name=\"4\"><span class=\"versanumer\">4<\/span><\/a>Margsinnis hafa og margir af \u00feeim sem valdi\u00f0 hafa \u00ed h\u00f6ndum, og hv\u00f6rra skylda \u00fea\u00f0 er, a\u00f0 annast m\u00e1lefni vina sinna, tali\u00f0 \u00fe\u00e1 \u00e1 a\u00f0 gj\u00f6ra sig seka me\u00f0 \u00feeim \u00ed saklausu bl\u00f3\u00f0i, og steypt \u00feeim \u00ed \u00f3b\u00e6tanlega \u00f3g\u00e6fu, \u00fear e\u00f0 \u00feeir hafa komi\u00f0 flatt upp \u00e1 grunlausa velvild drottnandans, me\u00f0 lygafullri vonskunnar k\u00e6nsku.<a name=\"5\"><span class=\"versanumer\">5<\/span><\/a>S\u00e9\u00f0 geta menn \u00feetta, ekki eins vel af \u00feeim eldri s\u00f6gum, sem v\u00e9r h\u00f6fum framl\u00e1ti\u00f0, sem af \u00fev\u00ed, er \u00fe\u00e9r hafi\u00f0 y\u00f0ur fyrir augum, ef athuga vilji\u00f0 \u00feau \u00f3gu\u00f0lega fullgj\u00f6r\u00f0u \u00e1form fyrir dr\u00e1pgirni \u00f3maklegra stj\u00f3rnenda.<a name=\"6\"><span class=\"versanumer\">6<\/span><\/a>V\u00e9r hlj\u00f3tum \u00fev\u00ed vel a\u00f0 g\u00e6ta aflei\u00f0inganna, til \u00feess a\u00f0 geta haldi\u00f0 r\u00edkinu fyrir alla menn \u00ed \u00f3r\u00f6sku\u00f0um fri\u00f0i,<a name=\"7\"><span class=\"versanumer\">7<\/span><\/a>\u00ed \u00fev\u00ed v\u00e9r gj\u00f6rum tilbreytingar, og d\u00e6mum jafnan me\u00f0 mildi \u00fea\u00f0, sem oss kemur fyrir sj\u00f3nir.<a name=\"8\"><span class=\"versanumer\">8<\/span><\/a>Eins og a\u00f0 Haman Amadatsson, makedoniskur ma\u00f0ur, sannarlega \u00f3vi\u00f0komandi Persabl\u00f3\u00f0i, og mj\u00f6g fr\u00e1leitur vorri g\u00e6sku, sem v\u00e9r veittum vinsamlega m\u00f3tt\u00f6ku, \u00fe\u00e1 hann f\u00e9kk a\u00f0 reyna \u00feann mannk\u00e6rleika er v\u00e9r au\u00f0s\u00fdnum \u00f6llum \u00fej\u00f3\u00f0um, svo algj\u00f6rlega, a\u00f0 hann var kalla\u00f0ur vor fa\u00f0ir, og \u00e1vallt af \u00f6llum hei\u00f0ra\u00f0ur, sem s\u00e1 er gekk n\u00e6st k\u00f3nginum. En hann \u00feoldi ekki upphef\u00f0ina, og leita\u00f0ist vi\u00f0 a\u00f0 r\u00e6na oss r\u00edki og l\u00edfi,<a name=\"9\"><span class=\"versanumer\">9<\/span><\/a>og heimti me\u00f0 hrekkv\u00edsum br\u00f6g\u00f0um l\u00edftj\u00f3n vors frelsara og velgj\u00f6rara Mardokeus og \u00feeirrar \u00f3a\u00f0finnanlegu drottningar Ester, samt \u00feeirra gj\u00f6rvalla f\u00f3lks. \u00dev\u00ed \u00e1 \u00feennan h\u00e1tt gj\u00f6r\u00f0i hann s\u00e9r von um a\u00f0 geta yfirfalli\u00f0 oss, \u00feegar \u00feau voru fr\u00e1 oss tekin, og a\u00f0 koma Persaherrad\u00e6mi til makedoniskra.<a name=\"10\"><span class=\"versanumer\">10<\/span><\/a>En v\u00e9r finnum a\u00f0 \u00feeir Gy\u00f0ingar sem framseldir voru af \u00feeim vitstola manni til ey\u00f0ileggingar, eru saklausir, lifa eftir \u00feeim r\u00e9ttv\u00edsustu l\u00f6gum, og eru synir \u00feess \u00e6\u00f0sta lifanda Gu\u00f0s, sem hefir var\u00f0veitt oss og vorum forfe\u00f0rum r\u00edki\u00f0 \u00ed fegursta \u00e1sigkomulagi.<a name=\"11\"><span class=\"versanumer\">11<\/span><\/a>\u00de\u00e9r gj\u00f6ri\u00f0 n\u00fa vel a\u00f0 hl\u00fd\u00f0a ekki \u00fev\u00ed br\u00e9fi sem Haman Amadatsson sendi.<a name=\"12\"><span class=\"versanumer\">12<\/span><\/a>\u00dev\u00ed \u00feann, er sl\u00edkt gj\u00f6r\u00f0i, er b\u00fai\u00f0 a\u00f0 hengja me\u00f0 allri hans \u00e6tt \u00fati fyrir S\u00fasans borgarhli\u00f0i, \u00fev\u00ed s\u00e1 alvaldi Gu\u00f0 hefir sn\u00f6gglega goldi\u00f0 honum makleg laun.<a name=\"13\"><span class=\"versanumer\">13<\/span><\/a>En afskrift af \u00feessu br\u00e9fi skulu\u00f0 \u00fe\u00e9r opinberlega uppfesta \u00e1 \u00f6llum st\u00f6\u00f0um, og l\u00e1ta Gy\u00f0inga lifa eftir \u00feeirra l\u00f6gum,<a name=\"14\"><span class=\"versanumer\">14<\/span><\/a>og styrkja \u00fe\u00e1, a\u00f0 \u00feeir geti hefnt s\u00edn \u00e1 \u00feeim, sem s\u00fdndu \u00feeim fjandskap \u00e1 ney\u00f0arinnar t\u00edma, \u00feann 13da \u00ed 12ta m\u00e1nu\u00f0i, adar, einmitt \u00e1 \u00feeim sama degi.<a name=\"15\"><span class=\"versanumer\">15<\/span><\/a>\u00de\u00e9r skulu\u00f0 og me\u00f0 y\u00f0ar \u00f6\u00f0rum h\u00e1t\u00ed\u00f0isd\u00f6gum halda \u00feennan dag helgan me\u00f0 allri gla\u00f0v\u00e6r\u00f0, svo hann s\u00e9 n\u00fa og s\u00ed\u00f0ar meir, oss og \u00f6llum vel \u00feenkjandi Persum til heilla, en hinum sem sitja \u00e1 svikr\u00e1\u00f0um vi\u00f0 oss, \u00f3faranna minnismerki.<a name=\"16\"><span class=\"versanumer\">16<\/span><\/a>En hv\u00f6r s\u00fa borg, og hv\u00f6rt \u00fea\u00f0 land, \u00e1n undantekningar, sem ei gj\u00f6rir svo, skal me\u00f0 sver\u00f0i og eldi grimmilega ey\u00f0ilagt ver\u00f0a, og ei a\u00f0eins ver\u00f0a m\u00f6nnum \u00f3a\u00f0gengilegt, heldur skal \u00fea\u00f0 gj\u00f6rast alla t\u00edma a\u00f0 vi\u00f0bj\u00f3\u00f0 d\u00fdrum og fuglum.<\/p>\n<div class=\"footnoteVidey\">a. \u00cd \u00feeirri gr\u00edsku Bibl. er \u00feetta vers n\u00e6st \u00e1 undan vitran Mard\u00f3keus sem h\u00e9r \u00e1 eftir kemur, og \u00fear finnst \u00fea\u00f0 og \u00ed \u00feeirri d\u00f6nsku og fleirum. Nokkrir l\u00e1ta \u00fea\u00f0 vera seinustu greinina.<\/div>\n","protected":false},"excerpt":{"rendered":"<p>K\u00f3ngsbr\u00e9fi\u00f0. 1\u00c1 4\u00f0a \u00e1ri T\u00f3lomeus k\u00f3ngs og Kleop\u00f6tru, h\u00f6f\u00f0u \u00feeir Dositeus, (sem \u00fe\u00f3ttist vera prestur af Lev\u00ed\u00e6tt) og hans son T\u00f3lomeus, \u00feetta p\u00farimsbr\u00e9f, (me\u00f0fer\u00f0is til Egyptalands) og s\u00f6g\u00f0u, a\u00f0 Lysimakkus, sonur hins sama T\u00f3lomeus, hef\u00f0i \u00fatlag\u00f0 \u00fea\u00f0 \u00ed Jer\u00fasalem a). S\u00e1 mikli konungur Artaserkses heilsar \u00feeim hundra\u00f0 tuttugu og sj\u00f6 l\u00e9nsherrum, h\u00f6fu\u00f0sm\u00f6nnum landanna fr\u00e1 Ind\u00edalandi til M\u00f3rlands, og \u00f6llum sem oss vilja vel!2Margir, sem fyrir ofmikla g\u00e6sku sinna velgj\u00f6rara, hafa komist til mikilla metor\u00f0a, eru or\u00f0nir \u00fev\u00ed ofmetna\u00f0arfyllri, og leitast ei einasta vi\u00f0 a\u00f0 gj\u00f6ra ska\u00f0a vorum \u00feegnum og geta ekki \u00feola\u00f0 sitt l\u00e1n, heldur sm\u00ed\u00f0a br\u00f6g\u00f0 m\u00f3ti eigin velgj\u00f6rurum.3Og <a href=\"https:\/\/biblian.is\/videy\/esterarbok-med-vidaukum-5-kafli\/\"> [&#8230;]<\/a><\/p>\n","protected":false},"author":1,"featured_media":0,"parent":0,"menu_order":0,"comment_status":"open","ping_status":"open","template":"bibliukaflar.php","meta":{"footnotes":""},"class_list":["post-22073","page","type-page","status-publish","hentry"],"_links":{"self":[{"href":"https:\/\/biblian.is\/videy\/wp-json\/wp\/v2\/pages\/22073","targetHints":{"allow":["GET"]}}],"collection":[{"href":"https:\/\/biblian.is\/videy\/wp-json\/wp\/v2\/pages"}],"about":[{"href":"https:\/\/biblian.is\/videy\/wp-json\/wp\/v2\/types\/page"}],"author":[{"embeddable":true,"href":"https:\/\/biblian.is\/videy\/wp-json\/wp\/v2\/users\/1"}],"replies":[{"embeddable":true,"href":"https:\/\/biblian.is\/videy\/wp-json\/wp\/v2\/comments?post=22073"}],"version-history":[{"count":0,"href":"https:\/\/biblian.is\/videy\/wp-json\/wp\/v2\/pages\/22073\/revisions"}],"wp:attachment":[{"href":"https:\/\/biblian.is\/videy\/wp-json\/wp\/v2\/media?parent=22073"}],"curies":[{"name":"wp","href":"https:\/\/api.w.org\/{rel}","templated":true}]}}