{"id":22072,"date":"2018-01-02T01:05:29","date_gmt":"2018-01-02T01:05:29","guid":{"rendered":"http:\/\/biblian.is\/videy\/esterarbok-med-vidaukum-4-kafli\/"},"modified":"2018-01-02T01:05:29","modified_gmt":"2018-01-02T01:05:29","slug":"esterarbok-med-vidaukum-4-kafli","status":"publish","type":"page","link":"https:\/\/biblian.is\/videy\/esterarbok-med-vidaukum-4-kafli\/","title":{"rendered":"Esterarb\u00f3k (me\u00f0 vi\u00f0aukum) 4. kafli"},"content":{"rendered":"<div class=\"fyrirsognVidey\">(Sbr. Est. 5 kap\u00edt. 1\u20132 v).<\/div>\n<p><a name=\"3\"><span class=\"versanumer\">3<\/span><\/a>Og \u00fea\u00f0 ske\u00f0i \u00e1 \u00feri\u00f0ja degi \u00fe\u00e1 h\u00fan h\u00e6tti a\u00f0 bi\u00f0jast fyrir, a\u00f0 h\u00fan afkl\u00e6ddist gu\u00f0sd\u00fdrkunarb\u00faningnum <span class='VideyAth'>a)<\/span> og f\u00f3r \u00ed sitt skart.<a name=\"4\"><span class=\"versanumer\">4<\/span><\/a>Og sem h\u00fan var or\u00f0in skrautb\u00fain, \u00e1kalla\u00f0i h\u00fan \u00feann alvalda <span class='VideyAth'>b)<\/span> Gu\u00f0 og frelsara, og t\u00f3k b\u00e1\u00f0ar herbergismeyjarnar me\u00f0 s\u00e9r, og studdi sig vi\u00f0 a\u00f0ra eins og s\u00e6lkeri, en hin gekk \u00e1 eftir og h\u00e9lt upp faldi hennar kl\u00e6\u00f0a.<a name=\"5\"><span class=\"versanumer\">5<\/span><\/a>H\u00fan var rj\u00f3\u00f0 sem \u00ed bl\u00f3ma sinnar fegur\u00f0ar, og hennar andlit var gla\u00f0legt sem til \u00e1star lokkandi; en henni var \u00feungt fyrir hjarta af hr\u00e6\u00f0slu.<a name=\"6\"><span class=\"versanumer\">6<\/span><\/a>Og \u00fe\u00e1 h\u00fan var inngengin um allar dyrnar, nam h\u00fan sta\u00f0ar frammi fyrir konunginum; en hann sat \u00e1 s\u00ednum konunglega h\u00e1st\u00f3l, \u00ed \u00f6llum kl\u00e6\u00f0na\u00f0i vi\u00f0hafnar sinnar, sem var al\u00feakin gulli og gimsteinum. Og hann var mj\u00f6g \u00f3ttalegur.<a name=\"7\"><span class=\"versanumer\">7<\/span><\/a>Og hann h\u00f3f upp sitt andlit, tindrandi af h\u00e1tign, og leit rei\u00f0uglega til hennar. \u00de\u00e1 lei\u00f0 drottningin ni\u00f0ur, og skipti litum, \u00ed \u00f6ngvit, og halla\u00f0i s\u00e9r a\u00f0 h\u00f6f\u00f0i herbergjameyjarinnar, sem undan gekk.<a name=\"8\"><span class=\"versanumer\">8<\/span><\/a>\u00de\u00e1 sneri Gu\u00f0 sinni k\u00f3ngsins til g\u00e6sku, og \u00e1hyggjufullur st\u00f6kk hann \u00far h\u00e1s\u00e6tinu, og t\u00f3k hana s\u00e9r \u00ed fa\u00f0m, \u00feanga\u00f0 til h\u00fan rakna\u00f0i vi\u00f0; og s\u00ed\u00f0an hressti hann hana upp me\u00f0 vinsamlegum or\u00f0um og m\u00e6lti til hennar: hva\u00f0 er <span class='VideyAth'>(\u00feetta)<\/span>, Ester? Eg er br\u00f3\u00f0ir \u00feinn, vertu me\u00f0 g\u00f3\u00f0u ge\u00f0i, \u00fe\u00fa skalt ei deyja; \u00fev\u00ed \u00fea\u00f0 er <span class='VideyAth'>(a\u00f0eins)<\/span> almennilegt forbo\u00f0 vort;<a name=\"9\"><span class=\"versanumer\">9<\/span><\/a>kom \u00fe\u00fa <span class='VideyAth'>(n\u00e6r)<\/span>!<a name=\"10\"><span class=\"versanumer\">10<\/span><\/a>Og hann t\u00f3k gullsprotann og lag\u00f0i \u00e1 hennar h\u00e1ls, og kyssti hana, og m\u00e6lti: tala \u00fe\u00fa vi\u00f0 mig!<a name=\"11\"><span class=\"versanumer\">11<\/span><\/a>Og h\u00fan sag\u00f0i: Herra, \u00fe\u00fa komst m\u00e9r fyrir sj\u00f3nir sem Gu\u00f0s engill og mitt hjarta skelka\u00f0ist af \u00f3tta fyrir \u00feinni h\u00e1tign,<a name=\"12\"><span class=\"versanumer\">12<\/span><\/a>\u00fev\u00ed \u00fe\u00fa ert fur\u00f0anlegur herra, og \u00feitt andlit <span class='VideyAth'>(fullt af yndislegleika)<\/span> yndisamlegt.<a name=\"13\"><span class=\"versanumer\">13<\/span><\/a>Og sem h\u00fan tala\u00f0i, lei\u00f0 h\u00fan aftur \u00ed \u00f6ngvit.<a name=\"14\"><span class=\"versanumer\">14<\/span><\/a>Og konungi var\u00f0 bilt vi\u00f0, og allir hans \u00fej\u00f3nar leitu\u00f0ust vi\u00f0 a\u00f0 hressa hana.<\/p>\n<div class=\"footnoteVidey\">V. 3. a. \u00deeim sorgarb\u00faningi sem h\u00fan kl\u00e6ddist me\u00f0an h\u00fan var a\u00f0 bi\u00f0ja.  V. 4. b. Eiginl: sem l\u00edtur yfir alla.<\/div>\n","protected":false},"excerpt":{"rendered":"<p>(Sbr. Est. 5 kap\u00edt. 1\u20132 v). 3Og \u00fea\u00f0 ske\u00f0i \u00e1 \u00feri\u00f0ja degi \u00fe\u00e1 h\u00fan h\u00e6tti a\u00f0 bi\u00f0jast fyrir, a\u00f0 h\u00fan afkl\u00e6ddist gu\u00f0sd\u00fdrkunarb\u00faningnum a) og f\u00f3r \u00ed sitt skart.4Og sem h\u00fan var or\u00f0in skrautb\u00fain, \u00e1kalla\u00f0i h\u00fan \u00feann alvalda b) Gu\u00f0 og frelsara, og t\u00f3k b\u00e1\u00f0ar herbergismeyjarnar me\u00f0 s\u00e9r, og studdi sig vi\u00f0 a\u00f0ra eins og s\u00e6lkeri, en hin gekk \u00e1 eftir og h\u00e9lt upp faldi hennar kl\u00e6\u00f0a.5H\u00fan var rj\u00f3\u00f0 sem \u00ed bl\u00f3ma sinnar fegur\u00f0ar, og hennar andlit var gla\u00f0legt sem til \u00e1star lokkandi; en henni var \u00feungt fyrir hjarta af hr\u00e6\u00f0slu.6Og \u00fe\u00e1 h\u00fan var inngengin um allar dyrnar, nam h\u00fan sta\u00f0ar <a href=\"https:\/\/biblian.is\/videy\/esterarbok-med-vidaukum-4-kafli\/\"> [&#8230;]<\/a><\/p>\n","protected":false},"author":1,"featured_media":0,"parent":0,"menu_order":0,"comment_status":"open","ping_status":"open","template":"bibliukaflar.php","meta":{"footnotes":""},"class_list":["post-22072","page","type-page","status-publish","hentry"],"_links":{"self":[{"href":"https:\/\/biblian.is\/videy\/wp-json\/wp\/v2\/pages\/22072","targetHints":{"allow":["GET"]}}],"collection":[{"href":"https:\/\/biblian.is\/videy\/wp-json\/wp\/v2\/pages"}],"about":[{"href":"https:\/\/biblian.is\/videy\/wp-json\/wp\/v2\/types\/page"}],"author":[{"embeddable":true,"href":"https:\/\/biblian.is\/videy\/wp-json\/wp\/v2\/users\/1"}],"replies":[{"embeddable":true,"href":"https:\/\/biblian.is\/videy\/wp-json\/wp\/v2\/comments?post=22072"}],"version-history":[{"count":0,"href":"https:\/\/biblian.is\/videy\/wp-json\/wp\/v2\/pages\/22072\/revisions"}],"wp:attachment":[{"href":"https:\/\/biblian.is\/videy\/wp-json\/wp\/v2\/media?parent=22072"}],"curies":[{"name":"wp","href":"https:\/\/api.w.org\/{rel}","templated":true}]}}