{"id":22071,"date":"2018-01-02T01:05:29","date_gmt":"2018-01-02T01:05:29","guid":{"rendered":"http:\/\/biblian.is\/videy\/esterarbok-med-vidaukum-3-kafli\/"},"modified":"2018-01-02T01:05:29","modified_gmt":"2018-01-02T01:05:29","slug":"esterarbok-med-vidaukum-3-kafli","status":"publish","type":"page","link":"https:\/\/biblian.is\/videy\/esterarbok-med-vidaukum-3-kafli\/","title":{"rendered":"Esterarb\u00f3k (me\u00f0 vi\u00f0aukum) 3. kafli"},"content":{"rendered":"<div class=\"fyrirsognVidey\">Esters b\u00e6n.<\/div>\n<p><a name=\"1\"><span class=\"versanumer\">1<\/span><\/a>Og drottningin Ester leita\u00f0i h\u00e6lis hj\u00e1 Drottni, \u00fev\u00ed h\u00fan var gripin af dau\u00f0ans angist.<a name=\"2\"><span class=\"versanumer\">2<\/span><\/a>Og h\u00fan lag\u00f0i af s\u00e9r s\u00edn d\u00fdru kl\u00e6\u00f0i, og \u00edkl\u00e6ddist rauna og sorgarb\u00faningi, og \u00ed sta\u00f0inn fyrir ofl\u00e6tissalve, huldi h\u00fan sitt h\u00f6fu\u00f0 me\u00f0 \u00f6sku og dufti, og \u00fej\u00e1\u00f0i mj\u00f6g sinn l\u00edkama, og allt sem <span class='VideyAth'>(\u00e1\u00f0ur)<\/span> haf\u00f0i veri\u00f0 huli\u00f0 me\u00f0 hennar d\u00fdra skarti, \u00fea\u00f0 huldi h\u00fan n\u00fa me\u00f0 fl\u00e9ttum s\u00edns h\u00e1rs <span class='VideyAth'>(sundurleystum)<\/span>.<a name=\"3\"><span class=\"versanumer\">3<\/span><\/a>Og h\u00fan ba\u00f0 til Gu\u00f0s, Drottins, \u00cdsraels Gu\u00f0s og m\u00e6lti:<a name=\"4\"><span class=\"versanumer\">4<\/span><\/a>Drottinn, \u00fe\u00fa einn ert vor konungur, hj\u00e1lpa m\u00e9r yfirgefinni, sem engan hj\u00e1lparmann hefi, nema \u00feig; \u00fev\u00ed h\u00e1skinn vofir yfir m\u00e9r.<a name=\"5\"><span class=\"versanumer\">5<\/span><\/a>Eg hefi heyrt fr\u00e1 \u00fev\u00ed eg f\u00e6ddist \u00ed \u00e6tt f\u00f6\u00f0ur m\u00edns, a\u00f0 \u00fe\u00fa, Drottinn, hafir vali\u00f0 \u00cdsrael af \u00f6llum \u00fej\u00f3\u00f0um, og vora fe\u00f0ur af \u00f6llum \u00feeirra forfe\u00f0rum, til eil\u00edfrar eignar, og \u00fe\u00fa hafir vi\u00f0 \u00fe\u00e1 efnt, \u00fea\u00f0 sem \u00fe\u00fa h\u00e9st.<a name=\"6\"><span class=\"versanumer\">6<\/span><\/a>En n\u00fa h\u00f6fum v\u00e9r syndga\u00f0 fyrir \u00fe\u00e9r, og \u00fe\u00fa hefir gefi\u00f0 oss \u00e1 vald vorra \u00f3vina, af \u00fev\u00ed v\u00e9r h\u00f6fum hei\u00f0ra\u00f0 \u00feeirra Gu\u00f0i. \u00de\u00fa ert r\u00e9ttl\u00e1tur, Drottinn!<a name=\"7\"><span class=\"versanumer\">7<\/span><\/a>En n\u00fa l\u00e1ta \u00feeir s\u00e9r ekki n\u00e6gja beiskju vors \u00fer\u00e6ld\u00f3ms, heldur hafa \u00feeir <span class='VideyAth'>(svari\u00f0 vi\u00f0 go\u00f0in)<\/span> lagt s\u00ednar hendur \u00e1 hendur sinna go\u00f0a, a\u00f0 \u00f3n\u00fdta atkv\u00e6\u00f0i \u00fe\u00edns munns, og afm\u00e1 \u00fe\u00edna eign, og ni\u00f0ur\u00feagga \u00feeirra munn sem lofa \u00feig, og tort\u00edna hei\u00f0ri \u00fe\u00edns h\u00fass og altaris, og opna munn \u00fej\u00f3\u00f0anna til lofgj\u00f6r\u00f0ar \u00feeirra einkisver\u00f0u skur\u00f0go\u00f0a veldis, og svo a\u00f0 d\u00e1\u00f0st ver\u00f0i a\u00f0 holdlegum konungi a\u00f0 eil\u00edfu.<a name=\"8\"><span class=\"versanumer\">8<\/span><\/a>Gef ei \u00feinn sprota \u00feeim, sem ekkert eru, og l\u00e1t \u00fe\u00e1 ei h\u00e6\u00f0ast a\u00f0 voru falli, heldur sn\u00fa \u00feeirra r\u00e1\u00f0agj\u00f6r\u00f0 til baka \u00e1 \u00fe\u00e1 sj\u00e1lfa, og gj\u00f6r \u00feann til skammar, sem yfir oss drottnar.<a name=\"9\"><span class=\"versanumer\">9<\/span><\/a>Vertu minnugur, Drottinn! l\u00e1ttu \u00feekkja \u00feig \u00e1 t\u00edma vorrar \u00ferengingar, og gef m\u00e9r hug, konungur Gu\u00f0anna og Herra alls veldis! Legg \u00ed minn munn lagleg or\u00f0 frammi fyrir lj\u00f3ninu, og sn\u00fa \u00feess hjarta til haturs vi\u00f0 vorn \u00f3vin, honum og hans l\u00edkum til ey\u00f0ileggingar.<a name=\"10\"><span class=\"versanumer\">10<\/span><\/a>En frelsa oss me\u00f0 \u00feinni hendi, og hj\u00e1lpa m\u00e9r yfirgefinni, og sem engan hefi nema \u00feig, Drottinn!<a name=\"11\"><span class=\"versanumer\">11<\/span><\/a>\u00de\u00fa \u00feekkir allt, \u00fe\u00fa veist a\u00f0 eg hata hei\u00f0ur hinna gu\u00f0lausu, og hefi vi\u00f0bj\u00f3\u00f0 \u00e1 r\u00e1\u00f0ahag vi\u00f0 \u00fe\u00e1 \u00f3umskornu og hv\u00f6rn einn \u00fatlending. \u00de\u00fa \u00feekkir \u00fe\u00e1 \u00fevingun sem eg \u00feoli, a\u00f0 eg hefi \u00edmugust \u00e1 drambseminnar merki sem er \u00e1 m\u00ednu h\u00f6f\u00f0i, \u00e1 \u00feeim d\u00f6gum er eg l\u00e6t mig opinberlega sj\u00e1; eg hefi vi\u00f0bj\u00f3\u00f0 \u00e1 \u00fev\u00ed sem \u00f3hreinum d\u00fak, og ber \u00fea\u00f0 ei \u00e1 d\u00f6gum minnar hv\u00edldar. Ekki hefir heldur \u00fe\u00edn amb\u00e1tt matast vi\u00f0 Hamans bor\u00f0, n\u00e9 teki\u00f0 hlutdeild \u00ed konungsins veislum, n\u00e9 drukki\u00f0 af f\u00f3rnav\u00edninu. Og \u00fe\u00edn amb\u00e1tt hefir ekki glatt sig, fr\u00e1 degi sinnar upphafningar og allt til \u00feess n\u00fa, nema vi\u00f0 \u00feig Drottin, Abrahams Gu\u00f0!<a name=\"12\"><span class=\"versanumer\">12<\/span><\/a>\u00d3 Gu\u00f0, \u00fe\u00fa sem sterkur ert fram yfir alla, heyr \u00fe\u00fa b\u00e6n \u00feeirrar vonlausu, og losa oss \u00far hendi illvirkjans, og frelsa mig fr\u00e1 minni hr\u00e6\u00f0slu.<\/p>\n<div class=\"footnoteVidey\"><\/div>\n","protected":false},"excerpt":{"rendered":"<p>Esters b\u00e6n. 1Og drottningin Ester leita\u00f0i h\u00e6lis hj\u00e1 Drottni, \u00fev\u00ed h\u00fan var gripin af dau\u00f0ans angist.2Og h\u00fan lag\u00f0i af s\u00e9r s\u00edn d\u00fdru kl\u00e6\u00f0i, og \u00edkl\u00e6ddist rauna og sorgarb\u00faningi, og \u00ed sta\u00f0inn fyrir ofl\u00e6tissalve, huldi h\u00fan sitt h\u00f6fu\u00f0 me\u00f0 \u00f6sku og dufti, og \u00fej\u00e1\u00f0i mj\u00f6g sinn l\u00edkama, og allt sem (\u00e1\u00f0ur) haf\u00f0i veri\u00f0 huli\u00f0 me\u00f0 hennar d\u00fdra skarti, \u00fea\u00f0 huldi h\u00fan n\u00fa me\u00f0 fl\u00e9ttum s\u00edns h\u00e1rs (sundurleystum).3Og h\u00fan ba\u00f0 til Gu\u00f0s, Drottins, \u00cdsraels Gu\u00f0s og m\u00e6lti:4Drottinn, \u00fe\u00fa einn ert vor konungur, hj\u00e1lpa m\u00e9r yfirgefinni, sem engan hj\u00e1lparmann hefi, nema \u00feig; \u00fev\u00ed h\u00e1skinn vofir yfir m\u00e9r.5Eg hefi heyrt fr\u00e1 \u00fev\u00ed eg f\u00e6ddist <a href=\"https:\/\/biblian.is\/videy\/esterarbok-med-vidaukum-3-kafli\/\"> [&#8230;]<\/a><\/p>\n","protected":false},"author":1,"featured_media":0,"parent":0,"menu_order":0,"comment_status":"open","ping_status":"open","template":"bibliukaflar.php","meta":{"footnotes":""},"class_list":["post-22071","page","type-page","status-publish","hentry"],"_links":{"self":[{"href":"https:\/\/biblian.is\/videy\/wp-json\/wp\/v2\/pages\/22071","targetHints":{"allow":["GET"]}}],"collection":[{"href":"https:\/\/biblian.is\/videy\/wp-json\/wp\/v2\/pages"}],"about":[{"href":"https:\/\/biblian.is\/videy\/wp-json\/wp\/v2\/types\/page"}],"author":[{"embeddable":true,"href":"https:\/\/biblian.is\/videy\/wp-json\/wp\/v2\/users\/1"}],"replies":[{"embeddable":true,"href":"https:\/\/biblian.is\/videy\/wp-json\/wp\/v2\/comments?post=22071"}],"version-history":[{"count":0,"href":"https:\/\/biblian.is\/videy\/wp-json\/wp\/v2\/pages\/22071\/revisions"}],"wp:attachment":[{"href":"https:\/\/biblian.is\/videy\/wp-json\/wp\/v2\/media?parent=22071"}],"curies":[{"name":"wp","href":"https:\/\/api.w.org\/{rel}","templated":true}]}}