{"id":22070,"date":"2018-01-02T01:05:29","date_gmt":"2018-01-02T01:05:29","guid":{"rendered":"http:\/\/biblian.is\/videy\/esterarbok-med-vidaukum-2-kafli\/"},"modified":"2018-01-02T01:05:29","modified_gmt":"2018-01-02T01:05:29","slug":"esterarbok-med-vidaukum-2-kafli","status":"publish","type":"page","link":"https:\/\/biblian.is\/videy\/esterarbok-med-vidaukum-2-kafli\/","title":{"rendered":"Esterarb\u00f3k (me\u00f0 vi\u00f0aukum) 2. kafli"},"content":{"rendered":"<div class=\"fyrirsognVidey\">(Sj\u00e1 Estersb\u00f3k 4,17).<\/div>\n<p><a name=\"1\"><span class=\"versanumer\">1<\/span><\/a>Og Mardokeus ba\u00f0 til Drottins, minntist allra Drottins verka og sag\u00f0i: Drottinn, Drottinn, alvoldugi konungur, \u00ed \u00fe\u00ednu valdi er allt, og enginn getur \u00fe\u00e9r m\u00f3tst\u00f6\u00f0u veitt, \u00feegar \u00fe\u00fa vilt frelsa \u00cdsrael.<a name=\"2\"><span class=\"versanumer\">2<\/span><\/a>\u00de\u00fa hefir gj\u00f6rt himin og j\u00f6r\u00f0, og allt \u00fea\u00f0 d\u00e1samlega undir himninum.<a name=\"3\"><span class=\"versanumer\">3<\/span><\/a>\u00de\u00fa ert allra Drottinn, og enginn getur \u00fe\u00e9r, sem ert Drottinn, m\u00f3ti sta\u00f0i\u00f0.<a name=\"4\"><span class=\"versanumer\">4<\/span><\/a>\u00de\u00fa \u00feekkir allt, \u00fe\u00fa veist Drottinn, a\u00f0 eg hefi ei gj\u00f6rt \u00fea\u00f0 af ofmetna\u00f0i n\u00e9 drambsemi n\u00e9 \u00e6rugirnd, a\u00f0 eg fell ei fram fyrir \u00feeim drambl\u00e1ta Haman. \u00dev\u00ed gjarna vildi og kyssa, \u00cdsrael til heilla, hans sk\u00f3s\u00f3la <span class='VideyAth'>(f\u00f3ts\u00f3la)<\/span>. Heldur hefi eg gj\u00f6rt sl\u00edkt svo eg s\u00fdndi engum manni meiri hei\u00f0ur en Gu\u00f0i; og fyrir engum mun eg ni\u00f0urkrj\u00fapa, nema fyrir \u00fe\u00e9r, minn Drottinn, og \u00feannig breyti eg, ei af drambsemi.<a name=\"5\"><span class=\"versanumer\">5<\/span><\/a>Og n\u00fa Drottinn Gu\u00f0, konungur, Gu\u00f0 Abrahams, spara \u00feitt f\u00f3lk! \u00fev\u00ed \u00feeir hafa vort tj\u00f3n \u00ed \u00e1formi, og leitast vi\u00f0 a\u00f0 afm\u00e1 \u00fe\u00edna erf\u00f0, sem \u00fe\u00fa hefir haft fr\u00e1 upphafi.<a name=\"6\"><span class=\"versanumer\">6<\/span><\/a>Afr\u00e6k ekki \u00feinn erf\u00f0ahlut, sem \u00fe\u00fa leystir, \u00fe\u00e9r til handa, \u00far Egyptalandi!<a name=\"7\"><span class=\"versanumer\">7<\/span><\/a>Heyr m\u00edna b\u00e6n, og vertu n\u00e1\u00f0ugur \u00feinni eign, og sn\u00fa vorri sorg \u00ed f\u00f6gnu\u00f0, svo a\u00f0 v\u00e9r lifum og syngjum, Drottinn, \u00fe\u00ednu nafni lof, og afm\u00e1 ekki \u00feeirra munn, sem pr\u00edsa \u00feig, Drottinn!<a name=\"8\"><span class=\"versanumer\">8<\/span><\/a>Og \u00cdsraelsmenn k\u00f6llu\u00f0u af \u00f6llum m\u00e6tti, \u00fev\u00ed \u00feeirra dau\u00f0i var \u00feeim fyrir augum. <\/p>\n<div class=\"footnoteVidey\"><\/div>\n","protected":false},"excerpt":{"rendered":"<p>(Sj\u00e1 Estersb\u00f3k 4,17). 1Og Mardokeus ba\u00f0 til Drottins, minntist allra Drottins verka og sag\u00f0i: Drottinn, Drottinn, alvoldugi konungur, \u00ed \u00fe\u00ednu valdi er allt, og enginn getur \u00fe\u00e9r m\u00f3tst\u00f6\u00f0u veitt, \u00feegar \u00fe\u00fa vilt frelsa \u00cdsrael.2\u00de\u00fa hefir gj\u00f6rt himin og j\u00f6r\u00f0, og allt \u00fea\u00f0 d\u00e1samlega undir himninum.3\u00de\u00fa ert allra Drottinn, og enginn getur \u00fe\u00e9r, sem ert Drottinn, m\u00f3ti sta\u00f0i\u00f0.4\u00de\u00fa \u00feekkir allt, \u00fe\u00fa veist Drottinn, a\u00f0 eg hefi ei gj\u00f6rt \u00fea\u00f0 af ofmetna\u00f0i n\u00e9 drambsemi n\u00e9 \u00e6rugirnd, a\u00f0 eg fell ei fram fyrir \u00feeim drambl\u00e1ta Haman. \u00dev\u00ed gjarna vildi og kyssa, \u00cdsrael til heilla, hans sk\u00f3s\u00f3la (f\u00f3ts\u00f3la). Heldur hefi eg gj\u00f6rt sl\u00edkt svo <a href=\"https:\/\/biblian.is\/videy\/esterarbok-med-vidaukum-2-kafli\/\"> [&#8230;]<\/a><\/p>\n","protected":false},"author":1,"featured_media":0,"parent":0,"menu_order":0,"comment_status":"open","ping_status":"open","template":"bibliukaflar.php","meta":{"footnotes":""},"class_list":["post-22070","page","type-page","status-publish","hentry"],"_links":{"self":[{"href":"https:\/\/biblian.is\/videy\/wp-json\/wp\/v2\/pages\/22070","targetHints":{"allow":["GET"]}}],"collection":[{"href":"https:\/\/biblian.is\/videy\/wp-json\/wp\/v2\/pages"}],"about":[{"href":"https:\/\/biblian.is\/videy\/wp-json\/wp\/v2\/types\/page"}],"author":[{"embeddable":true,"href":"https:\/\/biblian.is\/videy\/wp-json\/wp\/v2\/users\/1"}],"replies":[{"embeddable":true,"href":"https:\/\/biblian.is\/videy\/wp-json\/wp\/v2\/comments?post=22070"}],"version-history":[{"count":0,"href":"https:\/\/biblian.is\/videy\/wp-json\/wp\/v2\/pages\/22070\/revisions"}],"wp:attachment":[{"href":"https:\/\/biblian.is\/videy\/wp-json\/wp\/v2\/media?parent=22070"}],"curies":[{"name":"wp","href":"https:\/\/api.w.org\/{rel}","templated":true}]}}