{"id":22068,"date":"2018-01-02T01:05:23","date_gmt":"2018-01-02T01:05:23","guid":{"rendered":"http:\/\/biblian.is\/videy\/juditarbok-16-kafli\/"},"modified":"2018-01-02T01:05:23","modified_gmt":"2018-01-02T01:05:23","slug":"juditarbok-16-kafli","status":"publish","type":"page","link":"https:\/\/biblian.is\/videy\/juditarbok-16-kafli\/","title":{"rendered":"J\u00fad\u00edtarb\u00f3k 16. kafli"},"content":{"rendered":"<div class=\"fyrirsognVidey\">J\u00fadit syngur lofs\u00f6ng, gefur til gu\u00f0legrar br\u00fakunar H\u00f3lofernis tjald, etc. Deyr.<\/div>\n<p><a name=\"1\"><span class=\"versanumer\">1<\/span><\/a>Og J\u00fadit h\u00f3f \u00feessi \u00feakkl\u00e6tis lj\u00f3\u00f0 me\u00f0al alls \u00cdsraels, og allt f\u00f3lki\u00f0 s\u00f6ng undir me\u00f0 henni \u00feennan lofs\u00e1lm.<a name=\"2\"><span class=\"versanumer\">2<\/span><\/a>Og J\u00fadit sag\u00f0i: byrji\u00f0 <span class='VideyAth'>(lofs\u00f6ng)<\/span> Gu\u00f0i m\u00ednum, me\u00f0 trumbum, syngi\u00f0 m\u00ednum Drottni me\u00f0 hornum, l\u00e1ti\u00f0 honum hlj\u00f3ma n\u00fdjan s\u00e1lm, lofi\u00f0 hann og vegsami\u00f0 hans nafn!<a name=\"3\"><span class=\"versanumer\">3<\/span><\/a>\u00dev\u00ed s\u00e1 Gu\u00f0 sem sundurmolar \u00f3vinina er Drottinn, \u00fev\u00ed \u00ed herb\u00fa\u00f0um hans, mitt \u00e1 me\u00f0al f\u00f3lksins frelsa\u00f0i hann mig af \u00feeirra hendi sem ofs\u00f3ttu mig. <br \/><a name=\"4\"><span class=\"versanumer\">4<\/span><\/a>Assur kom fr\u00e1 fj\u00f6llunum, a\u00f0 nor\u00f0an, kom me\u00f0 <span class='VideyAth'>(m\u00f6rgum)<\/span> t\u00edu \u00fe\u00fasundum s\u00edns str\u00ed\u00f0s hers; \u00feeirra fj\u00f6ldi tro\u00f0fyllti dalina, og \u00feeirra hestar \u00fe\u00f6ktu h\u00e6\u00f0irnar.<a name=\"5\"><span class=\"versanumer\">5<\/span><\/a>Hann hugsa\u00f0i s\u00e9r a\u00f0 brenna mitt h\u00e9ra\u00f0, og dey\u00f0a m\u00edna \u00e6skumenn me\u00f0 sver\u00f0i, og sl\u00e1 m\u00ednum brj\u00f3stb\u00f6rnum ni\u00f0ur vi\u00f0, og gefa m\u00edn b\u00f6rn til r\u00e1ns, og flytja burt m\u00ednar meyjar.<a name=\"6\"><span class=\"versanumer\">6<\/span><\/a>Drottinn, s\u00e1 alm\u00e1ttugi, gj\u00f6r\u00f0i \u00fe\u00e1 a\u00f0 engu me\u00f0 hendi konu nokkurar. <br \/><a name=\"7\"><span class=\"versanumer\">7<\/span><\/a>\u00dev\u00ed \u00feeirra s\u00e1 hinn voldugi f\u00e9ll, ekki fyrir \u00e6sku m\u00f6nnum, ekki sigru\u00f0u hann heldur Titananna synir, ekki r\u00e9\u00f0ust \u00e1 hann \u00feeir h\u00e1v\u00f6xnu risar, heldur tort\u00edndi J\u00fadit Merarid\u00f3ttir honum me\u00f0 fegur\u00f0 s\u00edns andlitis.<a name=\"8\"><span class=\"versanumer\">8<\/span><\/a>\u00dev\u00ed h\u00fan f\u00f3r \u00far s\u00ednum ekkjub\u00faningi til li\u00f0sinnis \u00feeim a\u00f0\u00ferengdu \u00ed \u00cdsrael; h\u00fan smur\u00f0i andlit sitt me\u00f0 smyrslum og h\u00fan batt h\u00e1r sitt \u00ed krans, og kl\u00e6ddist l\u00ednkl\u00e6\u00f0um, til a\u00f0 lokka hann.<a name=\"9\"><span class=\"versanumer\">9<\/span><\/a>Sk\u00f3s\u00f3lar hennar gj\u00f6r\u00f0u \u00e1hr\u00edfur \u00e1 hans augu, og fegur\u00f0 hennar andlitis fanga\u00f0i hans hjarta: sver\u00f0i\u00f0 f\u00f3r \u00ed gegnum hans h\u00e1ls.<a name=\"10\"><span class=\"versanumer\">10<\/span><\/a>Persar skulfu fyrir hennar dirfsku, og Medar \u00f3ttu\u00f0ust hennar \u00e1r\u00e6\u00f0i.<a name=\"11\"><span class=\"versanumer\">11<\/span><\/a>\u00de\u00e1 gl\u00f6ddust m\u00ednir l\u00edtilm\u00f3tlegu, \u00fe\u00e1 f\u00f6gnu\u00f0u m\u00ednir \u00f3styrku; en hinir skelfdust, h\u00f3fu upp s\u00edna raust og fl\u00fa\u00f0u:<a name=\"12\"><span class=\"versanumer\">12<\/span><\/a>st\u00falknasynir l\u00f6g\u00f0u \u00fe\u00e1 \u00ed gegn, og \u00feeir s\u00e6r\u00f0u \u00fe\u00e1 eins og strokumannab\u00f6rn: \u00feeir tort\u00edndust fyrir fylkingu m\u00edns Drottins.<a name=\"13\"><span class=\"versanumer\">13<\/span><\/a>Syngja vil eg m\u00ednum Gu\u00f0i n\u00fdjan s\u00e1lm, Drottinn, mikill ert \u00fe\u00fa og d\u00fdr\u00f0legur, undrunarver\u00f0ur a\u00f0 makt, \u00f3vi\u00f0jafnanlegur.<a name=\"14\"><span class=\"versanumer\">14<\/span><\/a>\u00de\u00e9r \u00fej\u00f3ni \u00f6ll \u00fe\u00edn sk\u00f6pun! \u00fev\u00ed \u00fe\u00fa tala\u00f0ir og h\u00fan var\u00f0 til; \u00fe\u00fa sendir \u00feinn anda, og hann mynda\u00f0i, og enginn er s\u00e1 sem m\u00f3tstandi \u00feinni raust;<a name=\"15\"><span class=\"versanumer\">15<\/span><\/a>\u00fev\u00ed fj\u00f6llin hristast \u00ed s\u00ednum grundvelli \u00e1samt v\u00f6tnunum, og klettarnir br\u00e1\u00f0na eins og vax fyrir \u00fe\u00ednu augliti; en \u00feeim, sem \u00feig \u00f3ttast, ert \u00fe\u00fa n\u00e1\u00f0ugur.<a name=\"16\"><span class=\"versanumer\">16<\/span><\/a>\u00dev\u00ed l\u00edti\u00f0 er allt offur til \u00fe\u00e6gilegs ilms, og enn minna, \u00f6ll fitan til brennif\u00f3rnar handa \u00fe\u00e9r: en hv\u00f6r s\u00e1, sem \u00f3ttast Drottin er \u00e6t\u00ed\u00f0 mikill.<a name=\"17\"><span class=\"versanumer\">17<\/span><\/a>Vei \u00fev\u00ed f\u00f3lki sem r\u00eds upp m\u00f3ti m\u00ednu f\u00f3lki! Drottinn, s\u00e1 alm\u00e1ttugi mun \u00fev\u00ed refsa \u00e1 degi d\u00f3msins, \u00fev\u00ed hann sendir eld og orma yfir \u00feeirra hold svo \u00feeir kveina af kv\u00f6linni eil\u00edflega. <br \/><a name=\"18\"><span class=\"versanumer\">18<\/span><\/a>En eftir a\u00f0 \u00feeir voru komnir aftur til Jer\u00fasalem, tilb\u00e1\u00f0u \u00feeir Gu\u00f0: og eftir a\u00f0 f\u00f3lki\u00f0 haf\u00f0i hreinsa\u00f0 sig, framb\u00e1ru \u00feeir s\u00ednar brennif\u00f3rnir, s\u00edn fr\u00edviljugu offur og g\u00e1fur.<a name=\"19\"><span class=\"versanumer\">19<\/span><\/a>Og J\u00fadit gaf til gu\u00f0legrar br\u00fakunar \u00f6ll H\u00f3lofernis h\u00fasg\u00f6gn, sem f\u00f3lki\u00f0 haf\u00f0i gefi\u00f0 henni; og l\u00edka flugnaneti\u00f0, sem h\u00fan haf\u00f0i teki\u00f0 af hans r\u00fami, \u00fea\u00f0 gaf h\u00fan Drottni sem helga g\u00e1fu.<a name=\"20\"><span class=\"versanumer\">20<\/span><\/a>Og f\u00f3lki\u00f0 var glatt \u00ed Jer\u00fasalem fyrir helgid\u00f3minum \u00ed \u00ferj\u00e1 m\u00e1nu\u00f0i, og J\u00fadit var hj\u00e1 \u00feeim.<a name=\"21\"><span class=\"versanumer\">21<\/span><\/a>En eftir \u00feessa daga f\u00f3r hv\u00f6r ma\u00f0ur heim til sinnar eignar. <br \/>Og J\u00fadit kom til Betyl\u00fau og sat a\u00f0 sinni eigin. Og h\u00fan var hei\u00f0ru\u00f0 alla s\u00edna \u00e6vi \u00ed \u00f6llu landinu.<a name=\"22\"><span class=\"versanumer\">22<\/span><\/a>Og margir beiddu hennar, en h\u00fan a\u00f0hylltist engan mann alla s\u00edna \u00e6vi eftir a\u00f0 ma\u00f0ur hennar Manasse d\u00f3, og safna\u00f0ist til sinna fe\u00f0ra.<a name=\"23\"><span class=\"versanumer\">23<\/span><\/a>Og h\u00fan lif\u00f0i miki\u00f0 lengi, og var\u00f0 g\u00f6mul \u00ed h\u00fasi mannsins s\u00edns, hundra\u00f0 og fimm \u00e1ra, og gaf h\u00fasmey sinni frelsi, og d\u00f3 \u00ed Betyl\u00fau, og menn gr\u00f3fu hana \u00ed hellir mannsins hennar Manassis.<a name=\"24\"><span class=\"versanumer\">24<\/span><\/a>Og \u00cdsraels h\u00fas harma\u00f0i hana \u00ed 7 daga. Og h\u00fan skipti s\u00ednum eignum, \u00e1\u00f0ur en h\u00fan d\u00f3 milli \u00e6ttingja Manassis, mannsins s\u00edns, og sinna \u00e6ttingja.<a name=\"25\"><span class=\"versanumer\">25<\/span><\/a>Og enginn \u00e1reitti \u00cdsraelssyni me\u00f0an J\u00fadit lif\u00f0i, og ekki \u00ed langan t\u00edma eftir hennar andl\u00e1t.<\/p>\n<div class=\"footnoteVidey\"><\/div>\n","protected":false},"excerpt":{"rendered":"<p>J\u00fadit syngur lofs\u00f6ng, gefur til gu\u00f0legrar br\u00fakunar H\u00f3lofernis tjald, etc. Deyr. 1Og J\u00fadit h\u00f3f \u00feessi \u00feakkl\u00e6tis lj\u00f3\u00f0 me\u00f0al alls \u00cdsraels, og allt f\u00f3lki\u00f0 s\u00f6ng undir me\u00f0 henni \u00feennan lofs\u00e1lm.2Og J\u00fadit sag\u00f0i: byrji\u00f0 (lofs\u00f6ng) Gu\u00f0i m\u00ednum, me\u00f0 trumbum, syngi\u00f0 m\u00ednum Drottni me\u00f0 hornum, l\u00e1ti\u00f0 honum hlj\u00f3ma n\u00fdjan s\u00e1lm, lofi\u00f0 hann og vegsami\u00f0 hans nafn!3\u00dev\u00ed s\u00e1 Gu\u00f0 sem sundurmolar \u00f3vinina er Drottinn, \u00fev\u00ed \u00ed herb\u00fa\u00f0um hans, mitt \u00e1 me\u00f0al f\u00f3lksins frelsa\u00f0i hann mig af \u00feeirra hendi sem ofs\u00f3ttu mig. 4Assur kom fr\u00e1 fj\u00f6llunum, a\u00f0 nor\u00f0an, kom me\u00f0 (m\u00f6rgum) t\u00edu \u00fe\u00fasundum s\u00edns str\u00ed\u00f0s hers; \u00feeirra fj\u00f6ldi tro\u00f0fyllti dalina, og \u00feeirra hestar \u00fe\u00f6ktu h\u00e6\u00f0irnar.5Hann <a href=\"https:\/\/biblian.is\/videy\/juditarbok-16-kafli\/\"> [&#8230;]<\/a><\/p>\n","protected":false},"author":1,"featured_media":0,"parent":0,"menu_order":0,"comment_status":"open","ping_status":"open","template":"bibliukaflar.php","meta":{"footnotes":""},"class_list":["post-22068","page","type-page","status-publish","hentry"],"_links":{"self":[{"href":"https:\/\/biblian.is\/videy\/wp-json\/wp\/v2\/pages\/22068","targetHints":{"allow":["GET"]}}],"collection":[{"href":"https:\/\/biblian.is\/videy\/wp-json\/wp\/v2\/pages"}],"about":[{"href":"https:\/\/biblian.is\/videy\/wp-json\/wp\/v2\/types\/page"}],"author":[{"embeddable":true,"href":"https:\/\/biblian.is\/videy\/wp-json\/wp\/v2\/users\/1"}],"replies":[{"embeddable":true,"href":"https:\/\/biblian.is\/videy\/wp-json\/wp\/v2\/comments?post=22068"}],"version-history":[{"count":0,"href":"https:\/\/biblian.is\/videy\/wp-json\/wp\/v2\/pages\/22068\/revisions"}],"wp:attachment":[{"href":"https:\/\/biblian.is\/videy\/wp-json\/wp\/v2\/media?parent=22068"}],"curies":[{"name":"wp","href":"https:\/\/api.w.org\/{rel}","templated":true}]}}