{"id":22067,"date":"2018-01-02T01:05:23","date_gmt":"2018-01-02T01:05:23","guid":{"rendered":"http:\/\/biblian.is\/videy\/juditarbok-15-kafli\/"},"modified":"2018-01-02T01:05:23","modified_gmt":"2018-01-02T01:05:23","slug":"juditarbok-15-kafli","status":"publish","type":"page","link":"https:\/\/biblian.is\/videy\/juditarbok-15-kafli\/","title":{"rendered":"J\u00fad\u00edtarb\u00f3k 15. kafli"},"content":{"rendered":"<div class=\"fyrirsognVidey\">Ass\u00fdriskir fl\u00fdja. J\u00fadit f\u00e6r s\u00e6mdir fyrir s\u00edna d\u00e1\u00f0.<\/div>\n<p><a name=\"1\"><span class=\"versanumer\">1<\/span><\/a>Og sem \u00feeir, er \u00ed tj\u00f6ldunum voru, heyr\u00f0u \u00fea\u00f0, ur\u00f0u \u00feeir aldeilis hissa \u00e1 \u00fev\u00ed sem ske\u00f0 var,<a name=\"2\"><span class=\"versanumer\">2<\/span><\/a>og \u00f3tti og skelfing kom yfir \u00fe\u00e1, og enginn var framar \u00f6\u00f0rum fyrir augs\u00fdn, heldur stukku allir strax af sta\u00f0, og fl\u00fa\u00f0u allir, veginn til ey\u00f0imerkurinnar, og til fjallsins.<a name=\"3\"><span class=\"versanumer\">3<\/span><\/a>Og l\u00edka stukku \u00feeir \u00e1 fl\u00f3tta, sem l\u00e1gu \u00e1 fjallinu \u00ed kringum Betyl\u00fau. \u00de\u00e1 gj\u00f6r\u00f0u \u00cdsraelssynir, allir herf\u00e6rir menn me\u00f0al \u00feeirra, \u00e1r\u00e1s \u00e1 \u00fe\u00e1.<a name=\"4\"><span class=\"versanumer\">4<\/span><\/a>Og Os\u00eda sendi til Baitomastaim og K\u00f3bai og K\u00f3la og \u00ed allt \u00cdsraelsh\u00e9ra\u00f0, <span class='VideyAth'>(menn)<\/span> sem skyldu kunngj\u00f6ra \u00fea\u00f0 sem ske\u00f0 var, og a\u00f0 allir skyldu gj\u00f6ra \u00f3vinunum \u00e1r\u00e1s, svo \u00feeir yr\u00f0u drepnir ni\u00f0ur \u00ed str\u00e1.<a name=\"5\"><span class=\"versanumer\">5<\/span><\/a>\u00deegar \u00cdsraelssynir heyr\u00f0u \u00fea\u00f0, gj\u00f6r\u00f0u \u00feeir \u00e1r\u00e1s allir \u00ed einu lagi, og hr\u00f6ktu \u00fe\u00e1 allt til K\u00f3ba; s\u00f6mulei\u00f0is komu \u00feeir fr\u00e1 Jer\u00fasalem, og fr\u00e1 \u00f6llum fjallbygg\u00f0um; \u00fev\u00ed menn h\u00f6f\u00f0u l\u00e1ti\u00f0 \u00fe\u00e1 vita \u00fea\u00f0 sem ske\u00f0 var \u00ed herb\u00fa\u00f0um \u00feeirra \u00f3vina. Og \u00feeir \u00ed G\u00edlea\u00f0 og Galileu hr\u00f6ktu \u00fe\u00e1 me\u00f0 miklu mannfalli, \u00fear til \u00feeir voru komnir framhj\u00e1 Damaskus og hennar landamerkjum.<a name=\"6\"><span class=\"versanumer\">6<\/span><\/a>En a\u00f0rir af Betyl\u00fauinnb\u00faum r\u00e9\u00f0ust \u00e1 herb\u00fa\u00f0ir \u00feeirra ass\u00fdrisku, r\u00e6ndu \u00fe\u00e6r og au\u00f0gu\u00f0ust r\u00edkuglega.<a name=\"7\"><span class=\"versanumer\">7<\/span><\/a>En \u00cdsraelssynir sem komu aftur fr\u00e1 manndr\u00e1punum, t\u00f3ku leifarnar; og \u00feorpin og b\u00e6irnir \u00e1 fj\u00f6llunum og l\u00e1glendinu fengu miki\u00f0 herfang; \u00fev\u00ed af miklu var a\u00f0 taka. <br \/><a name=\"8\"><span class=\"versanumer\">8<\/span><\/a>Og J\u00f3jakim, h\u00f6fu\u00f0prestur og r\u00e1\u00f0 \u00cdsraelssona, \u00feeir sem bjuggu \u00ed Jer\u00fasalem, komu til a\u00f0 sj\u00e1 \u00fea\u00f0 g\u00f3\u00f0a, sem Herrann haf\u00f0i gj\u00f6rt \u00cdsrael, og til a\u00f0 sj\u00e1 J\u00fadit, og til a\u00f0 tala vinsamlega vi\u00f0 hana.<a name=\"9\"><span class=\"versanumer\">9<\/span><\/a>Og sem \u00feeir voru til hennar komnir, hr\u00f3su\u00f0u \u00feeir henni allir einhuga, og s\u00f6g\u00f0u vi\u00f0 hana: \u00fe\u00fa \u00cdsraels s\u00f3mi, mikla \u00cdsraels hr\u00f3s, \u00fe\u00fa mikla pr\u00fd\u00f0i vors f\u00f3lks!<a name=\"10\"><span class=\"versanumer\">10<\/span><\/a>\u00de\u00fa hefir gj\u00f6rt allt \u00feetta me\u00f0 \u00feinni hendi, \u00fe\u00fa hefir gj\u00f6rt \u00cdsrael <span class='VideyAth'>(miki\u00f0)<\/span> gott, og Gu\u00f0 hefir haft \u00fear \u00e1 vel\u00fe\u00f3knan. Blessu\u00f0 s\u00e9rt \u00fe\u00fa af Drottni a\u00f0 eil\u00edfu! Og allt f\u00f3lki\u00f0 sag\u00f0i: ver\u00f0i \u00fea\u00f0!<a name=\"11\"><span class=\"versanumer\">11<\/span><\/a>Og allt f\u00f3lki\u00f0 r\u00e6ndi herb\u00fa\u00f0irnar \u00ed 30 daga, og menn g\u00e1fu J\u00fadit H\u00f3lofernis tjald og allan hans silfurbor\u00f0b\u00fana\u00f0 og s\u00e6ngur og kistur og \u00f6ll hans h\u00fasg\u00f6gn. Og h\u00fan t\u00f3k vi\u00f0 \u00fev\u00ed, og flutti \u00fea\u00f0 \u00e1 s\u00ednum m\u00fal, og spennti fyrir sinn vagn, og l\u00e9t \u00fea\u00f0 \u00fear \u00e1.<a name=\"12\"><span class=\"versanumer\">12<\/span><\/a>Og allar konur \u00ed \u00cdsrael komu saman, til a\u00f0 sj\u00e1 hana og vegsama hana, og \u00fe\u00e6r gj\u00f6r\u00f0u dansleik henni til s\u00e6mdar. Og h\u00fan t\u00f3k vi\u00f0argreinir s\u00e9r \u00ed h\u00f6nd, og f\u00e9kk konunum sem me\u00f0 henni voru.<a name=\"13\"><span class=\"versanumer\">13<\/span><\/a>Og \u00fe\u00e6r kr\u00fdndu sig me\u00f0 vi\u00f0smj\u00f6rsvi\u00f0argreinum, h\u00fan, og \u00fe\u00e6r sem me\u00f0 henni voru, og \u00fe\u00e6r gengu fram fyrir f\u00f3lki\u00f0, \u00ed r\u00f6\u00f0inni var h\u00fan fremst af \u00f6llum konunum, og allir \u00cdsraelsmenn komu \u00e1 eftir vopna\u00f0ir me\u00f0 kr\u00f6nsum, og me\u00f0 lofs\u00f6ng s\u00e9r \u00ed munni.<\/p>\n<div class=\"footnoteVidey\"><\/div>\n","protected":false},"excerpt":{"rendered":"<p>Ass\u00fdriskir fl\u00fdja. J\u00fadit f\u00e6r s\u00e6mdir fyrir s\u00edna d\u00e1\u00f0. 1Og sem \u00feeir, er \u00ed tj\u00f6ldunum voru, heyr\u00f0u \u00fea\u00f0, ur\u00f0u \u00feeir aldeilis hissa \u00e1 \u00fev\u00ed sem ske\u00f0 var,2og \u00f3tti og skelfing kom yfir \u00fe\u00e1, og enginn var framar \u00f6\u00f0rum fyrir augs\u00fdn, heldur stukku allir strax af sta\u00f0, og fl\u00fa\u00f0u allir, veginn til ey\u00f0imerkurinnar, og til fjallsins.3Og l\u00edka stukku \u00feeir \u00e1 fl\u00f3tta, sem l\u00e1gu \u00e1 fjallinu \u00ed kringum Betyl\u00fau. \u00de\u00e1 gj\u00f6r\u00f0u \u00cdsraelssynir, allir herf\u00e6rir menn me\u00f0al \u00feeirra, \u00e1r\u00e1s \u00e1 \u00fe\u00e1.4Og Os\u00eda sendi til Baitomastaim og K\u00f3bai og K\u00f3la og \u00ed allt \u00cdsraelsh\u00e9ra\u00f0, (menn) sem skyldu kunngj\u00f6ra \u00fea\u00f0 sem ske\u00f0 var, og a\u00f0 allir <a href=\"https:\/\/biblian.is\/videy\/juditarbok-15-kafli\/\"> [&#8230;]<\/a><\/p>\n","protected":false},"author":1,"featured_media":0,"parent":0,"menu_order":0,"comment_status":"open","ping_status":"open","template":"bibliukaflar.php","meta":{"footnotes":""},"class_list":["post-22067","page","type-page","status-publish","hentry"],"_links":{"self":[{"href":"https:\/\/biblian.is\/videy\/wp-json\/wp\/v2\/pages\/22067","targetHints":{"allow":["GET"]}}],"collection":[{"href":"https:\/\/biblian.is\/videy\/wp-json\/wp\/v2\/pages"}],"about":[{"href":"https:\/\/biblian.is\/videy\/wp-json\/wp\/v2\/types\/page"}],"author":[{"embeddable":true,"href":"https:\/\/biblian.is\/videy\/wp-json\/wp\/v2\/users\/1"}],"replies":[{"embeddable":true,"href":"https:\/\/biblian.is\/videy\/wp-json\/wp\/v2\/comments?post=22067"}],"version-history":[{"count":0,"href":"https:\/\/biblian.is\/videy\/wp-json\/wp\/v2\/pages\/22067\/revisions"}],"wp:attachment":[{"href":"https:\/\/biblian.is\/videy\/wp-json\/wp\/v2\/media?parent=22067"}],"curies":[{"name":"wp","href":"https:\/\/api.w.org\/{rel}","templated":true}]}}