{"id":22066,"date":"2018-01-02T01:05:23","date_gmt":"2018-01-02T01:05:23","guid":{"rendered":"http:\/\/biblian.is\/videy\/juditarbok-14-kafli\/"},"modified":"2018-01-02T01:05:23","modified_gmt":"2018-01-02T01:05:23","slug":"juditarbok-14-kafli","status":"publish","type":"page","link":"https:\/\/biblian.is\/videy\/juditarbok-14-kafli\/","title":{"rendered":"J\u00fad\u00edtarb\u00f3k 14. kafli"},"content":{"rendered":"<div class=\"fyrirsognVidey\">\u00c1hlaup Gy\u00f0inganna.<\/div>\n<p><a name=\"1\"><span class=\"versanumer\">1<\/span><\/a>Og J\u00fadit sag\u00f0i vi\u00f0 \u00fe\u00e1: heyri\u00f0 mig \u00fe\u00f3, br\u00e6\u00f0ur, og taki\u00f0 \u00feetta h\u00f6fu\u00f0 og hengi\u00f0 \u00fea\u00f0 \u00e1 brj\u00f3stverju m\u00farveggsins!<a name=\"2\"><span class=\"versanumer\">2<\/span><\/a>Og \u00feegar morgun kemur og s\u00f3lin rennur upp yfir j\u00f6r\u00f0ina, \u00fe\u00e1 taki s\u00e9rhv\u00f6r y\u00f0ar s\u00edn vopn, og fari\u00f0 allir herf\u00e6rir menn \u00far sta\u00f0num og setji\u00f0 yfir y\u00f0ur h\u00f6fu\u00f0smann, eins og \u00fe\u00e9r hef\u00f0u\u00f0 \u00ed sinni, a\u00f0 fara ni\u00f0ur \u00e1 sl\u00e9ttlendi\u00f0 til \u00fatvar\u00f0a Ass\u00farssona; en fari\u00f0 samt ekki.<a name=\"3\"><span class=\"versanumer\">3<\/span><\/a>\u00de\u00e1 munu \u00feessir <span class='VideyAth'>(var\u00f0menn)<\/span> gr\u00edpa til vopna, og ganga \u00ed herb\u00fa\u00f0irnar, og vekja herforingja assyriska hersins, og safnast a\u00f0 H\u00f3lofernis tjaldi, og ekki finna hann, og \u00f3tti mun koma yfir \u00fe\u00e1, og \u00feeir munu fl\u00fdja fyrir y\u00f0ur.<a name=\"4\"><span class=\"versanumer\">4<\/span><\/a>\u00de\u00e1 skulu\u00f0 \u00fe\u00e9r, og allir sem b\u00faa \u00e1 \u00f6llu \u00cdsraelsfjalli, elta \u00fe\u00e1, og leggja vi\u00f0 velli \u00e1 veginum.<a name=\"5\"><span class=\"versanumer\">5<\/span><\/a>En \u00e1\u00f0ur en \u00fe\u00e9r gj\u00f6ri\u00f0 \u00feetta, \u00fe\u00e1 kalli\u00f0 fyrir mig \u00e1 Akior Ammon\u00edtann, svo a\u00f0 hann sj\u00e1i og \u00feekki \u00feann, er forsm\u00e1\u00f0i \u00cdsraels h\u00fas, og sendi hann til vor, sem til l\u00edfl\u00e1ts.<a name=\"6\"><span class=\"versanumer\">6<\/span><\/a>Og \u00feeir k\u00f6llu\u00f0u Akior \u00far Os\u00eda h\u00fasi. Og sem hann kom og s\u00e1 H\u00f3lofernis h\u00f6fu\u00f0 \u00ed hendi manns nokkurs \u00e1 f\u00f3lks samkomunni, f\u00e9ll hann \u00e1 sitt andlit, og lei\u00f0 \u00ed \u00f6ngvit.<a name=\"7\"><span class=\"versanumer\">7<\/span><\/a>Og sem \u00feeir reistu hann \u00e1 f\u00e6tur, f\u00e9ll hann J\u00fadit til f\u00f3ta og m\u00e6lti: vegs\u00f6mu\u00f0 s\u00e9rt \u00fe\u00fa, \u00ed hv\u00f6rjum sem helst J\u00fada h\u00edb\u00fdlum, og hj\u00e1 \u00f6llum \u00fej\u00f3\u00f0um, sem munu ver\u00f0a hissa, \u00fe\u00e1 \u00fe\u00e6r heyra \u00fe\u00edn geti\u00f0.<a name=\"8\"><span class=\"versanumer\">8<\/span><\/a>Og seg m\u00e9r n\u00fa, hva\u00f0 \u00fe\u00fa hefir gj\u00f6rt \u00e1 \u00feessum d\u00f6gum! Og J\u00fadit sag\u00f0i honum fr\u00e1, mitt \u00e1 me\u00f0al f\u00f3lksins, \u00fev\u00ed, sem h\u00fan haf\u00f0i gj\u00f6rt, fr\u00e1 \u00fev\u00ed h\u00fan f\u00f3r, og \u00feanga\u00f0 til h\u00fan vi\u00f0 \u00fe\u00e1 tala\u00f0i.<a name=\"9\"><span class=\"versanumer\">9<\/span><\/a>Og sem h\u00fan h\u00e6tti a\u00f0 tala, l\u00e9t f\u00f3lki\u00f0 \u00ed lj\u00f3si sinn f\u00f6gnu\u00f0 me\u00f0 h\u00e1rri raust, og l\u00e9t gle\u00f0i\u00f3p hvella \u00ed allri sinni borg.<a name=\"10\"><span class=\"versanumer\">10<\/span><\/a>En er Akior s\u00e1 allt sem \u00cdsraels Gu\u00f0 haf\u00f0i gj\u00f6rt, tr\u00fa\u00f0i hann fastlega \u00e1 Gu\u00f0, og umskar hold sinnar forh\u00fa\u00f0ar, og var inntekinn \u00ed \u00cdsraels h\u00fas, allt til \u00feessa dags.<br \/><a name=\"11\"><span class=\"versanumer\">11<\/span><\/a>En sem dagur rann, hengdu \u00feeir H\u00f3lofernis h\u00f6fu\u00f0 \u00e1 m\u00farvegginn, og allir \u00cdsraelsmenn t\u00f3ku s\u00edn vopn og f\u00f3ru \u00ed h\u00f3pum ni\u00f0ur brekkur fjallsins.<a name=\"12\"><span class=\"versanumer\">12<\/span><\/a>En er Assurssynir s\u00e1u \u00fe\u00e1, sendu \u00feeir til sinna fyrirli\u00f0a, en \u00feessir komu til hersh\u00f6f\u00f0ingjanna og ofurstanna og allra herstj\u00f3rnaranna.<a name=\"13\"><span class=\"versanumer\">13<\/span><\/a>Og \u00feeir komu til H\u00f3lofernis tjalds, og s\u00f6g\u00f0u vi\u00f0 \u00feann, sem settur var yfir allt hans: vek \u00fe\u00fa vorn herra, \u00fev\u00ed \u00fer\u00e6larnir hafa dirfst a\u00f0 koma ni\u00f0ur \u00e1 m\u00f3ti oss til orrustu, svo \u00feeir ver\u00f0i algj\u00f6rlega afm\u00e1\u00f0ir!<a name=\"14\"><span class=\"versanumer\">14<\/span><\/a>Og Bag\u00f3as gekk inn, og klappa\u00f0i \u00e1 tjaldsins fortjald: \u00fev\u00ed hann hugsa\u00f0i, a\u00f0 hann sv\u00e6fi hj\u00e1 J\u00fadit.<a name=\"15\"><span class=\"versanumer\">15<\/span><\/a>En af \u00fev\u00ed enginn heyr\u00f0i, dr\u00f3 hann <span class='VideyAth'>(fortjaldi\u00f0)<\/span> fr\u00e1 og gekk inn \u00ed herbergi\u00f0 og fann hann dau\u00f0ann liggjandi \u00e1 g\u00f3lfinu, og hans h\u00f6fu\u00f0 var afh\u00f6ggi\u00f0.<a name=\"16\"><span class=\"versanumer\">16<\/span><\/a>Og hann kalla\u00f0i me\u00f0 h\u00e1rri r\u00f6dd, gr\u00e9t og kveina\u00f0i og hlj\u00f3\u00f0a\u00f0i og reif s\u00edn kl\u00e6\u00f0i.<a name=\"17\"><span class=\"versanumer\">17<\/span><\/a>Og hann gekk \u00ed \u00fea\u00f0 tjald sem J\u00fadit haf\u00f0i veri\u00f0 \u00ed, og fann hana ekki. Og hann hlj\u00f3p \u00fat til f\u00f3lksins, og \u00e6pti.<a name=\"18\"><span class=\"versanumer\">18<\/span><\/a>\u00der\u00e6larnir hafa beitt svikum, ein einasta kona enna hebresku hefir leitt sk\u00f6mm yfir h\u00fas Neb\u00fakadnesars k\u00f3ngs, \u00fev\u00ed sj\u00e1! H\u00f3lofernes liggur \u00fear \u00e1 g\u00f3lfinu, og h\u00f6fu\u00f0 hans er ekki framar \u00e1 honum.<a name=\"19\"><span class=\"versanumer\">19<\/span><\/a>En sem fyrirli\u00f0ar ass\u00fdriska hersins heyr\u00f0u \u00feessi or\u00f0, rifu \u00feeir s\u00edn kl\u00e6\u00f0i, og ur\u00f0u mj\u00f6g skelka\u00f0ir, og \u00feeirra \u00f3p og harmat\u00f6lur hlj\u00f3mu\u00f0u h\u00e1tt \u00ed herb\u00fa\u00f0unum.<\/p>\n<div class=\"footnoteVidey\"><\/div>\n","protected":false},"excerpt":{"rendered":"<p>\u00c1hlaup Gy\u00f0inganna. 1Og J\u00fadit sag\u00f0i vi\u00f0 \u00fe\u00e1: heyri\u00f0 mig \u00fe\u00f3, br\u00e6\u00f0ur, og taki\u00f0 \u00feetta h\u00f6fu\u00f0 og hengi\u00f0 \u00fea\u00f0 \u00e1 brj\u00f3stverju m\u00farveggsins!2Og \u00feegar morgun kemur og s\u00f3lin rennur upp yfir j\u00f6r\u00f0ina, \u00fe\u00e1 taki s\u00e9rhv\u00f6r y\u00f0ar s\u00edn vopn, og fari\u00f0 allir herf\u00e6rir menn \u00far sta\u00f0num og setji\u00f0 yfir y\u00f0ur h\u00f6fu\u00f0smann, eins og \u00fe\u00e9r hef\u00f0u\u00f0 \u00ed sinni, a\u00f0 fara ni\u00f0ur \u00e1 sl\u00e9ttlendi\u00f0 til \u00fatvar\u00f0a Ass\u00farssona; en fari\u00f0 samt ekki.3\u00de\u00e1 munu \u00feessir (var\u00f0menn) gr\u00edpa til vopna, og ganga \u00ed herb\u00fa\u00f0irnar, og vekja herforingja assyriska hersins, og safnast a\u00f0 H\u00f3lofernis tjaldi, og ekki finna hann, og \u00f3tti mun koma yfir \u00fe\u00e1, og \u00feeir munu fl\u00fdja <a href=\"https:\/\/biblian.is\/videy\/juditarbok-14-kafli\/\"> [&#8230;]<\/a><\/p>\n","protected":false},"author":1,"featured_media":0,"parent":0,"menu_order":0,"comment_status":"open","ping_status":"open","template":"bibliukaflar.php","meta":{"footnotes":""},"class_list":["post-22066","page","type-page","status-publish","hentry"],"_links":{"self":[{"href":"https:\/\/biblian.is\/videy\/wp-json\/wp\/v2\/pages\/22066","targetHints":{"allow":["GET"]}}],"collection":[{"href":"https:\/\/biblian.is\/videy\/wp-json\/wp\/v2\/pages"}],"about":[{"href":"https:\/\/biblian.is\/videy\/wp-json\/wp\/v2\/types\/page"}],"author":[{"embeddable":true,"href":"https:\/\/biblian.is\/videy\/wp-json\/wp\/v2\/users\/1"}],"replies":[{"embeddable":true,"href":"https:\/\/biblian.is\/videy\/wp-json\/wp\/v2\/comments?post=22066"}],"version-history":[{"count":0,"href":"https:\/\/biblian.is\/videy\/wp-json\/wp\/v2\/pages\/22066\/revisions"}],"wp:attachment":[{"href":"https:\/\/biblian.is\/videy\/wp-json\/wp\/v2\/media?parent=22066"}],"curies":[{"name":"wp","href":"https:\/\/api.w.org\/{rel}","templated":true}]}}