{"id":22064,"date":"2018-01-02T01:05:23","date_gmt":"2018-01-02T01:05:23","guid":{"rendered":"http:\/\/biblian.is\/videy\/juditarbok-12-kafli\/"},"modified":"2018-01-02T01:05:23","modified_gmt":"2018-01-02T01:05:23","slug":"juditarbok-12-kafli","status":"publish","type":"page","link":"https:\/\/biblian.is\/videy\/juditarbok-12-kafli\/","title":{"rendered":"J\u00fad\u00edtarb\u00f3k 12. kafli"},"content":{"rendered":"<div class=\"fyrirsognVidey\">Gestabo\u00f0 hj\u00e1 H\u00f3lofernes.<\/div>\n<p><a name=\"1\"><span class=\"versanumer\">1<\/span><\/a>Eftir \u00feetta skipa\u00f0i hann a\u00f0 fara me\u00f0 hana \u00feanga\u00f0, hvar hans silfurbor\u00f0b\u00fana\u00f0ur var settur, og \u00fear l\u00e9t hann tilrei\u00f0a henni m\u00e1lt\u00ed\u00f0, af s\u00ednum matv\u00e6lum og drykk af s\u00ednu v\u00edni.<a name=\"2\"><span class=\"versanumer\">2<\/span><\/a>En J\u00fadit sag\u00f0i: Eg mun ei \u00fear af eta, svo ekki ver\u00f0i hneyksli, heldur skal m\u00e9r matreitt ver\u00f0a af \u00fev\u00ed sem eg hefi haft me\u00f0 m\u00e9r.<a name=\"3\"><span class=\"versanumer\">3<\/span><\/a>Og H\u00f3lofernes sag\u00f0i vi\u00f0 hana: En \u00feegar \u00fea\u00f0 er \u00feroti\u00f0, sem \u00fe\u00fa hefir me\u00f0fer\u00f0is, hva\u00f0an getum v\u00e9r \u00fe\u00e1 \u00fatvega\u00f0 \u00fe\u00e9r nokku\u00f0 \u00feessh\u00e1ttar? \u00fev\u00ed enginn er hj\u00e1 oss af \u00feinni \u00fej\u00f3\u00f0.<a name=\"4\"><span class=\"versanumer\">4<\/span><\/a>Og J\u00fadit sag\u00f0i vi\u00f0 hann: svo sannarlega sem minn herra lifir, \u00fe\u00edn \u00feerna mun ei hafa loki\u00f0 \u00fev\u00ed sem h\u00fan hefir me\u00f0fer\u00f0is, fyrr en Herrann framkv\u00e6mir fyrir m\u00edna h\u00f6nd, \u00fea\u00f0 sem hann hefir \u00e1lykta\u00f0.<a name=\"5\"><span class=\"versanumer\">5<\/span><\/a>Og H\u00f3lofernis \u00fe\u00e9narar f\u00f3ru me\u00f0 hana \u00ed tjaldi\u00f0, og h\u00fan svaf til mi\u00f0n\u00e6ttis, og f\u00f3r \u00e1 f\u00e6tur \u00feegar komi\u00f0 var a\u00f0 morgunvakt.<a name=\"6\"><span class=\"versanumer\">6<\/span><\/a>Og h\u00fan sendi til H\u00f3lofernes og sag\u00f0i: minn herra bj\u00f3\u00f0i, a\u00f0 \u00fe\u00edn \u00feerna f\u00e1i a\u00f0 ganga \u00fat til b\u00e6nagj\u00f6r\u00f0ar!<a name=\"7\"><span class=\"versanumer\">7<\/span><\/a>Og H\u00f3lofernes bau\u00f0 l\u00edfv\u00f6kturunum a\u00f0 hindra hana ekki. Og h\u00fan var \u00ed herb\u00fa\u00f0unum \u00ed \u00ferj\u00e1 daga, og gekk \u00e1 n\u00e6turnar \u00fat \u00ed Betyl\u00faudal, og ba\u00f0a\u00f0i sig \u00ed lind hj\u00e1 herb\u00fa\u00f0unum.<a name=\"8\"><span class=\"versanumer\">8<\/span><\/a>Og sem h\u00fan st\u00e9 upp <span class='VideyAth'>(\u00far lindinni)<\/span> ba\u00f0 h\u00fan Drottin, \u00cdsraels Gu\u00f0, a\u00f0 grei\u00f0a s\u00e9r veg s\u00ednu f\u00f3lki til fremdar.<a name=\"9\"><span class=\"versanumer\">9<\/span><\/a>Og eftir a\u00f0 h\u00fan, hrein or\u00f0in, kom til baka, var h\u00fan \u00ed tjaldinu \u00feanga\u00f0 til menn, um kv\u00f6ldi\u00f0, b\u00e1ru henni hennar mat. <br \/><a name=\"10\"><span class=\"versanumer\">10<\/span><\/a>Og \u00fea\u00f0 ske\u00f0i \u00e1 fj\u00f3r\u00f0a degi, a\u00f0 H\u00f3lofernes h\u00e9lt veislu \u00fej\u00f3num s\u00ednum einum, og bau\u00f0 engum \u00ed samkv\u00e6mi\u00f0 sem s\u00fdslan h\u00f6f\u00f0u.<a name=\"11\"><span class=\"versanumer\">11<\/span><\/a>Og hann sag\u00f0i vi\u00f0 Bag\u00f3as gelding, sem var settur yfir allt hans: far \u00fe\u00fa og yfirtala \u00fe\u00e1 hebresku konu, sem hj\u00e1 \u00fe\u00e9r er, a\u00f0 h\u00fan komi til vor, og eti og drekki me\u00f0 oss,<a name=\"12\"><span class=\"versanumer\">12<\/span><\/a>\u00fev\u00ed sj\u00e1, \u00fea\u00f0 v\u00e6ri sk\u00f6mm fyrir oss, ef v\u00e9r l\u00e9tum fr\u00e1 oss sl\u00edka konu, \u00e1n \u00feess a\u00f0 hafa vi\u00f0 hana fengist, \u00fev\u00ed ef v\u00e9r saml\u00f6gumst henni ekki, svo mun h\u00fan gj\u00f6ra gys a\u00f0 oss.<a name=\"13\"><span class=\"versanumer\">13<\/span><\/a>Og Bag\u00f3as gekk fr\u00e1 H\u00f3lofernes og gekk inn til hennar og m\u00e6lti: \u00feessi fr\u00ed\u00f0a st\u00falka veigri s\u00e9r ekki vi\u00f0, a\u00f0 koma til m\u00edns herra, til \u00feess a\u00f0 f\u00e1 s\u00e6md fyrir hans augliti, og til a\u00f0 drekka v\u00edn me\u00f0 oss \u00ed f\u00f6gnu\u00f0i, og til a\u00f0 ver\u00f0a eins og a\u00f0rar d\u00e6tur Assurssona, sem eru \u00ed Neb\u00fakadnesars h\u00fasi!<a name=\"14\"><span class=\"versanumer\">14<\/span><\/a>Og J\u00fadit svara\u00f0i honum: hv\u00f6r er eg, a\u00f0 eg skyldi m\u00f3tsegja m\u00ednum herra? Allt hva\u00f0 honum \u00fe\u00f3knast vil eg, sem skj\u00f3tast gj\u00f6ra, og \u00fea\u00f0 skal vera m\u00edn gle\u00f0i me\u00f0an eg lifi.<a name=\"15\"><span class=\"versanumer\">15<\/span><\/a>Og h\u00fan st\u00f3\u00f0 upp og bj\u00f3 sig \u00ed allt kvenskart. Og stofumey hennar gekk a\u00f0, og breiddi \u00fat handa henni d\u00fak frammi fyrir H\u00f3lofernes \u00e1 j\u00f6r\u00f0ina, \u00feann sem h\u00fan haf\u00f0i fengi\u00f0 af Bag\u00f3as til hennar daglegu m\u00e1lt\u00ed\u00f0ar, til \u00feess h\u00fan l\u00e6gi \u00fear \u00e1 me\u00f0an h\u00fan mata\u00f0ist.<a name=\"16\"><span class=\"versanumer\">16<\/span><\/a>Og J\u00fadit kom inn <span class='VideyAth'>(\u00ed tjaldi\u00f0)<\/span> og lag\u00f0ist ni\u00f0ur; og hjarta H\u00f3lofernes var\u00f0 fr\u00e1 s\u00e9r numi\u00f0 sakir hennar, og hans s\u00e1l \u00f3lga\u00f0i, og hann langa\u00f0i mj\u00f6g til a\u00f0 leggjast me\u00f0 henni; og hann haf\u00f0i leita\u00f0 t\u00e6kif\u00e6ris a\u00f0 glepja hana fr\u00e1 \u00feeim degi sem hann haf\u00f0i s\u00e9\u00f0 hana.<a name=\"17\"><span class=\"versanumer\">17<\/span><\/a>Og H\u00f3lofernes sag\u00f0i vi\u00f0 hana: drekk \u00fe\u00fa n\u00fa samt, og vertu gla\u00f0v\u00e6r me\u00f0 oss!<a name=\"18\"><span class=\"versanumer\">18<\/span><\/a>Og J\u00fadit m\u00e6lti: eg skal drekka, herra, \u00fev\u00ed n\u00fa \u00feykir m\u00e9r l\u00edf mitt g\u00f6fuglegra heldur en nokkurn t\u00edma <span class='VideyAth'>(\u00e1\u00f0ur)<\/span> fr\u00e1 minni f\u00e6\u00f0ingu.<a name=\"19\"><span class=\"versanumer\">19<\/span><\/a>Og h\u00fan t\u00f3k og \u00e1t og drakk frammi fyrir honum, \u00fea\u00f0 sem hennar \u00feerna haf\u00f0i matreitt.<a name=\"20\"><span class=\"versanumer\">20<\/span><\/a>Og H\u00f3lofernes haf\u00f0i gle\u00f0i af henni og drakk mj\u00f6g miki\u00f0 v\u00edn, meira v\u00edn, en nokkurn einn dag \u00e1\u00f0ur, fr\u00e1 \u00fev\u00ed hann f\u00e6ddist.<\/p>\n<div class=\"footnoteVidey\"><\/div>\n","protected":false},"excerpt":{"rendered":"<p>Gestabo\u00f0 hj\u00e1 H\u00f3lofernes. 1Eftir \u00feetta skipa\u00f0i hann a\u00f0 fara me\u00f0 hana \u00feanga\u00f0, hvar hans silfurbor\u00f0b\u00fana\u00f0ur var settur, og \u00fear l\u00e9t hann tilrei\u00f0a henni m\u00e1lt\u00ed\u00f0, af s\u00ednum matv\u00e6lum og drykk af s\u00ednu v\u00edni.2En J\u00fadit sag\u00f0i: Eg mun ei \u00fear af eta, svo ekki ver\u00f0i hneyksli, heldur skal m\u00e9r matreitt ver\u00f0a af \u00fev\u00ed sem eg hefi haft me\u00f0 m\u00e9r.3Og H\u00f3lofernes sag\u00f0i vi\u00f0 hana: En \u00feegar \u00fea\u00f0 er \u00feroti\u00f0, sem \u00fe\u00fa hefir me\u00f0fer\u00f0is, hva\u00f0an getum v\u00e9r \u00fe\u00e1 \u00fatvega\u00f0 \u00fe\u00e9r nokku\u00f0 \u00feessh\u00e1ttar? \u00fev\u00ed enginn er hj\u00e1 oss af \u00feinni \u00fej\u00f3\u00f0.4Og J\u00fadit sag\u00f0i vi\u00f0 hann: svo sannarlega sem minn herra lifir, \u00fe\u00edn \u00feerna mun ei <a href=\"https:\/\/biblian.is\/videy\/juditarbok-12-kafli\/\"> [&#8230;]<\/a><\/p>\n","protected":false},"author":1,"featured_media":0,"parent":0,"menu_order":0,"comment_status":"open","ping_status":"open","template":"bibliukaflar.php","meta":{"footnotes":""},"class_list":["post-22064","page","type-page","status-publish","hentry"],"_links":{"self":[{"href":"https:\/\/biblian.is\/videy\/wp-json\/wp\/v2\/pages\/22064","targetHints":{"allow":["GET"]}}],"collection":[{"href":"https:\/\/biblian.is\/videy\/wp-json\/wp\/v2\/pages"}],"about":[{"href":"https:\/\/biblian.is\/videy\/wp-json\/wp\/v2\/types\/page"}],"author":[{"embeddable":true,"href":"https:\/\/biblian.is\/videy\/wp-json\/wp\/v2\/users\/1"}],"replies":[{"embeddable":true,"href":"https:\/\/biblian.is\/videy\/wp-json\/wp\/v2\/comments?post=22064"}],"version-history":[{"count":0,"href":"https:\/\/biblian.is\/videy\/wp-json\/wp\/v2\/pages\/22064\/revisions"}],"wp:attachment":[{"href":"https:\/\/biblian.is\/videy\/wp-json\/wp\/v2\/media?parent=22064"}],"curies":[{"name":"wp","href":"https:\/\/api.w.org\/{rel}","templated":true}]}}