{"id":22063,"date":"2018-01-02T01:05:23","date_gmt":"2018-01-02T01:05:23","guid":{"rendered":"http:\/\/biblian.is\/videy\/juditarbok-11-kafli\/"},"modified":"2018-01-02T01:05:23","modified_gmt":"2018-01-02T01:05:23","slug":"juditarbok-11-kafli","status":"publish","type":"page","link":"https:\/\/biblian.is\/videy\/juditarbok-11-kafli\/","title":{"rendered":"J\u00fad\u00edtarb\u00f3k 11. kafli"},"content":{"rendered":"<div class=\"fyrirsognVidey\">H\u00f3lofernes finnst miki\u00f0 um vitsmuni og fr\u00ed\u00f0leik konunnar.<\/div>\n<p><a name=\"1\"><span class=\"versanumer\">1<\/span><\/a>Og H\u00f3lofernes sag\u00f0i vi\u00f0 hana: vertu \u00f3hr\u00e6dd, kona, \u00f3ttast ekki \u00ed \u00fe\u00ednu hjarta! \u00fev\u00ed hinga\u00f0 til hefi eg engum manni mein gj\u00f6rt, sem vildi \u00fej\u00f3na Neb\u00fakadnesar, herra allrar jar\u00f0arinnar.<a name=\"2\"><span class=\"versanumer\">2<\/span><\/a>Og hva\u00f0 n\u00fa \u00feitt f\u00f3lk \u00e1hr\u00e6rir, sem b\u00fdr \u00e1 fjallinu, hef\u00f0i \u00fea\u00f0 ei fyrirliti\u00f0 mig, svo mundi eg ei hafa lyft spj\u00f3ti \u00e1 m\u00f3ti \u00fev\u00ed, \u00feeir geta kennt sj\u00e1lfum s\u00e9r um.<a name=\"3\"><span class=\"versanumer\">3<\/span><\/a>Og seg\u00f0u m\u00e9r n\u00fa hv\u00f6rs vegna \u00fe\u00fa ert fr\u00e1 \u00feeim hlaupin og til vor komin? \u00dev\u00ed \u00fe\u00fa ert komin <span class='VideyAth'>(\u00fe\u00e9r)<\/span> til heilla. Vertu me\u00f0 g\u00f3\u00f0u ge\u00f0i, \u00fe\u00fa skalt lifa \u00feessa n\u00f3tt og lengur.<a name=\"4\"><span class=\"versanumer\">4<\/span><\/a>\u00dev\u00ed enginn ma\u00f0ur mun gj\u00f6ra \u00fe\u00e9r nokku\u00f0 til meins, heldur munu menn gj\u00f6ra \u00fe\u00e9r vel til, eins og \u00fej\u00f3num m\u00edns herra, k\u00f3ngs Neb\u00fakadnesar, er gj\u00f6rt.<a name=\"5\"><span class=\"versanumer\">5<\/span><\/a>Og J\u00fadit sag\u00f0i vi\u00f0 hann: me\u00f0tak n\u00e1\u00f0arsamlega or\u00f0 \u00feinnar amb\u00e1ttar og leyf \u00feinni \u00feernu vi\u00f0 \u00feig a\u00f0 tala, og eg mun enga lygi kunngj\u00f6ra m\u00ednum herra \u00e1 \u00feessari n\u00f3ttu.<a name=\"6\"><span class=\"versanumer\">6<\/span><\/a>Og ef \u00fe\u00fa hl\u00fd\u00f0nast or\u00f0um \u00feinnar amb\u00e1ttar, mun Gu\u00f0 me\u00f0 \u00fe\u00e9r fullgj\u00f6ra verki\u00f0, og \u00fea\u00f0 mun ei breg\u00f0ast, a\u00f0 minn herra komi fram sinni \u00e6tlan.<a name=\"7\"><span class=\"versanumer\">7<\/span><\/a>\u00dev\u00ed svo sannarlega sem Neb\u00fakadnesar lifir, konungur allrar jar\u00f0arinnar, og hans veldi lifir, sem sendi \u00feig til a\u00f0 koma \u00f6llu, sem lifir, \u00ed or\u00f0u; \u00fev\u00ed \u00fe\u00fa gj\u00f6rir ei a\u00f0eins honum menn undirgefna, heldur og munu d\u00fdr merkurinnar, f\u00e9na\u00f0urinn og fuglar himinsins fyrir \u00feitt veldi lifa <span class='VideyAth'>(undir)<\/span> Neb\u00fakadnesar og \u00f6llu hans h\u00fasi.<a name=\"8\"><span class=\"versanumer\">8<\/span><\/a>\u00dev\u00ed v\u00e9r h\u00f6fum spurn af \u00feinni visku og hyggindum \u00fe\u00edns anda, og allri j\u00f6r\u00f0unni er \u00fea\u00f0 kunnugt, a\u00f0 \u00fe\u00fa einn ert fram\u00farskarandi \u00ed \u00f6llu r\u00edkinu, og voldugur \u00ed \u00feekkingu og a\u00f0d\u00e1anlegur \u00ed herstj\u00f3rn.<a name=\"9\"><span class=\"versanumer\">9<\/span><\/a>Og hva\u00f0 n\u00fa \u00fea\u00f0 tal \u00e1hr\u00e6rir, sem Akior flutti \u00e1 \u00feinni r\u00e1\u00f0samkomu, svo h\u00f6fum v\u00e9r heyrt hans or\u00f0; \u00fev\u00ed Betyl\u00faumenn hafa l\u00e1ti\u00f0 hann lifa, og hann hefir sagt \u00feeim, \u00fea\u00f0 sem hann tala\u00f0i hj\u00e1 \u00fe\u00e9r.<a name=\"10\"><span class=\"versanumer\">10<\/span><\/a>\u00deess vegna h\u00fassb\u00f3ndi og herra! forsm\u00e1 ekki hans tal, heldur legg \u00fea\u00f0 upp \u00e1 hjarta\u00f0; \u00fev\u00ed \u00fea\u00f0 er satt. \u00dev\u00ed vor \u00fej\u00f3\u00f0 ver\u00f0ur ekki str\u00f6ffu\u00f0, ekkert megnar sver\u00f0i\u00f0 m\u00f3ti henni, \u00feegar \u00feeir ekki syndga m\u00f3ti s\u00ednum Gu\u00f0i.<a name=\"11\"><span class=\"versanumer\">11<\/span><\/a>Svo a\u00f0 minn herra sleppi n\u00fa ekki voninni og verkinu, \u00fe\u00e1 er n\u00fa dau\u00f0inn kominn yfir \u00fe\u00e1, og syndin hefir gripi\u00f0 \u00fe\u00e1, me\u00f0 hv\u00f6rri \u00feeir munu egna sinn Gu\u00f0 til rei\u00f0i, undir eins og \u00feeir a\u00f0hafast rangl\u00e6ti.<a name=\"12\"><span class=\"versanumer\">12<\/span><\/a>\u00dear e\u00f0 nefnilega matv\u00e6li \u00feeirra voru \u00ferotin, og allt vatn vanta\u00f0i, \u00e1lyktu\u00f0u \u00feeir a\u00f0 leggja h\u00f6nd \u00e1 sinn f\u00e9na\u00f0, og \u00e6tla s\u00e9r n\u00fa a\u00f0 eta allt, sem Gu\u00f0 hefir \u00ed \u00feeirra l\u00f6gum banna\u00f0 \u00feeim a\u00f0 eta.<a name=\"13\"><span class=\"versanumer\">13<\/span><\/a>Og \u00feeir hafa l\u00edka \u00e1lykta\u00f0 a\u00f0 eta frumgr\u00f3\u00f0a kornsins, og t\u00edundir v\u00ednsins og vi\u00f0smj\u00f6rsins, sem \u00feeir hafa geymt og helga\u00f0 handa prestunum, sem standa fyrir augliti vors Gu\u00f0s \u00ed Jer\u00fasalem, og \u00feetta m\u00e1 jafnvel enginn af voru f\u00f3lki snerta me\u00f0 h\u00f6ndunum.<a name=\"14\"><span class=\"versanumer\">14<\/span><\/a>Og \u00feeir hafa sent til Jer\u00fasalem\u2014\u00fev\u00ed einnegin \u00feeir, sem \u00fear b\u00faa, hafa gj\u00f6rt hi\u00f0 sama\u2014til a\u00f0 s\u00e6kja s\u00e9r leyfi til r\u00e1\u00f0sins.<a name=\"15\"><span class=\"versanumer\">15<\/span><\/a>Og \u00fea\u00f0 mun ske, er \u00feeim ver\u00f0ur \u00fea\u00f0 kunngj\u00f6rt, og \u00feeir gj\u00f6ra \u00fea\u00f0, a\u00f0 \u00feeir ver\u00f0a ofurgefnir til tort\u00edningar \u00e1 \u00feeim sama degi.<a name=\"16\"><span class=\"versanumer\">16<\/span><\/a>\u00deess vegna er eg \u00fe\u00edn amb\u00e1tt, sem vissi allt \u00feetta, fr\u00e1 \u00feeim fl\u00fain; og Gu\u00f0 hefir sent mig til a\u00f0 framkv\u00e6ma me\u00f0 \u00fe\u00e9r \u00fe\u00e1 hluti, sem \u00f6llum m\u00f6nnum munu ofbj\u00f3\u00f0a, hv\u00f6r sem \u00fe\u00e1 spyr.<a name=\"17\"><span class=\"versanumer\">17<\/span><\/a>\u00dev\u00ed \u00fe\u00edn amb\u00e1tt er gu\u00f0hr\u00e6dd, og \u00fej\u00f3nar dag og n\u00e1tt himinsins Gu\u00f0i; og n\u00fa vil eg hj\u00e1 \u00fe\u00e9r vera, minn herra, og \u00fe\u00edn amb\u00e1tt mun \u00e1 n\u00f3ttunni ganga \u00fat \u00ed dalinn, og eg mun bi\u00f0ja Gu\u00f0; og hann mun segja m\u00e9r, n\u00e6r \u00feeir hafa syndina dr\u00fdgt.<a name=\"18\"><span class=\"versanumer\">18<\/span><\/a>Og \u00fe\u00e1 mun eg koma og l\u00e1ta \u00feig vita: \u00fe\u00e1 leggur \u00fe\u00fa af sta\u00f0 me\u00f0 allan \u00feinn her, og enginn af \u00feeim mun veita \u00fe\u00e9r fyrirst\u00f6\u00f0u.<a name=\"19\"><span class=\"versanumer\">19<\/span><\/a>Og eg mun lei\u00f0a \u00feig mitt um J\u00fadaland, \u00feanga\u00f0 til \u00fe\u00fa ert komin gagnvart Jer\u00fasalem, og \u00fear vil eg reisa \u00feitt h\u00e1s\u00e6ti, og \u00fe\u00fa munt reka \u00fe\u00e1 \u00fea\u00f0an sem sau\u00f0i, sem engan hir\u00f0ir hafa, og enginn hundur skal gelta a\u00f0 \u00fe\u00e9r me\u00f0 tungunni. \u00dev\u00ed \u00feetta er m\u00e9r opinbera\u00f0 og kunngj\u00f6rt, og eg er send, til a\u00f0 l\u00e1ta \u00feig vita \u00feetta. <br \/><a name=\"20\"><span class=\"versanumer\">20<\/span><\/a>Og hennar tal ge\u00f0ja\u00f0ist H\u00f3lofernes, og \u00f6llum hans \u00fe\u00e9nurum, og \u00f6llum hans \u00feernum, og d\u00e1\u00f0ust a\u00f0 hennar v\u00edsd\u00f3mi og s\u00f6g\u00f0u:<a name=\"21\"><span class=\"versanumer\">21<\/span><\/a>\u00fev\u00edl\u00edk kona er ekki til fr\u00e1 einum enda jar\u00f0arinnar til annars, svo fr\u00ed\u00f0 og svo skyns\u00f6m \u00ed tali.<a name=\"22\"><span class=\"versanumer\">22<\/span><\/a>Og H\u00f3lofernes sag\u00f0i vi\u00f0 hana: Gu\u00f0 hefir gj\u00f6rt vel a\u00f0 senda \u00feig \u00e1 undan f\u00f3lkinu, svo sigurinn komi \u00ed vora h\u00f6nd, en ey\u00f0ilegging yfir \u00fe\u00e1 sem hafa forsm\u00e1\u00f0 minn herra.<a name=\"23\"><span class=\"versanumer\">23<\/span><\/a>Og sannarlega ert \u00fe\u00fa f\u00f6gur \u00e1lits, og ypparleg \u00ed \u00fe\u00ednu tali! J\u00e1, ef \u00fe\u00fa gj\u00f6rir eins og \u00fe\u00fa hefir tala\u00f0, svo skal \u00feinn Gu\u00f0 vera minn Gu\u00f0, og \u00fe\u00fa skalt b\u00faa \u00ed h\u00fasi Neb\u00fakadnesars konungs og ver\u00f0a nafnfr\u00e6g \u00ed \u00f6llum heimi.<\/p>\n<div class=\"footnoteVidey\"><\/div>\n","protected":false},"excerpt":{"rendered":"<p>H\u00f3lofernes finnst miki\u00f0 um vitsmuni og fr\u00ed\u00f0leik konunnar. 1Og H\u00f3lofernes sag\u00f0i vi\u00f0 hana: vertu \u00f3hr\u00e6dd, kona, \u00f3ttast ekki \u00ed \u00fe\u00ednu hjarta! \u00fev\u00ed hinga\u00f0 til hefi eg engum manni mein gj\u00f6rt, sem vildi \u00fej\u00f3na Neb\u00fakadnesar, herra allrar jar\u00f0arinnar.2Og hva\u00f0 n\u00fa \u00feitt f\u00f3lk \u00e1hr\u00e6rir, sem b\u00fdr \u00e1 fjallinu, hef\u00f0i \u00fea\u00f0 ei fyrirliti\u00f0 mig, svo mundi eg ei hafa lyft spj\u00f3ti \u00e1 m\u00f3ti \u00fev\u00ed, \u00feeir geta kennt sj\u00e1lfum s\u00e9r um.3Og seg\u00f0u m\u00e9r n\u00fa hv\u00f6rs vegna \u00fe\u00fa ert fr\u00e1 \u00feeim hlaupin og til vor komin? \u00dev\u00ed \u00fe\u00fa ert komin (\u00fe\u00e9r) til heilla. Vertu me\u00f0 g\u00f3\u00f0u ge\u00f0i, \u00fe\u00fa skalt lifa \u00feessa n\u00f3tt og lengur.4\u00dev\u00ed enginn <a href=\"https:\/\/biblian.is\/videy\/juditarbok-11-kafli\/\"> [&#8230;]<\/a><\/p>\n","protected":false},"author":1,"featured_media":0,"parent":0,"menu_order":0,"comment_status":"open","ping_status":"open","template":"bibliukaflar.php","meta":{"footnotes":""},"class_list":["post-22063","page","type-page","status-publish","hentry"],"_links":{"self":[{"href":"https:\/\/biblian.is\/videy\/wp-json\/wp\/v2\/pages\/22063","targetHints":{"allow":["GET"]}}],"collection":[{"href":"https:\/\/biblian.is\/videy\/wp-json\/wp\/v2\/pages"}],"about":[{"href":"https:\/\/biblian.is\/videy\/wp-json\/wp\/v2\/types\/page"}],"author":[{"embeddable":true,"href":"https:\/\/biblian.is\/videy\/wp-json\/wp\/v2\/users\/1"}],"replies":[{"embeddable":true,"href":"https:\/\/biblian.is\/videy\/wp-json\/wp\/v2\/comments?post=22063"}],"version-history":[{"count":0,"href":"https:\/\/biblian.is\/videy\/wp-json\/wp\/v2\/pages\/22063\/revisions"}],"wp:attachment":[{"href":"https:\/\/biblian.is\/videy\/wp-json\/wp\/v2\/media?parent=22063"}],"curies":[{"name":"wp","href":"https:\/\/api.w.org\/{rel}","templated":true}]}}