{"id":22062,"date":"2018-01-02T01:05:23","date_gmt":"2018-01-02T01:05:23","guid":{"rendered":"http:\/\/biblian.is\/videy\/juditarbok-10-kafli\/"},"modified":"2018-01-02T01:05:23","modified_gmt":"2018-01-02T01:05:23","slug":"juditarbok-10-kafli","status":"publish","type":"page","link":"https:\/\/biblian.is\/videy\/juditarbok-10-kafli\/","title":{"rendered":"J\u00fad\u00edtarb\u00f3k 10. kafli"},"content":{"rendered":"<div class=\"fyrirsognVidey\">J\u00fadit kemur \u00ed herb\u00fa\u00f0irnar; er leidd fyrir H\u00f3lofernes.<\/div>\n<p><a name=\"1\"><span class=\"versanumer\">1<\/span><\/a>Og sem h\u00fan haf\u00f0i h\u00e6tt a\u00f0 kalla til \u00cdsraels Gu\u00f0s, og var b\u00fain a\u00f0 tala \u00f6ll \u00feessi or\u00f0, st\u00f3\u00f0 h\u00fan upp,<a name=\"2\"><span class=\"versanumer\">2<\/span><\/a>og kalla\u00f0i \u00e1 s\u00edna stofumey og gekk ni\u00f0ur \u00ed h\u00fasi\u00f0, \u00ed hv\u00f6rju h\u00fan bj\u00f3 \u00e1 hv\u00edldard\u00f6gum og \u00e1 \u00feeirra h\u00e1t\u00ed\u00f0um,<a name=\"3\"><span class=\"versanumer\">3<\/span><\/a>og lag\u00f0i af s\u00e9r sekkinn, hv\u00f6rjum h\u00fan var kl\u00e6dd, og f\u00f3r \u00far ekkjub\u00faningnum, og \u00fevo\u00f0i l\u00edkama sinn \u00ed vatni, og smur\u00f0i hann me\u00f0 feitum smyrslum, greiddi h\u00e1r sitt, batt um \u00fea\u00f0 bandi, og f\u00f3r \u00ed sinn h\u00e1t\u00ed\u00f0ab\u00faning, sem h\u00fan haf\u00f0i kl\u00e6\u00f0st me\u00f0an ma\u00f0ur hennar Manasse lif\u00f0i,<a name=\"4\"><span class=\"versanumer\">4<\/span><\/a>og batt s\u00f3la undir s\u00edna f\u00e6tur, l\u00e9t \u00e1 sig armb\u00f6nd, spengur og fingurgull og eyrnahringi og allt sitt skart, og bj\u00f3 sig miki\u00f0 vel, til a\u00f0 ginna augu \u00feeirra manna sem hana s\u00e6ju.<a name=\"5\"><span class=\"versanumer\">5<\/span><\/a>Og h\u00fan f\u00e9kk sinni stofumey belg, fullan af v\u00edni og kr\u00fas fulla af vi\u00f0smj\u00f6ri, og fyllti sekk af m\u00e9li og \u00feurrum f\u00edkjum og f\u00ednum brau\u00f0um, vaf\u00f0i svo utan um allt \u00feetta og lag\u00f0i henni \u00e1 bak.<a name=\"6\"><span class=\"versanumer\">6<\/span><\/a>Og s\u00ed\u00f0an gengu \u00fe\u00e6r a\u00f0 hli\u00f0i sta\u00f0arins Betyl\u00faa, og fundu \u00fear standandi Os\u00eda og \u00f6ldunga sta\u00f0arins Kabris og Karmis.<a name=\"7\"><span class=\"versanumer\">7<\/span><\/a>En sem \u00feeir s\u00e1u hana hv\u00f6rsu hennar andlit var or\u00f0i\u00f0 umbreytt og hennar b\u00faningur \u00f3l\u00edkur \u00feeim fyrri, fur\u00f0a\u00f0i \u00fe\u00e1 \u00far \u00f6llu h\u00f3fi \u00e1 hennar fr\u00ed\u00f0leika og s\u00f6g\u00f0u vi\u00f0 hana:<a name=\"8\"><span class=\"versanumer\">8<\/span><\/a>Gu\u00f0, vorra fe\u00f0ra Gu\u00f0, gefi \u00fe\u00e9r n\u00e1\u00f0 og fullgj\u00f6ri \u00feitt fyrirt\u00e6ki, \u00cdsraelssonum til hr\u00f3ss og Jer\u00fasalem til vegsemdar! og h\u00fan tilba\u00f0 Gu\u00f0,<a name=\"9\"><span class=\"versanumer\">9<\/span><\/a>og m\u00e6lti til \u00feeirra: bj\u00f3\u00f0i\u00f0 a\u00f0 hli\u00f0i sta\u00f0arins s\u00e9 upploki\u00f0 fyrir m\u00e9r, a\u00f0 eg komist \u00fat til a\u00f0 framkv\u00e6ma \u00fea\u00f0, sem \u00fe\u00e9r hafi\u00f0 tala\u00f0 um vi\u00f0 mig! Og \u00feeir bu\u00f0u \u00feeim ungu m\u00f6nnum a\u00f0 lj\u00faka upp fyrir henni eins og h\u00fan haf\u00f0i umbe\u00f0i\u00f0.<a name=\"10\"><span class=\"versanumer\">10<\/span><\/a>Og \u00feeir gj\u00f6r\u00f0u svo. Og svo gekk J\u00fadit \u00fat, h\u00fan og hennar \u00feerna me\u00f0 henni. En sta\u00f0armennirnir horf\u00f0u eftir henni, me\u00f0an h\u00fan gekk ni\u00f0ur fjalli\u00f0, \u00feanga\u00f0 til h\u00fan var komin ni\u00f0ur \u00ed dalinn, og \u00feeir s\u00e1u hana ekki lengur. <br \/><a name=\"11\"><span class=\"versanumer\">11<\/span><\/a>Og \u00fe\u00e6r gengu beint \u00e1fram \u00ed dalnum, og utustu ver\u00f0ir ass\u00fdriskra m\u00e6ttu \u00feeim.<a name=\"12\"><span class=\"versanumer\">12<\/span><\/a>Og \u00feeir gripu \u00fe\u00e6r og spur\u00f0u: hv\u00f6rra manna ert \u00fe\u00fa? og hva\u00f0an kemur \u00fe\u00fa? og hv\u00f6rt fer \u00fe\u00fa? Og h\u00fan m\u00e6lti: Eg em d\u00f3ttir hebreskra, og fl\u00fd fr\u00e1 \u00feeim, af \u00fev\u00ed \u00feeir munu y\u00f0ur gefnir ver\u00f0a a\u00f0 br\u00e1\u00f0,<a name=\"13\"><span class=\"versanumer\">13<\/span><\/a>og eg vil fara til H\u00f3lofernes, \u00e6\u00f0sta hersh\u00f6f\u00f0ingja fyrir y\u00f0ar her, til a\u00f0 f\u00e6ra honum sannleiksor\u00f0, og eg vil v\u00edsa honum \u00e1 veg, sem hann skal fara, til a\u00f0 vinna allt fjalli\u00f0, svo ekkert af hans m\u00f6nnum farist, ekkert hold, og engin s\u00e1l.<a name=\"14\"><span class=\"versanumer\">14<\/span><\/a>Enn sem mennirnir heyr\u00f0u hennar tal og virtu fyrir s\u00e9r hennar andlit, s\u00fdndist \u00fea\u00f0 a\u00f0d\u00e1anlegt sakir fr\u00ed\u00f0leika, svo s\u00f6g\u00f0u \u00feeir vi\u00f0 hana:<a name=\"15\"><span class=\"versanumer\">15<\/span><\/a>\u00fe\u00fa hefir frelsa\u00f0 \u00fe\u00edna s\u00e1l, a\u00f0 \u00fe\u00fa hra\u00f0a\u00f0ir \u00fe\u00e9r a\u00f0 st\u00edga ni\u00f0ur til vors herra, og gakk n\u00fa \u00ed hans tjald, og nokkrir af oss skulu fylgja \u00fe\u00e9r, \u00fear til \u00feeir afhenda \u00feig \u00ed hans h\u00f6nd.<a name=\"16\"><span class=\"versanumer\">16<\/span><\/a>Og \u00fe\u00e1 \u00fe\u00fa stendur fyrir hans augliti, skalt \u00fe\u00fa ei skelfast \u00ed \u00fe\u00ednu hjarta, heldur kunngj\u00f6r \u00fe\u00fa \u00fe\u00edn or\u00f0, svo mun hann vel vi\u00f0 \u00feig gj\u00f6ra.<a name=\"17\"><span class=\"versanumer\">17<\/span><\/a>Og \u00feeir kusu til af s\u00ednum flokki hundra\u00f0 menn, og fengu henni \u00fe\u00e1, og hennar stofumey, til fylgdar, og \u00feeir f\u00f3ru me\u00f0 \u00fe\u00e6r a\u00f0 tjaldi H\u00f3lofernes. <br \/><a name=\"18\"><span class=\"versanumer\">18<\/span><\/a>Og \u00fear var\u00f0 \u00f3kyrr\u00f0 \u00ed \u00f6llum herb\u00fa\u00f0unum, \u00fev\u00ed hennar koma fr\u00e9ttist \u00ed tj\u00f6ldin; og menn komu og umkringdu hana, \u00fe\u00e1 h\u00fan st\u00f3\u00f0 fyrir utan H\u00f3lofernes tjald, \u00feanga\u00f0 til menn h\u00f6f\u00f0u l\u00e1ti\u00f0 hann vita \u00fea\u00f0.<a name=\"19\"><span class=\"versanumer\">19<\/span><\/a>Og menn fur\u00f0a\u00f0i \u00e1 hennar fr\u00ed\u00f0leika, og sakir hennar d\u00e1\u00f0ust menn a\u00f0 \u00cdsraelssonum, og hv\u00f6r sag\u00f0i vi\u00f0 annan: hv\u00f6r getur fyrirliti\u00f0 \u00fea\u00f0 f\u00f3lk sem hefir sl\u00edkar konur s\u00edn \u00e1 me\u00f0al? \u00fev\u00ed \u00fea\u00f0 er ekki gott a\u00f0 l\u00e1ta einn mann af \u00feeim eftir ver\u00f0a, sem kynnu geta n\u00e1\u00f0 undir sig allri j\u00f6r\u00f0inni ef \u00feeir v\u00e6ru spara\u00f0ir.<a name=\"20\"><span class=\"versanumer\">20<\/span><\/a>Og var\u00f0mennirnir hj\u00e1 H\u00f3lofernes komu \u00fat og allir hans \u00fe\u00e9narar, og leiddu hana inn \u00ed tjaldi\u00f0.<a name=\"21\"><span class=\"versanumer\">21<\/span><\/a>Og H\u00f3lofernes sat \u00e1 s\u00ednu r\u00fami undir flugnaneti sem var \u00far purpura, og gulli og smarag\u00f0 og d\u00fdrum steinum.<a name=\"22\"><span class=\"versanumer\">22<\/span><\/a>Og menn s\u00f6g\u00f0u honum af henni og hann gekk fram \u00ed fremra tjaldi\u00f0 og voru bornir fyrir honum lj\u00f3sastjakar \u00far silfri.<a name=\"23\"><span class=\"versanumer\">23<\/span><\/a>En er J\u00fadit kom fyrir hans augs\u00fdn og hans \u00fe\u00e9nara, fur\u00f0a\u00f0i alla fegur\u00f0 hennar andlitis, og h\u00fan f\u00e9ll \u00e1 s\u00edna \u00e1sj\u00f3nu og beyg\u00f0i sig ni\u00f0ur fyrir honum, og hans \u00fe\u00e9narar reistu hana \u00e1 f\u00e6tur.<\/p>\n<div class=\"footnoteVidey\">V. 21. Flugnanet. \u00dar svo nefndum d\u00fak voru gj\u00f6r\u00f0 r\u00famtj\u00f6ld \u00ed austurl\u00f6ndum, og gefur nafni\u00f0 vist til kynna \u00feeirra tilgang og nytsemi.<\/div>\n","protected":false},"excerpt":{"rendered":"<p>J\u00fadit kemur \u00ed herb\u00fa\u00f0irnar; er leidd fyrir H\u00f3lofernes. 1Og sem h\u00fan haf\u00f0i h\u00e6tt a\u00f0 kalla til \u00cdsraels Gu\u00f0s, og var b\u00fain a\u00f0 tala \u00f6ll \u00feessi or\u00f0, st\u00f3\u00f0 h\u00fan upp,2og kalla\u00f0i \u00e1 s\u00edna stofumey og gekk ni\u00f0ur \u00ed h\u00fasi\u00f0, \u00ed hv\u00f6rju h\u00fan bj\u00f3 \u00e1 hv\u00edldard\u00f6gum og \u00e1 \u00feeirra h\u00e1t\u00ed\u00f0um,3og lag\u00f0i af s\u00e9r sekkinn, hv\u00f6rjum h\u00fan var kl\u00e6dd, og f\u00f3r \u00far ekkjub\u00faningnum, og \u00fevo\u00f0i l\u00edkama sinn \u00ed vatni, og smur\u00f0i hann me\u00f0 feitum smyrslum, greiddi h\u00e1r sitt, batt um \u00fea\u00f0 bandi, og f\u00f3r \u00ed sinn h\u00e1t\u00ed\u00f0ab\u00faning, sem h\u00fan haf\u00f0i kl\u00e6\u00f0st me\u00f0an ma\u00f0ur hennar Manasse lif\u00f0i,4og batt s\u00f3la undir s\u00edna f\u00e6tur, l\u00e9t \u00e1 <a href=\"https:\/\/biblian.is\/videy\/juditarbok-10-kafli\/\"> [&#8230;]<\/a><\/p>\n","protected":false},"author":1,"featured_media":0,"parent":0,"menu_order":0,"comment_status":"open","ping_status":"open","template":"bibliukaflar.php","meta":{"footnotes":""},"class_list":["post-22062","page","type-page","status-publish","hentry"],"_links":{"self":[{"href":"https:\/\/biblian.is\/videy\/wp-json\/wp\/v2\/pages\/22062","targetHints":{"allow":["GET"]}}],"collection":[{"href":"https:\/\/biblian.is\/videy\/wp-json\/wp\/v2\/pages"}],"about":[{"href":"https:\/\/biblian.is\/videy\/wp-json\/wp\/v2\/types\/page"}],"author":[{"embeddable":true,"href":"https:\/\/biblian.is\/videy\/wp-json\/wp\/v2\/users\/1"}],"replies":[{"embeddable":true,"href":"https:\/\/biblian.is\/videy\/wp-json\/wp\/v2\/comments?post=22062"}],"version-history":[{"count":0,"href":"https:\/\/biblian.is\/videy\/wp-json\/wp\/v2\/pages\/22062\/revisions"}],"wp:attachment":[{"href":"https:\/\/biblian.is\/videy\/wp-json\/wp\/v2\/media?parent=22062"}],"curies":[{"name":"wp","href":"https:\/\/api.w.org\/{rel}","templated":true}]}}