{"id":22061,"date":"2018-01-02T01:05:23","date_gmt":"2018-01-02T01:05:23","guid":{"rendered":"http:\/\/biblian.is\/videy\/juditarbok-9-kafli\/"},"modified":"2018-01-02T01:05:23","modified_gmt":"2018-01-02T01:05:23","slug":"juditarbok-9-kafli","status":"publish","type":"page","link":"https:\/\/biblian.is\/videy\/juditarbok-9-kafli\/","title":{"rendered":"J\u00fad\u00edtarb\u00f3k 9. kafli"},"content":{"rendered":"<div class=\"fyrirsognVidey\">J\u00fadit leitar Gu\u00f0s a\u00f0sto\u00f0ar.<\/div>\n<p><a name=\"1\"><span class=\"versanumer\">1<\/span><\/a>En J\u00fadit f\u00e9ll \u00e1 sitt andlit, og str\u00e1\u00f0i \u00f6sku yfir h\u00f6fu\u00f0 s\u00e9r, og l\u00e9t sj\u00e1 \u00feann sekk, sem h\u00fan haf\u00f0i um sig vafi\u00f0. Og einmitt \u00e1 sama kv\u00f6ldi var \u00ed Gu\u00f0s h\u00fasi \u00ed Jer\u00fasalem, tendra\u00f0 reykelsi. Og J\u00fadit kalla\u00f0i me\u00f0 h\u00e1rri r\u00f6dd til Drottins og m\u00e6lti:<a name=\"2\"><span class=\"versanumer\">2<\/span><\/a>Drottinn Gu\u00f0 m\u00edns f\u00f6\u00f0urs Simeons, hv\u00f6rjum \u00fe\u00fa gafst \u00ed h\u00f6nd sver\u00f0i\u00f0 til hegningar \u00e1 hei\u00f0ingjum, sem losu\u00f0u belti meyjarinnar til krenkingar, og gj\u00f6r\u00f0u hennar mja\u00f0mir berar til h\u00e1\u00f0ungar, og vanhelgu\u00f0u hennar blyg\u00f0un til skammar, \u00fev\u00ed \u00fe\u00fa sag\u00f0ir: \u00fea\u00f0 skal ei svo vera, og \u00feeir gj\u00f6r\u00f0u \u00fea\u00f0.<a name=\"3\"><span class=\"versanumer\">3<\/span><\/a>\u00dev\u00ed ofurgafstu \u00feeirra fyrirmenn mor\u00f0inu, og bl\u00f3\u00f0s\u00fathellingu \u00feeirra s\u00e6ng, sem skamma\u00f0ist s\u00edn fyrir \u00feeirra pretti, og \u00fe\u00fa deyddir \u00feeirra \u00fej\u00f3na, \u00e1samt h\u00fassb\u00e6ndunum, og \u00fe\u00e1 voldugu \u00e1 \u00feeirra h\u00e1st\u00f3lum.<a name=\"4\"><span class=\"versanumer\">4<\/span><\/a>Og \u00fe\u00fa gafst \u00feeirra konur til r\u00e1ns og \u00feeirra d\u00e6tur til hertekningar, og \u00f6ll \u00feeirra b\u00fasg\u00f6gn til rupls, \u00fe\u00ednum elsku\u00f0u sonum, sem vandl\u00e6ttu \u00fe\u00ednu vandl\u00e6ti, og h\u00f6f\u00f0u vi\u00f0bj\u00f3\u00f0 \u00e1 flekkun s\u00edns bl\u00f3\u00f0s, og k\u00f6llu\u00f0u \u00feig til hj\u00e1lpar. \u00d3 Gu\u00f0, minn Gu\u00f0, heyr mig l\u00edka, ekkjuna!<a name=\"5\"><span class=\"versanumer\">5<\/span><\/a>\u00fev\u00ed \u00fe\u00fa gj\u00f6r\u00f0ir \u00fea\u00f0 sem gj\u00f6r\u00f0ist fyrri en \u00feetta, og hitt, og \u00fea\u00f0 sem \u00fear eftir ske\u00f0i, og \u00fea\u00f0 sem n\u00fa ske\u00f0ur; og \u00fea\u00f0 sem s\u00ed\u00f0an kemur, hefir \u00fe\u00fa hugsa\u00f0 um, og \u00fea\u00f0 ske\u00f0i sem \u00fe\u00fa hugsa\u00f0ir.<a name=\"6\"><span class=\"versanumer\">6<\/span><\/a>Og \u00fea\u00f0 stendur, sem \u00fe\u00fa \u00e1lykta\u00f0ir og sag\u00f0ir: sj\u00e1, h\u00e9r em eg! \u00fev\u00ed allt \u00feitt \u00e1form er \u00e1 rei\u00f0um h\u00f6ndum, og \u00feinn d\u00f3mur fyrirs\u00e9\u00f0ur.<a name=\"7\"><span class=\"versanumer\">7<\/span><\/a>\u00dev\u00ed, sj\u00e1, ass\u00fdriskra her er mikill, og drambsamur af hrossum og rei\u00f0m\u00f6nnum, rei\u00f0ir hann sig \u00e1 arm f\u00f3tli\u00f0sins, treystir \u00e1 skj\u00f6ld og spj\u00f3t og boga og sl\u00f6ngu og veit ekki a\u00f0 \u00fe\u00fa ert Drottinn, sem sundurmolar str\u00ed\u00f0skraftana. Drottinn er \u00feitt nafn.<a name=\"8\"><span class=\"versanumer\">8<\/span><\/a>Brj\u00f3t \u00feeirra styrk me\u00f0 \u00fe\u00ednum m\u00e6tti, og sl\u00e1 \u00feeirra li\u00f0 \u00ed \u00feinni rei\u00f0i! \u00fev\u00ed \u00feeir \u00e6tla s\u00e9r a\u00f0 vanhelga \u00feinn helgid\u00f3m, og sv\u00edvir\u00f0a b\u00fasta\u00f0 \u00fe\u00edns d\u00fdr\u00f0lega nafns hv\u00edldarsta\u00f0ar, og afh\u00f6ggva me\u00f0 j\u00e1rni horn \u00fe\u00edns altaris.<a name=\"9\"><span class=\"versanumer\">9<\/span><\/a>L\u00edt \u00e1 \u00feeirra drambsemi, send \u00fe\u00edna grimmd yfir \u00feeirra h\u00f6fu\u00f0, gef m\u00e9r, ekkjunni, kraft \u00ed m\u00edna h\u00f6nd, til \u00feess, sem eg hefi \u00ed sinni!<a name=\"10\"><span class=\"versanumer\">10<\/span><\/a>Sl\u00e1 \u00fe\u00fa me\u00f0 m\u00ednum t\u00e6landi v\u00f6rum, \u00fer\u00e6linn me\u00f0 fyrirli\u00f0anum og fyrirli\u00f0ann me\u00f0 s\u00ednum \u00fe\u00e9nurum, tv\u00edstra \u00feeirra drambl\u00e1ta her me\u00f0 kvenmanns h\u00f6nd!<a name=\"11\"><span class=\"versanumer\">11<\/span><\/a>\u00fev\u00ed ekki er \u00feinn kraftur \u00ed fj\u00f6ldanum, n\u00e9 \u00feinn m\u00e1ttur \u00ed \u00feeim sterku; heldur ert \u00fe\u00fa Gu\u00f0 hinna au\u00f0mj\u00faku, hj\u00e1lpari \u00feeirra l\u00edtilm\u00f3tlegu, a\u00f0sto\u00f0 hinna veiku, verndari \u00feeirra \u00fatsk\u00fafu\u00f0u, frelsari \u00feeirra vonlausu.<a name=\"12\"><span class=\"versanumer\">12<\/span><\/a>J\u00e1! Gu\u00f0 m\u00edns f\u00f6\u00f0urs, Gu\u00f0 \u00feinnar eignar \u00cdsraels, Herra himins og jar\u00f0ar, skapari vatnanna, konungur allra \u00feinna skepna, heyr m\u00edna b\u00e6n,<a name=\"13\"><span class=\"versanumer\">13<\/span><\/a>og lj\u00e1 m\u00e9r tal og t\u00e1l til f\u00e1rs og mei\u00f0sla \u00feeirra, sem grimmd hafa \u00ed huga vi\u00f0 \u00feinn s\u00e1ttm\u00e1la og \u00feitt heilaga h\u00fas og fjalli\u00f0 S\u00edon, og vi\u00f0 b\u00fasta\u00f0 \u00feinna sona,<a name=\"14\"><span class=\"versanumer\">14<\/span><\/a>og kom til lei\u00f0ar hj\u00e1 \u00f6llu \u00fe\u00ednu f\u00f3lki og \u00f6llum \u00e6ttkv\u00edslum, \u00feeirri \u00feekkingu, a\u00f0 kannast vi\u00f0, a\u00f0 \u00fe\u00fa s\u00e9rt Gu\u00f0 alls veldis og styrkleika, og a\u00f0 enginn annar s\u00e9 \u00cdsraelsf\u00f3lks verndari en \u00fe\u00fa!<\/p>\n<div class=\"footnoteVidey\"><\/div>\n","protected":false},"excerpt":{"rendered":"<p>J\u00fadit leitar Gu\u00f0s a\u00f0sto\u00f0ar. 1En J\u00fadit f\u00e9ll \u00e1 sitt andlit, og str\u00e1\u00f0i \u00f6sku yfir h\u00f6fu\u00f0 s\u00e9r, og l\u00e9t sj\u00e1 \u00feann sekk, sem h\u00fan haf\u00f0i um sig vafi\u00f0. Og einmitt \u00e1 sama kv\u00f6ldi var \u00ed Gu\u00f0s h\u00fasi \u00ed Jer\u00fasalem, tendra\u00f0 reykelsi. Og J\u00fadit kalla\u00f0i me\u00f0 h\u00e1rri r\u00f6dd til Drottins og m\u00e6lti:2Drottinn Gu\u00f0 m\u00edns f\u00f6\u00f0urs Simeons, hv\u00f6rjum \u00fe\u00fa gafst \u00ed h\u00f6nd sver\u00f0i\u00f0 til hegningar \u00e1 hei\u00f0ingjum, sem losu\u00f0u belti meyjarinnar til krenkingar, og gj\u00f6r\u00f0u hennar mja\u00f0mir berar til h\u00e1\u00f0ungar, og vanhelgu\u00f0u hennar blyg\u00f0un til skammar, \u00fev\u00ed \u00fe\u00fa sag\u00f0ir: \u00fea\u00f0 skal ei svo vera, og \u00feeir gj\u00f6r\u00f0u \u00fea\u00f0.3\u00dev\u00ed ofurgafstu \u00feeirra fyrirmenn mor\u00f0inu, og <a href=\"https:\/\/biblian.is\/videy\/juditarbok-9-kafli\/\"> [&#8230;]<\/a><\/p>\n","protected":false},"author":1,"featured_media":0,"parent":0,"menu_order":0,"comment_status":"open","ping_status":"open","template":"bibliukaflar.php","meta":{"footnotes":""},"class_list":["post-22061","page","type-page","status-publish","hentry"],"_links":{"self":[{"href":"https:\/\/biblian.is\/videy\/wp-json\/wp\/v2\/pages\/22061","targetHints":{"allow":["GET"]}}],"collection":[{"href":"https:\/\/biblian.is\/videy\/wp-json\/wp\/v2\/pages"}],"about":[{"href":"https:\/\/biblian.is\/videy\/wp-json\/wp\/v2\/types\/page"}],"author":[{"embeddable":true,"href":"https:\/\/biblian.is\/videy\/wp-json\/wp\/v2\/users\/1"}],"replies":[{"embeddable":true,"href":"https:\/\/biblian.is\/videy\/wp-json\/wp\/v2\/comments?post=22061"}],"version-history":[{"count":0,"href":"https:\/\/biblian.is\/videy\/wp-json\/wp\/v2\/pages\/22061\/revisions"}],"wp:attachment":[{"href":"https:\/\/biblian.is\/videy\/wp-json\/wp\/v2\/media?parent=22061"}],"curies":[{"name":"wp","href":"https:\/\/api.w.org\/{rel}","templated":true}]}}