{"id":22056,"date":"2018-01-02T01:05:23","date_gmt":"2018-01-02T01:05:23","guid":{"rendered":"http:\/\/biblian.is\/videy\/juditarbok-4-kafli\/"},"modified":"2018-01-02T01:05:23","modified_gmt":"2018-01-02T01:05:23","slug":"juditarbok-4-kafli","status":"publish","type":"page","link":"https:\/\/biblian.is\/videy\/juditarbok-4-kafli\/","title":{"rendered":"J\u00fad\u00edtarb\u00f3k 4. kafli"},"content":{"rendered":"<div class=\"fyrirsognVidey\">Gy\u00f0ingar b\u00faast til varnar.<\/div>\n<p><a name=\"1\"><span class=\"versanumer\">1<\/span><\/a>Og \u00cdsraelssynir sem bjuggu \u00ed J\u00fadea spur\u00f0u allt \u00fea\u00f0 er H\u00f3lofernes, \u00e6\u00f0sti herforingi Neb\u00fakadnesars, konungs Ass\u00fdr\u00edumanna, gj\u00f6r\u00f0i \u00fej\u00f3\u00f0unum, og hv\u00f6rsu hann r\u00e6ndi \u00f6ll \u00feeirra musteri, og vann \u00feeim tj\u00f3n.<a name=\"2\"><span class=\"versanumer\">2<\/span><\/a>Og \u00feeir ur\u00f0u \u00far h\u00f3fi \u00f3ttaslegnir fyrir honum, og voru mj\u00f6g hr\u00e6ddir um Jer\u00fasalem og musteri Drottins \u00feeirra Gu\u00f0s.<a name=\"3\"><span class=\"versanumer\">3<\/span><\/a>\u00dev\u00ed n\u00fdlega v\u00f3ru \u00feeir komnir heim aftur \u00far herlei\u00f0ingunni, og fyrir sk\u00f6mmu haf\u00f0i allt J\u00fadaf\u00f3lk saman komi\u00f0, og \u00e1h\u00f6ldin og altari\u00f0 og musteri\u00f0 haf\u00f0i \u00fe\u00e1 veri\u00f0 helga\u00f0 aftur eftir vanhelgunina.<a name=\"4\"><span class=\"versanumer\">4<\/span><\/a>Og \u00feeir sendu um allt Samar\u00eduh\u00e9ra\u00f0, og til Konas og til Bet\u00f3ron og Belmen og Jer\u00edk\u00f3, og til K\u00f3ba og Aes\u00f3ra og \u00ed Salemsdal.<a name=\"5\"><span class=\"versanumer\">5<\/span><\/a>Og \u00feeir settu varnarli\u00f0 \u00e1 allar br\u00fanir h\u00e1rra fjalla, og settu m\u00farveggi kringum \u00f6ll \u00feorp \u00e1 \u00feeim, og vistir til str\u00ed\u00f0sfor\u00f0a; \u00fev\u00ed n\u00fdlega voru \u00feeirra akrar uppskornir.<a name=\"6\"><span class=\"versanumer\">6<\/span><\/a>Og h\u00f6fu\u00f0presturinn J\u00f3jakim, sem \u00e1 sama t\u00edma var \u00ed Jer\u00fasalem, skrifa\u00f0i til innbyggjurunum \u00ed Betylua og Betomestaim, sem liggur gagnvart Esdrelom, og fyrir framan akurinn hj\u00e1 D\u00f3taim.<a name=\"7\"><span class=\"versanumer\">7<\/span><\/a>Og sag\u00f0i, a\u00f0 \u00feeir skyldu hafa var\u00f0menn \u00ed st\u00edgnum upp \u00e1 fjalli\u00f0, \u00fev\u00ed \u00fear l\u00e6gi vegurinn inn \u00ed J\u00fadaland, og v\u00e6ri au\u00f0velt a\u00f0 banna \u00feeim inng\u00f6ngu, \u00fev\u00ed vegurinn v\u00e6ri \u00fer\u00f6ngur, \u00ed mesta lagi fyrir tvo menn <span class='VideyAth'>(sams\u00ed\u00f0a)<\/span>.<a name=\"8\"><span class=\"versanumer\">8<\/span><\/a>Og \u00cdsraelssynir gj\u00f6r\u00f0u eins og h\u00f6fu\u00f0presturinn J\u00f3jakim og allt r\u00e1\u00f0 \u00cdsraels f\u00f3lks sem \u00e1tti heima \u00ed Jer\u00fasalem, haf\u00f0i \u00feeim bo\u00f0i\u00f0.<a name=\"9\"><span class=\"versanumer\">9<\/span><\/a>Og allir \u00cdsraelsmenn k\u00f6llu\u00f0u til Gu\u00f0s me\u00f0 mikilli einl\u00e6gni, og au\u00f0m\u00fdktu s\u00ednar s\u00e1lir me\u00f0 mikilli einl\u00e6gni.<a name=\"10\"><span class=\"versanumer\">10<\/span><\/a>\u00deeir og \u00feeirra konur og \u00feeirra b\u00f6rn og \u00feeirra f\u00e9na\u00f0ur; og allir \u00fatlendir, e\u00f0a daglaunamenn og \u00feeirra fyrir peninga keyptu \u00fer\u00e6lar, l\u00f6g\u00f0u sekk um s\u00ednar lendar.<a name=\"11\"><span class=\"versanumer\">11<\/span><\/a>Og allir \u00cdsraelsmenn og konur og b\u00f6rn og Jer\u00fasalems innb\u00faar f\u00e9llu fram fyrir musterinu og k\u00f6stu\u00f0u \u00f6sku yfir h\u00f6fu\u00f0 s\u00e9r, og \u00fatbreiddu sekkinn fyrir Drottni, og v\u00f6f\u00f0u sekk um altari\u00f0.<a name=\"12\"><span class=\"versanumer\">12<\/span><\/a>Og \u00feeir k\u00f6llu\u00f0u til \u00cdsraels Gu\u00f0s, einhuga, alvarlega, a\u00f0 hann g\u00e6fi ekki \u00feeirra b\u00f6rn til r\u00e1ns, n\u00e9 \u00feeirra konur til herfangs, n\u00e9 sta\u00f0 \u00feeirra eignar til ey\u00f0ileggingar, n\u00e9 helgid\u00f3minn til vanhelgunar, sv\u00edvir\u00f0ingar og spotts, hei\u00f0ingjunum.<a name=\"13\"><span class=\"versanumer\">13<\/span><\/a>Og Drottinn heyr\u00f0i \u00feeirra raust, og leit \u00e1 \u00feeirra \u00ferenging. Og f\u00f3lki\u00f0 fasta\u00f0i marga daga \u00ed \u00f6llu J\u00fadalandi og Jer\u00fasalem, fyrir helgid\u00f3mi Drottins \u00feess alm\u00e1ttuga.<a name=\"14\"><span class=\"versanumer\">14<\/span><\/a>Og h\u00f6fu\u00f0presturinn J\u00f3jakim og allir sem st\u00f3\u00f0u fyrir Drottni, prestarnir og \u00fej\u00f3nar Drottins, vaf\u00f0ir sekk um \u00feeirra lendar, framb\u00e1ru \u00fe\u00e1 daglegu brennif\u00f3rn og \u00e1heitin og fr\u00edviljugar gjafir f\u00f3lksins.<a name=\"15\"><span class=\"versanumer\">15<\/span><\/a>Og aska var \u00e1 \u00feeirra h\u00f6fu\u00f0b\u00f6ndum, og \u00feeir k\u00f6llu\u00f0u til Drottins af \u00f6llum m\u00e6tti, a\u00f0 hann n\u00e1\u00f0arsamlega liti til alls \u00cdsraels h\u00fass.<\/p>\n<div class=\"footnoteVidey\"><\/div>\n","protected":false},"excerpt":{"rendered":"<p>Gy\u00f0ingar b\u00faast til varnar. 1Og \u00cdsraelssynir sem bjuggu \u00ed J\u00fadea spur\u00f0u allt \u00fea\u00f0 er H\u00f3lofernes, \u00e6\u00f0sti herforingi Neb\u00fakadnesars, konungs Ass\u00fdr\u00edumanna, gj\u00f6r\u00f0i \u00fej\u00f3\u00f0unum, og hv\u00f6rsu hann r\u00e6ndi \u00f6ll \u00feeirra musteri, og vann \u00feeim tj\u00f3n.2Og \u00feeir ur\u00f0u \u00far h\u00f3fi \u00f3ttaslegnir fyrir honum, og voru mj\u00f6g hr\u00e6ddir um Jer\u00fasalem og musteri Drottins \u00feeirra Gu\u00f0s.3\u00dev\u00ed n\u00fdlega v\u00f3ru \u00feeir komnir heim aftur \u00far herlei\u00f0ingunni, og fyrir sk\u00f6mmu haf\u00f0i allt J\u00fadaf\u00f3lk saman komi\u00f0, og \u00e1h\u00f6ldin og altari\u00f0 og musteri\u00f0 haf\u00f0i \u00fe\u00e1 veri\u00f0 helga\u00f0 aftur eftir vanhelgunina.4Og \u00feeir sendu um allt Samar\u00eduh\u00e9ra\u00f0, og til Konas og til Bet\u00f3ron og Belmen og Jer\u00edk\u00f3, og til K\u00f3ba og Aes\u00f3ra <a href=\"https:\/\/biblian.is\/videy\/juditarbok-4-kafli\/\"> [&#8230;]<\/a><\/p>\n","protected":false},"author":1,"featured_media":0,"parent":0,"menu_order":0,"comment_status":"open","ping_status":"open","template":"bibliukaflar.php","meta":{"footnotes":""},"class_list":["post-22056","page","type-page","status-publish","hentry"],"_links":{"self":[{"href":"https:\/\/biblian.is\/videy\/wp-json\/wp\/v2\/pages\/22056","targetHints":{"allow":["GET"]}}],"collection":[{"href":"https:\/\/biblian.is\/videy\/wp-json\/wp\/v2\/pages"}],"about":[{"href":"https:\/\/biblian.is\/videy\/wp-json\/wp\/v2\/types\/page"}],"author":[{"embeddable":true,"href":"https:\/\/biblian.is\/videy\/wp-json\/wp\/v2\/users\/1"}],"replies":[{"embeddable":true,"href":"https:\/\/biblian.is\/videy\/wp-json\/wp\/v2\/comments?post=22056"}],"version-history":[{"count":0,"href":"https:\/\/biblian.is\/videy\/wp-json\/wp\/v2\/pages\/22056\/revisions"}],"wp:attachment":[{"href":"https:\/\/biblian.is\/videy\/wp-json\/wp\/v2\/media?parent=22056"}],"curies":[{"name":"wp","href":"https:\/\/api.w.org\/{rel}","templated":true}]}}