{"id":22055,"date":"2018-01-02T01:05:23","date_gmt":"2018-01-02T01:05:23","guid":{"rendered":"http:\/\/biblian.is\/videy\/juditarbok-3-kafli\/"},"modified":"2018-01-02T01:05:23","modified_gmt":"2018-01-02T01:05:23","slug":"juditarbok-3-kafli","status":"publish","type":"page","link":"https:\/\/biblian.is\/videy\/juditarbok-3-kafli\/","title":{"rendered":"J\u00fad\u00edtarb\u00f3k 3. kafli"},"content":{"rendered":"<div class=\"fyrirsognVidey\">Fri\u00f0arumleitun vi\u00f0 Holofernes.<\/div>\n<p><a name=\"1\"><span class=\"versanumer\">1<\/span><\/a>Og \u00feeir gj\u00f6r\u00f0u til hans sendimenn me\u00f0 fri\u00f0aror\u00f0um, og s\u00f6g\u00f0u:<a name=\"2\"><span class=\"versanumer\">2<\/span><\/a>sj\u00e1, v\u00e9r \u00fer\u00e6lar Neb\u00fakadnesars, hins mikla konungs, erum \u00e1 \u00fe\u00ednu valdi: far \u00fe\u00fa me\u00f0 oss eins og \u00fe\u00e9r l\u00edst.<a name=\"3\"><span class=\"versanumer\">3<\/span><\/a>Sj\u00e1, vorir b\u00fasta\u00f0ir og allir hveitiakrar og sau\u00f0ir og naut og allar vorar hjar\u00f0ir og tj\u00f6ld, eru \u00e1 \u00fe\u00ednu valdi: gj\u00f6r eins og \u00fe\u00e9r l\u00edst.<a name=\"4\"><span class=\"versanumer\">4<\/span><\/a>Sj\u00e1, l\u00edka vorar borgir og \u00feeir sem \u00fear b\u00faa, eru \u00fe\u00ednir \u00fer\u00e6lar. Kom og far me\u00f0 \u00fe\u00e6r sem \u00fe\u00e9r gott \u00feykir.<a name=\"5\"><span class=\"versanumer\">5<\/span><\/a>Og mennirnir komu til Holofernes og f\u00e6r\u00f0u honum \u00feessi or\u00f0.<br \/><a name=\"6\"><span class=\"versanumer\">6<\/span><\/a>Og hann f\u00e6r\u00f0i sig me\u00f0 allan sinn her a\u00f0 hafinu og lag\u00f0i setuli\u00f0 \u00ed \u00fe\u00e6r v\u00edggirtu borgir, og t\u00f3k \u00far \u00feeim \u00fatvalda menn, s\u00e9r til styrktar <span class='VideyAth'>(aftur)<\/span>.<a name=\"7\"><span class=\"versanumer\">7<\/span><\/a>Og \u00feeir t\u00f3ku vi\u00f0 honum, \u00feeir, og allt landi\u00f0 um kring, me\u00f0 kr\u00f6nsum, dansi og hlj\u00f3\u00f0f\u00e6rum.<a name=\"8\"><span class=\"versanumer\">8<\/span><\/a>Og hann eyddi allt \u00feeirra h\u00e9ra\u00f0, og hj\u00f3 upp \u00feeirra sk\u00f3garlunda, og \u00e6tla\u00f0i s\u00e9r a\u00f0 afm\u00e1 alla gu\u00f0i jar\u00f0arinnar, svo allar \u00fej\u00f3\u00f0ir \u00fej\u00f3nu\u00f0u Neb\u00fakadnesar einum, og allar tungur og kynkv\u00edslir \u00e1k\u00f6llu\u00f0u hann sem Gu\u00f0.<a name=\"9\"><span class=\"versanumer\">9<\/span><\/a>Og hann kom gagnvart Esdrelom, \u00ed n\u00e1nd vi\u00f0 Dotea, sem liggur fyrir \u00feeim mikla J\u00fadeuvegi.<a name=\"10\"><span class=\"versanumer\">10<\/span><\/a>Og hann setti herb\u00fa\u00f0ir s\u00ednar milli Seba og Skytopolis, og var \u00fear um kyrrt \u00ed m\u00e1nu\u00f0, til a\u00f0 n\u00e1 s\u00e9r \u00f6llum farangri s\u00edns str\u00ed\u00f0shers.<\/p>\n<div class=\"footnoteVidey\"><\/div>\n","protected":false},"excerpt":{"rendered":"<p>Fri\u00f0arumleitun vi\u00f0 Holofernes. 1Og \u00feeir gj\u00f6r\u00f0u til hans sendimenn me\u00f0 fri\u00f0aror\u00f0um, og s\u00f6g\u00f0u:2sj\u00e1, v\u00e9r \u00fer\u00e6lar Neb\u00fakadnesars, hins mikla konungs, erum \u00e1 \u00fe\u00ednu valdi: far \u00fe\u00fa me\u00f0 oss eins og \u00fe\u00e9r l\u00edst.3Sj\u00e1, vorir b\u00fasta\u00f0ir og allir hveitiakrar og sau\u00f0ir og naut og allar vorar hjar\u00f0ir og tj\u00f6ld, eru \u00e1 \u00fe\u00ednu valdi: gj\u00f6r eins og \u00fe\u00e9r l\u00edst.4Sj\u00e1, l\u00edka vorar borgir og \u00feeir sem \u00fear b\u00faa, eru \u00fe\u00ednir \u00fer\u00e6lar. Kom og far me\u00f0 \u00fe\u00e6r sem \u00fe\u00e9r gott \u00feykir.5Og mennirnir komu til Holofernes og f\u00e6r\u00f0u honum \u00feessi or\u00f0.6Og hann f\u00e6r\u00f0i sig me\u00f0 allan sinn her a\u00f0 hafinu og lag\u00f0i setuli\u00f0 \u00ed \u00fe\u00e6r v\u00edggirtu borgir, <a href=\"https:\/\/biblian.is\/videy\/juditarbok-3-kafli\/\"> [&#8230;]<\/a><\/p>\n","protected":false},"author":1,"featured_media":0,"parent":0,"menu_order":0,"comment_status":"open","ping_status":"open","template":"bibliukaflar.php","meta":{"footnotes":""},"class_list":["post-22055","page","type-page","status-publish","hentry"],"_links":{"self":[{"href":"https:\/\/biblian.is\/videy\/wp-json\/wp\/v2\/pages\/22055","targetHints":{"allow":["GET"]}}],"collection":[{"href":"https:\/\/biblian.is\/videy\/wp-json\/wp\/v2\/pages"}],"about":[{"href":"https:\/\/biblian.is\/videy\/wp-json\/wp\/v2\/types\/page"}],"author":[{"embeddable":true,"href":"https:\/\/biblian.is\/videy\/wp-json\/wp\/v2\/users\/1"}],"replies":[{"embeddable":true,"href":"https:\/\/biblian.is\/videy\/wp-json\/wp\/v2\/comments?post=22055"}],"version-history":[{"count":0,"href":"https:\/\/biblian.is\/videy\/wp-json\/wp\/v2\/pages\/22055\/revisions"}],"wp:attachment":[{"href":"https:\/\/biblian.is\/videy\/wp-json\/wp\/v2\/media?parent=22055"}],"curies":[{"name":"wp","href":"https:\/\/api.w.org\/{rel}","templated":true}]}}