{"id":22053,"date":"2018-01-02T01:05:23","date_gmt":"2018-01-02T01:05:23","guid":{"rendered":"http:\/\/biblian.is\/videy\/juditarbok-1-kafli\/"},"modified":"2018-01-02T01:05:23","modified_gmt":"2018-01-02T01:05:23","slug":"juditarbok-1-kafli","status":"publish","type":"page","link":"https:\/\/biblian.is\/videy\/juditarbok-1-kafli\/","title":{"rendered":"J\u00fad\u00edtarb\u00f3k 1. kafli"},"content":{"rendered":"<div class=\"fyrirsognVidey\">Neb\u00fakadnesar vinnur sigur \u00e1 Artaxax. Hans herna\u00f0ur.<\/div>\n<p><a name=\"1\"><span class=\"versanumer\">1<\/span><\/a>\u00c1 12ta \u00e1ri Neb\u00fakadnesars r\u00edkisstj\u00f3rnar, sem r\u00edkti yfir ass\u00fdriskum \u00ed Nin\u00edve, \u00feeirri miklu borg, \u00e1 t\u00edmum Arfaxads, sem r\u00edkti yfir Medum \u00ed Ekbatana.<a name=\"2\"><span class=\"versanumer\">2<\/span><\/a>En hann bygg\u00f0i m\u00farvegg \u00ed kringum Ekbatana af h\u00f6ggnum steinum, \u00feriggja \u00e1lna brei\u00f0um, og 6 \u00e1lna l\u00f6ngum, og gj\u00f6r\u00f0i vegginn 70 \u00e1lnir \u00e1 h\u00e6\u00f0, og 50 \u00e1lnir \u00e1 breidd;<a name=\"3\"><span class=\"versanumer\">3<\/span><\/a>og turna setti hann yfir <span class='VideyAth'>(borgar)<\/span>hli\u00f0in 100 \u00e1lnir \u00e1 h\u00e6\u00f0, og breidd \u00feeirra grundvalla\u00f0i <span class='VideyAth'>a)<\/span> hann allt a\u00f0 60 \u00e1lnum;<a name=\"4\"><span class=\"versanumer\">4<\/span><\/a>og \u00feeirra dyr reisti hann til 70 \u00e1lna h\u00e6\u00f0ar og breidd \u00feeirra var 40 \u00e1lnir, svo a\u00f0 hans str\u00ed\u00f0smanna ber, og flokkar hans f\u00f3tg\u00f6nguli\u00f0s g\u00e6tu \u00fatfari\u00f0.<a name=\"5\"><span class=\"versanumer\">5<\/span><\/a>Einmitt um \u00fea\u00f0 leyti \u00e1tti Neb\u00fakadnesar orrustu vi\u00f0 Arfaxad \u00e1 \u00feeim miklu v\u00f6llum, sem eru \u00ed h\u00e9ra\u00f0inu Ragau.<a name=\"6\"><span class=\"versanumer\">6<\/span><\/a>Og til hans s\u00f6fnu\u00f0ust allir, \u00feeir sem bjuggu \u00e1 fjallinu, og vi\u00f0 Frat, og vi\u00f0 Tigris og Hydaspes, og \u00ed landi Ar\u00edoks Elam\u00edtak\u00f3ngs; og mj\u00f6g margar \u00fej\u00f3\u00f0ir komu saman, til str\u00ed\u00f0shers Keleulssona. <br \/><a name=\"7\"><span class=\"versanumer\">7<\/span><\/a>Og Neb\u00fakadnesar, k\u00f3ngur Ass\u00fdr\u00edumanna, sendi til allra, sem bjuggu \u00ed Persalandi, og til allra, sem bjuggu \u00fear fyrir vestan, sem bjuggu \u00ed Kilikiu, \u00ed Damaskus, \u00e1 L\u00edbanon og Anti-Libanon, og til allra sem bjuggu vi\u00f0 sj\u00f3inn,<a name=\"8\"><span class=\"versanumer\">8<\/span><\/a>og til \u00feeirra me\u00f0al Karmels \u00fej\u00f3\u00f0a, og \u00ed G\u00edlea\u00f0, og \u00ed efri Galileu og \u00e1 \u00fev\u00ed mikla sl\u00e9ttlendi Esdrelom,<a name=\"9\"><span class=\"versanumer\">9<\/span><\/a>og til allra \u00ed Samar\u00edu og hennar st\u00f6\u00f0um, og hinumegin J\u00f3rdanar, allt a\u00f0 Jer\u00fasalem og Betane og Kellus og Kates, og allt a\u00f0 Egyptalandsflj\u00f3ti, og allt til Tafne og Ramesse, og \u00ed \u00f6llu Gesem <span class='VideyAth'>(G\u00f3senlandi)<\/span><a name=\"10\"><span class=\"versanumer\">10<\/span><\/a>allt upp fyrir Tanis og Memfis, og til allra sem bjuggu \u00ed Egyptalandi, allt a\u00f0 M\u00f3rlands landamerkjum.<a name=\"11\"><span class=\"versanumer\">11<\/span><\/a>En allir innb\u00faar allrar jar\u00f0arinnar forsm\u00e1\u00f0u or\u00f0 Neb\u00fakadnesars, k\u00f3ngs Ass\u00fdr\u00edumanna, og komu ekki til hans \u00ed herna\u00f0inn, \u00fev\u00ed \u00feeir voru ekki hr\u00e6ddir vi\u00f0 hann, heldur \u00e1litu hann sinn l\u00edka; og \u00feeir sendu til baka fr\u00e1 s\u00e9r hans sendimenn erindislausa me\u00f0 sk\u00f6mm. <br \/><a name=\"12\"><span class=\"versanumer\">12<\/span><\/a>\u00de\u00e1 reiddist Neb\u00fakadnesar \u00e1kaflega \u00f6llum \u00feessum s\u00f6mu l\u00f6ndum, og s\u00f3r vi\u00f0 sitt h\u00e1s\u00e6ti og konungd\u00f3m a\u00f0 hefna s\u00edn \u00e1 \u00f6llum h\u00e9r\u00f6\u00f0um Kilik\u00edu og Damaskus og \u00e1 S\u00fdrlandi, a\u00f0 tort\u00edna me\u00f0 s\u00ednu sver\u00f0i \u00f6llum innb\u00faum M\u00f3abslands og sonum Ammons og \u00f6llu J\u00fadalandi, og \u00f6llum \u00ed Egyptalandi, allt a\u00f0 takm\u00f6rkum beggja hafanna.<a name=\"13\"><span class=\"versanumer\">13<\/span><\/a>Og r\u00e9\u00f0ist me\u00f0 s\u00ednum her \u00e1 Arfaxad k\u00f3ng \u00e1 17da \u00e1ri, og vann sigur \u00ed orrustunni vi\u00f0 hann, og rak \u00e1 fl\u00f3tta allan Arfaxads her, og alla hans hesta, og alla hans vagna,<a name=\"14\"><span class=\"versanumer\">14<\/span><\/a>og t\u00f3k undir sig hans sta\u00f0i, og kom allt til Ekbatana, og vann turnana, og ey\u00f0ilag\u00f0i hennar str\u00e6ti, og gj\u00f6r\u00f0i hennar d\u00fdr\u00f0 a\u00f0 sv\u00edvir\u00f0ing,<a name=\"15\"><span class=\"versanumer\">15<\/span><\/a>og hert\u00f3k Arfaxad \u00e1 fjallinu Rogau, og rak \u00ed gegnum hann sitt spj\u00f3t, og fyrirf\u00f3r honum \u00e1 \u00feeim sama degi.<a name=\"16\"><span class=\"versanumer\">16<\/span><\/a>Og hann sneri me\u00f0 \u00feeim aftur til Nin\u00edve, hann og allur hans h\u00f3pur, mj\u00f6g mikill fj\u00f6ldi str\u00ed\u00f0smanna; og \u00fear t\u00f3k hann hv\u00edld, og h\u00e9lt gestabo\u00f0, hann og hans str\u00ed\u00f0sher, \u00ed hundra\u00f0 og 20 daga.<\/p>\n<div class=\"footnoteVidey\">V. 3. a. Grundv: l\u00e9t turnana hafa \u00feessa breidd ne\u00f0st.<\/div>\n","protected":false},"excerpt":{"rendered":"<p>Neb\u00fakadnesar vinnur sigur \u00e1 Artaxax. Hans herna\u00f0ur. 1\u00c1 12ta \u00e1ri Neb\u00fakadnesars r\u00edkisstj\u00f3rnar, sem r\u00edkti yfir ass\u00fdriskum \u00ed Nin\u00edve, \u00feeirri miklu borg, \u00e1 t\u00edmum Arfaxads, sem r\u00edkti yfir Medum \u00ed Ekbatana.2En hann bygg\u00f0i m\u00farvegg \u00ed kringum Ekbatana af h\u00f6ggnum steinum, \u00feriggja \u00e1lna brei\u00f0um, og 6 \u00e1lna l\u00f6ngum, og gj\u00f6r\u00f0i vegginn 70 \u00e1lnir \u00e1 h\u00e6\u00f0, og 50 \u00e1lnir \u00e1 breidd;3og turna setti hann yfir (borgar)hli\u00f0in 100 \u00e1lnir \u00e1 h\u00e6\u00f0, og breidd \u00feeirra grundvalla\u00f0i a) hann allt a\u00f0 60 \u00e1lnum;4og \u00feeirra dyr reisti hann til 70 \u00e1lna h\u00e6\u00f0ar og breidd \u00feeirra var 40 \u00e1lnir, svo a\u00f0 hans str\u00ed\u00f0smanna ber, og flokkar hans f\u00f3tg\u00f6nguli\u00f0s <a href=\"https:\/\/biblian.is\/videy\/juditarbok-1-kafli\/\"> [&#8230;]<\/a><\/p>\n","protected":false},"author":1,"featured_media":0,"parent":0,"menu_order":0,"comment_status":"open","ping_status":"open","template":"bibliukaflar.php","meta":{"footnotes":""},"class_list":["post-22053","page","type-page","status-publish","hentry"],"_links":{"self":[{"href":"https:\/\/biblian.is\/videy\/wp-json\/wp\/v2\/pages\/22053","targetHints":{"allow":["GET"]}}],"collection":[{"href":"https:\/\/biblian.is\/videy\/wp-json\/wp\/v2\/pages"}],"about":[{"href":"https:\/\/biblian.is\/videy\/wp-json\/wp\/v2\/types\/page"}],"author":[{"embeddable":true,"href":"https:\/\/biblian.is\/videy\/wp-json\/wp\/v2\/users\/1"}],"replies":[{"embeddable":true,"href":"https:\/\/biblian.is\/videy\/wp-json\/wp\/v2\/comments?post=22053"}],"version-history":[{"count":0,"href":"https:\/\/biblian.is\/videy\/wp-json\/wp\/v2\/pages\/22053\/revisions"}],"wp:attachment":[{"href":"https:\/\/biblian.is\/videy\/wp-json\/wp\/v2\/media?parent=22053"}],"curies":[{"name":"wp","href":"https:\/\/api.w.org\/{rel}","templated":true}]}}