{"id":22052,"date":"2018-01-02T01:05:23","date_gmt":"2018-01-02T01:05:23","guid":{"rendered":"http:\/\/biblian.is\/videy\/tobitsbok-14-kafli\/"},"modified":"2018-01-02T01:05:23","modified_gmt":"2018-01-02T01:05:23","slug":"tobitsbok-14-kafli","status":"publish","type":"page","link":"https:\/\/biblian.is\/videy\/tobitsbok-14-kafli\/","title":{"rendered":"T\u00f3b\u00edtsb\u00f3k 14. kafli"},"content":{"rendered":"<div class=\"fyrirsognVidey\">Ni\u00f0urlagi\u00f0 um Tob\u00eda, flutning fr\u00e1 Nin\u00edve.<\/div>\n<p><a name=\"1\"><span class=\"versanumer\">1<\/span><\/a>Og Tob\u00edas enda\u00f0i sinn lofs\u00f6ng.<a name=\"2\"><span class=\"versanumer\">2<\/span><\/a>En hann var 58ta \u00e1ra, \u00feegar hann missti sj\u00f3nina, og eftir 8ta \u00e1r f\u00e9kk hann hana aftur, og hann i\u00f0ka\u00f0i g\u00f3\u00f0gj\u00f6r\u00f0asemi, og h\u00e9lt \u00e1fram a\u00f0 \u00f3ttast Gu\u00f0 Drottin, og \u00feakka honum.<a name=\"3\"><span class=\"versanumer\">3<\/span><\/a>Og hann var\u00f0 ma\u00f0ur gamall. \u00de\u00e1 kalla\u00f0i hann son sinn og hans syni, og m\u00e6lti til hans: barn, tak \u00fe\u00edna syni! sj\u00e1, eg er or\u00f0inn gamall og n\u00e1lgast mitt andl\u00e1t.<a name=\"4\"><span class=\"versanumer\">4<\/span><\/a>Far til Med\u00eden, barn! \u00fev\u00ed eg tr\u00fai \u00fev\u00ed sem J\u00f3nas sp\u00e1ma\u00f0ur hefir tala\u00f0 um Nin\u00edve, a\u00f0 h\u00fan muni ver\u00f0a ey\u00f0il\u00f6g\u00f0, en \u00ed Med\u00eden mun meiri fri\u00f0ur vera um sinn; l\u00edka a\u00f0 vorum br\u00e6\u00f0rum \u00ed landinu muni ver\u00f0a tv\u00edstra\u00f0 \u00far \u00fev\u00ed g\u00f3\u00f0a landi, og Jer\u00fasalem ver\u00f0a au\u00f0n, og Gu\u00f0s h\u00fas \u00fear uppbrennt, og \u00fear au\u00f0n vera a\u00f0 vissum t\u00edma.<a name=\"5\"><span class=\"versanumer\">5<\/span><\/a>Og aftur mun Drottinn miskunna \u00feeim, og flytja \u00fe\u00e1 inn \u00ed landi\u00f0; og \u00feeir munu byggja h\u00fasi\u00f0, en ekki eins og \u00fea\u00f0 fyrra, \u00feanga\u00f0 til <span class='VideyAth'>(t\u00ed\u00f0ir)<\/span> aldarinnar fullkomnast. Og \u00fear eftir munu \u00feeir heim aftur koma \u00far \u00fatleg\u00f0inni og uppbyggja Jer\u00fasalem d\u00fdr\u00f0lega. Og Gu\u00f0s h\u00fas mun \u00fear inni \u00e1g\u00e6tlega byggt ver\u00f0a, eins og sp\u00e1mennirnir hafa tala\u00f0 h\u00e9r um.<a name=\"6\"><span class=\"versanumer\">6<\/span><\/a>Og allar \u00fej\u00f3\u00f0ir munu einl\u00e6glega sn\u00faast til a\u00f0 \u00f3ttast Gu\u00f0 Drottin, og grafa s\u00edn go\u00f0ab\u00edl\u00e6ti.<a name=\"7\"><span class=\"versanumer\">7<\/span><\/a>Og allar \u00fej\u00f3\u00f0ir munu Drottin vegsama, og Gu\u00f0s f\u00f3lk honum \u00feakka. Og Drottinn mun hefja sitt f\u00f3lk, og allir munu fagna, sem elska Gu\u00f0 Drottin, \u00ed sannleika og r\u00e9ttl\u00e6ti, og s\u00fdna g\u00f3\u00f0semi vorum br\u00e6\u00f0rum.<br \/><a name=\"8\"><span class=\"versanumer\">8<\/span><\/a>Og far n\u00fa, son minn, burt \u00far Nin\u00edve, \u00fev\u00ed vissulega mun \u00fea\u00f0 framkoma sem J\u00f3nas sp\u00e1ma\u00f0ur hefir tala\u00f0.<a name=\"9\"><span class=\"versanumer\">9<\/span><\/a>En var\u00f0veit \u00fe\u00fa l\u00f6gm\u00e1li\u00f0 og bo\u00f0or\u00f0in, og vertu miskunnsamur og r\u00e9ttv\u00eds, svo \u00fe\u00e9r vel vegni!<a name=\"10\"><span class=\"versanumer\">10<\/span><\/a>Og jar\u00f0a mig s\u00f3masamlega, og m\u00f3\u00f0ur \u00fe\u00edna hj\u00e1 m\u00e9r, og vertu \u00fe\u00e1 ekki lengur \u00ed Nin\u00edve. Mundu, barn, hva\u00f0 Aman gj\u00f6r\u00f0i vi\u00f0 f\u00f3stra sinn Akiarkus, hv\u00f6rsu hann leiddi hann \u00far lj\u00f3sinu \u00ed myrkri\u00f0, og hv\u00f6rsu hann launa\u00f0i honum. A\u00f0 s\u00f6nnu frelsa\u00f0ist Akiarkus; en hinn f\u00e9kk s\u00edn laun og steyptist \u00ed myrkri\u00f0. Manasse i\u00f0ka\u00f0i g\u00f3\u00f0gj\u00f6r\u00f0asemi, og frelsa\u00f0ist \u00far dau\u00f0ans sn\u00f6ru sem fyrir hann var l\u00f6g\u00f0. En Aman f\u00e9ll \u00ed sn\u00f6runa og fyrirf\u00f3rst.<a name=\"11\"><span class=\"versanumer\">11<\/span><\/a>Og sj\u00e1i\u00f0 n\u00fa, b\u00f6rn, hva\u00f0 g\u00f3\u00f0gj\u00f6r\u00f0asemin orkar, og hv\u00f6rnig r\u00e9ttl\u00e6ti\u00f0 frelsar. Og sem hann m\u00e6lti \u00feetta, anda\u00f0ist hann \u00ed r\u00faminu; en hann var 158ta \u00e1ra gamall. Og \u00feeir j\u00f6r\u00f0u\u00f0u hann s\u00f3masamlega.<a name=\"12\"><span class=\"versanumer\">12<\/span><\/a>Og \u00feegar Anna d\u00f3, jar\u00f0a\u00f0i hann hana hj\u00e1 f\u00f6\u00f0ur s\u00ednum.<br \/>En Tob\u00edas f\u00f3r me\u00f0 konu sinni og sonum s\u00ednum til Rag\u00faels \u00ed Ekbatana tengdaf\u00f6\u00f0ur s\u00edns, og eltist hei\u00f0urlega.<a name=\"13\"><span class=\"versanumer\">13<\/span><\/a>Og hann jar\u00f0a\u00f0i s\u00edna tengda foreldra me\u00f0 allri s\u00e6md, og erf\u00f0i alla \u00feeirra fj\u00e1rmuni, auk f\u00f6\u00f0ursins Tob\u00eda.<a name=\"14\"><span class=\"versanumer\">14<\/span><\/a>Og hann d\u00f3 127 \u00e1ra gamall \u00ed Ekbatana, \u00ed Med\u00eden.<a name=\"15\"><span class=\"versanumer\">15<\/span><\/a>Og hann fr\u00e9tti, \u00e1\u00f0ur en hann d\u00f3, a\u00f0 Nin\u00edve var ey\u00f0il\u00f6g\u00f0, Neb\u00fakadnesar og Asverus unnu hana, og hann gladdist yfir Nin\u00edve, \u00e1\u00f0ur en hann d\u00f3.<\/p>\n<div class=\"footnoteVidey\"><\/div>\n","protected":false},"excerpt":{"rendered":"<p>Ni\u00f0urlagi\u00f0 um Tob\u00eda, flutning fr\u00e1 Nin\u00edve. 1Og Tob\u00edas enda\u00f0i sinn lofs\u00f6ng.2En hann var 58ta \u00e1ra, \u00feegar hann missti sj\u00f3nina, og eftir 8ta \u00e1r f\u00e9kk hann hana aftur, og hann i\u00f0ka\u00f0i g\u00f3\u00f0gj\u00f6r\u00f0asemi, og h\u00e9lt \u00e1fram a\u00f0 \u00f3ttast Gu\u00f0 Drottin, og \u00feakka honum.3Og hann var\u00f0 ma\u00f0ur gamall. \u00de\u00e1 kalla\u00f0i hann son sinn og hans syni, og m\u00e6lti til hans: barn, tak \u00fe\u00edna syni! sj\u00e1, eg er or\u00f0inn gamall og n\u00e1lgast mitt andl\u00e1t.4Far til Med\u00eden, barn! \u00fev\u00ed eg tr\u00fai \u00fev\u00ed sem J\u00f3nas sp\u00e1ma\u00f0ur hefir tala\u00f0 um Nin\u00edve, a\u00f0 h\u00fan muni ver\u00f0a ey\u00f0il\u00f6g\u00f0, en \u00ed Med\u00eden mun meiri fri\u00f0ur vera um sinn; l\u00edka a\u00f0 <a href=\"https:\/\/biblian.is\/videy\/tobitsbok-14-kafli\/\"> [&#8230;]<\/a><\/p>\n","protected":false},"author":1,"featured_media":0,"parent":0,"menu_order":0,"comment_status":"open","ping_status":"open","template":"bibliukaflar.php","meta":{"footnotes":""},"class_list":["post-22052","page","type-page","status-publish","hentry"],"_links":{"self":[{"href":"https:\/\/biblian.is\/videy\/wp-json\/wp\/v2\/pages\/22052","targetHints":{"allow":["GET"]}}],"collection":[{"href":"https:\/\/biblian.is\/videy\/wp-json\/wp\/v2\/pages"}],"about":[{"href":"https:\/\/biblian.is\/videy\/wp-json\/wp\/v2\/types\/page"}],"author":[{"embeddable":true,"href":"https:\/\/biblian.is\/videy\/wp-json\/wp\/v2\/users\/1"}],"replies":[{"embeddable":true,"href":"https:\/\/biblian.is\/videy\/wp-json\/wp\/v2\/comments?post=22052"}],"version-history":[{"count":0,"href":"https:\/\/biblian.is\/videy\/wp-json\/wp\/v2\/pages\/22052\/revisions"}],"wp:attachment":[{"href":"https:\/\/biblian.is\/videy\/wp-json\/wp\/v2\/media?parent=22052"}],"curies":[{"name":"wp","href":"https:\/\/api.w.org\/{rel}","templated":true}]}}