{"id":22051,"date":"2018-01-02T01:05:23","date_gmt":"2018-01-02T01:05:23","guid":{"rendered":"http:\/\/biblian.is\/videy\/tobitsbok-13-kafli\/"},"modified":"2018-01-02T01:05:23","modified_gmt":"2018-01-02T01:05:23","slug":"tobitsbok-13-kafli","status":"publish","type":"page","link":"https:\/\/biblian.is\/videy\/tobitsbok-13-kafli\/","title":{"rendered":"T\u00f3b\u00edtsb\u00f3k 13. kafli"},"content":{"rendered":"<div class=\"fyrirsognVidey\">\u00deakkl\u00e6tisb\u00e6n Tob\u00eda.<\/div>\n<p><a name=\"1\"><span class=\"versanumer\">1<\/span><\/a>Og Tob\u00edas skrifa\u00f0i b\u00e6n til \u00feakkargj\u00f6r\u00f0ar svol\u00e1tandi: <br \/>Lofa\u00f0ur s\u00e9 Gu\u00f0, sem lifir eil\u00edflega, og hans r\u00edki!<a name=\"2\"><span class=\"versanumer\">2<\/span><\/a>\u00fev\u00ed hann agar og miskunnar; lei\u00f0ir ni\u00f0ur til helju og lei\u00f0ur upp \u00fea\u00f0an, og enginn getur sloppi\u00f0 undan hans hendi.<a name=\"3\"><span class=\"versanumer\">3<\/span><\/a>\u00deakki\u00f0 honum \u00cdsraelssynir \u00ed augs\u00fdn \u00fej\u00f3\u00f0anna! \u00fev\u00ed hann dreif\u00f0i oss me\u00f0al \u00feeirra.<a name=\"4\"><span class=\"versanumer\">4<\/span><\/a>Kunngj\u00f6ri\u00f0 \u00fear hans mikilleika, vegsami\u00f0 hann fyrir \u00f6llum sem lifa! \u00fev\u00ed hann er vor Drottinn og Gu\u00f0 vorra fe\u00f0ra a\u00f0 eil\u00edfu.<a name=\"5\"><span class=\"versanumer\">5<\/span><\/a>Hann mun refsa oss fyrir vort rangl\u00e6ti, \u00fe\u00f3 aumkvast yfir oss aftur, og saman heimta fr\u00e1 \u00f6llum \u00fej\u00f3\u00f0um, hv\u00f6rt sem helst y\u00f0ur hefir nokkru sinni dreift veri\u00f0 me\u00f0al \u00feeirra.<a name=\"6\"><span class=\"versanumer\">6<\/span><\/a>Ef \u00fe\u00e9r sn\u00fai\u00f0 y\u00f0ur til hans af \u00f6llu y\u00f0ar hjarta og allri y\u00f0ar s\u00e1lu, til \u00feess a\u00f0 i\u00f0ka r\u00e1\u00f0vendni fyrir hans augs\u00fdn, \u00fe\u00e1 mun hann sn\u00faa s\u00e9r til y\u00f0ar, og ekki byrgja sitt andlit fyrir y\u00f0ur. Og sko\u00f0i\u00f0 \u00fe\u00e1 hva\u00f0 hann vill vi\u00f0 y\u00f0ur gj\u00f6ra og \u00feakki\u00f0 honum me\u00f0 h\u00e1rri r\u00f6dd, og lofi\u00f0 Drottin r\u00e9ttl\u00e6tisins, og v\u00ed\u00f0fr\u00e6gi\u00f0 konung eil\u00edf\u00f0arinnar! Eg \u00feakka honum \u00ed landi minnar hertekningar og kunngj\u00f6ri hans veldi og mikilleik syndaranna \u00fej\u00f3\u00f0. Sn\u00fai\u00f0 y\u00f0ur, \u00fe\u00e9r syndarar, og stundi\u00f0 r\u00e9ttv\u00edsi fyrir hans augliti! hv\u00f6r veit nema hann ver\u00f0i y\u00f0ur velvilja\u00f0ur, og au\u00f0s\u00fdni y\u00f0ur miskunn?<a name=\"7\"><span class=\"versanumer\">7<\/span><\/a>Minn Gu\u00f0 vil eg v\u00ed\u00f0fr\u00e6gja, og m\u00edn s\u00e1l <span class='VideyAth'>(segja lof)<\/span> himinsins konungi, og fagna yfir hans mikilleika.<a name=\"8\"><span class=\"versanumer\">8<\/span><\/a>Allir \u00ed Jer\u00fasalem segi og \u00feakki honum: Jer\u00fasalem! borg hinna heil\u00f6gu, hann mun \u00feig aga fyrir verk \u00feinna sona, \u00fe\u00f3 aftur miskunna sonum hinna r\u00e9ttl\u00e1tu.<a name=\"9\"><span class=\"versanumer\">9<\/span><\/a>\u00deakka \u00fe\u00fa Drottni vandlega og vegsama konung eil\u00edf\u00f0arinnar, svo hans tjaldb\u00fa\u00f0 ver\u00f0i aftur \u00ed \u00fe\u00e9r bygg\u00f0 me\u00f0 f\u00f6gnu\u00f0i, og a\u00f0 hann \u00ed \u00fe\u00e9r gle\u00f0ji \u00fe\u00e1 herteknu, og elski aumingjana \u00ed \u00fe\u00e9r \u00ed \u00f6llum \u00e6ttli\u00f0um aldarinnar, <span class='VideyAth'>(um allar aldir eil\u00edf\u00f0arinnar)<\/span>.<br \/><a name=\"10\"><span class=\"versanumer\">10<\/span><\/a>Margar \u00fej\u00f3\u00f0ir munu langt a\u00f0 koma, til nafnsins Gu\u00f0s vors Drottins, me\u00f0 g\u00e1fur \u00ed s\u00ednum h\u00f6ndum, g\u00e1fur handa himinsins konungi. \u00deeir seinustu \u00e6ttli\u00f0ir helga \u00fe\u00e9r lofs\u00f6ng.<a name=\"11\"><span class=\"versanumer\">11<\/span><\/a>B\u00f6lva\u00f0ir eru allir sem \u00feig hata; blessa\u00f0ir allir sem \u00feig elska, a\u00f0 eil\u00edfu.<a name=\"12\"><span class=\"versanumer\">12<\/span><\/a>Gle\u00f0 \u00feig og fagna yfir sonum enna r\u00e9ttl\u00e1tu! \u00fev\u00ed \u00feeir munu samansafnast og vegsama Drottin \u00feeirra r\u00e9ttl\u00e1tu.<a name=\"13\"><span class=\"versanumer\">13<\/span><\/a>S\u00e6lir eru \u00feeir, sem \u00feig elska, \u00feeir munu gle\u00f0ja sig vi\u00f0 \u00feinn fri\u00f0! s\u00e6lir eru \u00feeir sem l\u00e9tu s\u00e9r ganga til hjarta allar \u00fe\u00ednar hirtingar; \u00fev\u00ed \u00feeir munu af \u00fe\u00e9r f\u00f6gnu\u00f0 hafa, \u00feegar \u00feeir sj\u00e1 alla \u00fe\u00edna d\u00fdr\u00f0, og munu gla\u00f0v\u00e6rir vera eil\u00edflega. <br \/><a name=\"14\"><span class=\"versanumer\">14<\/span><\/a>M\u00edn s\u00e1la lofi Gu\u00f0, \u00feann mikla konung!<a name=\"15\"><span class=\"versanumer\">15<\/span><\/a>\u00dev\u00ed Jer\u00fasalem mun bygg\u00f0 ver\u00f0a af saf\u00edr og smarag\u00f0 og d\u00fdrum steinum, \u00fe\u00ednir m\u00farar og \u00fe\u00ednir turnar og skansar af sk\u00edru gulli.<a name=\"16\"><span class=\"versanumer\">16<\/span><\/a>Jer\u00fasalems str\u00e6ti munu l\u00f6g\u00f0 ver\u00f0a me\u00f0 beryll og karbunkel, og me\u00f0 steinum fr\u00e1 Of\u00edr.<a name=\"17\"><span class=\"versanumer\">17<\/span><\/a>Og allar hennar g\u00f6tur munu halel\u00faja og lofgj\u00f6r\u00f0 fram m\u00e6la, segjandi: lofa\u00f0ur s\u00e9 Gu\u00f0, sem \u00feig upph\u00f3f, um allar aldir!<\/p>\n<div class=\"footnoteVidey\"><\/div>\n","protected":false},"excerpt":{"rendered":"<p>\u00deakkl\u00e6tisb\u00e6n Tob\u00eda. 1Og Tob\u00edas skrifa\u00f0i b\u00e6n til \u00feakkargj\u00f6r\u00f0ar svol\u00e1tandi: Lofa\u00f0ur s\u00e9 Gu\u00f0, sem lifir eil\u00edflega, og hans r\u00edki!2\u00fev\u00ed hann agar og miskunnar; lei\u00f0ir ni\u00f0ur til helju og lei\u00f0ur upp \u00fea\u00f0an, og enginn getur sloppi\u00f0 undan hans hendi.3\u00deakki\u00f0 honum \u00cdsraelssynir \u00ed augs\u00fdn \u00fej\u00f3\u00f0anna! \u00fev\u00ed hann dreif\u00f0i oss me\u00f0al \u00feeirra.4Kunngj\u00f6ri\u00f0 \u00fear hans mikilleika, vegsami\u00f0 hann fyrir \u00f6llum sem lifa! \u00fev\u00ed hann er vor Drottinn og Gu\u00f0 vorra fe\u00f0ra a\u00f0 eil\u00edfu.5Hann mun refsa oss fyrir vort rangl\u00e6ti, \u00fe\u00f3 aumkvast yfir oss aftur, og saman heimta fr\u00e1 \u00f6llum \u00fej\u00f3\u00f0um, hv\u00f6rt sem helst y\u00f0ur hefir nokkru sinni dreift veri\u00f0 me\u00f0al \u00feeirra.6Ef \u00fe\u00e9r sn\u00fai\u00f0 y\u00f0ur til <a href=\"https:\/\/biblian.is\/videy\/tobitsbok-13-kafli\/\"> [&#8230;]<\/a><\/p>\n","protected":false},"author":1,"featured_media":0,"parent":0,"menu_order":0,"comment_status":"open","ping_status":"open","template":"bibliukaflar.php","meta":{"footnotes":""},"class_list":["post-22051","page","type-page","status-publish","hentry"],"_links":{"self":[{"href":"https:\/\/biblian.is\/videy\/wp-json\/wp\/v2\/pages\/22051","targetHints":{"allow":["GET"]}}],"collection":[{"href":"https:\/\/biblian.is\/videy\/wp-json\/wp\/v2\/pages"}],"about":[{"href":"https:\/\/biblian.is\/videy\/wp-json\/wp\/v2\/types\/page"}],"author":[{"embeddable":true,"href":"https:\/\/biblian.is\/videy\/wp-json\/wp\/v2\/users\/1"}],"replies":[{"embeddable":true,"href":"https:\/\/biblian.is\/videy\/wp-json\/wp\/v2\/comments?post=22051"}],"version-history":[{"count":0,"href":"https:\/\/biblian.is\/videy\/wp-json\/wp\/v2\/pages\/22051\/revisions"}],"wp:attachment":[{"href":"https:\/\/biblian.is\/videy\/wp-json\/wp\/v2\/media?parent=22051"}],"curies":[{"name":"wp","href":"https:\/\/api.w.org\/{rel}","templated":true}]}}