{"id":22050,"date":"2018-01-02T01:05:23","date_gmt":"2018-01-02T01:05:23","guid":{"rendered":"http:\/\/biblian.is\/videy\/tobitsbok-12-kafli\/"},"modified":"2018-01-02T01:05:23","modified_gmt":"2018-01-02T01:05:23","slug":"tobitsbok-12-kafli","status":"publish","type":"page","link":"https:\/\/biblian.is\/videy\/tobitsbok-12-kafli\/","title":{"rendered":"T\u00f3b\u00edtsb\u00f3k 12. kafli"},"content":{"rendered":"<div class=\"fyrirsognVidey\">Rafael engill fer burt.<\/div>\n<p><a name=\"1\"><span class=\"versanumer\">1<\/span><\/a>Og Tob\u00edas kalla\u00f0i son sinn Tob\u00edas og m\u00e6lti til hans: hugsa\u00f0u barn til launa fyrir manninn sem me\u00f0 \u00fe\u00e9r f\u00f3r, og \u00fea\u00f0 er tilhl\u00fd\u00f0ilegt a\u00f0 b\u00e6ta vi\u00f0 hann.<a name=\"2\"><span class=\"versanumer\">2<\/span><\/a>Og hann svara\u00f0i: fa\u00f0ir! m\u00e9r er ska\u00f0laust a\u00f0 gefa honum helftina af \u00f6llu sem eg kom me\u00f0;<a name=\"3\"><span class=\"versanumer\">3<\/span><\/a>\u00fev\u00ed hann hefir f\u00e6rt \u00fe\u00e9r mig heilbrig\u00f0an aftur og l\u00e6kna\u00f0 konu m\u00edna og s\u00f3tt mitt silfur og l\u00edka l\u00e6kna\u00f0 \u00feig.<a name=\"4\"><span class=\"versanumer\">4<\/span><\/a>Og s\u00e1 gamli m\u00e6lti: \u00fea\u00f0 \u00e1 hann skili\u00f0.<br \/><a name=\"5\"><span class=\"versanumer\">5<\/span><\/a>Og hann kalla\u00f0i engilinn og sag\u00f0i vi\u00f0 hann: tak \u00fe\u00fa helfinginn af \u00f6llu sem eg kom me\u00f0 og far \u00ed fri\u00f0i!<a name=\"6\"><span class=\"versanumer\">6<\/span><\/a>\u00fe\u00e1 kalla\u00f0i hann \u00fe\u00e1 b\u00e1\u00f0a afs\u00ed\u00f0is og m\u00e6lti til \u00feeirra: lofi\u00f0 og vegsami\u00f0 Gu\u00f0 og gefi\u00f0 honum hei\u00f0urinn, og \u00feakki\u00f0 honum fyrir \u00fea\u00f0 sem hann hefir vi\u00f0 y\u00f0ur gj\u00f6rt \u00ed \u00e1heyrn allra sem lifa. \u00dea\u00f0 er gott a\u00f0 vegsama Gu\u00f0 og v\u00ed\u00f0fr\u00e6gja hans nafn, \u00ed \u00fev\u00ed menn kunngj\u00f6ra hans verk me\u00f0 hei\u00f0run. L\u00e1ti\u00f0 \u00fe\u00e1 ei dragast a\u00f0 \u00feakka honum!<a name=\"7\"><span class=\"versanumer\">7<\/span><\/a>\u00dea\u00f0 er vel gj\u00f6rt a\u00f0 \u00feegja um leyndarm\u00e1l konungsins; en menn eiga me\u00f0 hr\u00f3si a\u00f0 opinbera Gu\u00f0s verk. Gj\u00f6r gott, \u00fe\u00e1 mun \u00feig ekkert illt hitta!<a name=\"8\"><span class=\"versanumer\">8<\/span><\/a>\u00dea\u00f0 g\u00f3\u00f0a er: b\u00e6n me\u00f0 f\u00f6stu, g\u00f3\u00f0gj\u00f6r\u00f0asemi og r\u00e9ttv\u00edsi. Betra er a\u00f0 eiga l\u00edti\u00f0 me\u00f0 r\u00e9ttv\u00edsi, heldur en miki\u00f0 me\u00f0 rangl\u00e6ti. Betra er a\u00f0 veita velgj\u00f6r\u00f0ir, en leggja gull \u00ed sj\u00f3\u00f0.<a name=\"9\"><span class=\"versanumer\">9<\/span><\/a>\u00dev\u00ed g\u00f3\u00f0gj\u00f6r\u00f0asemi frelsar fr\u00e1 dau\u00f0anum, og hreinsar af allri synd. Hv\u00f6r sem i\u00f0kar g\u00f3\u00f0gj\u00f6r\u00f0asemi og r\u00e9ttv\u00edsi ver\u00f0ur blessa\u00f0ur me\u00f0 langl\u00edfi.<a name=\"10\"><span class=\"versanumer\">10<\/span><\/a>En syndarar eru \u00f3vinir s\u00edns eigin l\u00edfs.<a name=\"11\"><span class=\"versanumer\">11<\/span><\/a>Eg vil engu y\u00f0ur leyna; eg sag\u00f0i: a\u00f0 \u00fea\u00f0 v\u00e6ri vel gj\u00f6rt a\u00f0 \u00feegja um leyndarm\u00e1l konungs, en Gu\u00f0s verk \u00e6ttu menn a\u00f0 opinbera me\u00f0 hr\u00f3si.<a name=\"12\"><span class=\"versanumer\">12<\/span><\/a>Og n\u00fa, \u00feegar \u00fe\u00fa ba\u00f0st, um sama bil sem Sara tengdad\u00f3ttir \u00fe\u00edn, bar eg endurminning <span class='VideyAth'>a)<\/span> y\u00f0ar b\u00e6na fyrir auglit \u00feess heilaga; og \u00feegar \u00fe\u00fa gr\u00f3fst \u00fe\u00e1 dau\u00f0u, var eg s\u00f6mulei\u00f0is hj\u00e1 \u00fe\u00e9r.<a name=\"13\"><span class=\"versanumer\">13<\/span><\/a>Og \u00feegar \u00fe\u00fa l\u00e9st \u00fe\u00e9r ekki \u00feungt \u00feykja a\u00f0 standa upp, og yfirgafst m\u00e1lt\u00ed\u00f0ina til a\u00f0 fara og jar\u00f0a \u00feann dau\u00f0a, \u00fe\u00e1 varstu, me\u00f0 \u00fe\u00ednum g\u00f3\u00f0verkum, m\u00e9r ekki hulinn, heldur var eg me\u00f0 \u00fe\u00e9r.<a name=\"14\"><span class=\"versanumer\">14<\/span><\/a>Og n\u00fa sendi Gu\u00f0 mig til a\u00f0 l\u00e6kna \u00feig, og \u00fe\u00edna tengdad\u00f3ttir S\u00f6ru.<a name=\"15\"><span class=\"versanumer\">15<\/span><\/a>Eg er Rafael, einn af \u00feeim 7 heil\u00f6gu englum sem flytja b\u00e6nir heilagra, og framganga fyrir d\u00fdr\u00f0 \u00feess heilaga.<a name=\"16\"><span class=\"versanumer\">16<\/span><\/a>\u00de\u00e1 ur\u00f0u \u00feeir b\u00e1\u00f0ir mj\u00f6g hr\u00e6ddir og f\u00e9llu ni\u00f0ur \u00e1 s\u00edn andlit, \u00fev\u00ed \u00feeir \u00f3ttu\u00f0ust.<a name=\"17\"><span class=\"versanumer\">17<\/span><\/a>En hann sag\u00f0i til \u00feeirra: \u00f3ttist ekki, fri\u00f0ur s\u00e9 me\u00f0 y\u00f0ur! en vegsami\u00f0 Gu\u00f0 eil\u00edflega!<a name=\"18\"><span class=\"versanumer\">18<\/span><\/a>\u00dev\u00ed eg kom ekki af eigin gunst, heldur eftir bo\u00f0i vors Gu\u00f0s. Vegsami\u00f0 hann \u00fev\u00ed eil\u00edflega!<a name=\"19\"><span class=\"versanumer\">19<\/span><\/a>Alla dagana hefi eg y\u00f0ur birst, og hefi hv\u00f6rki eti\u00f0 n\u00e9 drukki\u00f0, heldur hafi\u00f0 \u00fe\u00e9r s\u00e9\u00f0 s\u00fdn.<a name=\"20\"><span class=\"versanumer\">20<\/span><\/a>Og \u00feakki\u00f0 n\u00fa Gu\u00f0i, \u00fev\u00ed n\u00fa fer eg upp aftur til hans sem mig sendi; og skrifi\u00f0 allt, sem ske\u00f0 er, \u00ed eina b\u00f3k.<a name=\"21\"><span class=\"versanumer\">21<\/span><\/a>Og sem \u00feeir st\u00f3\u00f0u upp, s\u00e1u \u00feeir hann ekki meir.<a name=\"22\"><span class=\"versanumer\">22<\/span><\/a>Og \u00feeir \u00fe\u00f6kku\u00f0u hans miklu og fur\u00f0anlegu verk, a\u00f0 Drottins engill haf\u00f0i birst \u00feeim.<\/p>\n<div class=\"footnoteVidey\">V. 12. a. Endurminning: a\u00f0r: reykoffur, m\u00e1ske eftir mismunandi or\u00f0i \u00ed gr\u00edskunni \u00e1 \u00feessum sta\u00f0.<\/div>\n","protected":false},"excerpt":{"rendered":"<p>Rafael engill fer burt. 1Og Tob\u00edas kalla\u00f0i son sinn Tob\u00edas og m\u00e6lti til hans: hugsa\u00f0u barn til launa fyrir manninn sem me\u00f0 \u00fe\u00e9r f\u00f3r, og \u00fea\u00f0 er tilhl\u00fd\u00f0ilegt a\u00f0 b\u00e6ta vi\u00f0 hann.2Og hann svara\u00f0i: fa\u00f0ir! m\u00e9r er ska\u00f0laust a\u00f0 gefa honum helftina af \u00f6llu sem eg kom me\u00f0;3\u00fev\u00ed hann hefir f\u00e6rt \u00fe\u00e9r mig heilbrig\u00f0an aftur og l\u00e6kna\u00f0 konu m\u00edna og s\u00f3tt mitt silfur og l\u00edka l\u00e6kna\u00f0 \u00feig.4Og s\u00e1 gamli m\u00e6lti: \u00fea\u00f0 \u00e1 hann skili\u00f0.5Og hann kalla\u00f0i engilinn og sag\u00f0i vi\u00f0 hann: tak \u00fe\u00fa helfinginn af \u00f6llu sem eg kom me\u00f0 og far \u00ed fri\u00f0i!6\u00fe\u00e1 kalla\u00f0i hann \u00fe\u00e1 b\u00e1\u00f0a afs\u00ed\u00f0is og <a href=\"https:\/\/biblian.is\/videy\/tobitsbok-12-kafli\/\"> [&#8230;]<\/a><\/p>\n","protected":false},"author":1,"featured_media":0,"parent":0,"menu_order":0,"comment_status":"open","ping_status":"open","template":"bibliukaflar.php","meta":{"footnotes":""},"class_list":["post-22050","page","type-page","status-publish","hentry"],"_links":{"self":[{"href":"https:\/\/biblian.is\/videy\/wp-json\/wp\/v2\/pages\/22050","targetHints":{"allow":["GET"]}}],"collection":[{"href":"https:\/\/biblian.is\/videy\/wp-json\/wp\/v2\/pages"}],"about":[{"href":"https:\/\/biblian.is\/videy\/wp-json\/wp\/v2\/types\/page"}],"author":[{"embeddable":true,"href":"https:\/\/biblian.is\/videy\/wp-json\/wp\/v2\/users\/1"}],"replies":[{"embeddable":true,"href":"https:\/\/biblian.is\/videy\/wp-json\/wp\/v2\/comments?post=22050"}],"version-history":[{"count":0,"href":"https:\/\/biblian.is\/videy\/wp-json\/wp\/v2\/pages\/22050\/revisions"}],"wp:attachment":[{"href":"https:\/\/biblian.is\/videy\/wp-json\/wp\/v2\/media?parent=22050"}],"curies":[{"name":"wp","href":"https:\/\/api.w.org\/{rel}","templated":true}]}}