{"id":22049,"date":"2018-01-02T01:05:18","date_gmt":"2018-01-02T01:05:18","guid":{"rendered":"http:\/\/biblian.is\/videy\/tobitsbok-11-kafli\/"},"modified":"2018-01-02T01:05:18","modified_gmt":"2018-01-02T01:05:18","slug":"tobitsbok-11-kafli","status":"publish","type":"page","link":"https:\/\/biblian.is\/videy\/tobitsbok-11-kafli\/","title":{"rendered":"T\u00f3b\u00edtsb\u00f3k 11. kafli"},"content":{"rendered":"<div class=\"fyrirsognVidey\">Tob\u00edas kemur heim; fa\u00f0ir hans f\u00e6r l\u00e6kningu.<\/div>\n<p><a name=\"1\"><span class=\"versanumer\">1<\/span><\/a>Eftir \u00feetta f\u00f3r Tob\u00edas af sta\u00f0, og lofa\u00f0i Gu\u00f0, a\u00f0 hann haf\u00f0i l\u00e1ti\u00f0 hans fer\u00f0 heppnast, og kvaddi Rag\u00fael og Ednu konu hans. Og hann h\u00e9lt \u00e1fram fer\u00f0inni \u00feanga\u00f0 til \u00feau komu \u00ed n\u00e1nd vi\u00f0 Ninive.<a name=\"2\"><span class=\"versanumer\">2<\/span><\/a>\u00de\u00e1 m\u00e6lti Rafael til Tob\u00edas: veist\u00fa ekki br\u00f3\u00f0ir, hv\u00f6rnig \u00fe\u00fa f\u00f3rst fr\u00e1 f\u00f6\u00f0ur \u00fe\u00ednum?<a name=\"3\"><span class=\"versanumer\">3<\/span><\/a>L\u00e1tum oss fara \u00e1 undan konu \u00feinni og tilrei\u00f0a h\u00fasi\u00f0.<a name=\"4\"><span class=\"versanumer\">4<\/span><\/a>En haf\u00f0u fiskgalli\u00f0 me\u00f0 \u00fe\u00e9r. Og svo h\u00e9ldu \u00feeir \u00e1fram, og hundurinn rann me\u00f0 \u00feeim \u00e1 eftir.<a name=\"5\"><span class=\"versanumer\">5<\/span><\/a>Og Anna sat einmitt \u00fear, og leit fram \u00e1 veginn eftir syni s\u00ednum.<a name=\"6\"><span class=\"versanumer\">6<\/span><\/a>Og h\u00fan kom auga \u00e1 hann, \u00fear sem hann kom, og sag\u00f0i vi\u00f0 f\u00f6\u00f0ur hans: sj\u00e1, sonur minn kemur og ma\u00f0urinn sem me\u00f0 honum f\u00f3r!<a name=\"7\"><span class=\"versanumer\">7<\/span><\/a>Og Rafael m\u00e6lti: eg veit a\u00f0 fa\u00f0ir \u00feinn l\u00fdkur upp augunum.<a name=\"8\"><span class=\"versanumer\">8<\/span><\/a>\u00de\u00e1 skaltu r\u00ed\u00f0a gallinu \u00e1 hans augu, og hann mun nugga \u00feau \u00feegar \u00fea\u00f0 b\u00edtur hann, og afstrj\u00faka \u00fe\u00e1 hv\u00edtu flekki, og sj\u00e1 \u00feig.<a name=\"9\"><span class=\"versanumer\">9<\/span><\/a>Og Anna hlj\u00f3p \u00e1 m\u00f3ti syni s\u00ednum og f\u00e9ll honum um h\u00e1ls og m\u00e6lti til hans: eg hefi s\u00e9\u00f0 \u00feig, barn, n\u00fa vil eg deyja! Og \u00feau gr\u00e9tu b\u00e6\u00f0i.<a name=\"10\"><span class=\"versanumer\">10<\/span><\/a>Og Tob\u00edas kom til dyra, og rak sig \u00e1. En sonur hans hlj\u00f3p a\u00f0 honum,<a name=\"11\"><span class=\"versanumer\">11<\/span><\/a>og greip til f\u00f6\u00f0ur s\u00edns og rei\u00f0 gallinu \u00e1 hans augu og m\u00e6lti: vert \u00fe\u00fa me\u00f0 \u00f6ruggu ge\u00f0i, fa\u00f0ir!<a name=\"12\"><span class=\"versanumer\">12<\/span><\/a>En er \u00fea\u00f0 beit, nugga\u00f0i hann augun.<a name=\"13\"><span class=\"versanumer\">13<\/span><\/a>Og \u00feeir hv\u00edtu flekkir flysju\u00f0ust af hans augum. Og hann s\u00e1 sinn son, og f\u00e9ll honum um h\u00e1ls,<a name=\"14\"><span class=\"versanumer\">14<\/span><\/a>og gr\u00e9t og m\u00e6lti: lofa\u00f0ur s\u00e9rt \u00fe\u00fa, Gu\u00f0, og vegsama\u00f0 \u00feitt nafn a\u00f0 eil\u00edfu, og lofa\u00f0ir s\u00e9u allir \u00fe\u00ednir heilagir englar!<a name=\"15\"><span class=\"versanumer\">15<\/span><\/a>\u00dev\u00ed \u00fe\u00fa hefir mig aga\u00f0, en <span class='VideyAth'>(l\u00edka)<\/span> miskunna\u00f0 m\u00e9r. Sj\u00e1, eg s\u00e9 minn son Tob\u00edas! <br \/>Og hans son gekk n\u00e6sta gla\u00f0ur inn \u00ed h\u00fasi\u00f0, og sag\u00f0i f\u00f6\u00f0ur s\u00ednum fr\u00e1 \u00fev\u00ed mikla, sem vi\u00f0 hann haf\u00f0i framkomi\u00f0 \u00ed Med\u00eden.<a name=\"16\"><span class=\"versanumer\">16<\/span><\/a>Og Tob\u00edas gekk \u00e1 m\u00f3ti tengdad\u00f3ttur sinni, fullur fagna\u00f0ar og lofa\u00f0i Gu\u00f0, allt a\u00f0 Ninive borgarhli\u00f0i. Og \u00feeir, sem s\u00e1u hann ganga, fur\u00f0u\u00f0u sig, a\u00f0 hann gat s\u00e9\u00f0.<a name=\"17\"><span class=\"versanumer\">17<\/span><\/a>Og Tob\u00edas vi\u00f0urkenndi fyrir \u00feeim, a\u00f0 Gu\u00f0 hef\u00f0i s\u00e9r miskunna\u00f0. Og \u00fe\u00e1 Tob\u00edas n\u00e1l\u00e6g\u00f0ist S\u00f6ru tengdad\u00f3ttur s\u00edna, blessa\u00f0i hann hana og m\u00e6lti: vertu velkomin m\u00edn d\u00f3ttir! lofa\u00f0ur s\u00e9 Gu\u00f0 sem lei\u00f0ir \u00feig til vor og blessa\u00f0ur s\u00e9 fa\u00f0ir \u00feinn og m\u00f3\u00f0ir \u00fe\u00edn! Og gle\u00f0i var hj\u00e1 \u00f6llum br\u00e6\u00f0runum \u00ed Ninive.<a name=\"18\"><span class=\"versanumer\">18<\/span><\/a>Og \u00fear komu Ak\u00edarkus og Nasbas, hans br\u00f3\u00f0urson.<a name=\"19\"><span class=\"versanumer\">19<\/span><\/a>Og br\u00fa\u00f0kaup Tob\u00eda st\u00f3\u00f0 me\u00f0 miklum fagna\u00f0i \u00ed 7 daga.<\/p>\n<div class=\"footnoteVidey\"><\/div>\n","protected":false},"excerpt":{"rendered":"<p>Tob\u00edas kemur heim; fa\u00f0ir hans f\u00e6r l\u00e6kningu. 1Eftir \u00feetta f\u00f3r Tob\u00edas af sta\u00f0, og lofa\u00f0i Gu\u00f0, a\u00f0 hann haf\u00f0i l\u00e1ti\u00f0 hans fer\u00f0 heppnast, og kvaddi Rag\u00fael og Ednu konu hans. Og hann h\u00e9lt \u00e1fram fer\u00f0inni \u00feanga\u00f0 til \u00feau komu \u00ed n\u00e1nd vi\u00f0 Ninive.2\u00de\u00e1 m\u00e6lti Rafael til Tob\u00edas: veist\u00fa ekki br\u00f3\u00f0ir, hv\u00f6rnig \u00fe\u00fa f\u00f3rst fr\u00e1 f\u00f6\u00f0ur \u00fe\u00ednum?3L\u00e1tum oss fara \u00e1 undan konu \u00feinni og tilrei\u00f0a h\u00fasi\u00f0.4En haf\u00f0u fiskgalli\u00f0 me\u00f0 \u00fe\u00e9r. Og svo h\u00e9ldu \u00feeir \u00e1fram, og hundurinn rann me\u00f0 \u00feeim \u00e1 eftir.5Og Anna sat einmitt \u00fear, og leit fram \u00e1 veginn eftir syni s\u00ednum.6Og h\u00fan kom auga \u00e1 hann, \u00fear sem <a href=\"https:\/\/biblian.is\/videy\/tobitsbok-11-kafli\/\"> [&#8230;]<\/a><\/p>\n","protected":false},"author":1,"featured_media":0,"parent":0,"menu_order":0,"comment_status":"open","ping_status":"open","template":"bibliukaflar.php","meta":{"footnotes":""},"class_list":["post-22049","page","type-page","status-publish","hentry"],"_links":{"self":[{"href":"https:\/\/biblian.is\/videy\/wp-json\/wp\/v2\/pages\/22049","targetHints":{"allow":["GET"]}}],"collection":[{"href":"https:\/\/biblian.is\/videy\/wp-json\/wp\/v2\/pages"}],"about":[{"href":"https:\/\/biblian.is\/videy\/wp-json\/wp\/v2\/types\/page"}],"author":[{"embeddable":true,"href":"https:\/\/biblian.is\/videy\/wp-json\/wp\/v2\/users\/1"}],"replies":[{"embeddable":true,"href":"https:\/\/biblian.is\/videy\/wp-json\/wp\/v2\/comments?post=22049"}],"version-history":[{"count":0,"href":"https:\/\/biblian.is\/videy\/wp-json\/wp\/v2\/pages\/22049\/revisions"}],"wp:attachment":[{"href":"https:\/\/biblian.is\/videy\/wp-json\/wp\/v2\/media?parent=22049"}],"curies":[{"name":"wp","href":"https:\/\/api.w.org\/{rel}","templated":true}]}}