{"id":22048,"date":"2018-01-02T01:05:18","date_gmt":"2018-01-02T01:05:18","guid":{"rendered":"http:\/\/biblian.is\/videy\/tobitsbok-10-kafli\/"},"modified":"2018-01-02T01:05:18","modified_gmt":"2018-01-02T01:05:18","slug":"tobitsbok-10-kafli","status":"publish","type":"page","link":"https:\/\/biblian.is\/videy\/tobitsbok-10-kafli\/","title":{"rendered":"T\u00f3b\u00edtsb\u00f3k 10. kafli"},"content":{"rendered":"<div class=\"fyrirsognVidey\">Tob\u00edas fer heim.<\/div>\n<p><a name=\"1\"><span class=\"versanumer\">1<\/span><\/a>En Tob\u00edas fa\u00f0ir hans taldi hv\u00f6rn dag; og \u00fe\u00e1 fer\u00f0adagarnir voru li\u00f0nir, og hann kom ekki,<a name=\"2\"><span class=\"versanumer\">2<\/span><\/a>m\u00e6lti hann: \u00e6tla \u00feeir hafi fari\u00f0 erindisleysu? e\u00f0ur kannske Gabael s\u00e9 d\u00e1inn, og enginn grei\u00f0i honum silfri\u00f0?<a name=\"3\"><span class=\"versanumer\">3<\/span><\/a>og hann var\u00f0 mj\u00f6g sorgbitinn.<a name=\"4\"><span class=\"versanumer\">4<\/span><\/a>Og kona hans sag\u00f0i vi\u00f0 hann: barni\u00f0 er fari\u00f0; hann er svo lengi \u00ed burtu. Og h\u00fan f\u00f3r a\u00f0 gr\u00e1ta og m\u00e6lti:<a name=\"5\"><span class=\"versanumer\">5<\/span><\/a>skyldi eg, barn, ekki gr\u00e1ta a\u00f0 eg l\u00e9t \u00feig fr\u00e1 m\u00e9r, \u00fe\u00fa lj\u00f3s minna augna?<a name=\"6\"><span class=\"versanumer\">6<\/span><\/a>Og Tob\u00edas sag\u00f0i vi\u00f0 hana: \u00feegi \u00fe\u00fa <span class='VideyAth'>(h\u00e6ttu)<\/span>, haf \u00fe\u00fa engan harm, hann er heill \u00e1 h\u00f3fi.<a name=\"7\"><span class=\"versanumer\">7<\/span><\/a>Og h\u00fan svara\u00f0i honum: \u00feegi \u00fe\u00fa, t\u00e6l mig ekki! mitt barn er fari\u00f0; og h\u00fan gekk daglega \u00e1 \u00fe\u00e1 lei\u00f0, sem hann haf\u00f0i fari\u00f0. \u00c1 daginn \u00e1t h\u00fan ekkert, og \u00e1 n\u00e6turnar h\u00e6tti h\u00fan ekki a\u00f0 gr\u00e1ta son sinn Tob\u00edas, \u00feanga\u00f0 til \u00feeir 14 br\u00fa\u00f0kaupsdagar voru li\u00f0nir, sem Rag\u00fael haf\u00f0i svari\u00f0, a\u00f0 hann skyldi \u00fear \u00fatenda. <br \/>En Tob\u00edas m\u00e6lti til Rag\u00fael:<a name=\"8\"><span class=\"versanumer\">8<\/span><\/a>leyf m\u00e9r n\u00fa a\u00f0 fara, \u00fev\u00ed fa\u00f0ir minn og m\u00f3\u00f0ir m\u00edn b\u00faast ekki framar vi\u00f0 a\u00f0 sj\u00e1 mig aftur!<a name=\"9\"><span class=\"versanumer\">9<\/span><\/a>En tengdafa\u00f0irinn sag\u00f0i vi\u00f0 hann: vertu hj\u00e1 m\u00e9r; eg skal senda til f\u00f6\u00f0ur \u00fe\u00edns, svo hann f\u00e1i a\u00f0 vita hv\u00f6rnig \u00e1 stendur fyrir \u00fe\u00e9r.<a name=\"10\"><span class=\"versanumer\">10<\/span><\/a>En Tob\u00edas svara\u00f0i: l\u00e1ttu mig fara til f\u00f6\u00f0ur m\u00edns! \u00de\u00e1 st\u00f3\u00f0 Rag\u00fael upp, og gaf honum konu hans S\u00f6ru og helftina af s\u00ednum eigum, \u00fer\u00e6la og f\u00e9na\u00f0 og silfur.<a name=\"11\"><span class=\"versanumer\">11<\/span><\/a>Og hann l\u00e9t \u00feau fr\u00e1 s\u00e9r og ba\u00f0 \u00feeim g\u00f3\u00f0s, og m\u00e6lti: himinsins Gu\u00f0 blessi ykkur, m\u00edn b\u00f6rn, \u00e1\u00f0ur en eg dey!<a name=\"12\"><span class=\"versanumer\">12<\/span><\/a>Og vi\u00f0 d\u00f3ttur s\u00edna sag\u00f0i hann: haf \u00fe\u00fa \u00fe\u00edna tengdaforeldra \u00ed hei\u00f0ri. \u00deau eru n\u00fa \u00fe\u00ednir foreldrar. Eg vildi eg fengi gott af \u00fe\u00e9r a\u00f0 fr\u00e9tta! Og hann kyssti hana. Og Edna sag\u00f0i vi\u00f0 Tob\u00edas: elskulegi br\u00f3\u00f0ir! Drottinn himinsins flytji \u00feig aftur til baka, og gefi m\u00e9r a\u00f0 eg f\u00e1i a\u00f0 sj\u00e1 \u00fe\u00edn b\u00f6rn me\u00f0 S\u00f6ru d\u00f3ttur minni, svo a\u00f0 eg gle\u00f0ji mig fyrir Drottins augliti! og sj\u00e1, eg tr\u00fai \u00fe\u00e9r fyrir d\u00f3ttur minni, sem panti, gr\u00e6ttu hana ekki!<\/p>\n<div class=\"footnoteVidey\"><\/div>\n","protected":false},"excerpt":{"rendered":"<p>Tob\u00edas fer heim. 1En Tob\u00edas fa\u00f0ir hans taldi hv\u00f6rn dag; og \u00fe\u00e1 fer\u00f0adagarnir voru li\u00f0nir, og hann kom ekki,2m\u00e6lti hann: \u00e6tla \u00feeir hafi fari\u00f0 erindisleysu? e\u00f0ur kannske Gabael s\u00e9 d\u00e1inn, og enginn grei\u00f0i honum silfri\u00f0?3og hann var\u00f0 mj\u00f6g sorgbitinn.4Og kona hans sag\u00f0i vi\u00f0 hann: barni\u00f0 er fari\u00f0; hann er svo lengi \u00ed burtu. Og h\u00fan f\u00f3r a\u00f0 gr\u00e1ta og m\u00e6lti:5skyldi eg, barn, ekki gr\u00e1ta a\u00f0 eg l\u00e9t \u00feig fr\u00e1 m\u00e9r, \u00fe\u00fa lj\u00f3s minna augna?6Og Tob\u00edas sag\u00f0i vi\u00f0 hana: \u00feegi \u00fe\u00fa (h\u00e6ttu), haf \u00fe\u00fa engan harm, hann er heill \u00e1 h\u00f3fi.7Og h\u00fan svara\u00f0i honum: \u00feegi \u00fe\u00fa, t\u00e6l mig ekki! mitt barn <a href=\"https:\/\/biblian.is\/videy\/tobitsbok-10-kafli\/\"> [&#8230;]<\/a><\/p>\n","protected":false},"author":1,"featured_media":0,"parent":0,"menu_order":0,"comment_status":"open","ping_status":"open","template":"bibliukaflar.php","meta":{"footnotes":""},"class_list":["post-22048","page","type-page","status-publish","hentry"],"_links":{"self":[{"href":"https:\/\/biblian.is\/videy\/wp-json\/wp\/v2\/pages\/22048","targetHints":{"allow":["GET"]}}],"collection":[{"href":"https:\/\/biblian.is\/videy\/wp-json\/wp\/v2\/pages"}],"about":[{"href":"https:\/\/biblian.is\/videy\/wp-json\/wp\/v2\/types\/page"}],"author":[{"embeddable":true,"href":"https:\/\/biblian.is\/videy\/wp-json\/wp\/v2\/users\/1"}],"replies":[{"embeddable":true,"href":"https:\/\/biblian.is\/videy\/wp-json\/wp\/v2\/comments?post=22048"}],"version-history":[{"count":0,"href":"https:\/\/biblian.is\/videy\/wp-json\/wp\/v2\/pages\/22048\/revisions"}],"wp:attachment":[{"href":"https:\/\/biblian.is\/videy\/wp-json\/wp\/v2\/media?parent=22048"}],"curies":[{"name":"wp","href":"https:\/\/api.w.org\/{rel}","templated":true}]}}