{"id":22047,"date":"2018-01-02T01:05:18","date_gmt":"2018-01-02T01:05:18","guid":{"rendered":"http:\/\/biblian.is\/videy\/tobitsbok-9-kafli\/"},"modified":"2018-01-02T01:05:18","modified_gmt":"2018-01-02T01:05:18","slug":"tobitsbok-9-kafli","status":"publish","type":"page","link":"https:\/\/biblian.is\/videy\/tobitsbok-9-kafli\/","title":{"rendered":"T\u00f3b\u00edtsb\u00f3k 9. kafli"},"content":{"rendered":"<div class=\"fyrirsognVidey\">Tob\u00edas sendir til Rages.<\/div>\n<p><a name=\"1\"><span class=\"versanumer\">1<\/span><\/a>Og Tob\u00edas kalla\u00f0i Rafael og m\u00e6lti til hans:<a name=\"2\"><span class=\"versanumer\">2<\/span><\/a>br\u00f3\u00f0ir Asar\u00eda! tak me\u00f0 \u00fe\u00e9r \u00fer\u00e6l og tvo \u00falfalda, og far til Rages \u00ed Med\u00eden a\u00f0 finna Gabael, og s\u00e6k fyrir mig silfri\u00f0 og kom me\u00f0 hann sj\u00e1lfan til m\u00edns br\u00fa\u00f0kaups;<a name=\"3\"><span class=\"versanumer\">3<\/span><\/a>\u00fev\u00ed Rag\u00fael hefir svari\u00f0, a\u00f0 eg skuli ekki fara;<a name=\"4\"><span class=\"versanumer\">4<\/span><\/a>og fa\u00f0ir minn telur dagana, og s\u00e9 eg lengi \u00ed burtu, ver\u00f0ur hann mj\u00f6g sorgm\u00e6ddur.<a name=\"5\"><span class=\"versanumer\">5<\/span><\/a>\u00de\u00e1 f\u00f3r Rafael, og kom til Gabael og f\u00e9kk honum handskriftina. En hinn kom me\u00f0 sj\u00f3\u00f0ana innsigla\u00f0a og afhenti honum.<a name=\"6\"><span class=\"versanumer\">6<\/span><\/a>Og b\u00e1\u00f0ir voru \u00feeir jafnsnemma \u00e1 f\u00f3tum, og komu til brullaupsins. Og Tob\u00edas blessa\u00f0i konu s\u00edna.<\/p>\n<div class=\"footnoteVidey\"><\/div>\n","protected":false},"excerpt":{"rendered":"<p>Tob\u00edas sendir til Rages. 1Og Tob\u00edas kalla\u00f0i Rafael og m\u00e6lti til hans:2br\u00f3\u00f0ir Asar\u00eda! tak me\u00f0 \u00fe\u00e9r \u00fer\u00e6l og tvo \u00falfalda, og far til Rages \u00ed Med\u00eden a\u00f0 finna Gabael, og s\u00e6k fyrir mig silfri\u00f0 og kom me\u00f0 hann sj\u00e1lfan til m\u00edns br\u00fa\u00f0kaups;3\u00fev\u00ed Rag\u00fael hefir svari\u00f0, a\u00f0 eg skuli ekki fara;4og fa\u00f0ir minn telur dagana, og s\u00e9 eg lengi \u00ed burtu, ver\u00f0ur hann mj\u00f6g sorgm\u00e6ddur.5\u00de\u00e1 f\u00f3r Rafael, og kom til Gabael og f\u00e9kk honum handskriftina. En hinn kom me\u00f0 sj\u00f3\u00f0ana innsigla\u00f0a og afhenti honum.6Og b\u00e1\u00f0ir voru \u00feeir jafnsnemma \u00e1 f\u00f3tum, og komu til brullaupsins. Og Tob\u00edas blessa\u00f0i konu s\u00edna.<\/p>\n","protected":false},"author":1,"featured_media":0,"parent":0,"menu_order":0,"comment_status":"open","ping_status":"open","template":"bibliukaflar.php","meta":{"footnotes":""},"class_list":["post-22047","page","type-page","status-publish","hentry"],"_links":{"self":[{"href":"https:\/\/biblian.is\/videy\/wp-json\/wp\/v2\/pages\/22047","targetHints":{"allow":["GET"]}}],"collection":[{"href":"https:\/\/biblian.is\/videy\/wp-json\/wp\/v2\/pages"}],"about":[{"href":"https:\/\/biblian.is\/videy\/wp-json\/wp\/v2\/types\/page"}],"author":[{"embeddable":true,"href":"https:\/\/biblian.is\/videy\/wp-json\/wp\/v2\/users\/1"}],"replies":[{"embeddable":true,"href":"https:\/\/biblian.is\/videy\/wp-json\/wp\/v2\/comments?post=22047"}],"version-history":[{"count":0,"href":"https:\/\/biblian.is\/videy\/wp-json\/wp\/v2\/pages\/22047\/revisions"}],"wp:attachment":[{"href":"https:\/\/biblian.is\/videy\/wp-json\/wp\/v2\/media?parent=22047"}],"curies":[{"name":"wp","href":"https:\/\/api.w.org\/{rel}","templated":true}]}}