{"id":22046,"date":"2018-01-02T01:05:18","date_gmt":"2018-01-02T01:05:18","guid":{"rendered":"http:\/\/biblian.is\/videy\/tobitsbok-8-kafli\/"},"modified":"2018-01-02T01:05:18","modified_gmt":"2018-01-02T01:05:18","slug":"tobitsbok-8-kafli","status":"publish","type":"page","link":"https:\/\/biblian.is\/videy\/tobitsbok-8-kafli\/","title":{"rendered":"T\u00f3b\u00edtsb\u00f3k 8. kafli"},"content":{"rendered":"<div class=\"fyrirsognVidey\">Sama efni.<\/div>\n<p><a name=\"1\"><span class=\"versanumer\">1<\/span><\/a>En er \u00feeir h\u00f6f\u00f0u enda\u00f0 m\u00e1lt\u00ed\u00f0ina, leiddu \u00feeir Tob\u00edas inn til hennar.<a name=\"2\"><span class=\"versanumer\">2<\/span><\/a>En hann mundi, \u00fe\u00e1 hann gekk \u00feanga\u00f0, or\u00f0 Rafaels, og t\u00f3k gl\u00e6\u00f0ur og lag\u00f0i \u00e1 hjarta\u00f0 og lifrina \u00far fiskinum, og l\u00e9t ver\u00f0a reyk.<a name=\"3\"><span class=\"versanumer\">3<\/span><\/a>En \u00feegar \u00e1rinn fann lyktina, fl\u00fa\u00f0i hann \u00ed Egyptalands efrihluta <span class='VideyAth'>(\u00f3bygg\u00f0ir)<\/span> og engillinn fj\u00f6tra\u00f0i hann. <br \/><a name=\"4\"><span class=\"versanumer\">4<\/span><\/a>En sem \u00feau voru b\u00e6\u00f0i innil\u00e6st, st\u00f3\u00f0 Tob\u00edas upp af s\u00e6nginni og m\u00e6lti: stattu upp systir, og l\u00e1tum okkur bi\u00f0ja, a\u00f0 Drottinn miskunni okkur!<a name=\"5\"><span class=\"versanumer\">5<\/span><\/a>Og Tob\u00edas h\u00f3f svo s\u00edna b\u00e6n: lofa\u00f0ur s\u00e9rt \u00fe\u00fa Gu\u00f0 vorra fe\u00f0ra, og vegsama\u00f0 s\u00e9 \u00feitt heilaga og d\u00fdr\u00f0lega nafn a\u00f0 eil\u00edfu! vegsami \u00feig himnarnir og allar \u00fe\u00ednar skepnur <span class='VideyAth'>(\u00f6ll \u00fe\u00edn sk\u00f6pun)<\/span>!<a name=\"6\"><span class=\"versanumer\">6<\/span><\/a>\u00de\u00fa skapa\u00f0ir Adam, og gafst honum Evu konu hans tr\u00faa me\u00f0hj\u00e1lp; af \u00feeim er mannkyni\u00f0 komi\u00f0. \u00de\u00fa sag\u00f0ir: \u00fea\u00f0 er ekki gott a\u00f0 ma\u00f0urinn s\u00e9 einsamall; v\u00e9r viljum gj\u00f6ra honum me\u00f0hj\u00e1lp, honum sambo\u00f0na.<a name=\"7\"><span class=\"versanumer\">7<\/span><\/a>Og n\u00fa, Drottinn! tek eg \u00feessa m\u00edna systur, ekki sakir muna\u00f0ar, heldur me\u00f0 einl\u00e6gni; l\u00e1t mig \u00fev\u00ed finna n\u00e1\u00f0 og me\u00f0 henni n\u00e1 h\u00e1um aldri!<a name=\"8\"><span class=\"versanumer\">8<\/span><\/a>og h\u00fan sag\u00f0i me\u00f0 honum: Amen!<a name=\"9\"><span class=\"versanumer\">9<\/span><\/a>Og \u00feau b\u00e6\u00f0i sv\u00e1fu af n\u00f3ttina.<br \/><a name=\"10\"><span class=\"versanumer\">10<\/span><\/a>En Rag\u00fael st\u00f3\u00f0 upp og f\u00f3r og gr\u00f3f gr\u00f6f og m\u00e6lti: \u00e6tli \u00feessi deyi ekki l\u00edka?<a name=\"11\"><span class=\"versanumer\">11<\/span><\/a>Og sem Rag\u00fael kom aftur \u00ed sitt h\u00fas,<a name=\"12\"><span class=\"versanumer\">12<\/span><\/a>m\u00e6lti til hann Ednu konu sinnar: sendu eina af st\u00falkum \u00fe\u00ednum og l\u00e1tum oss sj\u00e1, hv\u00f6rt hann lifir; ef ei, \u00fe\u00e1 skulum v\u00e9r jar\u00f0a hann, svo enginn f\u00e1i a\u00f0 vita \u00fea\u00f0.<a name=\"13\"><span class=\"versanumer\">13<\/span><\/a>\u00de\u00e1 lauk st\u00falkan upp dyrunum og fann b\u00e6\u00f0i sofandi.<a name=\"14\"><span class=\"versanumer\">14<\/span><\/a>Og h\u00fan gekk aftur \u00fat og sag\u00f0i \u00feeim a\u00f0 hann v\u00e6ri lifandi. <br \/><a name=\"15\"><span class=\"versanumer\">15<\/span><\/a>\u00de\u00e1 lofa\u00f0i Rag\u00fael Gu\u00f0 og m\u00e6lti: vegsama\u00f0ur s\u00e9rt \u00fe\u00fa, Gu\u00f0, me\u00f0 hv\u00f6rri sem helst hreinni og heilagri lofgj\u00f6r\u00f0! \u00feig vegsami \u00fe\u00ednir heil\u00f6gu og allar \u00fe\u00ednar skepnur og allir \u00fe\u00ednir englar og \u00fe\u00ednir \u00fatv\u00f6ldu. \u00deeir lofi \u00feig eil\u00edflega!<a name=\"16\"><span class=\"versanumer\">16<\/span><\/a>Lofa\u00f0ur s\u00e9rt \u00fe\u00fa, a\u00f0 \u00fe\u00fa gle\u00f0ur mig, og \u00fea\u00f0 hefir ei m\u00e6tt m\u00e9r sem eg \u00f3tta\u00f0ist, heldur hefir \u00fe\u00fa gj\u00f6rt vi\u00f0 oss eftir \u00feinni mikilli miskunnsemi.<a name=\"17\"><span class=\"versanumer\">17<\/span><\/a>Lofa\u00f0ur s\u00e9rt \u00fe\u00fa, a\u00f0 \u00fe\u00fa hefir miskunna\u00f0 \u00feig yfir \u00feessi tv\u00f6 einu b\u00f6rn <span class='VideyAth'>(foreldra sinna)<\/span> au\u00f0s\u00fdn \u00feeim, Drottinn, <span class='VideyAth'>(framvegis)<\/span> miskunn, l\u00e1t \u00feau \u00ed heilbrig\u00f0i enda sitt l\u00edf me\u00f0 gle\u00f0i og n\u00e1\u00f0! <br \/><a name=\"18\"><span class=\"versanumer\">18<\/span><\/a>En hann skipa\u00f0i hj\u00faum s\u00ednum a\u00f0 fylla aftur gr\u00f6fina.<a name=\"19\"><span class=\"versanumer\">19<\/span><\/a>Og hann h\u00e9lt \u00feeim br\u00fa\u00f0kaup \u00ed 14 daga.<a name=\"20\"><span class=\"versanumer\">20<\/span><\/a>Og Rag\u00fael m\u00e6lti til hans \u00e1\u00f0ur en br\u00fa\u00f0kaupsdagarnir voru \u00fati, og lag\u00f0i ei\u00f0 vi\u00f0, a\u00f0 hann skyldi ei fara fyrr en \u00feeir 14 br\u00fa\u00f0kaupsdagar v\u00e6ru \u00e1 enda,<a name=\"21\"><span class=\"versanumer\">21<\/span><\/a>og \u00fe\u00e1 skyldi hann f\u00e1 helftina af s\u00ednum fj\u00e1rmunum og fara \u00ed fri\u00f0i til f\u00f6\u00f0ur s\u00edns; og hi\u00f0 anna\u00f0, \u00feegar eg er d\u00e1in og kona m\u00edn.<\/p>\n<div class=\"footnoteVidey\"><\/div>\n","protected":false},"excerpt":{"rendered":"<p>Sama efni. 1En er \u00feeir h\u00f6f\u00f0u enda\u00f0 m\u00e1lt\u00ed\u00f0ina, leiddu \u00feeir Tob\u00edas inn til hennar.2En hann mundi, \u00fe\u00e1 hann gekk \u00feanga\u00f0, or\u00f0 Rafaels, og t\u00f3k gl\u00e6\u00f0ur og lag\u00f0i \u00e1 hjarta\u00f0 og lifrina \u00far fiskinum, og l\u00e9t ver\u00f0a reyk.3En \u00feegar \u00e1rinn fann lyktina, fl\u00fa\u00f0i hann \u00ed Egyptalands efrihluta (\u00f3bygg\u00f0ir) og engillinn fj\u00f6tra\u00f0i hann. 4En sem \u00feau voru b\u00e6\u00f0i innil\u00e6st, st\u00f3\u00f0 Tob\u00edas upp af s\u00e6nginni og m\u00e6lti: stattu upp systir, og l\u00e1tum okkur bi\u00f0ja, a\u00f0 Drottinn miskunni okkur!5Og Tob\u00edas h\u00f3f svo s\u00edna b\u00e6n: lofa\u00f0ur s\u00e9rt \u00fe\u00fa Gu\u00f0 vorra fe\u00f0ra, og vegsama\u00f0 s\u00e9 \u00feitt heilaga og d\u00fdr\u00f0lega nafn a\u00f0 eil\u00edfu! vegsami \u00feig himnarnir og <a href=\"https:\/\/biblian.is\/videy\/tobitsbok-8-kafli\/\"> [&#8230;]<\/a><\/p>\n","protected":false},"author":1,"featured_media":0,"parent":0,"menu_order":0,"comment_status":"open","ping_status":"open","template":"bibliukaflar.php","meta":{"footnotes":""},"class_list":["post-22046","page","type-page","status-publish","hentry"],"_links":{"self":[{"href":"https:\/\/biblian.is\/videy\/wp-json\/wp\/v2\/pages\/22046","targetHints":{"allow":["GET"]}}],"collection":[{"href":"https:\/\/biblian.is\/videy\/wp-json\/wp\/v2\/pages"}],"about":[{"href":"https:\/\/biblian.is\/videy\/wp-json\/wp\/v2\/types\/page"}],"author":[{"embeddable":true,"href":"https:\/\/biblian.is\/videy\/wp-json\/wp\/v2\/users\/1"}],"replies":[{"embeddable":true,"href":"https:\/\/biblian.is\/videy\/wp-json\/wp\/v2\/comments?post=22046"}],"version-history":[{"count":0,"href":"https:\/\/biblian.is\/videy\/wp-json\/wp\/v2\/pages\/22046\/revisions"}],"wp:attachment":[{"href":"https:\/\/biblian.is\/videy\/wp-json\/wp\/v2\/media?parent=22046"}],"curies":[{"name":"wp","href":"https:\/\/api.w.org\/{rel}","templated":true}]}}