{"id":22045,"date":"2018-01-02T01:05:18","date_gmt":"2018-01-02T01:05:18","guid":{"rendered":"http:\/\/biblian.is\/videy\/tobitsbok-7-kafli\/"},"modified":"2018-01-02T01:05:18","modified_gmt":"2018-01-02T01:05:18","slug":"tobitsbok-7-kafli","status":"publish","type":"page","link":"https:\/\/biblian.is\/videy\/tobitsbok-7-kafli\/","title":{"rendered":"T\u00f3b\u00edtsb\u00f3k 7. kafli"},"content":{"rendered":"<div class=\"fyrirsognVidey\">Um giftingu Tob\u00eda.<\/div>\n<p><a name=\"1\"><span class=\"versanumer\">1<\/span><\/a>Og sem hann kom a\u00f0 h\u00fasi Rag\u00faels, gekk Sara m\u00f3ti honum og heilsa\u00f0i honum, og hann henni; og h\u00fan leiddi hann inn \u00ed h\u00fasi\u00f0.<a name=\"2\"><span class=\"versanumer\">2<\/span><\/a>Og Rag\u00fael sag\u00f0i vi\u00f0 konu s\u00edna Ednu: hv\u00f6rsu l\u00edkur er \u00feessi ungi ma\u00f0ur fr\u00e6nda m\u00ednum Tob\u00edas!<a name=\"3\"><span class=\"versanumer\">3<\/span><\/a>Og Rag\u00fael spur\u00f0i \u00fe\u00e1: hva\u00f0an eru\u00f0 \u00fei\u00f0 br\u00e6\u00f0ur? Og \u00feeir sv\u00f6ru\u00f0u honum: af Naftali sonum, sem eru herteknir \u00ed Nin\u00edve.<a name=\"4\"><span class=\"versanumer\">4<\/span><\/a>Og hann sag\u00f0i til \u00feeirra: \u00feekki\u00f0 \u00fe\u00e9r br\u00f3\u00f0ur minn Tob\u00edas? en \u00feeir sv\u00f6ru\u00f0u: vi\u00f0 \u00feekkjum hann.<a name=\"5\"><span class=\"versanumer\">5<\/span><\/a>Og hann sag\u00f0i vi\u00f0 \u00fe\u00e1: l\u00ed\u00f0ur honum vel? en \u00feeir sv\u00f6ru\u00f0u: hann lifir og honum l\u00ed\u00f0ur vel. Og Tob\u00edas m\u00e6lti: hann er minn fa\u00f0ir.<a name=\"6\"><span class=\"versanumer\">6<\/span><\/a>\u00de\u00e1 st\u00f6kk Rag\u00fael upp, og kyssti hann og gr\u00e9t.<a name=\"7\"><span class=\"versanumer\">7<\/span><\/a>Og hann blessa\u00f0i hann og m\u00e6lti til hans: \u00f3, \u00fe\u00fa sonur g\u00f3\u00f0s og \u00e1g\u00e6ts manns! En er hann heyr\u00f0i a\u00f0 Tob\u00edas hef\u00f0i misst sj\u00f3nina, var\u00f0 hann sorgm\u00e6ddur og gr\u00e9t.<a name=\"8\"><span class=\"versanumer\">8<\/span><\/a>Og Edna kona hans og Sara d\u00f3ttir hans gr\u00e9tu l\u00edka. Og \u00feau t\u00f3ku vel vi\u00f0 \u00feeim og sl\u00e1tru\u00f0u ungum hr\u00fat, og b\u00e1ru \u00e1 bor\u00f0 fleiri r\u00e9tti. En Tob\u00edas sag\u00f0i vi\u00f0 Rafael: br\u00f3\u00f0ir Asar\u00eda, tala \u00fe\u00fa um \u00fea\u00f0, sem \u00fe\u00fa minntist \u00e1, \u00e1 lei\u00f0inni, og l\u00e1ttu \u00fea\u00f0 m\u00e1l \u00fatklj\u00e1st.<a name=\"9\"><span class=\"versanumer\">9<\/span><\/a>Og hann sag\u00f0i Rag\u00fael fr\u00e1. Og Rag\u00fael m\u00e6lti vi\u00f0 Tob\u00edas: et, drekk og l\u00e1t \u00fe\u00e9r vel falla!<a name=\"10\"><span class=\"versanumer\">10<\/span><\/a>\u00fev\u00ed \u00fe\u00e9r ber a\u00f0 eignast m\u00edna d\u00f3ttur;<a name=\"11\"><span class=\"versanumer\">11<\/span><\/a>\u00fe\u00f3 ver\u00f0 eg a\u00f0 segja \u00fe\u00e9r sannleikann. Eg hefi n\u00fa \u00feegar gefi\u00f0 barn mitt 7 m\u00f6nnum, og jafnsnart sem \u00feeir inngengu til hennar, d\u00f3u \u00feeir s\u00f6mu n\u00f3ttina. En vertu n\u00fa hress og gla\u00f0ur. Og Tob\u00edas m\u00e6lti: eg smakka h\u00e9r ekkert fyrr en \u00fei\u00f0 lofi\u00f0 og l\u00e1ti\u00f0 mig f\u00e1 vissu.<a name=\"12\"><span class=\"versanumer\">12<\/span><\/a>Og Rag\u00fael m\u00e6lti: hana! taktu hana \u00fe\u00e1 upp fr\u00e1 \u00feessu eftir sem l\u00f6g standa til! \u00fe\u00fa ert hennar br\u00f3\u00f0ir, og h\u00fan er \u00fe\u00edn. En s\u00e1 miskunnsami Gu\u00f0 grei\u00f0i sem best ykkar lei\u00f0!<a name=\"13\"><span class=\"versanumer\">13<\/span><\/a>Og hann kalla\u00f0i \u00e1 S\u00f6ru d\u00f3ttur s\u00edna, og t\u00f3k hana s\u00e9r vi\u00f0 h\u00f6nd og gaf Tob\u00edas hana fyrir konu, og sag\u00f0i: tak hana eftir M\u00f3ses l\u00f6gum, og flyt hana heim til f\u00f6\u00f0ur \u00fe\u00edns! og hann blessa\u00f0i \u00feau.<a name=\"14\"><span class=\"versanumer\">14<\/span><\/a>Og hann kalla\u00f0i Ednu konu s\u00edna, t\u00f3k bla\u00f0, og skrifa\u00f0i kaupm\u00e1labr\u00e9f og innsigla\u00f0i \u00fea\u00f0 hi\u00f0 sama.<a name=\"15\"><span class=\"versanumer\">15<\/span><\/a>Og \u00feeir t\u00f3ku til a\u00f0 matast. <br \/><a name=\"16\"><span class=\"versanumer\">16<\/span><\/a>Og Rag\u00fael kalla\u00f0i \u00e1 konu s\u00edna Ednu, og sag\u00f0i vi\u00f0 hana: systir, tilrei\u00f0 anna\u00f0 herbergi og far me\u00f0 hana <span class='VideyAth'>(S\u00f6ru)<\/span> \u00feanga\u00f0.<a name=\"17\"><span class=\"versanumer\">17<\/span><\/a>Og h\u00fan gj\u00f6r\u00f0i, sem hann sag\u00f0i, og leiddi hana \u00feanga\u00f0 inn; en h\u00fan gr\u00e9t. Og h\u00fan \u00feurrka\u00f0i t\u00e1rin af d\u00f3ttur sinni, og m\u00e6lti til hennar:<a name=\"18\"><span class=\"versanumer\">18<\/span><\/a>vertu \u00f6rugg barn! Drottinn himins og jar\u00f0ar gefi \u00fe\u00e9r gle\u00f0i fyrir \u00feessa \u00fe\u00edna sorg! vertu \u00f6rugg d\u00f3ttir!<\/p>\n<div class=\"footnoteVidey\"><\/div>\n","protected":false},"excerpt":{"rendered":"<p>Um giftingu Tob\u00eda. 1Og sem hann kom a\u00f0 h\u00fasi Rag\u00faels, gekk Sara m\u00f3ti honum og heilsa\u00f0i honum, og hann henni; og h\u00fan leiddi hann inn \u00ed h\u00fasi\u00f0.2Og Rag\u00fael sag\u00f0i vi\u00f0 konu s\u00edna Ednu: hv\u00f6rsu l\u00edkur er \u00feessi ungi ma\u00f0ur fr\u00e6nda m\u00ednum Tob\u00edas!3Og Rag\u00fael spur\u00f0i \u00fe\u00e1: hva\u00f0an eru\u00f0 \u00fei\u00f0 br\u00e6\u00f0ur? Og \u00feeir sv\u00f6ru\u00f0u honum: af Naftali sonum, sem eru herteknir \u00ed Nin\u00edve.4Og hann sag\u00f0i til \u00feeirra: \u00feekki\u00f0 \u00fe\u00e9r br\u00f3\u00f0ur minn Tob\u00edas? en \u00feeir sv\u00f6ru\u00f0u: vi\u00f0 \u00feekkjum hann.5Og hann sag\u00f0i vi\u00f0 \u00fe\u00e1: l\u00ed\u00f0ur honum vel? en \u00feeir sv\u00f6ru\u00f0u: hann lifir og honum l\u00ed\u00f0ur vel. Og Tob\u00edas m\u00e6lti: hann er minn fa\u00f0ir.6\u00de\u00e1 st\u00f6kk <a href=\"https:\/\/biblian.is\/videy\/tobitsbok-7-kafli\/\"> [&#8230;]<\/a><\/p>\n","protected":false},"author":1,"featured_media":0,"parent":0,"menu_order":0,"comment_status":"open","ping_status":"open","template":"bibliukaflar.php","meta":{"footnotes":""},"class_list":["post-22045","page","type-page","status-publish","hentry"],"_links":{"self":[{"href":"https:\/\/biblian.is\/videy\/wp-json\/wp\/v2\/pages\/22045","targetHints":{"allow":["GET"]}}],"collection":[{"href":"https:\/\/biblian.is\/videy\/wp-json\/wp\/v2\/pages"}],"about":[{"href":"https:\/\/biblian.is\/videy\/wp-json\/wp\/v2\/types\/page"}],"author":[{"embeddable":true,"href":"https:\/\/biblian.is\/videy\/wp-json\/wp\/v2\/users\/1"}],"replies":[{"embeddable":true,"href":"https:\/\/biblian.is\/videy\/wp-json\/wp\/v2\/comments?post=22045"}],"version-history":[{"count":0,"href":"https:\/\/biblian.is\/videy\/wp-json\/wp\/v2\/pages\/22045\/revisions"}],"wp:attachment":[{"href":"https:\/\/biblian.is\/videy\/wp-json\/wp\/v2\/media?parent=22045"}],"curies":[{"name":"wp","href":"https:\/\/api.w.org\/{rel}","templated":true}]}}