{"id":22044,"date":"2018-01-02T01:05:18","date_gmt":"2018-01-02T01:05:18","guid":{"rendered":"http:\/\/biblian.is\/videy\/tobitsbok-6-kafli\/"},"modified":"2018-01-02T01:05:18","modified_gmt":"2018-01-02T01:05:18","slug":"tobitsbok-6-kafli","status":"publish","type":"page","link":"https:\/\/biblian.is\/videy\/tobitsbok-6-kafli\/","title":{"rendered":"T\u00f3b\u00edtsb\u00f3k 6. kafli"},"content":{"rendered":"<div class=\"fyrirsognVidey\">Um fer\u00f0ina og \u00feann rara fisk.<\/div>\n<p><a name=\"1\"><span class=\"versanumer\">1<\/span><\/a>En \u00feeir, fer\u00f0amennirnir, komu um kv\u00f6ld a\u00f0 \u00e1nni T\u00edgris og voru \u00fear um n\u00f3ttina.<a name=\"2\"><span class=\"versanumer\">2<\/span><\/a>Og ungi ma\u00f0urinn steig ni\u00f0ur \u00ed \u00e1na til a\u00f0 lauga sig: \u00fe\u00e1 st\u00f6kk fiskur fram \u00ed \u00e1nni og \u00e6tla\u00f0i a\u00f0 gleypa unglinginn.<a name=\"3\"><span class=\"versanumer\">3<\/span><\/a>En engillinn sag\u00f0i vi\u00f0 hann: tak \u00fe\u00fa fiskinn! og s\u00e1 ungi ma\u00f0ur greip fiskinn og fleyg\u00f0i \u00e1 land.<a name=\"4\"><span class=\"versanumer\">4<\/span><\/a>Og engillinn m\u00e6lti til hans: sl\u00e6g\u00f0u fiskinn, og taktu \u00far honum hjarta\u00f0 og lifrina og galli\u00f0 og geym vandlega.<a name=\"5\"><span class=\"versanumer\">5<\/span><\/a>Og unglingurinn gj\u00f6r\u00f0i eins og engillinn sag\u00f0i honum; en fiskinn steiktu og \u00e1tu \u00feeir. Svo h\u00e9ldu b\u00e1\u00f0ir fer\u00f0inni \u00e1fram, \u00fear til \u00feeir komu \u00ed n\u00e1nd vi\u00f0 Ekbatana. <br \/><a name=\"6\"><span class=\"versanumer\">6<\/span><\/a>Og unglingurinn sag\u00f0i vi\u00f0 engilinn: br\u00f3\u00f0ir Asar\u00eda! til hv\u00f6rs gagns er hjarta\u00f0, lifurin og galli\u00f0 \u00far fiskinum?<a name=\"7\"><span class=\"versanumer\">7<\/span><\/a>Og hann svara\u00f0i: hjarta\u00f0 og lifrin <span class='VideyAth'>(er til \u00feess)<\/span> a\u00f0 ef \u00e1ri e\u00f0a vondur andi \u00f3spekir einhv\u00f6rn, svo m\u00e1 brenna \u00feetta fyrir manninum e\u00f0a konunni, svo reykur komi, og ver\u00f0a \u00feau \u00fe\u00e1 ekki framar \u00e1reitt.<a name=\"8\"><span class=\"versanumer\">8<\/span><\/a>En galli\u00f0 er til \u00feess a\u00f0 strj\u00faka \u00fev\u00ed um hv\u00edta flekki \u00e1 augum og svo ver\u00f0ur ma\u00f0ur s\u00e1, sem \u00fe\u00e1 haf\u00f0i, heill. <br \/><a name=\"9\"><span class=\"versanumer\">9<\/span><\/a>En sem \u00feeir voru komnir \u00ed n\u00e1nd vi\u00f0 Rages,<a name=\"10\"><span class=\"versanumer\">10<\/span><\/a>sag\u00f0i engillinn vi\u00f0 \u00feann unga mann: br\u00f3\u00f0ir! \u00ed n\u00f3tt skulum vi\u00f0 gista hj\u00e1 Rag\u00fael; og hann er \u00e6ttingi \u00feinn, og \u00e1 d\u00f3ttir sem heitir Sara. Eg skal tala um hana, a\u00f0 h\u00fan ver\u00f0i \u00fe\u00e9r gefin fyrir konu.<a name=\"11\"><span class=\"versanumer\">11<\/span><\/a>\u00dev\u00ed \u00fe\u00fa \u00e1tt hennar erf\u00f0, \u00fev\u00ed \u00fe\u00fa ert s\u00e1 eini \u00e6ttingi hennar.<a name=\"12\"><span class=\"versanumer\">12<\/span><\/a>Og st\u00falkan er fr\u00ed\u00f0 og skyns\u00f6m. Og heyr mig n\u00fa, eg skal tala vi\u00f0 f\u00f6\u00f0ur hennar, og \u00feegar vi\u00f0 f\u00f6rum aftur fr\u00e1 Rages skulum vi\u00f0 halda br\u00fa\u00f0kaupi\u00f0; \u00fev\u00ed eg veit a\u00f0 Rag\u00fael getur engum \u00f6\u00f0rum gefi\u00f0 hana eftir M\u00f3sis l\u00f6gm\u00e1li, svo a\u00f0 hann ver\u00f0i ei dau\u00f0a sekur, \u00fev\u00ed \u00fea\u00f0 er \u00feitt a\u00f0 taka arfinn fremur hv\u00f6rjum \u00f6\u00f0rum manni. <br \/><a name=\"13\"><span class=\"versanumer\">13<\/span><\/a>\u00de\u00e1 sag\u00f0i unglingurinn vi\u00f0 engilinn: br\u00f3\u00f0ir Asar\u00eda, eg hefi heyrt, a\u00f0 \u00feessi st\u00falka hafi n\u00fa \u00feegar veri\u00f0 gefin 7 m\u00f6nnum, og a\u00f0 allir hafi farist \u00ed br\u00fa\u00f0arherberginu.<a name=\"14\"><span class=\"versanumer\">14<\/span><\/a>En n\u00fa er eg einasti sonur f\u00f6\u00f0ur m\u00edns, og hr\u00e6ddur er eg um, a\u00f0 eg deyi, ef eg kem \u00fear inn, eins og \u00feeir fyrri, \u00fev\u00ed \u00e1ri einhv\u00f6r elskar hana, sem engum gj\u00f6rir illt, nema \u00feeim, sem n\u00e6rri henni koma. Og n\u00fa er eg hr\u00e6ddur a\u00f0 eg kynni a\u00f0 deyja, og \u00fe\u00e1 lei\u00f0i eg l\u00edf f\u00f6\u00f0ur m\u00edns og m\u00f3\u00f0ur minnar me\u00f0 sorg \u00fat af m\u00e9r ni\u00f0ur \u00ed gr\u00f6fina; og annan son eiga \u00feau ekki sem \u00feau geti jar\u00f0a\u00f0.<a name=\"15\"><span class=\"versanumer\">15<\/span><\/a>En engillinn sag\u00f0i vi\u00f0 hann: manstu n\u00fa ekki tali\u00f0, \u00fe\u00e1 fa\u00f0ir \u00feinn bau\u00f0, a\u00f0 \u00fe\u00fa skyldir taka \u00fe\u00e9r konu af \u00feinni \u00e6tt? Og heyr mig n\u00fa, br\u00f3\u00f0ir! h\u00fan ver\u00f0ur konan \u00fe\u00edn, og hva\u00f0 \u00e1rann \u00e1hr\u00e6rir, \u00fe\u00e1 vertu \u00e1hyggjulaus, \u00fev\u00ed \u00e1 \u00feessari n\u00f3ttu ver\u00f0ur h\u00fan \u00fe\u00e9r gefin fyrir konu.<a name=\"16\"><span class=\"versanumer\">16<\/span><\/a>\u00dev\u00ed \u00feegar \u00fe\u00fa gengur inn \u00ed br\u00fa\u00f0arherbergi\u00f0, \u00fe\u00e1 tak gl\u00e6\u00f0ur og legg \u00fear \u00e1 nokku\u00f0 af hjarta og lifur fisksins, og l\u00e1ttu koma reyk;<a name=\"17\"><span class=\"versanumer\">17<\/span><\/a>\u00c1rinn finnur af \u00fev\u00ed \u00feefinn og fl\u00fdr og kemur ekki aftur til eil\u00edf\u00f0ar. \u00deegar \u00fe\u00fa svo kemur til hennar, \u00fe\u00e1 standi\u00f0 b\u00e6\u00f0i upp, og \u00e1kalli\u00f0 \u00feann miskunnsama Gu\u00f0, \u00fe\u00e1 mun hann bjarga ykkur og miskunna; vertu \u00f3hr\u00e6ddur, \u00fev\u00ed h\u00fan var \u00fe\u00e9r \u00e6tlu\u00f0 fr\u00e1 upphafi, og \u00fe\u00fa munt frelsa hana, og h\u00fan me\u00f0 \u00fe\u00e9r fara. Og eg \u00e6tla \u00fe\u00fa munir eignast b\u00f6rn me\u00f0 henni. Og sem Tob\u00edas heyr\u00f0i \u00feetta, f\u00e9kk hann \u00e1starhuga til hennar, og hans s\u00e1l h\u00e9kk mj\u00f6g vi\u00f0 hana. Og svo kom h\u00fan til Ekbatana.<\/p>\n<div class=\"footnoteVidey\"><\/div>\n","protected":false},"excerpt":{"rendered":"<p>Um fer\u00f0ina og \u00feann rara fisk. 1En \u00feeir, fer\u00f0amennirnir, komu um kv\u00f6ld a\u00f0 \u00e1nni T\u00edgris og voru \u00fear um n\u00f3ttina.2Og ungi ma\u00f0urinn steig ni\u00f0ur \u00ed \u00e1na til a\u00f0 lauga sig: \u00fe\u00e1 st\u00f6kk fiskur fram \u00ed \u00e1nni og \u00e6tla\u00f0i a\u00f0 gleypa unglinginn.3En engillinn sag\u00f0i vi\u00f0 hann: tak \u00fe\u00fa fiskinn! og s\u00e1 ungi ma\u00f0ur greip fiskinn og fleyg\u00f0i \u00e1 land.4Og engillinn m\u00e6lti til hans: sl\u00e6g\u00f0u fiskinn, og taktu \u00far honum hjarta\u00f0 og lifrina og galli\u00f0 og geym vandlega.5Og unglingurinn gj\u00f6r\u00f0i eins og engillinn sag\u00f0i honum; en fiskinn steiktu og \u00e1tu \u00feeir. Svo h\u00e9ldu b\u00e1\u00f0ir fer\u00f0inni \u00e1fram, \u00fear til \u00feeir komu \u00ed n\u00e1nd <a href=\"https:\/\/biblian.is\/videy\/tobitsbok-6-kafli\/\"> [&#8230;]<\/a><\/p>\n","protected":false},"author":1,"featured_media":0,"parent":0,"menu_order":0,"comment_status":"open","ping_status":"open","template":"bibliukaflar.php","meta":{"footnotes":""},"class_list":["post-22044","page","type-page","status-publish","hentry"],"_links":{"self":[{"href":"https:\/\/biblian.is\/videy\/wp-json\/wp\/v2\/pages\/22044","targetHints":{"allow":["GET"]}}],"collection":[{"href":"https:\/\/biblian.is\/videy\/wp-json\/wp\/v2\/pages"}],"about":[{"href":"https:\/\/biblian.is\/videy\/wp-json\/wp\/v2\/types\/page"}],"author":[{"embeddable":true,"href":"https:\/\/biblian.is\/videy\/wp-json\/wp\/v2\/users\/1"}],"replies":[{"embeddable":true,"href":"https:\/\/biblian.is\/videy\/wp-json\/wp\/v2\/comments?post=22044"}],"version-history":[{"count":0,"href":"https:\/\/biblian.is\/videy\/wp-json\/wp\/v2\/pages\/22044\/revisions"}],"wp:attachment":[{"href":"https:\/\/biblian.is\/videy\/wp-json\/wp\/v2\/media?parent=22044"}],"curies":[{"name":"wp","href":"https:\/\/api.w.org\/{rel}","templated":true}]}}