{"id":22042,"date":"2018-01-02T01:05:18","date_gmt":"2018-01-02T01:05:18","guid":{"rendered":"http:\/\/biblian.is\/videy\/tobitsbok-4-kafli\/"},"modified":"2018-01-02T01:05:18","modified_gmt":"2018-01-02T01:05:18","slug":"tobitsbok-4-kafli","status":"publish","type":"page","link":"https:\/\/biblian.is\/videy\/tobitsbok-4-kafli\/","title":{"rendered":"T\u00f3b\u00edtsb\u00f3k 4. kafli"},"content":{"rendered":"<div class=\"fyrirsognVidey\">Tob\u00edas sendir son sinn til Med\u00eden.<\/div>\n<p><a name=\"1\"><span class=\"versanumer\">1<\/span><\/a>\u00c1 \u00feeim degi minntist Tob\u00edas silfursins, sem hann haf\u00f0i fengi\u00f0 Gabael \u00ed Rages \u00ed Med\u00eden.<a name=\"2\"><span class=\"versanumer\">2<\/span><\/a>Og hann sag\u00f0i vi\u00f0 sj\u00e1lfan sig: eg \u00f3ska\u00f0i m\u00e9r dau\u00f0ans, \u00fev\u00ed kalla eg ekki son minn Tob\u00edas, til a\u00f0 l\u00e1ta hann vita \u00feetta, \u00e1\u00f0ur en eg dey?<a name=\"3\"><span class=\"versanumer\">3<\/span><\/a>Og hann kalla\u00f0i hann og m\u00e6lti: barn, \u00feegar eg er d\u00e1inn, svo jar\u00f0a \u00fe\u00fa mig, og afr\u00e6k ekki m\u00f3\u00f0ur \u00fe\u00edna! haf \u00fe\u00fa hana \u00ed hei\u00f0ri alla daga \u00fe\u00edns l\u00edfs, og gj\u00f6r\u00f0u \u00fea\u00f0, sem henni er a\u00f0 skapi og hrygg hana ekki!<a name=\"4\"><span class=\"versanumer\">4<\/span><\/a>Mundu \u00fea\u00f0, barn, a\u00f0 h\u00fan \u00fe\u00edn vegna, \u00ed m\u00f3\u00f0url\u00edfi \u00feoldi margan h\u00e1skann. \u00deegar h\u00fan er d\u00e1in, \u00fe\u00e1 jar\u00f0a hana hj\u00e1 m\u00e9r \u00ed s\u00f6mu gr\u00f6f.<a name=\"5\"><span class=\"versanumer\">5<\/span><\/a>Mundu \u00e6t\u00ed\u00f0, barn, til Drottins vors Gu\u00f0s, og haf aldrei vilja til a\u00f0 syndga og yfirtro\u00f0a hans bo\u00f0or\u00f0. I\u00f0ka r\u00e9ttv\u00edsi alla daga \u00fe\u00edns l\u00edfs, og gakk \u00fe\u00fa aldrei \u00e1 rangl\u00e6tisins vegum.<a name=\"6\"><span class=\"versanumer\">6<\/span><\/a>\u00dev\u00ed ef \u00fe\u00fa i\u00f0kar r\u00e1\u00f0vendni, svo muntu ver\u00f0a l\u00e1nsgefinn \u00ed \u00f6llum \u00fe\u00ednum verkum, eins og allir sem r\u00e9ttl\u00e6ti\u00f0 i\u00f0ka. <br \/><a name=\"7\"><span class=\"versanumer\">7<\/span><\/a>Veittu velgj\u00f6r\u00f0ir nau\u00f0st\u00f6ddum af \u00fe\u00ednum eigum, og \u00feitt auga s\u00e9 ekki \u00f6fundsj\u00fakt \u00feegar \u00fe\u00fa veitir velgj\u00f6r\u00f0. Sn\u00fa fr\u00e1 engum f\u00e1t\u00e6kum \u00fe\u00ednu augliti, svo mun ekki Gu\u00f0s auglit sn\u00faa s\u00e9r fr\u00e1 \u00fe\u00e9r.<a name=\"8\"><span class=\"versanumer\">8<\/span><\/a>Eins og \u00fe\u00ednar eigur eru miklar til, skaltu g\u00f3\u00f0gj\u00f6r\u00f0asemi i\u00f0ka; s\u00e9u \u00fe\u00ednar eigur litlar, \u00fe\u00e1 vertu ei hr\u00e6ddur, sambo\u00f0i\u00f0 \u00fev\u00ed litla, a\u00f0 gefa \u00f6lmusu!<a name=\"9\"><span class=\"versanumer\">9<\/span><\/a>\u00fev\u00ed g\u00f3\u00f0um sj\u00f3\u00f0 safnar \u00fe\u00fa \u00fe\u00e9r fyrir ney\u00f0arinnar t\u00ed\u00f0.<a name=\"10\"><span class=\"versanumer\">10<\/span><\/a>\u00dev\u00ed g\u00f3\u00f0gj\u00f6r\u00f0asemi frelsar fr\u00e1 dau\u00f0anum og l\u00e6tur mann ekki koma \u00ed myrkri\u00f0.<a name=\"11\"><span class=\"versanumer\">11<\/span><\/a>\u00dev\u00ed g\u00f3\u00f0gj\u00f6r\u00f0arsemin er fyrir alla, sem hana i\u00f0ka, \u00fe\u00e6gileg f\u00f3rn fyrir augliti \u00feess \u00e6\u00f0sta. <br \/><a name=\"12\"><span class=\"versanumer\">12<\/span><\/a>Var\u00f0veittu \u00feig, barn, fyrir \u00f6llu lausl\u00e6ti, og tak konu \u00f6llu framar af \u00e6tt fe\u00f0ra \u00feinna! tak enga \u00fatlenda konu, sem ekki er af \u00e6tt f\u00f6\u00f0ur \u00fe\u00edns! \u00fev\u00ed v\u00e9r erum b\u00f6rn sp\u00e1mannanna. N\u00f3i, Abraham, \u00cdsak, Jakob <span class='VideyAth'>(voru)<\/span> fe\u00f0ur vorir \u00ed forn\u00f6ld\u2014minnst \u00feess, barn, a\u00f0 \u00feeir allir t\u00f3ku konur af s\u00ednum br\u00e6\u00f0rum, og ur\u00f0u blessa\u00f0ir \u00ed s\u00ednum b\u00f6rnum, og \u00feeirra \u00e6tt skal landi\u00f0 erfa.<a name=\"13\"><span class=\"versanumer\">13<\/span><\/a>Og n\u00fa, barn, elska \u00fe\u00edna br\u00e6\u00f0ur, og drag \u00feig ekki drambl\u00e1tlega svo \u00ed hl\u00e9 vi\u00f0 \u00fe\u00edna br\u00e6\u00f0ur og syni og d\u00e6tur \u00fe\u00edns f\u00f3lks, a\u00f0 \u00fe\u00fa enga konu takir \u00fe\u00e9r af \u00feeim. \u00dev\u00ed me\u00f0 drambsemi er tj\u00f3n mikil \u00f3sta\u00f0festa, og me\u00f0 \u00f3n\u00fdtjungskap, f\u00e1t\u00e6kt og mikill skortur. J\u00e1, \u00f3nytjungskapurinn er m\u00f3\u00f0ir hungursins. <br \/><a name=\"14\"><span class=\"versanumer\">14<\/span><\/a>Einkis manns laun, sem unni\u00f0 hefir, mega hj\u00e1 \u00fe\u00e9r vera eina n\u00f3tt, heldur betala honum strax. Ef a\u00f0 \u00fe\u00fa \u00fej\u00f3nar Gu\u00f0i, svo ver\u00f0ur \u00fe\u00e9r \u00fea\u00f0 endurgoldi\u00f0. Haf g\u00e1t \u00e1 \u00fe\u00e9r, barn, \u00ed \u00f6llum \u00fe\u00ednum gj\u00f6r\u00f0um, og vertu si\u00f0samur \u00ed allri \u00feinni umgengni.<a name=\"15\"><span class=\"versanumer\">15<\/span><\/a>Gj\u00f6r engum \u00fea\u00f0 sem \u00fe\u00e9r kemur illa. Drekk ei v\u00edn a\u00f0 \u00fe\u00fa ver\u00f0ir drukkinn, og drykkjuskapur fylgi \u00fe\u00e9r ei \u00e1 \u00fe\u00ednum vegi.<a name=\"16\"><span class=\"versanumer\">16<\/span><\/a>Mi\u00f0la \u00feeim hungra\u00f0a af \u00fe\u00ednu brau\u00f0i, og \u00feeim nakta af \u00fe\u00ednum kl\u00e6\u00f0um. Br\u00faka til g\u00f3\u00f0gj\u00f6r\u00f0a allt sem \u00fe\u00e9r ver\u00f0ur afgangs; og \u00feitt auga s\u00e9 ekki \u00f6fundsamt, \u00feegar \u00fe\u00fa gefur \u00f6lmusu.<a name=\"17\"><span class=\"versanumer\">17<\/span><\/a>S\u00f3a r\u00edkuglega brau\u00f0i vi\u00f0 greftrun r\u00e9ttl\u00e1tra og gef ekki syndurum.<a name=\"18\"><span class=\"versanumer\">18<\/span><\/a>Leita r\u00e1\u00f0a hj\u00e1 \u00f6llum hyggnum, og forsm\u00e1 ekkert nytsamlegt r\u00e1\u00f0.<a name=\"19\"><span class=\"versanumer\">19<\/span><\/a>\u00c1 s\u00e9rhv\u00f6rjum t\u00edma skalt \u00fe\u00fa vegsama Gu\u00f0 Drottin og bi\u00f0ja hann, a\u00f0 \u00feinn vegur ver\u00f0i grei\u00f0ur, og a\u00f0 \u00f6ll \u00fe\u00edn spor og \u00e1form heppnist, \u00fev\u00ed engin \u00fej\u00f3\u00f0 hefir r\u00e1\u00f0 <span class='VideyAth'>(s\u00e9r \u00ed hendi)<\/span> heldur gefur Drottinn \u00f6ll g\u00e6\u00f0i, og hv\u00f6rn sem hann vill, ni\u00f0url\u00e6gir hann, eins og honum s\u00fdnist. Og n\u00fa, barn, mundu m\u00edn bo\u00f0or\u00f0, og l\u00e1ttu \u00feau ekki t\u00fdnast \u00far \u00fe\u00ednu hjarta.<a name=\"20\"><span class=\"versanumer\">20<\/span><\/a>Og n\u00fa v\u00edsa eg \u00fe\u00e9r \u00e1 \u00fe\u00e1 10 talenta silfurs, sem eg f\u00e9kk Gabael <span class='VideyAth'>(br\u00f3\u00f0ur)<\/span> Gabr\u00eda \u00ed Rages \u00ed Med\u00eden.<a name=\"21\"><span class=\"versanumer\">21<\/span><\/a>Og \u00f3ttast n\u00fa ekki, barn, a\u00f0 vi\u00f0 erum or\u00f0nir f\u00e1t\u00e6kir! \u00fe\u00fa \u00e1tt miki\u00f0 \u00feegar \u00fe\u00fa \u00f3ttast Gu\u00f0, og varast allar syndir, og gj\u00f6rir \u00fea\u00f0 sem honum er vel\u00fe\u00f3knanlegt.<\/p>\n<div class=\"footnoteVidey\"><\/div>\n","protected":false},"excerpt":{"rendered":"<p>Tob\u00edas sendir son sinn til Med\u00eden. 1\u00c1 \u00feeim degi minntist Tob\u00edas silfursins, sem hann haf\u00f0i fengi\u00f0 Gabael \u00ed Rages \u00ed Med\u00eden.2Og hann sag\u00f0i vi\u00f0 sj\u00e1lfan sig: eg \u00f3ska\u00f0i m\u00e9r dau\u00f0ans, \u00fev\u00ed kalla eg ekki son minn Tob\u00edas, til a\u00f0 l\u00e1ta hann vita \u00feetta, \u00e1\u00f0ur en eg dey?3Og hann kalla\u00f0i hann og m\u00e6lti: barn, \u00feegar eg er d\u00e1inn, svo jar\u00f0a \u00fe\u00fa mig, og afr\u00e6k ekki m\u00f3\u00f0ur \u00fe\u00edna! haf \u00fe\u00fa hana \u00ed hei\u00f0ri alla daga \u00fe\u00edns l\u00edfs, og gj\u00f6r\u00f0u \u00fea\u00f0, sem henni er a\u00f0 skapi og hrygg hana ekki!4Mundu \u00fea\u00f0, barn, a\u00f0 h\u00fan \u00fe\u00edn vegna, \u00ed m\u00f3\u00f0url\u00edfi \u00feoldi margan h\u00e1skann. \u00deegar h\u00fan <a href=\"https:\/\/biblian.is\/videy\/tobitsbok-4-kafli\/\"> [&#8230;]<\/a><\/p>\n","protected":false},"author":1,"featured_media":0,"parent":0,"menu_order":0,"comment_status":"open","ping_status":"open","template":"bibliukaflar.php","meta":{"footnotes":""},"class_list":["post-22042","page","type-page","status-publish","hentry"],"_links":{"self":[{"href":"https:\/\/biblian.is\/videy\/wp-json\/wp\/v2\/pages\/22042","targetHints":{"allow":["GET"]}}],"collection":[{"href":"https:\/\/biblian.is\/videy\/wp-json\/wp\/v2\/pages"}],"about":[{"href":"https:\/\/biblian.is\/videy\/wp-json\/wp\/v2\/types\/page"}],"author":[{"embeddable":true,"href":"https:\/\/biblian.is\/videy\/wp-json\/wp\/v2\/users\/1"}],"replies":[{"embeddable":true,"href":"https:\/\/biblian.is\/videy\/wp-json\/wp\/v2\/comments?post=22042"}],"version-history":[{"count":0,"href":"https:\/\/biblian.is\/videy\/wp-json\/wp\/v2\/pages\/22042\/revisions"}],"wp:attachment":[{"href":"https:\/\/biblian.is\/videy\/wp-json\/wp\/v2\/media?parent=22042"}],"curies":[{"name":"wp","href":"https:\/\/api.w.org\/{rel}","templated":true}]}}